{"id":7484,"date":"2025-06-24T14:00:22","date_gmt":"2025-06-24T12:00:22","guid":{"rendered":"https:\/\/ratp-connect.nexton-customers.com\/?page_id=7484"},"modified":"2025-06-24T14:00:23","modified_gmt":"2025-06-24T12:00:23","slug":"nos-clients","status":"publish","type":"page","link":"https:\/\/ratp-connect.nexton-customers.com\/fr\/nos-clients\/","title":{"rendered":"Nos clients"},"content":{"rendered":"<div class=\"gb-container gb-container-b524ee38 page-title\">\n\n<h1 class=\"wp-block-heading page-title__heading\">Rendre accessibles nos infrastructures pour optimiser vos r\u00e9seaux&nbsp;et h\u00e9berger vos donn\u00e9es<\/h1>\n\n<\/div>\n\n<div class=\"breadcrumbs align  wp-block-bcn-breadcrumb-trail has-text-color has-background\" vocab=\"https:\/\/schema.org\/\" typeof=\"BreadcrumbList\">\n\t<span><\/span>\n\t<span property=\"itemListElement\" typeof=\"ListItem\"><a property=\"item\" typeof=\"WebPage\" href=\"https:\/\/ratp-connect.nexton-customers.com\/fr\/\" class=\"home\" aria-current=\"page\"><span property=\"name\">Accueil<\/span><\/a><meta property=\"position\" content=\"1\"><\/span><\/div>\n\n\n<div class=\"gb-container gb-container-3a683f8a bandeau-intro\">\n<div class=\"gb-container gb-container-eb4741e8 bandeau-intro__inside\">\n\n<h2 class=\"wp-block-heading color-base-3\"><strong><strong><strong>Filiale de la RATP et leader fran\u00e7ais de la fibre noire, RATP Connect d\u00e9ploie depuis plus de 20 ans le plus important r\u00e9seau optique d\u2019\u00cele-de-France \u00e0 partir des infrastructures du m\u00e9tro et du RER.<\/strong><\/strong><\/strong><\/h2>\n\n\n\n<p class=\"color-base-3\">Nous accompagnons les acteurs publics et priv\u00e9s les plus exigeants \u2013 op\u00e9rateurs, entreprises, collectivit\u00e9s, \u00e9tablissements de recherche et institutions culturelles \u2013 avec des solutions de connectivit\u00e9 tr\u00e8s haut d\u00e9bit et de Edge Hosting \u00e0 haute valeur ajout\u00e9e, alliant proximit\u00e9, s\u00e9curit\u00e9 et excellence de service.<\/p>\n\n<\/div>\n<\/div>\n\n<div class=\"gb-container gb-container-8ef73ccb bloc-service\" role=\"list\">\n<div class=\"gb-container gb-container-e1a47746 bloc-service__item box-shadowu002du002droundedu002du002dterciary-1\" role=\"listitem\">\n<div class=\"gb-container gb-container-51e26566 bloc-service__content bg-base-3\">\n<div class=\"gb-container gb-container-cfc22f90 bloc-service__text\">\n\n<h3 class=\"wp-block-heading bloc-service__title\"><strong>Op\u00e9rateurs Telecom<\/strong><\/h3>\n\n\n\n<p class=\"bloc-service__description color-bleu-institutionnel\">Des r\u00e9seaux THD et 4G\/5G ouverts, puissants, souverains<\/p>\n\n<\/div>\n\n<div class=\"gb-container gb-container-193c1a69 bloc-service__action\">\n\n<a class=\"gb-button gb-button-a84d6bfc gb-button-text btn-link btn-link--primary bloc-service__link\" href=\"https:\/\/ratp-connect.nexton-customers.com\/fr\/operateurs-telecom\/\" aria-label=\"Une offre performante et personnalis\u00e9e : d\u00e9couvrir la suite\"><strong>D\u00e9couvrir la suite<\/strong><\/a>\n\n<\/div>\n<\/div>\n<\/div>\n\n<div class=\"gb-container gb-container-79c49139 bloc-service__item box-shadowu002du002droundedu002du002dsecondary\" role=\"listitem\">\n<div class=\"gb-container gb-container-aa2eae21 bloc-service__content bg-base-3\">\n<div class=\"gb-container gb-container-c56a49d5 bloc-service__text\">\n\n<h3 class=\"wp-block-heading bloc-service__title\"><strong>Entreprises de services du num\u00e9rique<\/strong><\/h3>\n\n\n\n<p class=\"bloc-service__description color-bleu-institutionnel\">L\u2019infrastructure num\u00e9rique optimis\u00e9e<\/p>\n\n<\/div>\n\n<div class=\"gb-container gb-container-e1507f81 bloc-service__action\">\n\n<a class=\"gb-button gb-button-0ea92b35 gb-button-text btn-link btn-link--primary bloc-service__link\" href=\"https:\/\/ratp-connect.nexton-customers.com\/fr\/entreprises-de-services-du-numerique\/\" aria-label=\"Notre r\u00e9seau de fibre optique et de datacenters : d\u00e9couvrir la suite\"><strong>D\u00e9couvrir la suite<\/strong><\/a>\n\n<\/div>\n<\/div>\n<\/div>\n\n<div class=\"gb-container gb-container-21cc286e bloc-service__item box-shadowu002du002droundedu002du002dterciary-1\" role=\"listitem\">\n<div class=\"gb-container gb-container-2a9f6662 bloc-service__content bg-base-3\">\n<div class=\"gb-container gb-container-657cb81f bloc-service__text\">\n\n<h3 class=\"wp-block-heading bloc-service__title\"><strong><strong>Entreprises priv\u00e9es<\/strong><\/strong><\/h3>\n\n\n\n<p class=\"bloc-service__description color-bleu-institutionnel\">La fiabilit\u00e9 et la s\u00e9curit\u00e9 de votre connectivit\u00e9 THD<\/p>\n\n<\/div>\n\n<div class=\"gb-container gb-container-a095d137 bloc-service__action\">\n\n<a class=\"gb-button gb-button-4adcf9c8 gb-button-text btn-link btn-link--primary bloc-service__link\" href=\"https:\/\/ratp-connect.nexton-customers.com\/fr\/entreprises-privees\/\" aria-label=\"La fibre noire, une technologie fiable et \u00e9conomique : d\u00e9couvrir la suite\"><strong>D\u00e9couvrir la suite<\/strong><\/a>\n\n<\/div>\n<\/div>\n<\/div>\n\n<div class=\"gb-container gb-container-50f79238 bloc-service__item box-shadowu002du002droundedu002du002dsecondary\" role=\"listitem\">\n<div class=\"gb-container gb-container-41fc21d4 bloc-service__content bg-base-3\">\n<div class=\"gb-container gb-container-9da8faa9 bloc-service__text\">\n\n<h3 class=\"wp-block-heading bloc-service__title\"><strong><strong><strong>Collectivit\u00e9s locales<\/strong><\/strong><\/strong><\/h3>\n\n\n\n<p class=\"bloc-service__description color-bleu-institutionnel\">Le socle num\u00e9rique de territoires durables<\/p>\n\n<\/div>\n\n<div class=\"gb-container gb-container-5c63bf46 bloc-service__action\">\n\n<a class=\"gb-button gb-button-eda5d852 gb-button-text btn-link btn-link--primary bloc-service__link\" href=\"https:\/\/ratp-connect.nexton-customers.com\/fr\/collectivites-locales\/\" aria-label=\"Notre responsabilit\u00e9 sociale et environnementale : d\u00e9couvrir la suite\"><strong>D\u00e9couvrir la suite<\/strong><\/a>\n\n<\/div>\n<\/div>\n<\/div>\n\n<div class=\"gb-container gb-container-b8e5360e bloc-service__item box-shadowu002du002droundedu002du002dsecondary\" role=\"listitem\">\n<div class=\"gb-container gb-container-e475f84a bloc-service__content bg-base-3\">\n<div class=\"gb-container gb-container-de03bb38 bloc-service__text\">\n\n<h3 class=\"wp-block-heading bloc-service__title\"><strong><strong><strong><strong>\u00c9tablissements d\u2019enseignement sup\u00e9rieur et de recherche<\/strong><\/strong><\/strong><\/strong><\/h3>\n\n\n\n<p class=\"bloc-service__description color-bleu-institutionnel\">La bande passante de l\u2019innovation<\/p>\n\n<\/div>\n\n<div class=\"gb-container gb-container-f2645375 bloc-service__action\">\n\n<a class=\"gb-button gb-button-53b99e7b gb-button-text btn-link btn-link--primary bloc-service__link\" href=\"https:\/\/ratp-connect.nexton-customers.com\/fr\/etablissements-denseignement-superieur-et-de-recherche\/\" aria-label=\"Notre responsabilit\u00e9 sociale et environnementale : d\u00e9couvrir la suite\"><strong>D\u00e9couvrir la suite<\/strong><\/a>\n\n<\/div>\n<\/div>\n<\/div>\n\n<div class=\"gb-container gb-container-582c4288 bloc-service__item box-shadowu002du002droundedu002du002dsecondary\" role=\"listitem\">\n<div class=\"gb-container gb-container-71183937 bloc-service__content bg-base-3\">\n<div class=\"gb-container gb-container-ca67b2ed bloc-service__text\">\n\n<h3 class=\"wp-block-heading bloc-service__title\"><strong><strong><strong><strong><strong>Mus\u00e9es et institutions culturelles<\/strong><\/strong><\/strong><\/strong><\/strong><\/h3>\n\n\n\n<p class=\"bloc-service__description color-bleu-institutionnel\">Le digital au service de votre ambition culturelle<\/p>\n\n<\/div>\n\n<div class=\"gb-container gb-container-a4aa3f6a bloc-service__action\">\n\n<a class=\"gb-button gb-button-8cfeaf21 gb-button-text btn-link btn-link--primary bloc-service__link\" href=\"https:\/\/ratp-connect.nexton-customers.com\/fr\/musees-et-institutions-culturelles\/\" aria-label=\"Notre responsabilit\u00e9 sociale et environnementale : d\u00e9couvrir la suite\"><strong>D\u00e9couvrir la suite<\/strong><\/a>\n\n<\/div>\n<\/div>\n<\/div>\n<\/div>\n\n<div class=\"gb-container gb-container-bf6d981e illu-background-container\">\n<div class=\"gb-container gb-container-ff36d9e5 illu-background-topcover\"><\/div>\n\n\n<figure class=\"wp-block-image size-full illustration-background-circle\"><img decoding=\"async\" src=\"https:\/\/ratp-connect.nexton-customers.com\/wp-content\/uploads\/2023\/12\/Forme_BG_Cercle_Right.svg\" alt=\"\" class=\"wp-image-3860\" style=\"object-fit:cover\"\/><\/figure>\n\n<\/div>","protected":false},"excerpt":{"rendered":"<p>Rendre accessibles nos infrastructures pour optimiser vos r\u00e9seaux&nbsp;et h\u00e9berger vos donn\u00e9es Filiale de la RATP et leader fran\u00e7ais de la fibre noire, RATP Connect d\u00e9ploie depuis plus de 20 ans le plus important r\u00e9seau optique d\u2019\u00cele-de-France \u00e0 partir des infrastructures du m\u00e9tro et du RER. Nous accompagnons les acteurs publics et priv\u00e9s les plus exigeants &#8230; <a title=\"Nos clients\" class=\"read-more\" href=\"https:\/\/ratp-connect.nexton-customers.com\/fr\/nos-clients\/\" aria-label=\"En savoir plus sur Nos clients\">Lire plus<\/a><\/p>\n","protected":false},"author":4,"featured_media":0,"parent":0,"menu_order":0,"comment_status":"closed","ping_status":"closed","template":"","meta":{"footnotes":""},"class_list":["post-7484","page","type-page","status-publish"],"yoast_head":"<!-- This site is optimized with the Yoast SEO plugin v27.3 - https:\/\/yoast.com\/product\/yoast-seo-wordpress\/ -->\n<title>Op\u00e9rateur d&#039;infrastructure fibre optique : nos solutions - RATP Connect<\/title>\n<meta name=\"description\" content=\"Notre champ d\u2019intervention est vaste : r\u00e9ponse aux appels d\u2019offres, gestion de r\u00e9seaux, offre de transport sur mesure, service de maintenance.\" \/>\n<meta name=\"robots\" content=\"noindex, follow, max-snippet:-1, max-image-preview:large, max-video-preview:-1\" \/>\n<meta property=\"og:locale\" content=\"fr_FR\" \/>\n<meta property=\"og:type\" content=\"article\" \/>\n<meta property=\"og:title\" content=\"Op\u00e9rateur d&#039;infrastructure fibre optique : nos solutions - RATP Connect\" \/>\n<meta property=\"og:description\" content=\"Notre champ d\u2019intervention est vaste : r\u00e9ponse aux appels d\u2019offres, gestion de r\u00e9seaux, offre de transport sur mesure, service de maintenance.\" \/>\n<meta property=\"og:url\" content=\"https:\/\/ratp-connect.nexton-customers.com\/fr\/nos-clients\/\" \/>\n<meta property=\"og:site_name\" content=\"RATP Connect\" \/>\n<meta property=\"article:modified_time\" content=\"2025-06-24T12:00:23+00:00\" \/>\n<meta name=\"twitter:card\" content=\"summary_large_image\" \/>\n<meta name=\"twitter:label1\" content=\"Dur\u00e9e de lecture estim\u00e9e\" \/>\n\t<meta name=\"twitter:data1\" content=\"2 minutes\" \/>\n<script type=\"application\/ld+json\" class=\"yoast-schema-graph\">{\"@context\":\"https:\\\/\\\/schema.org\",\"@graph\":[{\"@type\":\"WebPage\",\"@id\":\"https:\\\/\\\/ratp-connect.nexton-customers.com\\\/nos-clients\\\/\",\"url\":\"https:\\\/\\\/ratp-connect.nexton-customers.com\\\/nos-clients\\\/\",\"name\":\"Op\u00e9rateur d'infrastructure fibre optique : nos solutions - RATP Connect\",\"isPartOf\":{\"@id\":\"https:\\\/\\\/ratp-connect.nexton-customers.com\\\/#website\"},\"primaryImageOfPage\":{\"@id\":\"https:\\\/\\\/ratp-connect.nexton-customers.com\\\/nos-clients\\\/#primaryimage\"},\"image\":{\"@id\":\"https:\\\/\\\/ratp-connect.nexton-customers.com\\\/nos-clients\\\/#primaryimage\"},\"thumbnailUrl\":\"https:\\\/\\\/ratp-connect.nexton-customers.com\\\/wp-content\\\/uploads\\\/2023\\\/12\\\/Forme_BG_Cercle_Right.svg\",\"datePublished\":\"2025-06-24T12:00:22+00:00\",\"dateModified\":\"2025-06-24T12:00:23+00:00\",\"description\":\"Notre champ d\u2019intervention est vaste : r\u00e9ponse aux appels d\u2019offres, gestion de r\u00e9seaux, offre de transport sur mesure, service de maintenance.\",\"breadcrumb\":{\"@id\":\"https:\\\/\\\/ratp-connect.nexton-customers.com\\\/nos-clients\\\/#breadcrumb\"},\"inLanguage\":\"fr-FR\",\"potentialAction\":[{\"@type\":\"ReadAction\",\"target\":[\"https:\\\/\\\/ratp-connect.nexton-customers.com\\\/nos-clients\\\/\"]}]},{\"@type\":\"ImageObject\",\"inLanguage\":\"fr-FR\",\"@id\":\"https:\\\/\\\/ratp-connect.nexton-customers.com\\\/nos-clients\\\/#primaryimage\",\"url\":\"https:\\\/\\\/ratp-connect.nexton-customers.com\\\/wp-content\\\/uploads\\\/2023\\\/12\\\/Forme_BG_Cercle_Right.svg\",\"contentUrl\":\"https:\\\/\\\/ratp-connect.nexton-customers.com\\\/wp-content\\\/uploads\\\/2023\\\/12\\\/Forme_BG_Cercle_Right.svg\"},{\"@type\":\"BreadcrumbList\",\"@id\":\"https:\\\/\\\/ratp-connect.nexton-customers.com\\\/nos-clients\\\/#breadcrumb\",\"itemListElement\":[{\"@type\":\"ListItem\",\"position\":1,\"name\":\"Accueil\",\"item\":\"https:\\\/\\\/ratp-connect.nexton-customers.com\\\/\"},{\"@type\":\"ListItem\",\"position\":2,\"name\":\"Nos clients\"}]},{\"@type\":\"WebSite\",\"@id\":\"https:\\\/\\\/ratp-connect.nexton-customers.com\\\/#website\",\"url\":\"https:\\\/\\\/ratp-connect.nexton-customers.com\\\/\",\"name\":\"RATP Cap \u00cele-de-France\",\"description\":\"\",\"publisher\":{\"@id\":\"https:\\\/\\\/ratp-connect.nexton-customers.com\\\/#organization\"},\"potentialAction\":[{\"@type\":\"SearchAction\",\"target\":{\"@type\":\"EntryPoint\",\"urlTemplate\":\"https:\\\/\\\/ratp-connect.nexton-customers.com\\\/?s={search_term_string}\"},\"query-input\":{\"@type\":\"PropertyValueSpecification\",\"valueRequired\":true,\"valueName\":\"search_term_string\"}}],\"inLanguage\":\"fr-FR\"},{\"@type\":\"Organization\",\"@id\":\"https:\\\/\\\/ratp-connect.nexton-customers.com\\\/#organization\",\"name\":\"RATP Cap \u00cele-de-France\",\"url\":\"https:\\\/\\\/ratp-connect.nexton-customers.com\\\/\",\"logo\":{\"@type\":\"ImageObject\",\"inLanguage\":\"fr-FR\",\"@id\":\"https:\\\/\\\/ratp-connect.nexton-customers.com\\\/#\\\/schema\\\/logo\\\/image\\\/\",\"url\":\"https:\\\/\\\/ratp-connect.nexton-customers.com\\\/wp-content\\\/uploads\\\/2024\\\/10\\\/LogosConnect.svg\",\"contentUrl\":\"https:\\\/\\\/ratp-connect.nexton-customers.com\\\/wp-content\\\/uploads\\\/2024\\\/10\\\/LogosConnect.svg\",\"caption\":\"RATP Cap \u00cele-de-France\"},\"image\":{\"@id\":\"https:\\\/\\\/ratp-connect.nexton-customers.com\\\/#\\\/schema\\\/logo\\\/image\\\/\"}}]}<\/script>\n<!-- \/ Yoast SEO plugin. -->","yoast_head_json":{"title":"Op\u00e9rateur d'infrastructure fibre optique : nos solutions - RATP Connect","description":"Notre champ d\u2019intervention est vaste : r\u00e9ponse aux appels d\u2019offres, gestion de r\u00e9seaux, offre de transport sur mesure, service de maintenance.","robots":{"index":"noindex","follow":"follow","max-snippet":"max-snippet:-1","max-image-preview":"max-image-preview:large","max-video-preview":"max-video-preview:-1"},"og_locale":"fr_FR","og_type":"article","og_title":"Op\u00e9rateur d'infrastructure fibre optique : nos solutions - RATP Connect","og_description":"Notre champ d\u2019intervention est vaste : r\u00e9ponse aux appels d\u2019offres, gestion de r\u00e9seaux, offre de transport sur mesure, service de maintenance.","og_url":"https:\/\/ratp-connect.nexton-customers.com\/fr\/nos-clients\/","og_site_name":"RATP Connect","article_modified_time":"2025-06-24T12:00:23+00:00","twitter_card":"summary_large_image","twitter_misc":{"Dur\u00e9e de lecture estim\u00e9e":"2 minutes"},"schema":{"@context":"https:\/\/schema.org","@graph":[{"@type":"WebPage","@id":"https:\/\/ratp-connect.nexton-customers.com\/nos-clients\/","url":"https:\/\/ratp-connect.nexton-customers.com\/nos-clients\/","name":"Op\u00e9rateur d'infrastructure fibre optique : nos solutions - RATP Connect","isPartOf":{"@id":"https:\/\/ratp-connect.nexton-customers.com\/#website"},"primaryImageOfPage":{"@id":"https:\/\/ratp-connect.nexton-customers.com\/nos-clients\/#primaryimage"},"image":{"@id":"https:\/\/ratp-connect.nexton-customers.com\/nos-clients\/#primaryimage"},"thumbnailUrl":"https:\/\/ratp-connect.nexton-customers.com\/wp-content\/uploads\/2023\/12\/Forme_BG_Cercle_Right.svg","datePublished":"2025-06-24T12:00:22+00:00","dateModified":"2025-06-24T12:00:23+00:00","description":"Notre champ d\u2019intervention est vaste : r\u00e9ponse aux appels d\u2019offres, gestion de r\u00e9seaux, offre de transport sur mesure, service de maintenance.","breadcrumb":{"@id":"https:\/\/ratp-connect.nexton-customers.com\/nos-clients\/#breadcrumb"},"inLanguage":"fr-FR","potentialAction":[{"@type":"ReadAction","target":["https:\/\/ratp-connect.nexton-customers.com\/nos-clients\/"]}]},{"@type":"ImageObject","inLanguage":"fr-FR","@id":"https:\/\/ratp-connect.nexton-customers.com\/nos-clients\/#primaryimage","url":"https:\/\/ratp-connect.nexton-customers.com\/wp-content\/uploads\/2023\/12\/Forme_BG_Cercle_Right.svg","contentUrl":"https:\/\/ratp-connect.nexton-customers.com\/wp-content\/uploads\/2023\/12\/Forme_BG_Cercle_Right.svg"},{"@type":"BreadcrumbList","@id":"https:\/\/ratp-connect.nexton-customers.com\/nos-clients\/#breadcrumb","itemListElement":[{"@type":"ListItem","position":1,"name":"Accueil","item":"https:\/\/ratp-connect.nexton-customers.com\/"},{"@type":"ListItem","position":2,"name":"Nos clients"}]},{"@type":"WebSite","@id":"https:\/\/ratp-connect.nexton-customers.com\/#website","url":"https:\/\/ratp-connect.nexton-customers.com\/","name":"RATP Cap \u00cele-de-France","description":"","publisher":{"@id":"https:\/\/ratp-connect.nexton-customers.com\/#organization"},"potentialAction":[{"@type":"SearchAction","target":{"@type":"EntryPoint","urlTemplate":"https:\/\/ratp-connect.nexton-customers.com\/?s={search_term_string}"},"query-input":{"@type":"PropertyValueSpecification","valueRequired":true,"valueName":"search_term_string"}}],"inLanguage":"fr-FR"},{"@type":"Organization","@id":"https:\/\/ratp-connect.nexton-customers.com\/#organization","name":"RATP Cap \u00cele-de-France","url":"https:\/\/ratp-connect.nexton-customers.com\/","logo":{"@type":"ImageObject","inLanguage":"fr-FR","@id":"https:\/\/ratp-connect.nexton-customers.com\/#\/schema\/logo\/image\/","url":"https:\/\/ratp-connect.nexton-customers.com\/wp-content\/uploads\/2024\/10\/LogosConnect.svg","contentUrl":"https:\/\/ratp-connect.nexton-customers.com\/wp-content\/uploads\/2024\/10\/LogosConnect.svg","caption":"RATP Cap \u00cele-de-France"},"image":{"@id":"https:\/\/ratp-connect.nexton-customers.com\/#\/schema\/logo\/image\/"}}]}},"_links":{"self":[{"href":"https:\/\/ratp-connect.nexton-customers.com\/fr\/wp-json\/wp\/v2\/pages\/7484","targetHints":{"allow":["GET"]}}],"collection":[{"href":"https:\/\/ratp-connect.nexton-customers.com\/fr\/wp-json\/wp\/v2\/pages"}],"about":[{"href":"https:\/\/ratp-connect.nexton-customers.com\/fr\/wp-json\/wp\/v2\/types\/page"}],"author":[{"embeddable":true,"href":"https:\/\/ratp-connect.nexton-customers.com\/fr\/wp-json\/wp\/v2\/users\/4"}],"replies":[{"embeddable":true,"href":"https:\/\/ratp-connect.nexton-customers.com\/fr\/wp-json\/wp\/v2\/comments?post=7484"}],"version-history":[{"count":5,"href":"https:\/\/ratp-connect.nexton-customers.com\/fr\/wp-json\/wp\/v2\/pages\/7484\/revisions"}],"predecessor-version":[{"id":7489,"href":"https:\/\/ratp-connect.nexton-customers.com\/fr\/wp-json\/wp\/v2\/pages\/7484\/revisions\/7489"}],"wp:attachment":[{"href":"https:\/\/ratp-connect.nexton-customers.com\/fr\/wp-json\/wp\/v2\/media?parent=7484"}],"curies":[{"name":"wp","href":"https:\/\/api.w.org\/{rel}","templated":true}]}}