{"id":7471,"date":"2025-06-24T11:38:35","date_gmt":"2025-06-24T09:38:35","guid":{"rendered":"https:\/\/ratp-connect.nexton-customers.com\/?page_id=7471"},"modified":"2025-06-24T11:38:36","modified_gmt":"2025-06-24T09:38:36","slug":"edge-hosting-un-hebergement-souverain-securise-et-local","status":"publish","type":"page","link":"https:\/\/ratp-connect.nexton-customers.com\/fr\/nos-solutions\/edge-hosting-un-hebergement-souverain-securise-et-local\/","title":{"rendered":"Edge Hosting, un h\u00e9bergement souverain, s\u00e9curis\u00e9 et local"},"content":{"rendered":"<div class=\"gb-container gb-container-ec254eff page-title\">\n\n<h1 class=\"wp-block-heading page-title__heading\">Edge Hosting, un h\u00e9bergement souverain, s\u00e9curis\u00e9 et local<\/h1>\n\n<\/div>\n\n<div class=\"breadcrumbs align  wp-block-bcn-breadcrumb-trail has-text-color has-background\" vocab=\"https:\/\/schema.org\/\" typeof=\"BreadcrumbList\">\n\t<span><\/span>\n\t<span property=\"itemListElement\" typeof=\"ListItem\"><a property=\"item\" typeof=\"WebPage\" href=\"https:\/\/ratp-connect.nexton-customers.com\/fr\/\" class=\"home\" aria-current=\"page\"><span property=\"name\">Accueil<\/span><\/a><meta property=\"position\" content=\"1\"><\/span><\/div>\n\n\n<div class=\"gb-container gb-container-bbacd815 bandeau-intro\">\n<div class=\"gb-container gb-container-7387bdc5 bandeau-intro__inside\">\n\n<h2 class=\"wp-block-heading mb-0 color-base-3\"><strong><strong><strong>Acc\u00e9l\u00e9rer la transformation digitale des entreprises et collectivit\u00e9s gr\u00e2ce \u00e0 un h\u00e9bergement de proximit\u00e9<\/strong><\/strong><\/strong><\/h2>\n\n\n\n<p class=\"mb-0 color-base-3\">Pour r\u00e9pondre aux enjeux croissants de souverainet\u00e9, de s\u00e9curit\u00e9 et de performance des donn\u00e9es, RATP Connect et Connect Grand Paris proposent une solution d\u2019Edge Hosting robuste, \u00e9volutive et 100 % fran\u00e7aise. Adoss\u00e9e au plus vaste r\u00e9seau fibre optique souterrain d\u2019\u00cele-de-France et aux infrastructures strat\u00e9giques du Grand Paris Express, notre offre permet aux entreprises, op\u00e9rateurs, collectivit\u00e9s et institutions de b\u00e9n\u00e9ficier d\u2019un h\u00e9bergement localis\u00e9, s\u00e9curis\u00e9 et conforme aux exigences r\u00e9glementaires europ\u00e9ennes.<br>Une r\u00e9ponse concr\u00e8te \u00e0 la croissance des volumes de donn\u00e9es, aux imp\u00e9ratifs de proximit\u00e9 et aux besoins de r\u00e9silience num\u00e9rique.<\/p>\n\n<\/div>\n<\/div>\n\n<div class=\"gb-container gb-container-9d52252c img-block-right__container\">\n<div class=\"gb-container gb-container-836548f9 img-block-right__sub-container\">\n<div class=\"gb-container gb-container-4ccd2a2c img-block-right__image-wrapper\">\n<div class=\"gb-container gb-container-b4ae217c img-block-right__image-container\">\n<div class=\"gb-container gb-container-6f76199b img-block-right__image-content box-shadowu002du002droundedu002du002dsecondary\">\n<div class=\"wp-block-image img-block-right__image\">\n<figure class=\"aligncenter size-full\"><img loading=\"lazy\" decoding=\"async\" width=\"476\" height=\"510\" src=\"https:\/\/ratp-connect.nexton-customers.com\/wp-content\/uploads\/2023\/11\/fibrenoire-ratp.webp\" alt=\"\" class=\"wp-image-2105\" style=\"object-fit:cover\" srcset=\"https:\/\/ratp-connect.nexton-customers.com\/wp-content\/uploads\/2023\/11\/fibrenoire-ratp.webp 476w, https:\/\/ratp-connect.nexton-customers.com\/wp-content\/uploads\/2023\/11\/fibrenoire-ratp-280x300.webp 280w\" sizes=\"auto, (max-width: 476px) 100vw, 476px\" \/><\/figure>\n<\/div>\n<\/div>\n<\/div>\n<\/div>\n\n<div class=\"gb-container gb-container-13011404 img-block-right__content border-line-full-pageu002du002drightu002du002dprimary\">\n<div class=\"gb-container gb-container-6513a29d img-block-right__header\">\n<div class=\"gb-container gb-container-4cedf3e1 img-block-right__header-content\">\n<div class=\"gb-container gb-container-a4a45e5c img-block-right__text-container\">\n\n<h3 class=\"wp-block-heading block-text-right__subtitle mb-0\"><strong>H\u00e9bergement de proximit\u00e9<\/strong><\/h3>\n\n\n\n<p class=\"mb-0 img-block-right__text\">Avec plus de 150 salles d\u2019h\u00e9bergement r\u00e9parties dans les gares du Grand Paris Express, nos solutions offrent une latence r\u00e9duite et une connectivit\u00e9 directe \u00e0 vos syst\u00e8mes, pour des services au plus pr\u00e8s de vos utilisateurs et de vos applications critiques.<\/p>\n\n<\/div>\n\n<div class=\"gb-container gb-container-6cd0bd1e img-block-right__text-container\">\n\n<h3 class=\"wp-block-heading block-text-right__subtitle mb-0\"><strong>Souverainet\u00e9 et conformit\u00e9<\/strong><\/h3>\n\n\n\n<p class=\"mb-0 img-block-right__text\">Une offre 100 % fran\u00e7aise, conforme aux r\u00e9glementations europ\u00e9ennes, con\u00e7ue pour garantir la ma\u00eetrise et la s\u00e9curit\u00e9 de vos donn\u00e9es strat\u00e9giques. L&rsquo;expertise de la RATP et la solidit\u00e9 de ses partenaires assurent la p\u00e9rennit\u00e9 de votre infrastructure.<\/p>\n\n<\/div>\n\n<div class=\"gb-container gb-container-fc8aa65d img-block-right__text-container\">\n\n<h3 class=\"wp-block-heading block-text-right__subtitle mb-0\"><strong>S\u00e9curit\u00e9 maximale<\/strong><\/h3>\n\n\n\n<p class=\"mb-0 img-block-right__text\">Nos infrastructures souterraines b\u00e9n\u00e9ficient d\u2019une redondance g\u00e9ographique et d\u2019un haut niveau de protection (acc\u00e8s 24\/7, GTR 4h), afin de garantir la r\u00e9silience de vos environnements num\u00e9riques.<\/p>\n\n<\/div>\n\n<div class=\"gb-container gb-container-d323d020 img-block-right__text-container\">\n\n<h3 class=\"wp-block-heading block-text-right__subtitle mb-0\"><strong>Infrastructure \u00e9volutive et adaptable<\/strong><\/h3>\n\n\n\n<p class=\"img-block-right__text mb-0\">Des solutions pens\u00e9es pour \u00e9voluer avec vos usages : crossconnects inter-sites, baies adapt\u00e9es aux besoins sp\u00e9cifiques.<\/p>\n\n<\/div>\n<\/div>\n<\/div>\n<\/div>\n<\/div>\n<\/div>\n\n<div class=\"gb-container gb-container-b6e14c16 illu-background-container\">\n<div class=\"gb-container gb-container-c4218dca illu-background-topcover\"><\/div>\n\n\n<figure class=\"wp-block-image size-full illustration-background-circle\"><img decoding=\"async\" src=\"https:\/\/ratp-connect.nexton-customers.com\/wp-content\/uploads\/2023\/12\/Forme_BG_Cercle_Right.svg\" alt=\"\" class=\"wp-image-3860\"\/><\/figure>\n\n\n\n<figure class=\"wp-block-image size-full illustration-background-circle--opposite\"><img decoding=\"async\" src=\"https:\/\/ratp-connect.nexton-customers.com\/wp-content\/uploads\/2024\/03\/Forme_BG_Cercle_Left.svg\" alt=\"\" class=\"wp-image-5460\"\/><\/figure>\n\n<\/div>","protected":false},"excerpt":{"rendered":"<p>Edge Hosting, un h\u00e9bergement souverain, s\u00e9curis\u00e9 et local Acc\u00e9l\u00e9rer la transformation digitale des entreprises et collectivit\u00e9s gr\u00e2ce \u00e0 un h\u00e9bergement de proximit\u00e9 Pour r\u00e9pondre aux enjeux croissants de souverainet\u00e9, de s\u00e9curit\u00e9 et de performance des donn\u00e9es, RATP Connect et Connect Grand Paris proposent une solution d\u2019Edge Hosting robuste, \u00e9volutive et 100 % fran\u00e7aise. Adoss\u00e9e au &#8230; <a title=\"Edge Hosting, un h\u00e9bergement souverain, s\u00e9curis\u00e9 et local\" class=\"read-more\" href=\"https:\/\/ratp-connect.nexton-customers.com\/fr\/nos-solutions\/edge-hosting-un-hebergement-souverain-securise-et-local\/\" aria-label=\"En savoir plus sur Edge Hosting, un h\u00e9bergement souverain, s\u00e9curis\u00e9 et local\">Lire plus<\/a><\/p>\n","protected":false},"author":4,"featured_media":0,"parent":2,"menu_order":0,"comment_status":"closed","ping_status":"closed","template":"","meta":{"footnotes":""},"class_list":["post-7471","page","type-page","status-publish"],"yoast_head":"<!-- This site is optimized with the Yoast SEO plugin v27.3 - https:\/\/yoast.com\/product\/yoast-seo-wordpress\/ -->\n<title>Edge Hosting, un h\u00e9bergement souverain, s\u00e9curis\u00e9 et local - RATP Connect<\/title>\n<meta name=\"description\" content=\"Notre offre performante et personnalis\u00e9e s&#039;adapte \u00e0 vos activit\u00e9s. Nous connectons les individus et les services pour de fa\u00e7on optimale.\" \/>\n<meta name=\"robots\" content=\"noindex, follow, max-snippet:-1, max-image-preview:large, max-video-preview:-1\" \/>\n<meta property=\"og:locale\" content=\"fr_FR\" \/>\n<meta property=\"og:type\" content=\"article\" \/>\n<meta property=\"og:title\" content=\"Edge Hosting, un h\u00e9bergement souverain, s\u00e9curis\u00e9 et local - RATP Connect\" \/>\n<meta property=\"og:description\" content=\"Notre offre performante et personnalis\u00e9e s&#039;adapte \u00e0 vos activit\u00e9s. Nous connectons les individus et les services pour de fa\u00e7on optimale.\" \/>\n<meta property=\"og:url\" content=\"https:\/\/ratp-connect.nexton-customers.com\/fr\/nos-solutions\/edge-hosting-un-hebergement-souverain-securise-et-local\/\" \/>\n<meta property=\"og:site_name\" content=\"RATP Connect\" \/>\n<meta property=\"article:modified_time\" content=\"2025-06-24T09:38:36+00:00\" \/>\n<meta property=\"og:image\" content=\"https:\/\/ratp-connect.nexton-customers.com\/wp-content\/uploads\/2023\/11\/fibrenoire-ratp.webp\" \/>\n\t<meta property=\"og:image:width\" content=\"476\" \/>\n\t<meta property=\"og:image:height\" content=\"510\" \/>\n\t<meta property=\"og:image:type\" content=\"image\/webp\" \/>\n<meta name=\"twitter:card\" content=\"summary_large_image\" \/>\n<meta name=\"twitter:label1\" content=\"Dur\u00e9e de lecture estim\u00e9e\" \/>\n\t<meta name=\"twitter:data1\" content=\"2 minutes\" \/>\n<script type=\"application\/ld+json\" class=\"yoast-schema-graph\">{\"@context\":\"https:\\\/\\\/schema.org\",\"@graph\":[{\"@type\":\"WebPage\",\"@id\":\"https:\\\/\\\/ratp-connect.nexton-customers.com\\\/nos-solutions\\\/edge-hosting-un-hebergement-souverain-securise-et-local\\\/\",\"url\":\"https:\\\/\\\/ratp-connect.nexton-customers.com\\\/nos-solutions\\\/edge-hosting-un-hebergement-souverain-securise-et-local\\\/\",\"name\":\"Edge Hosting, un h\u00e9bergement souverain, s\u00e9curis\u00e9 et local - RATP Connect\",\"isPartOf\":{\"@id\":\"https:\\\/\\\/ratp-connect.nexton-customers.com\\\/#website\"},\"primaryImageOfPage\":{\"@id\":\"https:\\\/\\\/ratp-connect.nexton-customers.com\\\/nos-solutions\\\/edge-hosting-un-hebergement-souverain-securise-et-local\\\/#primaryimage\"},\"image\":{\"@id\":\"https:\\\/\\\/ratp-connect.nexton-customers.com\\\/nos-solutions\\\/edge-hosting-un-hebergement-souverain-securise-et-local\\\/#primaryimage\"},\"thumbnailUrl\":\"https:\\\/\\\/ratp-connect.nexton-customers.com\\\/wp-content\\\/uploads\\\/2023\\\/11\\\/fibrenoire-ratp.webp\",\"datePublished\":\"2025-06-24T09:38:35+00:00\",\"dateModified\":\"2025-06-24T09:38:36+00:00\",\"description\":\"Notre offre performante et personnalis\u00e9e s'adapte \u00e0 vos activit\u00e9s. Nous connectons les individus et les services pour de fa\u00e7on optimale.\",\"breadcrumb\":{\"@id\":\"https:\\\/\\\/ratp-connect.nexton-customers.com\\\/nos-solutions\\\/edge-hosting-un-hebergement-souverain-securise-et-local\\\/#breadcrumb\"},\"inLanguage\":\"fr-FR\",\"potentialAction\":[{\"@type\":\"ReadAction\",\"target\":[\"https:\\\/\\\/ratp-connect.nexton-customers.com\\\/nos-solutions\\\/edge-hosting-un-hebergement-souverain-securise-et-local\\\/\"]}]},{\"@type\":\"ImageObject\",\"inLanguage\":\"fr-FR\",\"@id\":\"https:\\\/\\\/ratp-connect.nexton-customers.com\\\/nos-solutions\\\/edge-hosting-un-hebergement-souverain-securise-et-local\\\/#primaryimage\",\"url\":\"https:\\\/\\\/ratp-connect.nexton-customers.com\\\/wp-content\\\/uploads\\\/2023\\\/11\\\/fibrenoire-ratp.webp\",\"contentUrl\":\"https:\\\/\\\/ratp-connect.nexton-customers.com\\\/wp-content\\\/uploads\\\/2023\\\/11\\\/fibrenoire-ratp.webp\"},{\"@type\":\"BreadcrumbList\",\"@id\":\"https:\\\/\\\/ratp-connect.nexton-customers.com\\\/nos-solutions\\\/edge-hosting-un-hebergement-souverain-securise-et-local\\\/#breadcrumb\",\"itemListElement\":[{\"@type\":\"ListItem\",\"position\":1,\"name\":\"Accueil\",\"item\":\"https:\\\/\\\/ratp-connect.nexton-customers.com\\\/\"},{\"@type\":\"ListItem\",\"position\":2,\"name\":\"Nos solutions\",\"item\":\"https:\\\/\\\/ratp-connect.nexton-customers.com\\\/nos-solutions\\\/\"},{\"@type\":\"ListItem\",\"position\":3,\"name\":\"Edge Hosting, un h\u00e9bergement souverain, s\u00e9curis\u00e9 et local\"}]},{\"@type\":\"WebSite\",\"@id\":\"https:\\\/\\\/ratp-connect.nexton-customers.com\\\/#website\",\"url\":\"https:\\\/\\\/ratp-connect.nexton-customers.com\\\/\",\"name\":\"RATP Cap \u00cele-de-France\",\"description\":\"\",\"publisher\":{\"@id\":\"https:\\\/\\\/ratp-connect.nexton-customers.com\\\/#organization\"},\"potentialAction\":[{\"@type\":\"SearchAction\",\"target\":{\"@type\":\"EntryPoint\",\"urlTemplate\":\"https:\\\/\\\/ratp-connect.nexton-customers.com\\\/?s={search_term_string}\"},\"query-input\":{\"@type\":\"PropertyValueSpecification\",\"valueRequired\":true,\"valueName\":\"search_term_string\"}}],\"inLanguage\":\"fr-FR\"},{\"@type\":\"Organization\",\"@id\":\"https:\\\/\\\/ratp-connect.nexton-customers.com\\\/#organization\",\"name\":\"RATP Cap \u00cele-de-France\",\"url\":\"https:\\\/\\\/ratp-connect.nexton-customers.com\\\/\",\"logo\":{\"@type\":\"ImageObject\",\"inLanguage\":\"fr-FR\",\"@id\":\"https:\\\/\\\/ratp-connect.nexton-customers.com\\\/#\\\/schema\\\/logo\\\/image\\\/\",\"url\":\"https:\\\/\\\/ratp-connect.nexton-customers.com\\\/wp-content\\\/uploads\\\/2024\\\/10\\\/LogosConnect.svg\",\"contentUrl\":\"https:\\\/\\\/ratp-connect.nexton-customers.com\\\/wp-content\\\/uploads\\\/2024\\\/10\\\/LogosConnect.svg\",\"caption\":\"RATP Cap \u00cele-de-France\"},\"image\":{\"@id\":\"https:\\\/\\\/ratp-connect.nexton-customers.com\\\/#\\\/schema\\\/logo\\\/image\\\/\"}}]}<\/script>\n<!-- \/ Yoast SEO plugin. -->","yoast_head_json":{"title":"Edge Hosting, un h\u00e9bergement souverain, s\u00e9curis\u00e9 et local - RATP Connect","description":"Notre offre performante et personnalis\u00e9e s'adapte \u00e0 vos activit\u00e9s. Nous connectons les individus et les services pour de fa\u00e7on optimale.","robots":{"index":"noindex","follow":"follow","max-snippet":"max-snippet:-1","max-image-preview":"max-image-preview:large","max-video-preview":"max-video-preview:-1"},"og_locale":"fr_FR","og_type":"article","og_title":"Edge Hosting, un h\u00e9bergement souverain, s\u00e9curis\u00e9 et local - RATP Connect","og_description":"Notre offre performante et personnalis\u00e9e s'adapte \u00e0 vos activit\u00e9s. Nous connectons les individus et les services pour de fa\u00e7on optimale.","og_url":"https:\/\/ratp-connect.nexton-customers.com\/fr\/nos-solutions\/edge-hosting-un-hebergement-souverain-securise-et-local\/","og_site_name":"RATP Connect","article_modified_time":"2025-06-24T09:38:36+00:00","og_image":[{"width":476,"height":510,"url":"https:\/\/ratp-connect.nexton-customers.com\/wp-content\/uploads\/2023\/11\/fibrenoire-ratp.webp","type":"image\/webp"}],"twitter_card":"summary_large_image","twitter_misc":{"Dur\u00e9e de lecture estim\u00e9e":"2 minutes"},"schema":{"@context":"https:\/\/schema.org","@graph":[{"@type":"WebPage","@id":"https:\/\/ratp-connect.nexton-customers.com\/nos-solutions\/edge-hosting-un-hebergement-souverain-securise-et-local\/","url":"https:\/\/ratp-connect.nexton-customers.com\/nos-solutions\/edge-hosting-un-hebergement-souverain-securise-et-local\/","name":"Edge Hosting, un h\u00e9bergement souverain, s\u00e9curis\u00e9 et local - RATP Connect","isPartOf":{"@id":"https:\/\/ratp-connect.nexton-customers.com\/#website"},"primaryImageOfPage":{"@id":"https:\/\/ratp-connect.nexton-customers.com\/nos-solutions\/edge-hosting-un-hebergement-souverain-securise-et-local\/#primaryimage"},"image":{"@id":"https:\/\/ratp-connect.nexton-customers.com\/nos-solutions\/edge-hosting-un-hebergement-souverain-securise-et-local\/#primaryimage"},"thumbnailUrl":"https:\/\/ratp-connect.nexton-customers.com\/wp-content\/uploads\/2023\/11\/fibrenoire-ratp.webp","datePublished":"2025-06-24T09:38:35+00:00","dateModified":"2025-06-24T09:38:36+00:00","description":"Notre offre performante et personnalis\u00e9e s'adapte \u00e0 vos activit\u00e9s. Nous connectons les individus et les services pour de fa\u00e7on optimale.","breadcrumb":{"@id":"https:\/\/ratp-connect.nexton-customers.com\/nos-solutions\/edge-hosting-un-hebergement-souverain-securise-et-local\/#breadcrumb"},"inLanguage":"fr-FR","potentialAction":[{"@type":"ReadAction","target":["https:\/\/ratp-connect.nexton-customers.com\/nos-solutions\/edge-hosting-un-hebergement-souverain-securise-et-local\/"]}]},{"@type":"ImageObject","inLanguage":"fr-FR","@id":"https:\/\/ratp-connect.nexton-customers.com\/nos-solutions\/edge-hosting-un-hebergement-souverain-securise-et-local\/#primaryimage","url":"https:\/\/ratp-connect.nexton-customers.com\/wp-content\/uploads\/2023\/11\/fibrenoire-ratp.webp","contentUrl":"https:\/\/ratp-connect.nexton-customers.com\/wp-content\/uploads\/2023\/11\/fibrenoire-ratp.webp"},{"@type":"BreadcrumbList","@id":"https:\/\/ratp-connect.nexton-customers.com\/nos-solutions\/edge-hosting-un-hebergement-souverain-securise-et-local\/#breadcrumb","itemListElement":[{"@type":"ListItem","position":1,"name":"Accueil","item":"https:\/\/ratp-connect.nexton-customers.com\/"},{"@type":"ListItem","position":2,"name":"Nos solutions","item":"https:\/\/ratp-connect.nexton-customers.com\/nos-solutions\/"},{"@type":"ListItem","position":3,"name":"Edge Hosting, un h\u00e9bergement souverain, s\u00e9curis\u00e9 et local"}]},{"@type":"WebSite","@id":"https:\/\/ratp-connect.nexton-customers.com\/#website","url":"https:\/\/ratp-connect.nexton-customers.com\/","name":"RATP Cap \u00cele-de-France","description":"","publisher":{"@id":"https:\/\/ratp-connect.nexton-customers.com\/#organization"},"potentialAction":[{"@type":"SearchAction","target":{"@type":"EntryPoint","urlTemplate":"https:\/\/ratp-connect.nexton-customers.com\/?s={search_term_string}"},"query-input":{"@type":"PropertyValueSpecification","valueRequired":true,"valueName":"search_term_string"}}],"inLanguage":"fr-FR"},{"@type":"Organization","@id":"https:\/\/ratp-connect.nexton-customers.com\/#organization","name":"RATP Cap \u00cele-de-France","url":"https:\/\/ratp-connect.nexton-customers.com\/","logo":{"@type":"ImageObject","inLanguage":"fr-FR","@id":"https:\/\/ratp-connect.nexton-customers.com\/#\/schema\/logo\/image\/","url":"https:\/\/ratp-connect.nexton-customers.com\/wp-content\/uploads\/2024\/10\/LogosConnect.svg","contentUrl":"https:\/\/ratp-connect.nexton-customers.com\/wp-content\/uploads\/2024\/10\/LogosConnect.svg","caption":"RATP Cap \u00cele-de-France"},"image":{"@id":"https:\/\/ratp-connect.nexton-customers.com\/#\/schema\/logo\/image\/"}}]}},"_links":{"self":[{"href":"https:\/\/ratp-connect.nexton-customers.com\/fr\/wp-json\/wp\/v2\/pages\/7471","targetHints":{"allow":["GET"]}}],"collection":[{"href":"https:\/\/ratp-connect.nexton-customers.com\/fr\/wp-json\/wp\/v2\/pages"}],"about":[{"href":"https:\/\/ratp-connect.nexton-customers.com\/fr\/wp-json\/wp\/v2\/types\/page"}],"author":[{"embeddable":true,"href":"https:\/\/ratp-connect.nexton-customers.com\/fr\/wp-json\/wp\/v2\/users\/4"}],"replies":[{"embeddable":true,"href":"https:\/\/ratp-connect.nexton-customers.com\/fr\/wp-json\/wp\/v2\/comments?post=7471"}],"version-history":[{"count":2,"href":"https:\/\/ratp-connect.nexton-customers.com\/fr\/wp-json\/wp\/v2\/pages\/7471\/revisions"}],"predecessor-version":[{"id":7473,"href":"https:\/\/ratp-connect.nexton-customers.com\/fr\/wp-json\/wp\/v2\/pages\/7471\/revisions\/7473"}],"up":[{"embeddable":true,"href":"https:\/\/ratp-connect.nexton-customers.com\/fr\/wp-json\/wp\/v2\/pages\/2"}],"wp:attachment":[{"href":"https:\/\/ratp-connect.nexton-customers.com\/fr\/wp-json\/wp\/v2\/media?parent=7471"}],"curies":[{"name":"wp","href":"https:\/\/api.w.org\/{rel}","templated":true}]}}