{"id":6485,"date":"2024-05-31T17:44:42","date_gmt":"2024-05-31T15:44:42","guid":{"rendered":"https:\/\/ratp-connect.nexton-customers.com\/?page_id=6485"},"modified":"2025-02-19T18:23:39","modified_gmt":"2025-02-19T16:23:39","slug":"collectivites-locales","status":"publish","type":"page","link":"https:\/\/ratp-connect.nexton-customers.com\/fr\/collectivites-locales\/","title":{"rendered":"Collectivit\u00e9s locales"},"content":{"rendered":"<div class=\"gb-container gb-container-ec254eff page-title\">\n\n<h1 class=\"wp-block-heading page-title__heading\"><strong><strong><strong>Notre offre de fibre optique noire pour les collectivit\u00e9s locales<\/strong><\/strong><\/strong><\/h1>\n\n<\/div>\n\n<div class=\"breadcrumbs align  wp-block-bcn-breadcrumb-trail has-text-color has-background\" vocab=\"https:\/\/schema.org\/\" typeof=\"BreadcrumbList\">\n\t<span><\/span>\n\t<span property=\"itemListElement\" typeof=\"ListItem\"><a property=\"item\" typeof=\"WebPage\" href=\"https:\/\/ratp-connect.nexton-customers.com\/fr\/\" class=\"home\" aria-current=\"page\"><span property=\"name\">Accueil<\/span><\/a><meta property=\"position\" content=\"1\"><\/span><\/div>\n\n\n<div class=\"gb-container gb-container-bbacd815 bandeau-intro\">\n<div class=\"gb-container gb-container-7387bdc5 bandeau-intro__inside\">\n\n<h2 class=\"wp-block-heading mb-0 color-base-3\"><strong><strong><strong><strong>Une meilleure connectivit\u00e9 pour le futur de nos communes<\/strong><\/strong><\/strong><\/strong><\/h2>\n\n\n\n<p class=\"mb-0 color-base-3\">RATP Connect red\u00e9finit la connectivit\u00e9 pour les collectivit\u00e9s locales, en mettant \u00e0 disposition une infrastructure de fibre optique avanc\u00e9e qui soutient le d\u00e9veloppement urbain, l&rsquo;acc\u00e8s am\u00e9lior\u00e9 aux services publics et la digitalisation au service des citoyens.<\/p>\n\n<\/div>\n<\/div>\n\n<div class=\"gb-container gb-container-9d52252c img-block-right__container\">\n<div class=\"gb-container gb-container-836548f9 img-block-right__sub-container\">\n<div class=\"gb-container gb-container-4ccd2a2c img-block-right__image-wrapper\">\n<div class=\"gb-container gb-container-b4ae217c img-block-right__image-container\">\n<div class=\"gb-container gb-container-af6ffb8f img-block-right__image-content box-shadow--rounded--secondary\">\n\n<figure class=\"gb-block-image gb-block-image-6e965988\"><img loading=\"lazy\" decoding=\"async\" width=\"2048\" height=\"1395\" class=\"gb-image gb-image-6e965988 img-block-right__image\" src=\"https:\/\/ratp-connect.nexton-customers.com\/wp-content\/uploads\/2024\/06\/Collectivites_Locales-scaled.jpg\" alt=\"\" title=\"Collectivite\u0301s_Locales\" srcset=\"https:\/\/ratp-connect.nexton-customers.com\/wp-content\/uploads\/2024\/06\/Collectivites_Locales-scaled.jpg 2048w, https:\/\/ratp-connect.nexton-customers.com\/wp-content\/uploads\/2024\/06\/Collectivites_Locales-300x204.jpg 300w, https:\/\/ratp-connect.nexton-customers.com\/wp-content\/uploads\/2024\/06\/Collectivites_Locales-1024x698.jpg 1024w, https:\/\/ratp-connect.nexton-customers.com\/wp-content\/uploads\/2024\/06\/Collectivites_Locales-768x523.jpg 768w, https:\/\/ratp-connect.nexton-customers.com\/wp-content\/uploads\/2024\/06\/Collectivites_Locales-1536x1046.jpg 1536w\" sizes=\"auto, (max-width: 2048px) 100vw, 2048px\" \/><\/figure>\n\n<\/div>\n<\/div>\n<\/div>\n\n<div class=\"gb-container gb-container-13011404 img-block-right__content border-line-full-page--right--primary\">\n<div class=\"gb-container gb-container-6513a29d img-block-right__header\">\n<div class=\"gb-container gb-container-4cedf3e1 img-block-right__header-content\">\n\n<h2 class=\"wp-block-heading img-block-right__title mb-0\"><strong><strong><strong>Notre engagement pour les territoires<\/strong><\/strong><\/strong><\/h2>\n\n\n<div class=\"gb-container gb-container-a4a45e5c img-block-right__text-container\">\n\n<h3 class=\"wp-block-heading block-text-right__subtitle mb-0\"><strong>Au c\u0153ur du d\u00e9veloppement local<\/strong><\/h3>\n\n\n\n<p class=\"mb-0 img-block-right__text\">RATP Connect s&rsquo;engage \u00e0 \u00eatre un partenaire de proximit\u00e9 pour les collectivit\u00e9s locales. Avec notre r\u00e9seau dense en \u00cele-de-France, nous garantissons une connexion rapide et efficace, facilitant le d\u00e9veloppement urbain et l&rsquo;am\u00e9lioration des services publics, rapprochant ainsi les technologies de demain de chaque citoyen.<\/p>\n\n<\/div>\n\n<div class=\"gb-container gb-container-6cd0bd1e img-block-right__text-container\">\n\n<h3 class=\"wp-block-heading block-text-right__subtitle mb-0\"><strong>Une technologie avanc\u00e9e et un fort engagement environnemental<\/strong><\/h3>\n\n\n\n<p class=\"mb-0 img-block-right__text\">Notre technologie de <a class=\"color-bleu-institutionnel\" href=\"https:\/\/ratp-connect.nexton-customers.com\/nos-solutions\/fibre-noire\/\">fibre optique noire<\/a> offre pas une connectivit\u00e9 de pointe. Elle est \u00e9galement con\u00e7ue pour \u00eatre \u00e9conomique et minimiser son impact environnemental. La fiabilit\u00e9 de notre service assure une continuit\u00e9 op\u00e9rationnelle essentielle pour les administrations, tandis que nos pratiques durables soutiennent les objectifs socio-\u00e9cologiques des collectivit\u00e9s.<\/p>\n\n<\/div>\n\n<div class=\"gb-container gb-container-fc8aa65d img-block-right__text-container\">\n\n<h3 class=\"wp-block-heading block-text-right__subtitle mb-0\">Une Infrastructure THD pour vos services d&rsquo;aujourd&rsquo;hui et de demain<\/h3>\n\n\n\n<p class=\"mb-0 img-block-right__text\">Le r\u00e9seau de RATP Connect r\u00e9pond aux besoins croissants de services publics num\u00e9riques gr\u00e2ce \u00e0 sa performance <a href=\"https:\/\/ratp-connect.nexton-customers.com\/blog\/le-tres-haut-debit-thd-en-ile-de-france-avec-la-fibre-optique-noire-de-ratp-connect\/\" class=\"color-bleu-institutionnel\">THD<\/a> exceptionnelle et sa grande capacit\u00e9 de bande passante. S\u00e9curis\u00e9 et facilement extensible, il permet aux collectivit\u00e9s locales de s&rsquo;adapter rapidement aux nouvelles technologies et de prot\u00e9ger leurs donn\u00e9es sensibles et leurs \u00e9changes avec les citoyens.<\/p>\n\n<\/div>\n<\/div>\n<\/div>\n<\/div>\n<\/div>\n<\/div>\n\n<div class=\"gb-container gb-container-b6e14c16 illu-background-container\">\n<div class=\"gb-container gb-container-c4218dca illu-background-topcover\"><\/div>\n\n\n<figure class=\"wp-block-image size-full illustration-background-circle\"><img decoding=\"async\" src=\"https:\/\/ratp-connect.nexton-customers.com\/wp-content\/uploads\/2023\/12\/Forme_BG_Cercle_Right.svg\" alt=\"\" class=\"wp-image-3860\"\/><\/figure>\n\n\n\n<figure class=\"wp-block-image size-full illustration-background-circle--opposite\"><img decoding=\"async\" src=\"https:\/\/ratp-connect.nexton-customers.com\/wp-content\/uploads\/2024\/03\/Forme_BG_Cercle_Left.svg\" alt=\"\" class=\"wp-image-5460\"\/><\/figure>\n\n<\/div>","protected":false},"excerpt":{"rendered":"<p>Notre offre de fibre optique noire pour les collectivit\u00e9s locales Une meilleure connectivit\u00e9 pour le futur de nos communes RATP Connect red\u00e9finit la connectivit\u00e9 pour les collectivit\u00e9s locales, en mettant \u00e0 disposition une infrastructure de fibre optique avanc\u00e9e qui soutient le d\u00e9veloppement urbain, l&rsquo;acc\u00e8s am\u00e9lior\u00e9 aux services publics et la digitalisation au service des citoyens. &#8230; <a title=\"Collectivit\u00e9s locales\" class=\"read-more\" href=\"https:\/\/ratp-connect.nexton-customers.com\/fr\/collectivites-locales\/\" aria-label=\"En savoir plus sur Collectivit\u00e9s locales\">Lire plus<\/a><\/p>\n","protected":false},"author":7,"featured_media":0,"parent":0,"menu_order":0,"comment_status":"closed","ping_status":"closed","template":"","meta":{"footnotes":""},"class_list":["post-6485","page","type-page","status-publish"],"yoast_head":"<!-- This site is optimized with the Yoast SEO plugin v27.3 - https:\/\/yoast.com\/product\/yoast-seo-wordpress\/ -->\n<title>Collectivit\u00e9s locales - RATP Connect<\/title>\n<meta name=\"robots\" content=\"noindex, follow, max-snippet:-1, max-image-preview:large, max-video-preview:-1\" \/>\n<meta property=\"og:locale\" content=\"fr_FR\" \/>\n<meta property=\"og:type\" content=\"article\" \/>\n<meta property=\"og:title\" content=\"Collectivit\u00e9s locales - RATP Connect\" \/>\n<meta property=\"og:description\" content=\"Notre offre de fibre optique noire pour les collectivit\u00e9s locales Une meilleure connectivit\u00e9 pour le futur de nos communes RATP Connect red\u00e9finit la connectivit\u00e9 pour les collectivit\u00e9s locales, en mettant \u00e0 disposition une infrastructure de fibre optique avanc\u00e9e qui soutient le d\u00e9veloppement urbain, l&rsquo;acc\u00e8s am\u00e9lior\u00e9 aux services publics et la digitalisation au service des citoyens. ... Lire plus\" \/>\n<meta property=\"og:url\" content=\"https:\/\/ratp-connect.nexton-customers.com\/fr\/collectivites-locales\/\" \/>\n<meta property=\"og:site_name\" content=\"RATP Connect\" \/>\n<meta property=\"article:modified_time\" content=\"2025-02-19T16:23:39+00:00\" \/>\n<meta property=\"og:image\" content=\"https:\/\/ratp-connect.nexton-customers.com\/wp-content\/uploads\/2024\/06\/Collectivites_Locales-scaled.jpg\" \/>\n<meta name=\"twitter:card\" content=\"summary_large_image\" \/>\n<meta name=\"twitter:label1\" content=\"Dur\u00e9e de lecture estim\u00e9e\" \/>\n\t<meta name=\"twitter:data1\" content=\"2 minutes\" \/>\n<script type=\"application\/ld+json\" class=\"yoast-schema-graph\">{\"@context\":\"https:\\\/\\\/schema.org\",\"@graph\":[{\"@type\":\"WebPage\",\"@id\":\"https:\\\/\\\/ratp-connect.nexton-customers.com\\\/collectivites-locales\\\/\",\"url\":\"https:\\\/\\\/ratp-connect.nexton-customers.com\\\/collectivites-locales\\\/\",\"name\":\"Collectivit\u00e9s locales - RATP Connect\",\"isPartOf\":{\"@id\":\"https:\\\/\\\/ratp-connect.nexton-customers.com\\\/#website\"},\"primaryImageOfPage\":{\"@id\":\"https:\\\/\\\/ratp-connect.nexton-customers.com\\\/collectivites-locales\\\/#primaryimage\"},\"image\":{\"@id\":\"https:\\\/\\\/ratp-connect.nexton-customers.com\\\/collectivites-locales\\\/#primaryimage\"},\"thumbnailUrl\":\"https:\\\/\\\/ratp-connect.nexton-customers.com\\\/wp-content\\\/uploads\\\/2024\\\/06\\\/Collectivites_Locales-scaled.jpg\",\"datePublished\":\"2024-05-31T15:44:42+00:00\",\"dateModified\":\"2025-02-19T16:23:39+00:00\",\"breadcrumb\":{\"@id\":\"https:\\\/\\\/ratp-connect.nexton-customers.com\\\/collectivites-locales\\\/#breadcrumb\"},\"inLanguage\":\"fr-FR\",\"potentialAction\":[{\"@type\":\"ReadAction\",\"target\":[\"https:\\\/\\\/ratp-connect.nexton-customers.com\\\/collectivites-locales\\\/\"]}]},{\"@type\":\"ImageObject\",\"inLanguage\":\"fr-FR\",\"@id\":\"https:\\\/\\\/ratp-connect.nexton-customers.com\\\/collectivites-locales\\\/#primaryimage\",\"url\":\"https:\\\/\\\/ratp-connect.nexton-customers.com\\\/wp-content\\\/uploads\\\/2024\\\/06\\\/Collectivites_Locales-scaled.jpg\",\"contentUrl\":\"https:\\\/\\\/ratp-connect.nexton-customers.com\\\/wp-content\\\/uploads\\\/2024\\\/06\\\/Collectivites_Locales-scaled.jpg\"},{\"@type\":\"BreadcrumbList\",\"@id\":\"https:\\\/\\\/ratp-connect.nexton-customers.com\\\/collectivites-locales\\\/#breadcrumb\",\"itemListElement\":[{\"@type\":\"ListItem\",\"position\":1,\"name\":\"Accueil\",\"item\":\"https:\\\/\\\/ratp-connect.nexton-customers.com\\\/\"},{\"@type\":\"ListItem\",\"position\":2,\"name\":\"Collectivit\u00e9s locales\"}]},{\"@type\":\"WebSite\",\"@id\":\"https:\\\/\\\/ratp-connect.nexton-customers.com\\\/#website\",\"url\":\"https:\\\/\\\/ratp-connect.nexton-customers.com\\\/\",\"name\":\"RATP Cap \u00cele-de-France\",\"description\":\"\",\"publisher\":{\"@id\":\"https:\\\/\\\/ratp-connect.nexton-customers.com\\\/#organization\"},\"potentialAction\":[{\"@type\":\"SearchAction\",\"target\":{\"@type\":\"EntryPoint\",\"urlTemplate\":\"https:\\\/\\\/ratp-connect.nexton-customers.com\\\/?s={search_term_string}\"},\"query-input\":{\"@type\":\"PropertyValueSpecification\",\"valueRequired\":true,\"valueName\":\"search_term_string\"}}],\"inLanguage\":\"fr-FR\"},{\"@type\":\"Organization\",\"@id\":\"https:\\\/\\\/ratp-connect.nexton-customers.com\\\/#organization\",\"name\":\"RATP Cap \u00cele-de-France\",\"url\":\"https:\\\/\\\/ratp-connect.nexton-customers.com\\\/\",\"logo\":{\"@type\":\"ImageObject\",\"inLanguage\":\"fr-FR\",\"@id\":\"https:\\\/\\\/ratp-connect.nexton-customers.com\\\/#\\\/schema\\\/logo\\\/image\\\/\",\"url\":\"https:\\\/\\\/ratp-connect.nexton-customers.com\\\/wp-content\\\/uploads\\\/2024\\\/10\\\/LogosConnect.svg\",\"contentUrl\":\"https:\\\/\\\/ratp-connect.nexton-customers.com\\\/wp-content\\\/uploads\\\/2024\\\/10\\\/LogosConnect.svg\",\"caption\":\"RATP Cap \u00cele-de-France\"},\"image\":{\"@id\":\"https:\\\/\\\/ratp-connect.nexton-customers.com\\\/#\\\/schema\\\/logo\\\/image\\\/\"}}]}<\/script>\n<!-- \/ Yoast SEO plugin. -->","yoast_head_json":{"title":"Collectivit\u00e9s locales - RATP Connect","robots":{"index":"noindex","follow":"follow","max-snippet":"max-snippet:-1","max-image-preview":"max-image-preview:large","max-video-preview":"max-video-preview:-1"},"og_locale":"fr_FR","og_type":"article","og_title":"Collectivit\u00e9s locales - RATP Connect","og_description":"Notre offre de fibre optique noire pour les collectivit\u00e9s locales Une meilleure connectivit\u00e9 pour le futur de nos communes RATP Connect red\u00e9finit la connectivit\u00e9 pour les collectivit\u00e9s locales, en mettant \u00e0 disposition une infrastructure de fibre optique avanc\u00e9e qui soutient le d\u00e9veloppement urbain, l&rsquo;acc\u00e8s am\u00e9lior\u00e9 aux services publics et la digitalisation au service des citoyens. ... Lire plus","og_url":"https:\/\/ratp-connect.nexton-customers.com\/fr\/collectivites-locales\/","og_site_name":"RATP Connect","article_modified_time":"2025-02-19T16:23:39+00:00","og_image":[{"url":"https:\/\/ratp-connect.nexton-customers.com\/wp-content\/uploads\/2024\/06\/Collectivites_Locales-scaled.jpg","type":"","width":"","height":""}],"twitter_card":"summary_large_image","twitter_misc":{"Dur\u00e9e de lecture estim\u00e9e":"2 minutes"},"schema":{"@context":"https:\/\/schema.org","@graph":[{"@type":"WebPage","@id":"https:\/\/ratp-connect.nexton-customers.com\/collectivites-locales\/","url":"https:\/\/ratp-connect.nexton-customers.com\/collectivites-locales\/","name":"Collectivit\u00e9s locales - RATP Connect","isPartOf":{"@id":"https:\/\/ratp-connect.nexton-customers.com\/#website"},"primaryImageOfPage":{"@id":"https:\/\/ratp-connect.nexton-customers.com\/collectivites-locales\/#primaryimage"},"image":{"@id":"https:\/\/ratp-connect.nexton-customers.com\/collectivites-locales\/#primaryimage"},"thumbnailUrl":"https:\/\/ratp-connect.nexton-customers.com\/wp-content\/uploads\/2024\/06\/Collectivites_Locales-scaled.jpg","datePublished":"2024-05-31T15:44:42+00:00","dateModified":"2025-02-19T16:23:39+00:00","breadcrumb":{"@id":"https:\/\/ratp-connect.nexton-customers.com\/collectivites-locales\/#breadcrumb"},"inLanguage":"fr-FR","potentialAction":[{"@type":"ReadAction","target":["https:\/\/ratp-connect.nexton-customers.com\/collectivites-locales\/"]}]},{"@type":"ImageObject","inLanguage":"fr-FR","@id":"https:\/\/ratp-connect.nexton-customers.com\/collectivites-locales\/#primaryimage","url":"https:\/\/ratp-connect.nexton-customers.com\/wp-content\/uploads\/2024\/06\/Collectivites_Locales-scaled.jpg","contentUrl":"https:\/\/ratp-connect.nexton-customers.com\/wp-content\/uploads\/2024\/06\/Collectivites_Locales-scaled.jpg"},{"@type":"BreadcrumbList","@id":"https:\/\/ratp-connect.nexton-customers.com\/collectivites-locales\/#breadcrumb","itemListElement":[{"@type":"ListItem","position":1,"name":"Accueil","item":"https:\/\/ratp-connect.nexton-customers.com\/"},{"@type":"ListItem","position":2,"name":"Collectivit\u00e9s locales"}]},{"@type":"WebSite","@id":"https:\/\/ratp-connect.nexton-customers.com\/#website","url":"https:\/\/ratp-connect.nexton-customers.com\/","name":"RATP Cap \u00cele-de-France","description":"","publisher":{"@id":"https:\/\/ratp-connect.nexton-customers.com\/#organization"},"potentialAction":[{"@type":"SearchAction","target":{"@type":"EntryPoint","urlTemplate":"https:\/\/ratp-connect.nexton-customers.com\/?s={search_term_string}"},"query-input":{"@type":"PropertyValueSpecification","valueRequired":true,"valueName":"search_term_string"}}],"inLanguage":"fr-FR"},{"@type":"Organization","@id":"https:\/\/ratp-connect.nexton-customers.com\/#organization","name":"RATP Cap \u00cele-de-France","url":"https:\/\/ratp-connect.nexton-customers.com\/","logo":{"@type":"ImageObject","inLanguage":"fr-FR","@id":"https:\/\/ratp-connect.nexton-customers.com\/#\/schema\/logo\/image\/","url":"https:\/\/ratp-connect.nexton-customers.com\/wp-content\/uploads\/2024\/10\/LogosConnect.svg","contentUrl":"https:\/\/ratp-connect.nexton-customers.com\/wp-content\/uploads\/2024\/10\/LogosConnect.svg","caption":"RATP Cap \u00cele-de-France"},"image":{"@id":"https:\/\/ratp-connect.nexton-customers.com\/#\/schema\/logo\/image\/"}}]}},"_links":{"self":[{"href":"https:\/\/ratp-connect.nexton-customers.com\/fr\/wp-json\/wp\/v2\/pages\/6485","targetHints":{"allow":["GET"]}}],"collection":[{"href":"https:\/\/ratp-connect.nexton-customers.com\/fr\/wp-json\/wp\/v2\/pages"}],"about":[{"href":"https:\/\/ratp-connect.nexton-customers.com\/fr\/wp-json\/wp\/v2\/types\/page"}],"author":[{"embeddable":true,"href":"https:\/\/ratp-connect.nexton-customers.com\/fr\/wp-json\/wp\/v2\/users\/7"}],"replies":[{"embeddable":true,"href":"https:\/\/ratp-connect.nexton-customers.com\/fr\/wp-json\/wp\/v2\/comments?post=6485"}],"version-history":[{"count":21,"href":"https:\/\/ratp-connect.nexton-customers.com\/fr\/wp-json\/wp\/v2\/pages\/6485\/revisions"}],"predecessor-version":[{"id":7323,"href":"https:\/\/ratp-connect.nexton-customers.com\/fr\/wp-json\/wp\/v2\/pages\/6485\/revisions\/7323"}],"wp:attachment":[{"href":"https:\/\/ratp-connect.nexton-customers.com\/fr\/wp-json\/wp\/v2\/media?parent=6485"}],"curies":[{"name":"wp","href":"https:\/\/api.w.org\/{rel}","templated":true}]}}