{"id":6482,"date":"2024-05-31T16:49:42","date_gmt":"2024-05-31T14:49:42","guid":{"rendered":"https:\/\/ratp-connect.nexton-customers.com\/?page_id=6482"},"modified":"2025-02-19T18:23:26","modified_gmt":"2025-02-19T16:23:26","slug":"entreprises-privees","status":"publish","type":"page","link":"https:\/\/ratp-connect.nexton-customers.com\/fr\/entreprises-privees\/","title":{"rendered":"Entreprises priv\u00e9es"},"content":{"rendered":"<div class=\"gb-container gb-container-ec254eff page-title\">\n\n<h1 class=\"wp-block-heading page-title__heading\"><strong><strong><strong>Notre offre de fibre optique noire pour les entreprises<\/strong><\/strong><\/strong><\/h1>\n\n<\/div>\n\n<div class=\"breadcrumbs align  wp-block-bcn-breadcrumb-trail has-text-color has-background\" vocab=\"https:\/\/schema.org\/\" typeof=\"BreadcrumbList\">\n\t<span><\/span>\n\t<span property=\"itemListElement\" typeof=\"ListItem\"><a property=\"item\" typeof=\"WebPage\" href=\"https:\/\/ratp-connect.nexton-customers.com\/fr\/\" class=\"home\" aria-current=\"page\"><span property=\"name\">Accueil<\/span><\/a><meta property=\"position\" content=\"1\"><\/span><\/div>\n\n\n<div class=\"gb-container gb-container-bbacd815 bandeau-intro\">\n<div class=\"gb-container gb-container-ff382e09 bandeau-intro__inside\">\n\n<h2 class=\"wp-block-heading color-base-3\"><strong><strong><strong><strong>R\u00e9volutionnez votre connectivit\u00e9<\/strong><\/strong><\/strong><\/strong><\/h2>\n\n\n\n<p class=\"color-base-3\">RATP Connect propose des solutions de fibre optique sur mesure pour chaque secteur d&rsquo;activit\u00e9, garantissant s\u00e9curit\u00e9, performance et \u00e9volutivit\u00e9. Notre infrastructure de pointe est con\u00e7ue pour r\u00e9pondre aux exigences de connectivit\u00e9 des entreprises.<\/p>\n\n<\/div>\n<\/div>\n\n<div class=\"gb-container gb-container-9d52252c img-block-right__container\">\n<div class=\"gb-container gb-container-836548f9 img-block-right__sub-container\">\n<div class=\"gb-container gb-container-4ccd2a2c img-block-right__image-wrapper\">\n<div class=\"gb-container gb-container-b4ae217c img-block-right__image-container\">\n<div class=\"gb-container gb-container-b009b0ef img-block-right__image-content box-shadow--rounded--secondary\">\n\n<figure class=\"gb-block-image gb-block-image-ce0879c1\"><img loading=\"lazy\" decoding=\"async\" width=\"2048\" height=\"1395\" class=\"gb-image gb-image-ce0879c1 img-block-right__image\" src=\"https:\/\/ratp-connect.nexton-customers.com\/wp-content\/uploads\/2024\/06\/Entreprise_Privees-scaled.jpg\" alt=\"\" title=\"Entreprise_Prive\u0301es\" srcset=\"https:\/\/ratp-connect.nexton-customers.com\/wp-content\/uploads\/2024\/06\/Entreprise_Privees-scaled.jpg 2048w, https:\/\/ratp-connect.nexton-customers.com\/wp-content\/uploads\/2024\/06\/Entreprise_Privees-300x204.jpg 300w, https:\/\/ratp-connect.nexton-customers.com\/wp-content\/uploads\/2024\/06\/Entreprise_Privees-1024x698.jpg 1024w, https:\/\/ratp-connect.nexton-customers.com\/wp-content\/uploads\/2024\/06\/Entreprise_Privees-768x523.jpg 768w, https:\/\/ratp-connect.nexton-customers.com\/wp-content\/uploads\/2024\/06\/Entreprise_Privees-1536x1046.jpg 1536w\" sizes=\"auto, (max-width: 2048px) 100vw, 2048px\" \/><\/figure>\n\n<\/div>\n<\/div>\n<\/div>\n\n<div class=\"gb-container gb-container-13011404 img-block-right__content\">\n<div class=\"gb-container gb-container-6513a29d img-block-right__header\">\n<div class=\"gb-container gb-container-4cedf3e1 img-block-right__header-content\">\n\n<h2 class=\"wp-block-heading img-block-right__title\"><strong><strong><strong>Partenaire de vos r\u00e9seaux d&rsquo;entreprise<\/strong><\/strong><\/strong><\/h2>\n\n\n<div class=\"gb-container gb-container-a4a45e5c img-block-right__text-container\">\n\n<h3 class=\"wp-block-heading block-text-right__subtitle\"><strong>Prot\u00e9gez vos donn\u00e9es, prot\u00e9gez votre entreprise<\/strong><\/h3>\n\n\n\n<p class=\"img-block-right__text\">La s\u00e9curit\u00e9 des donn\u00e9es est primordiale dans le monde des affaires d&rsquo;aujourd&rsquo;hui. RATP Connect offre une infrastructure hautement s\u00e9curis\u00e9e avec des mesures de protection avanc\u00e9es, assurant la confidentialit\u00e9 et l&rsquo;int\u00e9grit\u00e9 de vos informations sensibles. Faites confiance \u00e0 notre r\u00e9seau de fibre optique.<\/p>\n\n<\/div>\n\n<div class=\"gb-container gb-container-6cd0bd1e img-block-right__text-container\">\n\n<h3 class=\"wp-block-heading block-text-right__subtitle\"><strong>L&rsquo;enjeu de la qualit\u00e9 et de la fiabilit\u00e9<\/strong><\/h3>\n\n\n\n<p class=\"img-block-right__text\">La performance et la fiabilit\u00e9 de votre r\u00e9seau Tr\u00e8s Haut D\u00e9bit peuvent transformer votre entreprise. Notre <a href=\"https:\/\/ratp-connect.nexton-customers.com\/nos-solutions\/fibre-noire\/\">fibre optique noire<\/a> offre des d\u00e9bits <a href=\"https:\/\/ratp-connect.nexton-customers.com\/blog\/le-tres-haut-debit-thd-en-ile-de-france-avec-la-fibre-optique-noire-de-ratp-connect\/\">THD<\/a> et une disponibilit\u00e9 de notre service clients 24\/7, tout en \u00e9tant \u00e9conomiquement avantageuse. Profitez d&rsquo;une offre qui optimise les flux de donn\u00e9es tout en r\u00e9duisant vos co\u00fbts op\u00e9rationnels.<\/p>\n\n<\/div>\n\n<div class=\"gb-container gb-container-fc8aa65d img-block-right__text-container\">\n\n<h3 class=\"wp-block-heading block-text-right__subtitle\">Votre partenaire local pour une croissance durable<\/h3>\n\n\n\n<p class=\"img-block-right__text\">Nous proposons le meilleur r\u00e9seau francilien, offrant une connectivit\u00e9 rapide et une infrastructure de proximit\u00e9. Notre engagement environnemental nous conduit \u00e0 r\u00e9duire notre empreinte carbone et \u00e0 promouvoir des pratiques durables. Notre d\u00e9veloppement soutient \u00e9galement celle de nos territoires locaux.<\/p>\n\n<\/div>\n<\/div>\n<\/div>\n<\/div>\n<\/div>\n<\/div>\n\n<div class=\"gb-container gb-container-b6e14c16 illu-background-container\">\n<div class=\"gb-container gb-container-c4218dca illu-background-topcover\"><\/div>\n\n\n<figure class=\"wp-block-image size-full illustration-background-circle\"><img decoding=\"async\" src=\"https:\/\/ratp-connect.nexton-customers.com\/wp-content\/uploads\/2023\/12\/Forme_BG_Cercle_Right.svg\" alt=\"\" class=\"wp-image-3860\"\/><\/figure>\n\n\n\n<figure class=\"wp-block-image size-full illustration-background-circle--opposite\"><img decoding=\"async\" src=\"https:\/\/ratp-connect.nexton-customers.com\/wp-content\/uploads\/2024\/03\/Forme_BG_Cercle_Left.svg\" alt=\"\" class=\"wp-image-5460\"\/><\/figure>\n\n<\/div>","protected":false},"excerpt":{"rendered":"<p>Notre offre de fibre optique noire pour les entreprises R\u00e9volutionnez votre connectivit\u00e9 RATP Connect propose des solutions de fibre optique sur mesure pour chaque secteur d&rsquo;activit\u00e9, garantissant s\u00e9curit\u00e9, performance et \u00e9volutivit\u00e9. Notre infrastructure de pointe est con\u00e7ue pour r\u00e9pondre aux exigences de connectivit\u00e9 des entreprises. Partenaire de vos r\u00e9seaux d&rsquo;entreprise Prot\u00e9gez vos donn\u00e9es, prot\u00e9gez votre &#8230; <a title=\"Entreprises priv\u00e9es\" class=\"read-more\" href=\"https:\/\/ratp-connect.nexton-customers.com\/fr\/entreprises-privees\/\" aria-label=\"En savoir plus sur Entreprises priv\u00e9es\">Lire plus<\/a><\/p>\n","protected":false},"author":7,"featured_media":0,"parent":0,"menu_order":0,"comment_status":"closed","ping_status":"closed","template":"","meta":{"footnotes":""},"class_list":["post-6482","page","type-page","status-publish"],"yoast_head":"<!-- This site is optimized with the Yoast SEO plugin v27.3 - https:\/\/yoast.com\/product\/yoast-seo-wordpress\/ -->\n<title>Entreprises priv\u00e9es - RATP Connect<\/title>\n<meta name=\"robots\" content=\"noindex, follow, max-snippet:-1, max-image-preview:large, max-video-preview:-1\" \/>\n<meta property=\"og:locale\" content=\"fr_FR\" \/>\n<meta property=\"og:type\" content=\"article\" \/>\n<meta property=\"og:title\" content=\"Entreprises priv\u00e9es - RATP Connect\" \/>\n<meta property=\"og:description\" content=\"Notre offre de fibre optique noire pour les entreprises R\u00e9volutionnez votre connectivit\u00e9 RATP Connect propose des solutions de fibre optique sur mesure pour chaque secteur d&rsquo;activit\u00e9, garantissant s\u00e9curit\u00e9, performance et \u00e9volutivit\u00e9. Notre infrastructure de pointe est con\u00e7ue pour r\u00e9pondre aux exigences de connectivit\u00e9 des entreprises. Partenaire de vos r\u00e9seaux d&rsquo;entreprise Prot\u00e9gez vos donn\u00e9es, prot\u00e9gez votre ... Lire plus\" \/>\n<meta property=\"og:url\" content=\"https:\/\/ratp-connect.nexton-customers.com\/fr\/entreprises-privees\/\" \/>\n<meta property=\"og:site_name\" content=\"RATP Connect\" \/>\n<meta property=\"article:modified_time\" content=\"2025-02-19T16:23:26+00:00\" \/>\n<meta property=\"og:image\" content=\"https:\/\/ratp-connect.nexton-customers.com\/wp-content\/uploads\/2024\/06\/Entreprise_Privees-scaled.jpg\" \/>\n<meta name=\"twitter:card\" content=\"summary_large_image\" \/>\n<script type=\"application\/ld+json\" class=\"yoast-schema-graph\">{\"@context\":\"https:\\\/\\\/schema.org\",\"@graph\":[{\"@type\":\"WebPage\",\"@id\":\"https:\\\/\\\/ratp-connect.nexton-customers.com\\\/entreprises-privees\\\/\",\"url\":\"https:\\\/\\\/ratp-connect.nexton-customers.com\\\/entreprises-privees\\\/\",\"name\":\"Entreprises priv\u00e9es - RATP Connect\",\"isPartOf\":{\"@id\":\"https:\\\/\\\/ratp-connect.nexton-customers.com\\\/#website\"},\"primaryImageOfPage\":{\"@id\":\"https:\\\/\\\/ratp-connect.nexton-customers.com\\\/entreprises-privees\\\/#primaryimage\"},\"image\":{\"@id\":\"https:\\\/\\\/ratp-connect.nexton-customers.com\\\/entreprises-privees\\\/#primaryimage\"},\"thumbnailUrl\":\"https:\\\/\\\/ratp-connect.nexton-customers.com\\\/wp-content\\\/uploads\\\/2024\\\/06\\\/Entreprise_Privees-scaled.jpg\",\"datePublished\":\"2024-05-31T14:49:42+00:00\",\"dateModified\":\"2025-02-19T16:23:26+00:00\",\"breadcrumb\":{\"@id\":\"https:\\\/\\\/ratp-connect.nexton-customers.com\\\/entreprises-privees\\\/#breadcrumb\"},\"inLanguage\":\"fr-FR\",\"potentialAction\":[{\"@type\":\"ReadAction\",\"target\":[\"https:\\\/\\\/ratp-connect.nexton-customers.com\\\/entreprises-privees\\\/\"]}]},{\"@type\":\"ImageObject\",\"inLanguage\":\"fr-FR\",\"@id\":\"https:\\\/\\\/ratp-connect.nexton-customers.com\\\/entreprises-privees\\\/#primaryimage\",\"url\":\"https:\\\/\\\/ratp-connect.nexton-customers.com\\\/wp-content\\\/uploads\\\/2024\\\/06\\\/Entreprise_Privees-scaled.jpg\",\"contentUrl\":\"https:\\\/\\\/ratp-connect.nexton-customers.com\\\/wp-content\\\/uploads\\\/2024\\\/06\\\/Entreprise_Privees-scaled.jpg\"},{\"@type\":\"BreadcrumbList\",\"@id\":\"https:\\\/\\\/ratp-connect.nexton-customers.com\\\/entreprises-privees\\\/#breadcrumb\",\"itemListElement\":[{\"@type\":\"ListItem\",\"position\":1,\"name\":\"Accueil\",\"item\":\"https:\\\/\\\/ratp-connect.nexton-customers.com\\\/\"},{\"@type\":\"ListItem\",\"position\":2,\"name\":\"Entreprises priv\u00e9es\"}]},{\"@type\":\"WebSite\",\"@id\":\"https:\\\/\\\/ratp-connect.nexton-customers.com\\\/#website\",\"url\":\"https:\\\/\\\/ratp-connect.nexton-customers.com\\\/\",\"name\":\"RATP Cap \u00cele-de-France\",\"description\":\"\",\"publisher\":{\"@id\":\"https:\\\/\\\/ratp-connect.nexton-customers.com\\\/#organization\"},\"potentialAction\":[{\"@type\":\"SearchAction\",\"target\":{\"@type\":\"EntryPoint\",\"urlTemplate\":\"https:\\\/\\\/ratp-connect.nexton-customers.com\\\/?s={search_term_string}\"},\"query-input\":{\"@type\":\"PropertyValueSpecification\",\"valueRequired\":true,\"valueName\":\"search_term_string\"}}],\"inLanguage\":\"fr-FR\"},{\"@type\":\"Organization\",\"@id\":\"https:\\\/\\\/ratp-connect.nexton-customers.com\\\/#organization\",\"name\":\"RATP Cap \u00cele-de-France\",\"url\":\"https:\\\/\\\/ratp-connect.nexton-customers.com\\\/\",\"logo\":{\"@type\":\"ImageObject\",\"inLanguage\":\"fr-FR\",\"@id\":\"https:\\\/\\\/ratp-connect.nexton-customers.com\\\/#\\\/schema\\\/logo\\\/image\\\/\",\"url\":\"https:\\\/\\\/ratp-connect.nexton-customers.com\\\/wp-content\\\/uploads\\\/2024\\\/10\\\/LogosConnect.svg\",\"contentUrl\":\"https:\\\/\\\/ratp-connect.nexton-customers.com\\\/wp-content\\\/uploads\\\/2024\\\/10\\\/LogosConnect.svg\",\"caption\":\"RATP Cap \u00cele-de-France\"},\"image\":{\"@id\":\"https:\\\/\\\/ratp-connect.nexton-customers.com\\\/#\\\/schema\\\/logo\\\/image\\\/\"}}]}<\/script>\n<!-- \/ Yoast SEO plugin. -->","yoast_head_json":{"title":"Entreprises priv\u00e9es - RATP Connect","robots":{"index":"noindex","follow":"follow","max-snippet":"max-snippet:-1","max-image-preview":"max-image-preview:large","max-video-preview":"max-video-preview:-1"},"og_locale":"fr_FR","og_type":"article","og_title":"Entreprises priv\u00e9es - RATP Connect","og_description":"Notre offre de fibre optique noire pour les entreprises R\u00e9volutionnez votre connectivit\u00e9 RATP Connect propose des solutions de fibre optique sur mesure pour chaque secteur d&rsquo;activit\u00e9, garantissant s\u00e9curit\u00e9, performance et \u00e9volutivit\u00e9. Notre infrastructure de pointe est con\u00e7ue pour r\u00e9pondre aux exigences de connectivit\u00e9 des entreprises. Partenaire de vos r\u00e9seaux d&rsquo;entreprise Prot\u00e9gez vos donn\u00e9es, prot\u00e9gez votre ... Lire plus","og_url":"https:\/\/ratp-connect.nexton-customers.com\/fr\/entreprises-privees\/","og_site_name":"RATP Connect","article_modified_time":"2025-02-19T16:23:26+00:00","og_image":[{"url":"https:\/\/ratp-connect.nexton-customers.com\/wp-content\/uploads\/2024\/06\/Entreprise_Privees-scaled.jpg","type":"","width":"","height":""}],"twitter_card":"summary_large_image","schema":{"@context":"https:\/\/schema.org","@graph":[{"@type":"WebPage","@id":"https:\/\/ratp-connect.nexton-customers.com\/entreprises-privees\/","url":"https:\/\/ratp-connect.nexton-customers.com\/entreprises-privees\/","name":"Entreprises priv\u00e9es - RATP Connect","isPartOf":{"@id":"https:\/\/ratp-connect.nexton-customers.com\/#website"},"primaryImageOfPage":{"@id":"https:\/\/ratp-connect.nexton-customers.com\/entreprises-privees\/#primaryimage"},"image":{"@id":"https:\/\/ratp-connect.nexton-customers.com\/entreprises-privees\/#primaryimage"},"thumbnailUrl":"https:\/\/ratp-connect.nexton-customers.com\/wp-content\/uploads\/2024\/06\/Entreprise_Privees-scaled.jpg","datePublished":"2024-05-31T14:49:42+00:00","dateModified":"2025-02-19T16:23:26+00:00","breadcrumb":{"@id":"https:\/\/ratp-connect.nexton-customers.com\/entreprises-privees\/#breadcrumb"},"inLanguage":"fr-FR","potentialAction":[{"@type":"ReadAction","target":["https:\/\/ratp-connect.nexton-customers.com\/entreprises-privees\/"]}]},{"@type":"ImageObject","inLanguage":"fr-FR","@id":"https:\/\/ratp-connect.nexton-customers.com\/entreprises-privees\/#primaryimage","url":"https:\/\/ratp-connect.nexton-customers.com\/wp-content\/uploads\/2024\/06\/Entreprise_Privees-scaled.jpg","contentUrl":"https:\/\/ratp-connect.nexton-customers.com\/wp-content\/uploads\/2024\/06\/Entreprise_Privees-scaled.jpg"},{"@type":"BreadcrumbList","@id":"https:\/\/ratp-connect.nexton-customers.com\/entreprises-privees\/#breadcrumb","itemListElement":[{"@type":"ListItem","position":1,"name":"Accueil","item":"https:\/\/ratp-connect.nexton-customers.com\/"},{"@type":"ListItem","position":2,"name":"Entreprises priv\u00e9es"}]},{"@type":"WebSite","@id":"https:\/\/ratp-connect.nexton-customers.com\/#website","url":"https:\/\/ratp-connect.nexton-customers.com\/","name":"RATP Cap \u00cele-de-France","description":"","publisher":{"@id":"https:\/\/ratp-connect.nexton-customers.com\/#organization"},"potentialAction":[{"@type":"SearchAction","target":{"@type":"EntryPoint","urlTemplate":"https:\/\/ratp-connect.nexton-customers.com\/?s={search_term_string}"},"query-input":{"@type":"PropertyValueSpecification","valueRequired":true,"valueName":"search_term_string"}}],"inLanguage":"fr-FR"},{"@type":"Organization","@id":"https:\/\/ratp-connect.nexton-customers.com\/#organization","name":"RATP Cap \u00cele-de-France","url":"https:\/\/ratp-connect.nexton-customers.com\/","logo":{"@type":"ImageObject","inLanguage":"fr-FR","@id":"https:\/\/ratp-connect.nexton-customers.com\/#\/schema\/logo\/image\/","url":"https:\/\/ratp-connect.nexton-customers.com\/wp-content\/uploads\/2024\/10\/LogosConnect.svg","contentUrl":"https:\/\/ratp-connect.nexton-customers.com\/wp-content\/uploads\/2024\/10\/LogosConnect.svg","caption":"RATP Cap \u00cele-de-France"},"image":{"@id":"https:\/\/ratp-connect.nexton-customers.com\/#\/schema\/logo\/image\/"}}]}},"_links":{"self":[{"href":"https:\/\/ratp-connect.nexton-customers.com\/fr\/wp-json\/wp\/v2\/pages\/6482","targetHints":{"allow":["GET"]}}],"collection":[{"href":"https:\/\/ratp-connect.nexton-customers.com\/fr\/wp-json\/wp\/v2\/pages"}],"about":[{"href":"https:\/\/ratp-connect.nexton-customers.com\/fr\/wp-json\/wp\/v2\/types\/page"}],"author":[{"embeddable":true,"href":"https:\/\/ratp-connect.nexton-customers.com\/fr\/wp-json\/wp\/v2\/users\/7"}],"replies":[{"embeddable":true,"href":"https:\/\/ratp-connect.nexton-customers.com\/fr\/wp-json\/wp\/v2\/comments?post=6482"}],"version-history":[{"count":12,"href":"https:\/\/ratp-connect.nexton-customers.com\/fr\/wp-json\/wp\/v2\/pages\/6482\/revisions"}],"predecessor-version":[{"id":7321,"href":"https:\/\/ratp-connect.nexton-customers.com\/fr\/wp-json\/wp\/v2\/pages\/6482\/revisions\/7321"}],"wp:attachment":[{"href":"https:\/\/ratp-connect.nexton-customers.com\/fr\/wp-json\/wp\/v2\/media?parent=6482"}],"curies":[{"name":"wp","href":"https:\/\/api.w.org\/{rel}","templated":true}]}}