{"id":6479,"date":"2024-05-31T16:30:57","date_gmt":"2024-05-31T14:30:57","guid":{"rendered":"https:\/\/ratp-connect.nexton-customers.com\/?page_id=6479"},"modified":"2025-02-19T18:23:33","modified_gmt":"2025-02-19T16:23:33","slug":"entreprises-de-services-du-numerique","status":"publish","type":"page","link":"https:\/\/ratp-connect.nexton-customers.com\/fr\/entreprises-de-services-du-numerique\/","title":{"rendered":"Entreprises de services du num\u00e9rique"},"content":{"rendered":"<div class=\"gb-container gb-container-ec254eff page-title\">\n\n<h1 class=\"wp-block-heading page-title__heading\"><strong><strong><strong>Notre offre de fibre optique noire pour les entreprises de service du num\u00e9rique<\/strong><\/strong><\/strong><\/h1>\n\n<\/div>\n\n<div class=\"breadcrumbs align  wp-block-bcn-breadcrumb-trail has-text-color has-background\" vocab=\"https:\/\/schema.org\/\" typeof=\"BreadcrumbList\">\n\t<span><\/span>\n\t<span property=\"itemListElement\" typeof=\"ListItem\"><a property=\"item\" typeof=\"WebPage\" href=\"https:\/\/ratp-connect.nexton-customers.com\/fr\/\" class=\"home\" aria-current=\"page\"><span property=\"name\">Accueil<\/span><\/a><meta property=\"position\" content=\"1\"><\/span><\/div>\n\n\n<div class=\"gb-container gb-container-bbacd815 bandeau-intro\">\n<div class=\"gb-container gb-container-7387bdc5 bandeau-intro__inside\">\n\n<h2 class=\"wp-block-heading mb-0 color-base-3\"><strong><strong><strong><strong>Optimisez votre infrastructure num\u00e9rique<\/strong><\/strong><\/strong><\/strong><\/h2>\n\n\n\n<p class=\"mb-0 color-base-3\">Acc\u00e9l\u00e9rez votre transformation digitale avec RATP Connect, le leader de la fibre optique en \u00cele-de-France. Notre offre sur mesure pour les int\u00e9grateurs de solutions et prestataires de services assure une int\u00e9gration fluide, une s\u00e9curit\u00e9 renforc\u00e9e et une adaptabilit\u00e9 sans pr\u00e9c\u00e9dent.<\/p>\n\n<\/div>\n<\/div>\n\n<div class=\"gb-container gb-container-9d52252c img-block-right__container\">\n<div class=\"gb-container gb-container-836548f9 img-block-right__sub-container\">\n<div class=\"gb-container gb-container-4ccd2a2c img-block-right__image-wrapper\">\n<div class=\"gb-container gb-container-b4ae217c img-block-right__image-container\">\n<div class=\"gb-container gb-container-7844d655 img-block-right__image-content box-shadow--rounded--secondary\">\n\n<figure class=\"gb-block-image gb-block-image-5e078d94\"><img loading=\"lazy\" decoding=\"async\" width=\"2048\" height=\"1395\" class=\"gb-image gb-image-5e078d94 img-block-right__image\" src=\"https:\/\/ratp-connect.nexton-customers.com\/wp-content\/uploads\/2024\/06\/Entreprise_Service_Numerique-scaled.jpg\" alt=\"\" title=\"Entreprise_Service_Numerique\" srcset=\"https:\/\/ratp-connect.nexton-customers.com\/wp-content\/uploads\/2024\/06\/Entreprise_Service_Numerique-scaled.jpg 2048w, https:\/\/ratp-connect.nexton-customers.com\/wp-content\/uploads\/2024\/06\/Entreprise_Service_Numerique-300x204.jpg 300w, https:\/\/ratp-connect.nexton-customers.com\/wp-content\/uploads\/2024\/06\/Entreprise_Service_Numerique-1024x698.jpg 1024w, https:\/\/ratp-connect.nexton-customers.com\/wp-content\/uploads\/2024\/06\/Entreprise_Service_Numerique-768x523.jpg 768w, https:\/\/ratp-connect.nexton-customers.com\/wp-content\/uploads\/2024\/06\/Entreprise_Service_Numerique-1536x1046.jpg 1536w\" sizes=\"auto, (max-width: 2048px) 100vw, 2048px\" \/><\/figure>\n\n<\/div>\n<\/div>\n<\/div>\n\n<div class=\"gb-container gb-container-13011404 img-block-right__content border-line-full-page--right--primary\">\n<div class=\"gb-container gb-container-6513a29d img-block-right__header\">\n<div class=\"gb-container gb-container-4cedf3e1 img-block-right__header-content\">\n\n<h2 class=\"wp-block-heading img-block-right__title mb-0\"><strong><strong><strong>L&rsquo;acc\u00e9l\u00e9ration de la transformation digitale<\/strong><\/strong><\/strong><\/h2>\n\n\n<div class=\"gb-container gb-container-a4a45e5c img-block-right__text-container\">\n\n<h3 class=\"wp-block-heading block-text-right__subtitle mb-0\"><strong>Une grande adaptabilit\u00e9<\/strong><\/h3>\n\n\n\n<p class=\"img-block-right__text\">L&rsquo;\u00e9volution constante des attentes de vos clients n\u00e9cessite des solutions de connectivit\u00e9 qui s&rsquo;adaptent rapidement \u00e0 leurs nouvelles demandes. La <a class=\"color-bleu-institutionnel\" href=\"https:\/\/ratp-connect.nexton-customers.com\/nos-solutions\/fibre-noire\/\">fibre optique noire<\/a> de RATP Connect offre cette flexibilit\u00e9 essentielle, permettant \u00e0 votre entreprise d&rsquo;\u00e9voluer sans contraintes et de g\u00e9rer efficacement les diverses technologies et volumes de donn\u00e9es.<\/p>\n\n<\/div>\n\n<div class=\"gb-container gb-container-6cd0bd1e img-block-right__text-container\">\n\n<h3 class=\"wp-block-heading block-text-right__subtitle mb-0\"><strong>Excellence op\u00e9rationnelle et protection de donn\u00e9es<\/strong><\/h3>\n\n\n\n<p class=\"img-block-right__text\">Notre r\u00e9seau de <a class=\"color-bleu-institutionnel\" href=\"https:\/\/ratp-connect.nexton-customers.com\/nos-solutions\/fibre-noire\/\">fibre optique noire<\/a> garantit un d\u00e9bit tr\u00e8s \u00e9lev\u00e9 et une capacit\u00e9 de bande passante exceptionnelle. Il assure \u00e9galement une fiabilit\u00e9 et une s\u00e9curit\u00e9 sans faille. Avec une infrastructure robuste et un maintien continu du service, RATP Connect est le partenaire id\u00e9al pour toute entreprise exigeant de hautes performances num\u00e9riques et une s\u00e9curit\u00e9 tr\u00e8s renforc\u00e9e.<\/p>\n\n<\/div>\n\n<div class=\"gb-container gb-container-fc8aa65d img-block-right__text-container\">\n\n<h3 class=\"wp-block-heading block-text-right__subtitle mb-0\">Accessibilit\u00e9, durabilit\u00e9 et assistance d\u00e9di\u00e9e<\/h3>\n\n\n\n<p class=\"img-block-right__text\">Optez pour une solution THD tr\u00e8s \u00e9conomique. Notre approche environnementale diminue notre empreinte carbone tout en offrant une connectivit\u00e9 de proximit\u00e9 gr\u00e2ce \u00e0 l&rsquo;excellence de notre r\u00e9seau francilien. Disponibles 24\/7, nos services apr\u00e8s-vente garantissent une assistance rapide et comp\u00e9tente.<\/p>\n\n<\/div>\n<\/div>\n<\/div>\n<\/div>\n<\/div>\n<\/div>\n\n<div class=\"gb-container gb-container-b6e14c16 illu-background-container\">\n<div class=\"gb-container gb-container-c4218dca illu-background-topcover\"><\/div>\n\n\n<figure class=\"wp-block-image size-full illustration-background-circle\"><img decoding=\"async\" src=\"https:\/\/ratp-connect.nexton-customers.com\/wp-content\/uploads\/2023\/12\/Forme_BG_Cercle_Right.svg\" alt=\"\" class=\"wp-image-3860\"\/><\/figure>\n\n\n\n<figure class=\"wp-block-image size-full illustration-background-circle--opposite\"><img decoding=\"async\" src=\"https:\/\/ratp-connect.nexton-customers.com\/wp-content\/uploads\/2024\/03\/Forme_BG_Cercle_Left.svg\" alt=\"\" class=\"wp-image-5460\"\/><\/figure>\n\n<\/div>","protected":false},"excerpt":{"rendered":"<p>Notre offre de fibre optique noire pour les entreprises de service du num\u00e9rique Optimisez votre infrastructure num\u00e9rique Acc\u00e9l\u00e9rez votre transformation digitale avec RATP Connect, le leader de la fibre optique en \u00cele-de-France. Notre offre sur mesure pour les int\u00e9grateurs de solutions et prestataires de services assure une int\u00e9gration fluide, une s\u00e9curit\u00e9 renforc\u00e9e et une adaptabilit\u00e9 &#8230; <a title=\"Entreprises de services du num\u00e9rique\" class=\"read-more\" href=\"https:\/\/ratp-connect.nexton-customers.com\/fr\/entreprises-de-services-du-numerique\/\" aria-label=\"En savoir plus sur Entreprises de services du num\u00e9rique\">Lire plus<\/a><\/p>\n","protected":false},"author":7,"featured_media":0,"parent":0,"menu_order":0,"comment_status":"closed","ping_status":"closed","template":"","meta":{"footnotes":""},"class_list":["post-6479","page","type-page","status-publish"],"yoast_head":"<!-- This site is optimized with the Yoast SEO plugin v27.3 - https:\/\/yoast.com\/product\/yoast-seo-wordpress\/ -->\n<title>Entreprises de services du num\u00e9rique - RATP Connect<\/title>\n<meta name=\"robots\" content=\"noindex, follow, max-snippet:-1, max-image-preview:large, max-video-preview:-1\" \/>\n<meta property=\"og:locale\" content=\"fr_FR\" \/>\n<meta property=\"og:type\" content=\"article\" \/>\n<meta property=\"og:title\" content=\"Entreprises de services du num\u00e9rique - RATP Connect\" \/>\n<meta property=\"og:description\" content=\"Notre offre de fibre optique noire pour les entreprises de service du num\u00e9rique Optimisez votre infrastructure num\u00e9rique Acc\u00e9l\u00e9rez votre transformation digitale avec RATP Connect, le leader de la fibre optique en \u00cele-de-France. Notre offre sur mesure pour les int\u00e9grateurs de solutions et prestataires de services assure une int\u00e9gration fluide, une s\u00e9curit\u00e9 renforc\u00e9e et une adaptabilit\u00e9 ... Lire plus\" \/>\n<meta property=\"og:url\" content=\"https:\/\/ratp-connect.nexton-customers.com\/fr\/entreprises-de-services-du-numerique\/\" \/>\n<meta property=\"og:site_name\" content=\"RATP Connect\" \/>\n<meta property=\"article:modified_time\" content=\"2025-02-19T16:23:33+00:00\" \/>\n<meta property=\"og:image\" content=\"https:\/\/ratp-connect.nexton-customers.com\/wp-content\/uploads\/2024\/06\/Entreprise_Service_Numerique-scaled.jpg\" \/>\n<meta name=\"twitter:card\" content=\"summary_large_image\" \/>\n<script type=\"application\/ld+json\" class=\"yoast-schema-graph\">{\"@context\":\"https:\\\/\\\/schema.org\",\"@graph\":[{\"@type\":\"WebPage\",\"@id\":\"https:\\\/\\\/ratp-connect.nexton-customers.com\\\/entreprises-de-services-du-numerique\\\/\",\"url\":\"https:\\\/\\\/ratp-connect.nexton-customers.com\\\/entreprises-de-services-du-numerique\\\/\",\"name\":\"Entreprises de services du num\u00e9rique - RATP Connect\",\"isPartOf\":{\"@id\":\"https:\\\/\\\/ratp-connect.nexton-customers.com\\\/#website\"},\"primaryImageOfPage\":{\"@id\":\"https:\\\/\\\/ratp-connect.nexton-customers.com\\\/entreprises-de-services-du-numerique\\\/#primaryimage\"},\"image\":{\"@id\":\"https:\\\/\\\/ratp-connect.nexton-customers.com\\\/entreprises-de-services-du-numerique\\\/#primaryimage\"},\"thumbnailUrl\":\"https:\\\/\\\/ratp-connect.nexton-customers.com\\\/wp-content\\\/uploads\\\/2024\\\/06\\\/Entreprise_Service_Numerique-scaled.jpg\",\"datePublished\":\"2024-05-31T14:30:57+00:00\",\"dateModified\":\"2025-02-19T16:23:33+00:00\",\"breadcrumb\":{\"@id\":\"https:\\\/\\\/ratp-connect.nexton-customers.com\\\/entreprises-de-services-du-numerique\\\/#breadcrumb\"},\"inLanguage\":\"fr-FR\",\"potentialAction\":[{\"@type\":\"ReadAction\",\"target\":[\"https:\\\/\\\/ratp-connect.nexton-customers.com\\\/entreprises-de-services-du-numerique\\\/\"]}]},{\"@type\":\"ImageObject\",\"inLanguage\":\"fr-FR\",\"@id\":\"https:\\\/\\\/ratp-connect.nexton-customers.com\\\/entreprises-de-services-du-numerique\\\/#primaryimage\",\"url\":\"https:\\\/\\\/ratp-connect.nexton-customers.com\\\/wp-content\\\/uploads\\\/2024\\\/06\\\/Entreprise_Service_Numerique-scaled.jpg\",\"contentUrl\":\"https:\\\/\\\/ratp-connect.nexton-customers.com\\\/wp-content\\\/uploads\\\/2024\\\/06\\\/Entreprise_Service_Numerique-scaled.jpg\"},{\"@type\":\"BreadcrumbList\",\"@id\":\"https:\\\/\\\/ratp-connect.nexton-customers.com\\\/entreprises-de-services-du-numerique\\\/#breadcrumb\",\"itemListElement\":[{\"@type\":\"ListItem\",\"position\":1,\"name\":\"Accueil\",\"item\":\"https:\\\/\\\/ratp-connect.nexton-customers.com\\\/\"},{\"@type\":\"ListItem\",\"position\":2,\"name\":\"Entreprises de services du num\u00e9rique\"}]},{\"@type\":\"WebSite\",\"@id\":\"https:\\\/\\\/ratp-connect.nexton-customers.com\\\/#website\",\"url\":\"https:\\\/\\\/ratp-connect.nexton-customers.com\\\/\",\"name\":\"RATP Cap \u00cele-de-France\",\"description\":\"\",\"publisher\":{\"@id\":\"https:\\\/\\\/ratp-connect.nexton-customers.com\\\/#organization\"},\"potentialAction\":[{\"@type\":\"SearchAction\",\"target\":{\"@type\":\"EntryPoint\",\"urlTemplate\":\"https:\\\/\\\/ratp-connect.nexton-customers.com\\\/?s={search_term_string}\"},\"query-input\":{\"@type\":\"PropertyValueSpecification\",\"valueRequired\":true,\"valueName\":\"search_term_string\"}}],\"inLanguage\":\"fr-FR\"},{\"@type\":\"Organization\",\"@id\":\"https:\\\/\\\/ratp-connect.nexton-customers.com\\\/#organization\",\"name\":\"RATP Cap \u00cele-de-France\",\"url\":\"https:\\\/\\\/ratp-connect.nexton-customers.com\\\/\",\"logo\":{\"@type\":\"ImageObject\",\"inLanguage\":\"fr-FR\",\"@id\":\"https:\\\/\\\/ratp-connect.nexton-customers.com\\\/#\\\/schema\\\/logo\\\/image\\\/\",\"url\":\"https:\\\/\\\/ratp-connect.nexton-customers.com\\\/wp-content\\\/uploads\\\/2024\\\/10\\\/LogosConnect.svg\",\"contentUrl\":\"https:\\\/\\\/ratp-connect.nexton-customers.com\\\/wp-content\\\/uploads\\\/2024\\\/10\\\/LogosConnect.svg\",\"caption\":\"RATP Cap \u00cele-de-France\"},\"image\":{\"@id\":\"https:\\\/\\\/ratp-connect.nexton-customers.com\\\/#\\\/schema\\\/logo\\\/image\\\/\"}}]}<\/script>\n<!-- \/ Yoast SEO plugin. -->","yoast_head_json":{"title":"Entreprises de services du num\u00e9rique - RATP Connect","robots":{"index":"noindex","follow":"follow","max-snippet":"max-snippet:-1","max-image-preview":"max-image-preview:large","max-video-preview":"max-video-preview:-1"},"og_locale":"fr_FR","og_type":"article","og_title":"Entreprises de services du num\u00e9rique - RATP Connect","og_description":"Notre offre de fibre optique noire pour les entreprises de service du num\u00e9rique Optimisez votre infrastructure num\u00e9rique Acc\u00e9l\u00e9rez votre transformation digitale avec RATP Connect, le leader de la fibre optique en \u00cele-de-France. Notre offre sur mesure pour les int\u00e9grateurs de solutions et prestataires de services assure une int\u00e9gration fluide, une s\u00e9curit\u00e9 renforc\u00e9e et une adaptabilit\u00e9 ... Lire plus","og_url":"https:\/\/ratp-connect.nexton-customers.com\/fr\/entreprises-de-services-du-numerique\/","og_site_name":"RATP Connect","article_modified_time":"2025-02-19T16:23:33+00:00","og_image":[{"url":"https:\/\/ratp-connect.nexton-customers.com\/wp-content\/uploads\/2024\/06\/Entreprise_Service_Numerique-scaled.jpg","type":"","width":"","height":""}],"twitter_card":"summary_large_image","schema":{"@context":"https:\/\/schema.org","@graph":[{"@type":"WebPage","@id":"https:\/\/ratp-connect.nexton-customers.com\/entreprises-de-services-du-numerique\/","url":"https:\/\/ratp-connect.nexton-customers.com\/entreprises-de-services-du-numerique\/","name":"Entreprises de services du num\u00e9rique - RATP Connect","isPartOf":{"@id":"https:\/\/ratp-connect.nexton-customers.com\/#website"},"primaryImageOfPage":{"@id":"https:\/\/ratp-connect.nexton-customers.com\/entreprises-de-services-du-numerique\/#primaryimage"},"image":{"@id":"https:\/\/ratp-connect.nexton-customers.com\/entreprises-de-services-du-numerique\/#primaryimage"},"thumbnailUrl":"https:\/\/ratp-connect.nexton-customers.com\/wp-content\/uploads\/2024\/06\/Entreprise_Service_Numerique-scaled.jpg","datePublished":"2024-05-31T14:30:57+00:00","dateModified":"2025-02-19T16:23:33+00:00","breadcrumb":{"@id":"https:\/\/ratp-connect.nexton-customers.com\/entreprises-de-services-du-numerique\/#breadcrumb"},"inLanguage":"fr-FR","potentialAction":[{"@type":"ReadAction","target":["https:\/\/ratp-connect.nexton-customers.com\/entreprises-de-services-du-numerique\/"]}]},{"@type":"ImageObject","inLanguage":"fr-FR","@id":"https:\/\/ratp-connect.nexton-customers.com\/entreprises-de-services-du-numerique\/#primaryimage","url":"https:\/\/ratp-connect.nexton-customers.com\/wp-content\/uploads\/2024\/06\/Entreprise_Service_Numerique-scaled.jpg","contentUrl":"https:\/\/ratp-connect.nexton-customers.com\/wp-content\/uploads\/2024\/06\/Entreprise_Service_Numerique-scaled.jpg"},{"@type":"BreadcrumbList","@id":"https:\/\/ratp-connect.nexton-customers.com\/entreprises-de-services-du-numerique\/#breadcrumb","itemListElement":[{"@type":"ListItem","position":1,"name":"Accueil","item":"https:\/\/ratp-connect.nexton-customers.com\/"},{"@type":"ListItem","position":2,"name":"Entreprises de services du num\u00e9rique"}]},{"@type":"WebSite","@id":"https:\/\/ratp-connect.nexton-customers.com\/#website","url":"https:\/\/ratp-connect.nexton-customers.com\/","name":"RATP Cap \u00cele-de-France","description":"","publisher":{"@id":"https:\/\/ratp-connect.nexton-customers.com\/#organization"},"potentialAction":[{"@type":"SearchAction","target":{"@type":"EntryPoint","urlTemplate":"https:\/\/ratp-connect.nexton-customers.com\/?s={search_term_string}"},"query-input":{"@type":"PropertyValueSpecification","valueRequired":true,"valueName":"search_term_string"}}],"inLanguage":"fr-FR"},{"@type":"Organization","@id":"https:\/\/ratp-connect.nexton-customers.com\/#organization","name":"RATP Cap \u00cele-de-France","url":"https:\/\/ratp-connect.nexton-customers.com\/","logo":{"@type":"ImageObject","inLanguage":"fr-FR","@id":"https:\/\/ratp-connect.nexton-customers.com\/#\/schema\/logo\/image\/","url":"https:\/\/ratp-connect.nexton-customers.com\/wp-content\/uploads\/2024\/10\/LogosConnect.svg","contentUrl":"https:\/\/ratp-connect.nexton-customers.com\/wp-content\/uploads\/2024\/10\/LogosConnect.svg","caption":"RATP Cap \u00cele-de-France"},"image":{"@id":"https:\/\/ratp-connect.nexton-customers.com\/#\/schema\/logo\/image\/"}}]}},"_links":{"self":[{"href":"https:\/\/ratp-connect.nexton-customers.com\/fr\/wp-json\/wp\/v2\/pages\/6479","targetHints":{"allow":["GET"]}}],"collection":[{"href":"https:\/\/ratp-connect.nexton-customers.com\/fr\/wp-json\/wp\/v2\/pages"}],"about":[{"href":"https:\/\/ratp-connect.nexton-customers.com\/fr\/wp-json\/wp\/v2\/types\/page"}],"author":[{"embeddable":true,"href":"https:\/\/ratp-connect.nexton-customers.com\/fr\/wp-json\/wp\/v2\/users\/7"}],"replies":[{"embeddable":true,"href":"https:\/\/ratp-connect.nexton-customers.com\/fr\/wp-json\/wp\/v2\/comments?post=6479"}],"version-history":[{"count":21,"href":"https:\/\/ratp-connect.nexton-customers.com\/fr\/wp-json\/wp\/v2\/pages\/6479\/revisions"}],"predecessor-version":[{"id":7322,"href":"https:\/\/ratp-connect.nexton-customers.com\/fr\/wp-json\/wp\/v2\/pages\/6479\/revisions\/7322"}],"wp:attachment":[{"href":"https:\/\/ratp-connect.nexton-customers.com\/fr\/wp-json\/wp\/v2\/media?parent=6479"}],"curies":[{"name":"wp","href":"https:\/\/api.w.org\/{rel}","templated":true}]}}