{"id":451,"date":"2023-10-26T16:41:35","date_gmt":"2023-10-26T14:41:35","guid":{"rendered":"https:\/\/ratp-connect.nexton-customers.com\/?page_id=451"},"modified":"2025-05-20T10:52:11","modified_gmt":"2025-05-20T08:52:11","slug":"mentions-legales","status":"publish","type":"page","link":"https:\/\/ratp-connect.nexton-customers.com\/fr\/mentions-legales\/","title":{"rendered":"Mentions l\u00e9gales"},"content":{"rendered":"<div class=\"gb-container gb-container-7c94cdc1 page-title\">\n\n<h1 class=\"wp-block-heading page-title__heading\">Mentions l\u00e9gales<\/h1>\n\n<\/div>\n\n<div class=\"breadcrumbs align  wp-block-bcn-breadcrumb-trail has-text-color has-background\" vocab=\"https:\/\/schema.org\/\" typeof=\"BreadcrumbList\">\n\t<span><\/span>\n\t<span property=\"itemListElement\" typeof=\"ListItem\"><a property=\"item\" typeof=\"WebPage\" href=\"https:\/\/ratp-connect.nexton-customers.com\/fr\/\" class=\"home\" aria-current=\"page\"><span property=\"name\">Accueil<\/span><\/a><meta property=\"position\" content=\"1\"><\/span><\/div>\n\n\n<div class=\"gb-container gb-container-13011404 block-text-right\">\n<div class=\"gb-container gb-container-783e030b block-text-right__container bg-base-3\">\n<div class=\"gb-container gb-container-6513a29d block-text-right__content\">\n<div class=\"gb-container gb-container-4cedf3e1 block-text-right__section\">\n\n<p class=\"block-text-right__description\">Directeur de la publication :&nbsp;Bertrand Lenoir, Directeur G\u00e9n\u00e9ral<\/p>\n\n\n\n<p class=\"block-text-right__description\">Propri\u00e9taire\u00a0: \u00a0\u2028<br>RATP Connect\u2028<br>Soci\u00e9t\u00e9 par actions simplifi\u00e9e\u2028<br>RCS Paris 411\u00a0759 962<br>54 Quai de la Rap\u00e9e, 75012 Paris<br>TVA intracommunautaire n\u00b0 FR 30411759962<br>01 58 76 19 84<\/p>\n\n\n\n<p class=\"block-text-right__description\">Le site est h\u00e9berg\u00e9 par :<br>Microsoft Azure<br>Adresse : 39 quai du Pr\u00e9sident Roosevelt, 92130 Issy les Moulineaux \u2013 France (Si\u00e8ge social)<br>Capital social : 4.240.000 \u20ac<br>RCS NANTERRE 327733184<\/p>\n\n\n\n<p class=\"block-text-right__description\">Le site a pour objet de fournir une information et une aide concernant les activit\u00e9s, les services et les expertises de la filiale RATP Connect (ci-apr\u00e8s \u00ab&nbsp;RATP Connect&nbsp;\u00bb).<\/p>\n\n<\/div>\n<\/div>\n<\/div>\n<\/div>\n\n<div class=\"gb-container gb-container-951e5c43 block-text-left border-line-full-page--left--bleu-institutionnel\">\n<div class=\"gb-container gb-container-8e4e80f3 block-text-left__container bg-base-3\">\n<div class=\"gb-container gb-container-228eb17b block-text-left__content\">\n<div class=\"gb-container gb-container-b71b6756 block-text-left__section\">\n<div class=\"gb-container gb-container-80687d54 block-text-left__subsection\">\n\n<h2 class=\"wp-block-heading block-text-left__title\">01. Donn\u00e9s \u00e0 caract\u00e8re personnel<\/h2>\n\n\n<div class=\"gb-container gb-container-d404104e\">\n\n<p class=\"block-text-left__description\">Les donn\u00e9es recueillies ou trait\u00e9es \u00e0 l\u2019occasion de votre navigation sur le pr\u00e9sent site (ci-apr\u00e8s, le \u00ab Site \u00bb) sont destin\u00e9es \u00e0 RATP&nbsp; Connect, ses sous-traitants, afin d\u2019am\u00e9liorer les services offerts sur le Site, de faciliter votre navigation sur le Site, sous r\u00e9serve d\u2019acceptation de votre part.<\/p>\n\n\n\n<p class=\"block-text-left__description\">En savoir plus sur la <a href=\"https:\/\/ratp-connect.nexton-customers.com\/politique-de-confidentialite\/\"><strong>Politique des Donn\u00e9es Personnelles et Cookies<\/strong><\/a>.<\/p>\n\n<\/div>\n<\/div>\n\n<div class=\"gb-container gb-container-80a8bc61 block-text-left__subsection\">\n\n<h2 class=\"wp-block-heading block-text-left__title\">02. Cookies<\/h2>\n\n\n<div class=\"gb-container gb-container-c3a20835\">\n\n<p class=\"block-text-left__description\">Lors de l\u2019utilisation du Site, des informations relatives \u00e0 la navigation de votre terminal (ordinateur, tablette, smartphones, etc.) (ci-apr\u00e8s, le \u00ab Terminal \u00bb) sont susceptibles d\u2019\u00eatre enregistr\u00e9es ou acc\u00e9d\u00e9es dans des fichiers \u00ab cookies \u00bb install\u00e9s sur votre Terminal, sous r\u00e9serve des choix que vous aurez exprim\u00e9s concernant les cookies et que vous pourrez modifier \u00e0 tout moment.<\/p>\n\n\n\n<p class=\"block-text-left__description\">En savoir plus sur la <a href=\"https:\/\/ratp-connect.nexton-customers.com\/politique-de-confidentialite\/\"><strong>Politique des Donn\u00e9es Personnelles et Cookies<\/strong><\/a>.<\/p>\n\n<\/div>\n<\/div>\n\n<div class=\"gb-container gb-container-a51bffc1 block-text-left__subsection\">\n\n<h2 class=\"wp-block-heading block-text-left__title\">03. Propri\u00e9t\u00e9 intellectuelle<\/h2>\n\n\n<div class=\"gb-container gb-container-b578d597\">\n\n<p class=\"block-text-left__description\">L\u2019int\u00e9gralit\u00e9 du Site est prot\u00e9g\u00e9e par les l\u00e9gislations fran\u00e7aises et internationales relatives \u00e0 la propri\u00e9t\u00e9 intellectuelle. Tous les droits de reproduction sont r\u00e9serv\u00e9s, y compris pour les documents t\u00e9l\u00e9chargeables. L\u2019ensemble des textes, graphismes, ic\u00f4nes, photographies, plans, logos, vid\u00e9os, sons, marques (.) et plus g\u00e9n\u00e9ralement l\u2019ensemble des \u00e9l\u00e9ments composant le Site et le site lui-m\u00eame ne peuvent, conform\u00e9ment \u00e0 l\u2019article L122-4 du code de la propri\u00e9t\u00e9 intellectuelle, faire l\u2019objet d\u2019une quelconque repr\u00e9sentation ou reproduction, int\u00e9grale ou partielle, sur quelque support que ce soit, sans l\u2019autorisation expresse et pr\u00e9alable de RATP Connect ou des titulaires des droits, notamment pour les contenus des tiers.<\/p>\n\n\n\n<p class=\"block-text-left__description\">Le non-respect de cette interdiction constitue un acte de contrefa\u00e7on pouvant engager la responsabilit\u00e9 civile et\/ou p\u00e9nale de son auteur. RATP Connect se r\u00e9serve le droit d\u2019engager des poursuites judiciaires \u00e0 l\u2019encontre de toute personne qui n\u2019aurait pas respect\u00e9 cette interdiction.<\/p>\n\n\n\n<p class=\"block-text-left__description\">De m\u00eame, il est strictement interdit d\u2019utiliser ou de reproduire le nom \u00ab&nbsp;RATP Connect&nbsp;\u00bb &nbsp;et\/ou ses marques et logotypes, seul.e.s ou associ\u00e9.e.s, \u00e0 quelque titre que ce soit et sur quelque support que ce soit sans l\u2019accord pr\u00e9alable et \u00e9crit de RATP Connect.<\/p>\n\n<\/div>\n<\/div>\n\n<div class=\"gb-container gb-container-8f75304a block-text-left__subsection\">\n\n<h2 class=\"wp-block-heading block-text-left__title\">04. Responsabilit\u00e9 de RATP Connect<\/h2>\n\n\n<div class=\"gb-container gb-container-f53ef161\">\n\n<p class=\"block-text-left__description\">Nous nous effor\u00e7ons de diffuser sur le Site des informations pr\u00e9cises, exactes et \u00e0 jour.<\/p>\n\n\n\n<p class=\"block-text-left__description\">N\u00e9anmoins, nous ne pouvons garantir une fiabilit\u00e9 totale. En particulier, les informations peuvent \u00eatre modifi\u00e9es ou mises \u00e0 jour \u00e0 tout moment sans pr\u00e9avis.<\/p>\n\n\n\n<p class=\"block-text-left__description\">L\u2019utilisateur est invit\u00e9 \u00e0 signaler toute information qui lui para\u00eetrait inexacte et, le cas \u00e9ch\u00e9ant, \u00e0 proposer toute am\u00e9lioration qui lui para\u00eetrait utile.La responsabilit\u00e9 de RATP Connect ne saurait \u00eatre engag\u00e9e pour :<\/p>\n\n\n\n<ul class=\"wp-block-list block__list\">\n<li class=\"arrow-icon--primary block__list-item\">les dommages de toute nature, directs ou indirects, r\u00e9sultant de l\u2019utilisation du Site et notamment toute perte d\u2019exploitation, perte financi\u00e8re ou commerciale, perte de programmes et\/ou de donn\u00e9es en particulier dans le syst\u00e8me d\u2019information de l\u2019utilisateur du Site,<\/li>\n\n\n\n<li class=\"arrow-icon--primary block__list-item\">les dommages de toute nature, directs ou indirects, r\u00e9sultant du contenu notamment des tiers et\/ou de l\u2019utilisation des sites Internet li\u00e9s au Site ou auxquels les utilisateurs pourraient avoir acc\u00e8s via le Site,<\/li>\n\n\n\n<li class=\"arrow-icon--primary block__list-item\">l\u2019impossibilit\u00e9 d\u2019acc\u00e9der au site https:\/\/ratpconnect.com et\/ou \u00e0 l\u2019un des sites Internet lui \u00e9tant li\u00e9,<\/li>\n\n\n\n<li class=\"arrow-icon--primary block__list-item\">les omissions et\/ou erreurs que pourrait contenir le site https:\/\/ratpconnect.com<\/li>\n<\/ul>\n\n\n\n<p class=\"block-text-left__description\">Les autres sites ou applications \u00e9dit\u00e9s par RATP Connect sont r\u00e9gis par leurs propres mentions l\u00e9gales et conditions d\u2019utilisation<\/p>\n\n<\/div>\n<\/div>\n\n<div class=\"gb-container gb-container-7d91d050 block-text-left__subsection\">\n\n<h2 class=\"wp-block-heading block-text-left__title\">05. Utilisateurs<\/h2>\n\n\n<div class=\"gb-container gb-container-f39f34f3\">\n\n<p class=\"block-text-left__description\">L\u2019utilisateur du pr\u00e9sent site est responsable des dommages de toute nature, mat\u00e9riels ou immat\u00e9riels, directs ou indirects, caus\u00e9s \u00e0 tout tiers, y compris \u00e0 RATP Connect, du fait de l\u2019utilisation ou de l\u2019exploitation illicite du Site lui-m\u00eame et\/ou de l\u2019un de ses \u00e9l\u00e9ments, quels que soient la cause et le lieu de survenance de ces dommages, et garantit RATP Connect des cons\u00e9quences des r\u00e9clamations ou actions dont elle pourrait, de ce fait, faire l\u2019objet.<\/p>\n\n\n\n<p class=\"block-text-left__description\">L\u2019utilisateur du Site renonce \u00e0 exercer tout recourt contre RATP Connect dans le cas de poursuites diligent\u00e9es par un tiers \u00e0 son encontre du fait de l\u2019utilisation et\/ou de l\u2019exploitation illicite du Site.<\/p>\n\n<\/div>\n<\/div>\n\n<div class=\"gb-container gb-container-a87efc9d block-text-left__subsection\">\n\n<h2 class=\"wp-block-heading block-text-left__title\">06. Reproduction de contenus<\/h2>\n\n\n<div class=\"gb-container gb-container-49b142b3\">\n\n<p class=\"block-text-left__description\">Les utilisateurs du Site ne peuvent reproduire de contenus (textes, photos, vid\u00e9os, sons, animations, etc.), donn\u00e9es ou extraits de bases de donn\u00e9es ou tous \u00e9l\u00e9ments logiciels qui le composent ou y sont accessibles, sans l\u2019autorisation expresse et pr\u00e9alable de RATP Connect.<br>Aussi, pour toute demande de reproduction d\u2019\u00e9l\u00e9ments contenus dans le Site, merci de nous adresser un message le formulaire de contact du Site.<\/p>\n\n\n\n<p class=\"block-text-left__description\">Vous pouvez trouver sur le site&nbsp;<a href=\"https:\/\/data.ratp.fr\/explore\/\"><strong>data.ratp.fr<\/strong><\/a>&nbsp;les contenus t\u00e9l\u00e9chargeables en open data dont l\u2019utilisation est soumise aux conditions mentionn\u00e9es.<\/p>\n\n<\/div>\n<\/div>\n\n<div class=\"gb-container gb-container-abd316b9 block-text-left__subsection\">\n\n<h2 class=\"wp-block-heading block-text-left__title\">07. Loi applicable<\/h2>\n\n\n\n<p class=\"block-text-left__description\">Les pr\u00e9sentes Mentions L\u00e9gales et toutes cons\u00e9quences de l\u2019utilisation du Site ou de sa disponibilit\u00e9 ou de son indisponibilit\u00e9 sont r\u00e9gies par la loi fran\u00e7aise.<\/p>\n\n<\/div>\n\n<div class=\"gb-container gb-container-b9fb35e0 block-text-left__subsection\">\n\n<h2 class=\"wp-block-heading block-text-left__title\">08. Cr\u00e9dits<\/h2>\n\n\n\n<p class=\"block-text-left__description\">Animation \u00e9ditoriale du site : 6, avenue Montaigne 93160 Noisy-le-Grand<\/p>\n\n<\/div>\n\n<div class=\"gb-container gb-container-cbd01a9d block-text-left__subsection\">\n\n<h2 class=\"wp-block-heading block-text-left__title\">09. Cr\u00e9dits photos<\/h2>\n\n\n<div class=\"gb-container gb-container-bc2a270c\">\n\n<p class=\"block-text-left__description\">Agence audiovisuelle RATP<br>54, quai de la Rap\u00e9e<br>75599 PARIS CEDEX 12<\/p>\n\n\n\n<p class=\"block-text-left__description\">(Gilles Aligon, Charles Ardaillon, Jean-Marie Carrier, Bertrand Chabrol, Noam Cilirie, G\u00e9rard Dumax, Didier Dupuy, Gilbert Gaillard, Didier Jackson, Bruno Marguerite, Jean-Fran\u00e7ois Mauboussin, Ren\u00e9 Minoli, Ren\u00e9 Roy, Denis Sutton, Jo\u00ebl Thibault, Eric Touz\u00e9, Hamdi Chref, Xavier Chibout)<\/p>\n\n<\/div>\n<\/div>\n\n<div class=\"gb-container gb-container-200c3b9f block-text-left__subsection\">\n\n<h2 class=\"wp-block-heading block-text-left__title\">10. Conception et cr\u00e9ation graphique du Site<\/h2>\n\n\n\n<p class=\"block-text-left__description\">Nexton Consulting<br>5-7, rue St Fiacre<br>75 002 \u2013 Paris, France<br>T\u00e9l. : 01 81 69 73 90<\/p>\n\n<\/div>\n\n<div class=\"gb-container gb-container-d0fdf180 block-text-left__subsection\">\n\n<h2 class=\"wp-block-heading block-text-left__title\">11. D\u00e9veloppement et int\u00e9gration du site<\/h2>\n\n\n<div class=\"gb-container gb-container-c80dee29\">\n\n<p class=\"block-text-left__description\">Nexton Consulting<br>5-7, rue St Fiacre<br>75 002 \u2013 Paris, France<br>T\u00e9l. : 01 81 69 73 90<\/p>\n\n<\/div>\n<\/div>\n\n<div class=\"gb-container gb-container-348d2cb8 block-text-left__subsection\">\n\n<h2 class=\"wp-block-heading block-text-left__title\">12. Accompagnement SEO (r\u00e9f\u00e9rencement) du Site<\/h2>\n\n\n<div class=\"gb-container gb-container-164a9600\">\n\n<p class=\"block-text-left__description\">Agence Hyffen<br>8, rue d\u2019Ath\u00e8nes<br>75009 Paris<br><a href=\"https:\/\/www.hyffen.com\/\" target=\"_blank\" rel=\"noreferrer noopener\">https:\/\/www.hyffen.com\/<\/a><\/p>\n\n<\/div>\n<\/div>\n\n<div class=\"gb-container gb-container-dbfd85a5 block-text-left__subsection\">\n\n<h2 class=\"wp-block-heading block-text-left__title\">13. Accompagnement de l\u2019accessibilit\u00e9<\/h2>\n\n\n<div class=\"gb-container gb-container-dc5de4a4\">\n\n<p class=\"block-text-left__description\">Agence Id\u00e9ance<br>23 rue des Sources<br>76160 Saint-L\u00e9ger-du-Bourg-Denis<br><a href=\"https:\/\/ideance.net\/\">https:\/\/ideance.net\/<\/a><\/p>\n\n\n\n<p class=\"block-text-left__description\"><br>\u00a9RATP Connect<\/p>\n\n<\/div>\n<\/div>\n<\/div>\n<\/div>\n<\/div>\n<\/div>\n\n<div class=\"gb-container gb-container-77b4fe1d illu-background-container\">\n<div class=\"gb-container gb-container-57eebfe8 illu-background-topcover\"><\/div>\n\n\n<figure class=\"wp-block-image size-full illustration-background-circle\"><img decoding=\"async\" src=\"https:\/\/ratp-connect.nexton-customers.com\/wp-content\/uploads\/2023\/12\/Forme_BG_Cercle_Right.svg\" alt=\"\" class=\"wp-image-3860\"\/><\/figure>\n\n\n\n<figure class=\"wp-block-image size-full illustration-background-circle--opposite\"><img decoding=\"async\" src=\"https:\/\/ratp-connect.nexton-customers.com\/wp-content\/uploads\/2024\/03\/Forme_BG_Cercle_Left.svg\" alt=\"\" class=\"wp-image-5460\"\/><\/figure>\n\n<\/div>","protected":false},"excerpt":{"rendered":"<p>Mentions l\u00e9gales Directeur de la publication :&nbsp;Bertrand Lenoir, Directeur G\u00e9n\u00e9ral Propri\u00e9taire\u00a0: \u00a0\u2028RATP Connect\u2028Soci\u00e9t\u00e9 par actions simplifi\u00e9e\u2028RCS Paris 411\u00a0759 96254 Quai de la Rap\u00e9e, 75012 ParisTVA intracommunautaire n\u00b0 FR 3041175996201 58 76 19 84 Le site est h\u00e9berg\u00e9 par :Microsoft AzureAdresse : 39 quai du Pr\u00e9sident Roosevelt, 92130 Issy les Moulineaux \u2013 France (Si\u00e8ge social)Capital social &#8230; <a title=\"Mentions l\u00e9gales\" class=\"read-more\" href=\"https:\/\/ratp-connect.nexton-customers.com\/fr\/mentions-legales\/\" aria-label=\"En savoir plus sur Mentions l\u00e9gales\">Lire plus<\/a><\/p>\n","protected":false},"author":7,"featured_media":0,"parent":0,"menu_order":0,"comment_status":"closed","ping_status":"closed","template":"","meta":{"footnotes":""},"class_list":["post-451","page","type-page","status-publish"],"yoast_head":"<!-- This site is optimized with the Yoast SEO plugin v27.3 - https:\/\/yoast.com\/product\/yoast-seo-wordpress\/ -->\n<title>Mentions l\u00e9gales - RATP Connect<\/title>\n<meta name=\"robots\" content=\"noindex, follow, max-snippet:-1, max-image-preview:large, max-video-preview:-1\" \/>\n<meta property=\"og:locale\" content=\"fr_FR\" \/>\n<meta property=\"og:type\" content=\"article\" \/>\n<meta property=\"og:title\" content=\"Mentions l\u00e9gales - RATP Connect\" \/>\n<meta property=\"og:description\" content=\"Mentions l\u00e9gales Directeur de la publication :&nbsp;Bertrand Lenoir, Directeur G\u00e9n\u00e9ral Propri\u00e9taire\u00a0: \u00a0\u2028RATP Connect\u2028Soci\u00e9t\u00e9 par actions simplifi\u00e9e\u2028RCS Paris 411\u00a0759 96254 Quai de la Rap\u00e9e, 75012 ParisTVA intracommunautaire n\u00b0 FR 3041175996201 58 76 19 84 Le site est h\u00e9berg\u00e9 par :Microsoft AzureAdresse : 39 quai du Pr\u00e9sident Roosevelt, 92130 Issy les Moulineaux \u2013 France (Si\u00e8ge social)Capital social ... Lire plus\" \/>\n<meta property=\"og:url\" content=\"https:\/\/ratp-connect.nexton-customers.com\/fr\/mentions-legales\/\" \/>\n<meta property=\"og:site_name\" content=\"RATP Connect\" \/>\n<meta property=\"article:modified_time\" content=\"2025-05-20T08:52:11+00:00\" \/>\n<meta name=\"twitter:card\" content=\"summary_large_image\" \/>\n<meta name=\"twitter:label1\" content=\"Dur\u00e9e de lecture estim\u00e9e\" \/>\n\t<meta name=\"twitter:data1\" content=\"6 minutes\" \/>\n<script type=\"application\/ld+json\" class=\"yoast-schema-graph\">{\"@context\":\"https:\\\/\\\/schema.org\",\"@graph\":[{\"@type\":\"WebPage\",\"@id\":\"https:\\\/\\\/ratp-connect.nexton-customers.com\\\/mentions-legales\\\/\",\"url\":\"https:\\\/\\\/ratp-connect.nexton-customers.com\\\/mentions-legales\\\/\",\"name\":\"Mentions l\u00e9gales - RATP Connect\",\"isPartOf\":{\"@id\":\"https:\\\/\\\/ratp-connect.nexton-customers.com\\\/#website\"},\"primaryImageOfPage\":{\"@id\":\"https:\\\/\\\/ratp-connect.nexton-customers.com\\\/mentions-legales\\\/#primaryimage\"},\"image\":{\"@id\":\"https:\\\/\\\/ratp-connect.nexton-customers.com\\\/mentions-legales\\\/#primaryimage\"},\"thumbnailUrl\":\"https:\\\/\\\/ratp-connect.nexton-customers.com\\\/wp-content\\\/uploads\\\/2023\\\/12\\\/Forme_BG_Cercle_Right.svg\",\"datePublished\":\"2023-10-26T14:41:35+00:00\",\"dateModified\":\"2025-05-20T08:52:11+00:00\",\"breadcrumb\":{\"@id\":\"https:\\\/\\\/ratp-connect.nexton-customers.com\\\/mentions-legales\\\/#breadcrumb\"},\"inLanguage\":\"fr-FR\",\"potentialAction\":[{\"@type\":\"ReadAction\",\"target\":[\"https:\\\/\\\/ratp-connect.nexton-customers.com\\\/mentions-legales\\\/\"]}]},{\"@type\":\"ImageObject\",\"inLanguage\":\"fr-FR\",\"@id\":\"https:\\\/\\\/ratp-connect.nexton-customers.com\\\/mentions-legales\\\/#primaryimage\",\"url\":\"https:\\\/\\\/ratp-connect.nexton-customers.com\\\/wp-content\\\/uploads\\\/2023\\\/12\\\/Forme_BG_Cercle_Right.svg\",\"contentUrl\":\"https:\\\/\\\/ratp-connect.nexton-customers.com\\\/wp-content\\\/uploads\\\/2023\\\/12\\\/Forme_BG_Cercle_Right.svg\"},{\"@type\":\"BreadcrumbList\",\"@id\":\"https:\\\/\\\/ratp-connect.nexton-customers.com\\\/mentions-legales\\\/#breadcrumb\",\"itemListElement\":[{\"@type\":\"ListItem\",\"position\":1,\"name\":\"Accueil\",\"item\":\"https:\\\/\\\/ratp-connect.nexton-customers.com\\\/\"},{\"@type\":\"ListItem\",\"position\":2,\"name\":\"Mentions l\u00e9gales\"}]},{\"@type\":\"WebSite\",\"@id\":\"https:\\\/\\\/ratp-connect.nexton-customers.com\\\/#website\",\"url\":\"https:\\\/\\\/ratp-connect.nexton-customers.com\\\/\",\"name\":\"RATP Cap \u00cele-de-France\",\"description\":\"\",\"publisher\":{\"@id\":\"https:\\\/\\\/ratp-connect.nexton-customers.com\\\/#organization\"},\"potentialAction\":[{\"@type\":\"SearchAction\",\"target\":{\"@type\":\"EntryPoint\",\"urlTemplate\":\"https:\\\/\\\/ratp-connect.nexton-customers.com\\\/?s={search_term_string}\"},\"query-input\":{\"@type\":\"PropertyValueSpecification\",\"valueRequired\":true,\"valueName\":\"search_term_string\"}}],\"inLanguage\":\"fr-FR\"},{\"@type\":\"Organization\",\"@id\":\"https:\\\/\\\/ratp-connect.nexton-customers.com\\\/#organization\",\"name\":\"RATP Cap \u00cele-de-France\",\"url\":\"https:\\\/\\\/ratp-connect.nexton-customers.com\\\/\",\"logo\":{\"@type\":\"ImageObject\",\"inLanguage\":\"fr-FR\",\"@id\":\"https:\\\/\\\/ratp-connect.nexton-customers.com\\\/#\\\/schema\\\/logo\\\/image\\\/\",\"url\":\"https:\\\/\\\/ratp-connect.nexton-customers.com\\\/wp-content\\\/uploads\\\/2024\\\/10\\\/LogosConnect.svg\",\"contentUrl\":\"https:\\\/\\\/ratp-connect.nexton-customers.com\\\/wp-content\\\/uploads\\\/2024\\\/10\\\/LogosConnect.svg\",\"caption\":\"RATP Cap \u00cele-de-France\"},\"image\":{\"@id\":\"https:\\\/\\\/ratp-connect.nexton-customers.com\\\/#\\\/schema\\\/logo\\\/image\\\/\"}}]}<\/script>\n<!-- \/ Yoast SEO plugin. -->","yoast_head_json":{"title":"Mentions l\u00e9gales - RATP Connect","robots":{"index":"noindex","follow":"follow","max-snippet":"max-snippet:-1","max-image-preview":"max-image-preview:large","max-video-preview":"max-video-preview:-1"},"og_locale":"fr_FR","og_type":"article","og_title":"Mentions l\u00e9gales - RATP Connect","og_description":"Mentions l\u00e9gales Directeur de la publication :&nbsp;Bertrand Lenoir, Directeur G\u00e9n\u00e9ral Propri\u00e9taire\u00a0: \u00a0\u2028RATP Connect\u2028Soci\u00e9t\u00e9 par actions simplifi\u00e9e\u2028RCS Paris 411\u00a0759 96254 Quai de la Rap\u00e9e, 75012 ParisTVA intracommunautaire n\u00b0 FR 3041175996201 58 76 19 84 Le site est h\u00e9berg\u00e9 par :Microsoft AzureAdresse : 39 quai du Pr\u00e9sident Roosevelt, 92130 Issy les Moulineaux \u2013 France (Si\u00e8ge social)Capital social ... Lire plus","og_url":"https:\/\/ratp-connect.nexton-customers.com\/fr\/mentions-legales\/","og_site_name":"RATP Connect","article_modified_time":"2025-05-20T08:52:11+00:00","twitter_card":"summary_large_image","twitter_misc":{"Dur\u00e9e de lecture estim\u00e9e":"6 minutes"},"schema":{"@context":"https:\/\/schema.org","@graph":[{"@type":"WebPage","@id":"https:\/\/ratp-connect.nexton-customers.com\/mentions-legales\/","url":"https:\/\/ratp-connect.nexton-customers.com\/mentions-legales\/","name":"Mentions l\u00e9gales - RATP Connect","isPartOf":{"@id":"https:\/\/ratp-connect.nexton-customers.com\/#website"},"primaryImageOfPage":{"@id":"https:\/\/ratp-connect.nexton-customers.com\/mentions-legales\/#primaryimage"},"image":{"@id":"https:\/\/ratp-connect.nexton-customers.com\/mentions-legales\/#primaryimage"},"thumbnailUrl":"https:\/\/ratp-connect.nexton-customers.com\/wp-content\/uploads\/2023\/12\/Forme_BG_Cercle_Right.svg","datePublished":"2023-10-26T14:41:35+00:00","dateModified":"2025-05-20T08:52:11+00:00","breadcrumb":{"@id":"https:\/\/ratp-connect.nexton-customers.com\/mentions-legales\/#breadcrumb"},"inLanguage":"fr-FR","potentialAction":[{"@type":"ReadAction","target":["https:\/\/ratp-connect.nexton-customers.com\/mentions-legales\/"]}]},{"@type":"ImageObject","inLanguage":"fr-FR","@id":"https:\/\/ratp-connect.nexton-customers.com\/mentions-legales\/#primaryimage","url":"https:\/\/ratp-connect.nexton-customers.com\/wp-content\/uploads\/2023\/12\/Forme_BG_Cercle_Right.svg","contentUrl":"https:\/\/ratp-connect.nexton-customers.com\/wp-content\/uploads\/2023\/12\/Forme_BG_Cercle_Right.svg"},{"@type":"BreadcrumbList","@id":"https:\/\/ratp-connect.nexton-customers.com\/mentions-legales\/#breadcrumb","itemListElement":[{"@type":"ListItem","position":1,"name":"Accueil","item":"https:\/\/ratp-connect.nexton-customers.com\/"},{"@type":"ListItem","position":2,"name":"Mentions l\u00e9gales"}]},{"@type":"WebSite","@id":"https:\/\/ratp-connect.nexton-customers.com\/#website","url":"https:\/\/ratp-connect.nexton-customers.com\/","name":"RATP Cap \u00cele-de-France","description":"","publisher":{"@id":"https:\/\/ratp-connect.nexton-customers.com\/#organization"},"potentialAction":[{"@type":"SearchAction","target":{"@type":"EntryPoint","urlTemplate":"https:\/\/ratp-connect.nexton-customers.com\/?s={search_term_string}"},"query-input":{"@type":"PropertyValueSpecification","valueRequired":true,"valueName":"search_term_string"}}],"inLanguage":"fr-FR"},{"@type":"Organization","@id":"https:\/\/ratp-connect.nexton-customers.com\/#organization","name":"RATP Cap \u00cele-de-France","url":"https:\/\/ratp-connect.nexton-customers.com\/","logo":{"@type":"ImageObject","inLanguage":"fr-FR","@id":"https:\/\/ratp-connect.nexton-customers.com\/#\/schema\/logo\/image\/","url":"https:\/\/ratp-connect.nexton-customers.com\/wp-content\/uploads\/2024\/10\/LogosConnect.svg","contentUrl":"https:\/\/ratp-connect.nexton-customers.com\/wp-content\/uploads\/2024\/10\/LogosConnect.svg","caption":"RATP Cap \u00cele-de-France"},"image":{"@id":"https:\/\/ratp-connect.nexton-customers.com\/#\/schema\/logo\/image\/"}}]}},"_links":{"self":[{"href":"https:\/\/ratp-connect.nexton-customers.com\/fr\/wp-json\/wp\/v2\/pages\/451","targetHints":{"allow":["GET"]}}],"collection":[{"href":"https:\/\/ratp-connect.nexton-customers.com\/fr\/wp-json\/wp\/v2\/pages"}],"about":[{"href":"https:\/\/ratp-connect.nexton-customers.com\/fr\/wp-json\/wp\/v2\/types\/page"}],"author":[{"embeddable":true,"href":"https:\/\/ratp-connect.nexton-customers.com\/fr\/wp-json\/wp\/v2\/users\/7"}],"replies":[{"embeddable":true,"href":"https:\/\/ratp-connect.nexton-customers.com\/fr\/wp-json\/wp\/v2\/comments?post=451"}],"version-history":[{"count":111,"href":"https:\/\/ratp-connect.nexton-customers.com\/fr\/wp-json\/wp\/v2\/pages\/451\/revisions"}],"predecessor-version":[{"id":7426,"href":"https:\/\/ratp-connect.nexton-customers.com\/fr\/wp-json\/wp\/v2\/pages\/451\/revisions\/7426"}],"wp:attachment":[{"href":"https:\/\/ratp-connect.nexton-customers.com\/fr\/wp-json\/wp\/v2\/media?parent=451"}],"curies":[{"name":"wp","href":"https:\/\/api.w.org\/{rel}","templated":true}]}}