{"id":4354,"date":"2024-01-17T11:36:46","date_gmt":"2024-01-17T09:36:46","guid":{"rendered":"https:\/\/ratp-connect.nexton-customers.com\/?page_id=4354"},"modified":"2025-02-19T17:33:20","modified_gmt":"2025-02-19T15:33:20","slug":"nos-offres-fibre-optique","status":"publish","type":"page","link":"https:\/\/ratp-connect.nexton-customers.com\/fr\/nos-solutions\/nos-offres-fibre-optique\/","title":{"rendered":"Fibre optique : notre offre tr\u00e8s haut d\u00e9bit"},"content":{"rendered":"<div class=\"gb-container gb-container-ec254eff page-title\">\n\n<h1 class=\"wp-block-heading page-title__heading\">Une offre de connexion tr\u00e8s haut d\u00e9bit performante et personnalis\u00e9e<\/h1>\n\n<\/div>\n\n<div class=\"breadcrumbs align  wp-block-bcn-breadcrumb-trail has-text-color has-background\" vocab=\"https:\/\/schema.org\/\" typeof=\"BreadcrumbList\">\n\t<span><\/span>\n\t<span property=\"itemListElement\" typeof=\"ListItem\"><a property=\"item\" typeof=\"WebPage\" href=\"https:\/\/ratp-connect.nexton-customers.com\/fr\/\" class=\"home\" aria-current=\"page\"><span property=\"name\">Accueil<\/span><\/a><meta property=\"position\" content=\"1\"><\/span><\/div>\n\n\n<div class=\"gb-container gb-container-bbacd815 bandeau-intro\">\n<div class=\"gb-container gb-container-7387bdc5 bandeau-intro__inside\">\n\n<h2 class=\"wp-block-heading mb-0 color-base-3\"><strong><strong>D\u00e9ployer la connexion entre les individus et les services<\/strong><\/strong><\/h2>\n\n\n\n<p class=\"mb-0 color-base-3\">Expert des espaces connect\u00e9s souterrains, RATP CONNECT propose le principal r\u00e9seau de fibre optique en Ile-de-France aux acteurs du num\u00e9rique et aux entreprises et aux collectivit\u00e9s qui souhaitent acc\u00e9l\u00e9rer leur transformation digitale.<\/p>\n\n<\/div>\n<\/div>\n\n<div class=\"gb-container gb-container-9d52252c img-block-right__container\">\n<div class=\"gb-container gb-container-836548f9 img-block-right__sub-container\">\n<div class=\"gb-container gb-container-4ccd2a2c img-block-right__image-wrapper\">\n<div class=\"gb-container gb-container-b4ae217c img-block-right__image-container\">\n<div class=\"gb-container gb-container-6f76199b img-block-right__image-content box-shadow--rounded--secondary\">\n<div class=\"wp-block-image img-block-right__image\">\n<figure class=\"aligncenter size-full\"><img loading=\"lazy\" decoding=\"async\" width=\"476\" height=\"510\" src=\"https:\/\/ratpconnect.com\/wp-content\/uploads\/2023\/11\/notre-offre-ratp.webp\" alt=\"\" class=\"wp-image-2931\" style=\"object-fit:cover\" srcset=\"https:\/\/ratp-connect.nexton-customers.com\/wp-content\/uploads\/2023\/11\/notre-offre-ratp.webp 476w, https:\/\/ratp-connect.nexton-customers.com\/wp-content\/uploads\/2023\/11\/notre-offre-ratp-280x300.webp 280w\" sizes=\"auto, (max-width: 476px) 100vw, 476px\" \/><\/figure>\n<\/div>\n<\/div>\n<\/div>\n<\/div>\n\n<div class=\"gb-container gb-container-13011404 img-block-right__content border-line-full-page--right--primary\">\n<div class=\"gb-container gb-container-6513a29d img-block-right__header\">\n<div class=\"gb-container gb-container-4cedf3e1 img-block-right__header-content\">\n\n<h2 class=\"wp-block-heading img-block-right__title mb-0\"><strong>Une offre technologique innovante pour booster vos connexions internet tr\u00e8s haut d\u00e9bit et assurer la s\u00e9curit\u00e9 de vos stockages de donn\u00e9es<\/strong><\/h2>\n\n\n<div class=\"gb-container gb-container-a4a45e5c img-block-right__text-container\">\n\n<h3 class=\"wp-block-heading block-text-right__subtitle mb-0\">Leader de la fibre noire<\/h3>\n\n\n\n<p class=\"mb-0 img-block-right__text\">Une infrastructure <a href=\"\/nos-solutions\/fibre-noire\/\"><strong>Fibre Optique Noire<\/strong><\/a> (FON) in\u00e9gal\u00e9e en \u00cele-de-France.<\/p>\n\n<\/div>\n\n<div class=\"gb-container gb-container-6cd0bd1e img-block-right__text-container\">\n\n<h3 class=\"wp-block-heading block-text-right__subtitle mb-0\">Disponible et \u00e0 votre \u00e9coute<\/h3>\n\n\n\n<p class=\"mb-0 img-block-right__text\">Un service clients et une assistance disponibles \u00e0 tout moment, 24h\/24 et 7j\/7.<\/p>\n\n<\/div>\n\n<div class=\"gb-container gb-container-fc8aa65d img-block-right__text-container\">\n\n<h3 class=\"wp-block-heading block-text-right__subtitle mb-0\">THD proximit\u00e9<\/h3>\n\n\n\n<p class=\"mb-0 img-block-right__text\">Un point de connexion au plus proche de vous pour r\u00e9pondre \u00e0 vos enjeux de tr\u00e8s haut d\u00e9bit.<\/p>\n\n<\/div>\n\n<div class=\"gb-container gb-container-d323d020 img-block-right__text-container\">\n\n<h3 class=\"wp-block-heading block-text-right__subtitle mb-0\">Accessible \u00e0 tous<\/h3>\n\n\n\n<p class=\"img-block-right__text mb-0\">Une offre ouverte \u00e0 tous les op\u00e9rateurs.<\/p>\n\n<\/div>\n\n<div class=\"gb-container gb-container-f2548487 img-block-right__text-container\">\n\n<h3 class=\"wp-block-heading block-text-right__subtitle mb-0\">Fiable et s\u00e9curis\u00e9e<\/h3>\n\n\n\n<p class=\"mb-0 img-block-right__text\">Un r\u00e9seau souterrain enti\u00e8rement prot\u00e9g\u00e9 des al\u00e9as (exemples : intemp\u00e9rie, incidents lors de travaux\u2026).<\/p>\n\n<\/div>\n\n<div class=\"gb-container gb-container-a403b980 img-block-right__text-container\">\n\n<h3 class=\"wp-block-heading mb-0 block-text-right__subtitle\">Au service de l\u2019environnement<\/h3>\n\n\n\n<p class=\"mb-0 img-block-right__text\">Une valorisation de pr\u00e8s de 100 % de nos d\u00e9chets et et nous limitons fortement le creusement de tranch\u00e9es.<\/p>\n\n<\/div>\n<\/div>\n<\/div>\n<\/div>\n<\/div>\n<\/div>\n\n<div class=\"gb-container gb-container-8d6e0933 numbers-section__container\">\n\n<h3 class=\"wp-block-heading has-text-align-center numbers-section__heading\">Section chiffres<\/h3>\n\n\n<div class=\"gb-container gb-container-0f00ad62 numbers-section__list\" role=\"list\">\n<div class=\"gb-container gb-container-3e92bfc4 numbers-section__item numbers-section__item--semi-square--primary bg-primary\" role=\"listitem\">\n\n<p class=\"has-text-align-center numbers-section__value color-base-3\"><strong>+170 000<\/strong><\/p>\n\n\n\n<p class=\"has-text-align-center numbers-section__description color-base-3\"><strong>km de fibres<\/strong><\/p>\n\n<\/div>\n\n<div class=\"gb-container gb-container-996cc435 numbers-section__item numbers-section__item--circle--secondary bg-secondary\" role=\"listitem\">\n\n<p class=\"has-text-align-center numbers-section__value color-bleu-institutionnel\"><strong>+ 2 700<\/strong><\/p>\n\n\n\n<p class=\"has-text-align-center numbers-section__description color-bleu-institutionnel\"><strong>km de c\u00e2ble en<\/strong><br><strong>zone ferroviaire<\/strong><\/p>\n\n<\/div>\n\n<div class=\"gb-container gb-container-dc443d37 numbers-section__item numbers-section__item--semi-square--terciary bg-terciary-1\" role=\"listitem\">\n\n<p class=\"has-text-align-center numbers-section__value color-bleu-institutionnel\"><strong>400<\/strong><\/p>\n\n\n\n<p class=\"has-text-align-center numbers-section__description color-bleu-institutionnel\"><strong>points de pr\u00e9sence<\/strong><\/p>\n\n<\/div>\n<\/div>\n<\/div>\n\n<div class=\"gb-container gb-container-b6e14c16 illu-background-container\">\n<div class=\"gb-container gb-container-c4218dca illu-background-topcover\"><\/div>\n\n\n<figure class=\"wp-block-image size-full illustration-background-circle\"><img decoding=\"async\" src=\"https:\/\/ratp-connect.nexton-customers.com\/wp-content\/uploads\/2023\/12\/Forme_BG_Cercle_Right.svg\" alt=\"\" class=\"wp-image-3860\"\/><\/figure>\n\n\n\n<figure class=\"wp-block-image size-full illustration-background-circle--opposite\"><img decoding=\"async\" src=\"https:\/\/ratp-connect.nexton-customers.com\/wp-content\/uploads\/2024\/03\/Forme_BG_Cercle_Left.svg\" alt=\"\" class=\"wp-image-5460\"\/><\/figure>\n\n<\/div>","protected":false},"excerpt":{"rendered":"<p>Une offre de connexion tr\u00e8s haut d\u00e9bit performante et personnalis\u00e9e D\u00e9ployer la connexion entre les individus et les services Expert des espaces connect\u00e9s souterrains, RATP CONNECT propose le principal r\u00e9seau de fibre optique en Ile-de-France aux acteurs du num\u00e9rique et aux entreprises et aux collectivit\u00e9s qui souhaitent acc\u00e9l\u00e9rer leur transformation digitale. Une offre technologique innovante &#8230; <a title=\"Fibre optique : notre offre tr\u00e8s haut d\u00e9bit\" class=\"read-more\" href=\"https:\/\/ratp-connect.nexton-customers.com\/fr\/nos-solutions\/nos-offres-fibre-optique\/\" aria-label=\"En savoir plus sur Fibre optique : notre offre tr\u00e8s haut d\u00e9bit\">Lire plus<\/a><\/p>\n","protected":false},"author":7,"featured_media":0,"parent":2,"menu_order":0,"comment_status":"closed","ping_status":"closed","template":"","meta":{"footnotes":""},"class_list":["post-4354","page","type-page","status-publish"],"yoast_head":"<!-- This site is optimized with the Yoast SEO plugin v27.3 - https:\/\/yoast.com\/product\/yoast-seo-wordpress\/ -->\n<title>Fibre optique : notre offre tr\u00e8s haut d\u00e9bit - RATP Connect<\/title>\n<meta name=\"description\" content=\"Notre offre performante et personnalis\u00e9e s&#039;adapte \u00e0 vos activit\u00e9s. Nous connectons les individus et les services pour de fa\u00e7on optimale.\" \/>\n<meta name=\"robots\" content=\"noindex, follow, max-snippet:-1, max-image-preview:large, max-video-preview:-1\" \/>\n<meta property=\"og:locale\" content=\"fr_FR\" \/>\n<meta property=\"og:type\" content=\"article\" \/>\n<meta property=\"og:title\" content=\"Fibre optique : notre offre tr\u00e8s haut d\u00e9bit - RATP Connect\" \/>\n<meta property=\"og:description\" content=\"Notre offre performante et personnalis\u00e9e s&#039;adapte \u00e0 vos activit\u00e9s. Nous connectons les individus et les services pour de fa\u00e7on optimale.\" \/>\n<meta property=\"og:url\" content=\"https:\/\/ratp-connect.nexton-customers.com\/fr\/nos-solutions\/nos-offres-fibre-optique\/\" \/>\n<meta property=\"og:site_name\" content=\"RATP Connect\" \/>\n<meta property=\"article:modified_time\" content=\"2025-02-19T15:33:20+00:00\" \/>\n<meta property=\"og:image\" content=\"https:\/\/ratp-connect.nexton-customers.com\/wp-content\/uploads\/2023\/11\/notre-offre-ratp.webp\" \/>\n\t<meta property=\"og:image:width\" content=\"476\" \/>\n\t<meta property=\"og:image:height\" content=\"510\" \/>\n\t<meta property=\"og:image:type\" content=\"image\/webp\" \/>\n<meta name=\"twitter:card\" content=\"summary_large_image\" \/>\n<meta name=\"twitter:label1\" content=\"Dur\u00e9e de lecture estim\u00e9e\" \/>\n\t<meta name=\"twitter:data1\" content=\"2 minutes\" \/>\n<script type=\"application\/ld+json\" class=\"yoast-schema-graph\">{\"@context\":\"https:\\\/\\\/schema.org\",\"@graph\":[{\"@type\":\"WebPage\",\"@id\":\"https:\\\/\\\/ratp-connect.nexton-customers.com\\\/nos-solutions\\\/nos-offres-fibre-optique\\\/\",\"url\":\"https:\\\/\\\/ratp-connect.nexton-customers.com\\\/nos-solutions\\\/nos-offres-fibre-optique\\\/\",\"name\":\"Fibre optique : notre offre tr\u00e8s haut d\u00e9bit - RATP Connect\",\"isPartOf\":{\"@id\":\"https:\\\/\\\/ratp-connect.nexton-customers.com\\\/#website\"},\"primaryImageOfPage\":{\"@id\":\"https:\\\/\\\/ratp-connect.nexton-customers.com\\\/nos-solutions\\\/nos-offres-fibre-optique\\\/#primaryimage\"},\"image\":{\"@id\":\"https:\\\/\\\/ratp-connect.nexton-customers.com\\\/nos-solutions\\\/nos-offres-fibre-optique\\\/#primaryimage\"},\"thumbnailUrl\":\"https:\\\/\\\/ratpconnect.com\\\/wp-content\\\/uploads\\\/2023\\\/11\\\/notre-offre-ratp.webp\",\"datePublished\":\"2024-01-17T09:36:46+00:00\",\"dateModified\":\"2025-02-19T15:33:20+00:00\",\"description\":\"Notre offre performante et personnalis\u00e9e s'adapte \u00e0 vos activit\u00e9s. Nous connectons les individus et les services pour de fa\u00e7on optimale.\",\"breadcrumb\":{\"@id\":\"https:\\\/\\\/ratp-connect.nexton-customers.com\\\/nos-solutions\\\/nos-offres-fibre-optique\\\/#breadcrumb\"},\"inLanguage\":\"fr-FR\",\"potentialAction\":[{\"@type\":\"ReadAction\",\"target\":[\"https:\\\/\\\/ratp-connect.nexton-customers.com\\\/nos-solutions\\\/nos-offres-fibre-optique\\\/\"]}]},{\"@type\":\"ImageObject\",\"inLanguage\":\"fr-FR\",\"@id\":\"https:\\\/\\\/ratp-connect.nexton-customers.com\\\/nos-solutions\\\/nos-offres-fibre-optique\\\/#primaryimage\",\"url\":\"https:\\\/\\\/ratpconnect.com\\\/wp-content\\\/uploads\\\/2023\\\/11\\\/notre-offre-ratp.webp\",\"contentUrl\":\"https:\\\/\\\/ratpconnect.com\\\/wp-content\\\/uploads\\\/2023\\\/11\\\/notre-offre-ratp.webp\"},{\"@type\":\"BreadcrumbList\",\"@id\":\"https:\\\/\\\/ratp-connect.nexton-customers.com\\\/nos-solutions\\\/nos-offres-fibre-optique\\\/#breadcrumb\",\"itemListElement\":[{\"@type\":\"ListItem\",\"position\":1,\"name\":\"Accueil\",\"item\":\"https:\\\/\\\/ratp-connect.nexton-customers.com\\\/\"},{\"@type\":\"ListItem\",\"position\":2,\"name\":\"Nos solutions\",\"item\":\"https:\\\/\\\/ratp-connect.nexton-customers.com\\\/nos-solutions\\\/\"},{\"@type\":\"ListItem\",\"position\":3,\"name\":\"Fibre optique : notre offre tr\u00e8s haut d\u00e9bit\"}]},{\"@type\":\"WebSite\",\"@id\":\"https:\\\/\\\/ratp-connect.nexton-customers.com\\\/#website\",\"url\":\"https:\\\/\\\/ratp-connect.nexton-customers.com\\\/\",\"name\":\"RATP Cap \u00cele-de-France\",\"description\":\"\",\"publisher\":{\"@id\":\"https:\\\/\\\/ratp-connect.nexton-customers.com\\\/#organization\"},\"potentialAction\":[{\"@type\":\"SearchAction\",\"target\":{\"@type\":\"EntryPoint\",\"urlTemplate\":\"https:\\\/\\\/ratp-connect.nexton-customers.com\\\/?s={search_term_string}\"},\"query-input\":{\"@type\":\"PropertyValueSpecification\",\"valueRequired\":true,\"valueName\":\"search_term_string\"}}],\"inLanguage\":\"fr-FR\"},{\"@type\":\"Organization\",\"@id\":\"https:\\\/\\\/ratp-connect.nexton-customers.com\\\/#organization\",\"name\":\"RATP Cap \u00cele-de-France\",\"url\":\"https:\\\/\\\/ratp-connect.nexton-customers.com\\\/\",\"logo\":{\"@type\":\"ImageObject\",\"inLanguage\":\"fr-FR\",\"@id\":\"https:\\\/\\\/ratp-connect.nexton-customers.com\\\/#\\\/schema\\\/logo\\\/image\\\/\",\"url\":\"https:\\\/\\\/ratp-connect.nexton-customers.com\\\/wp-content\\\/uploads\\\/2024\\\/10\\\/LogosConnect.svg\",\"contentUrl\":\"https:\\\/\\\/ratp-connect.nexton-customers.com\\\/wp-content\\\/uploads\\\/2024\\\/10\\\/LogosConnect.svg\",\"caption\":\"RATP Cap \u00cele-de-France\"},\"image\":{\"@id\":\"https:\\\/\\\/ratp-connect.nexton-customers.com\\\/#\\\/schema\\\/logo\\\/image\\\/\"}}]}<\/script>\n<!-- \/ Yoast SEO plugin. -->","yoast_head_json":{"title":"Fibre optique : notre offre tr\u00e8s haut d\u00e9bit - RATP Connect","description":"Notre offre performante et personnalis\u00e9e s'adapte \u00e0 vos activit\u00e9s. Nous connectons les individus et les services pour de fa\u00e7on optimale.","robots":{"index":"noindex","follow":"follow","max-snippet":"max-snippet:-1","max-image-preview":"max-image-preview:large","max-video-preview":"max-video-preview:-1"},"og_locale":"fr_FR","og_type":"article","og_title":"Fibre optique : notre offre tr\u00e8s haut d\u00e9bit - RATP Connect","og_description":"Notre offre performante et personnalis\u00e9e s'adapte \u00e0 vos activit\u00e9s. Nous connectons les individus et les services pour de fa\u00e7on optimale.","og_url":"https:\/\/ratp-connect.nexton-customers.com\/fr\/nos-solutions\/nos-offres-fibre-optique\/","og_site_name":"RATP Connect","article_modified_time":"2025-02-19T15:33:20+00:00","og_image":[{"width":476,"height":510,"url":"https:\/\/ratp-connect.nexton-customers.com\/wp-content\/uploads\/2023\/11\/notre-offre-ratp.webp","type":"image\/webp"}],"twitter_card":"summary_large_image","twitter_misc":{"Dur\u00e9e de lecture estim\u00e9e":"2 minutes"},"schema":{"@context":"https:\/\/schema.org","@graph":[{"@type":"WebPage","@id":"https:\/\/ratp-connect.nexton-customers.com\/nos-solutions\/nos-offres-fibre-optique\/","url":"https:\/\/ratp-connect.nexton-customers.com\/nos-solutions\/nos-offres-fibre-optique\/","name":"Fibre optique : notre offre tr\u00e8s haut d\u00e9bit - RATP Connect","isPartOf":{"@id":"https:\/\/ratp-connect.nexton-customers.com\/#website"},"primaryImageOfPage":{"@id":"https:\/\/ratp-connect.nexton-customers.com\/nos-solutions\/nos-offres-fibre-optique\/#primaryimage"},"image":{"@id":"https:\/\/ratp-connect.nexton-customers.com\/nos-solutions\/nos-offres-fibre-optique\/#primaryimage"},"thumbnailUrl":"https:\/\/ratpconnect.com\/wp-content\/uploads\/2023\/11\/notre-offre-ratp.webp","datePublished":"2024-01-17T09:36:46+00:00","dateModified":"2025-02-19T15:33:20+00:00","description":"Notre offre performante et personnalis\u00e9e s'adapte \u00e0 vos activit\u00e9s. Nous connectons les individus et les services pour de fa\u00e7on optimale.","breadcrumb":{"@id":"https:\/\/ratp-connect.nexton-customers.com\/nos-solutions\/nos-offres-fibre-optique\/#breadcrumb"},"inLanguage":"fr-FR","potentialAction":[{"@type":"ReadAction","target":["https:\/\/ratp-connect.nexton-customers.com\/nos-solutions\/nos-offres-fibre-optique\/"]}]},{"@type":"ImageObject","inLanguage":"fr-FR","@id":"https:\/\/ratp-connect.nexton-customers.com\/nos-solutions\/nos-offres-fibre-optique\/#primaryimage","url":"https:\/\/ratpconnect.com\/wp-content\/uploads\/2023\/11\/notre-offre-ratp.webp","contentUrl":"https:\/\/ratpconnect.com\/wp-content\/uploads\/2023\/11\/notre-offre-ratp.webp"},{"@type":"BreadcrumbList","@id":"https:\/\/ratp-connect.nexton-customers.com\/nos-solutions\/nos-offres-fibre-optique\/#breadcrumb","itemListElement":[{"@type":"ListItem","position":1,"name":"Accueil","item":"https:\/\/ratp-connect.nexton-customers.com\/"},{"@type":"ListItem","position":2,"name":"Nos solutions","item":"https:\/\/ratp-connect.nexton-customers.com\/nos-solutions\/"},{"@type":"ListItem","position":3,"name":"Fibre optique : notre offre tr\u00e8s haut d\u00e9bit"}]},{"@type":"WebSite","@id":"https:\/\/ratp-connect.nexton-customers.com\/#website","url":"https:\/\/ratp-connect.nexton-customers.com\/","name":"RATP Cap \u00cele-de-France","description":"","publisher":{"@id":"https:\/\/ratp-connect.nexton-customers.com\/#organization"},"potentialAction":[{"@type":"SearchAction","target":{"@type":"EntryPoint","urlTemplate":"https:\/\/ratp-connect.nexton-customers.com\/?s={search_term_string}"},"query-input":{"@type":"PropertyValueSpecification","valueRequired":true,"valueName":"search_term_string"}}],"inLanguage":"fr-FR"},{"@type":"Organization","@id":"https:\/\/ratp-connect.nexton-customers.com\/#organization","name":"RATP Cap \u00cele-de-France","url":"https:\/\/ratp-connect.nexton-customers.com\/","logo":{"@type":"ImageObject","inLanguage":"fr-FR","@id":"https:\/\/ratp-connect.nexton-customers.com\/#\/schema\/logo\/image\/","url":"https:\/\/ratp-connect.nexton-customers.com\/wp-content\/uploads\/2024\/10\/LogosConnect.svg","contentUrl":"https:\/\/ratp-connect.nexton-customers.com\/wp-content\/uploads\/2024\/10\/LogosConnect.svg","caption":"RATP Cap \u00cele-de-France"},"image":{"@id":"https:\/\/ratp-connect.nexton-customers.com\/#\/schema\/logo\/image\/"}}]}},"_links":{"self":[{"href":"https:\/\/ratp-connect.nexton-customers.com\/fr\/wp-json\/wp\/v2\/pages\/4354","targetHints":{"allow":["GET"]}}],"collection":[{"href":"https:\/\/ratp-connect.nexton-customers.com\/fr\/wp-json\/wp\/v2\/pages"}],"about":[{"href":"https:\/\/ratp-connect.nexton-customers.com\/fr\/wp-json\/wp\/v2\/types\/page"}],"author":[{"embeddable":true,"href":"https:\/\/ratp-connect.nexton-customers.com\/fr\/wp-json\/wp\/v2\/users\/7"}],"replies":[{"embeddable":true,"href":"https:\/\/ratp-connect.nexton-customers.com\/fr\/wp-json\/wp\/v2\/comments?post=4354"}],"version-history":[{"count":143,"href":"https:\/\/ratp-connect.nexton-customers.com\/fr\/wp-json\/wp\/v2\/pages\/4354\/revisions"}],"predecessor-version":[{"id":7470,"href":"https:\/\/ratp-connect.nexton-customers.com\/fr\/wp-json\/wp\/v2\/pages\/4354\/revisions\/7470"}],"up":[{"embeddable":true,"href":"https:\/\/ratp-connect.nexton-customers.com\/fr\/wp-json\/wp\/v2\/pages\/2"}],"wp:attachment":[{"href":"https:\/\/ratp-connect.nexton-customers.com\/fr\/wp-json\/wp\/v2\/media?parent=4354"}],"curies":[{"name":"wp","href":"https:\/\/api.w.org\/{rel}","templated":true}]}}