{"id":4027,"date":"2023-12-15T13:58:45","date_gmt":"2023-12-15T11:58:45","guid":{"rendered":"https:\/\/ratp-connect.nexton-customers.com\/?page_id=4027"},"modified":"2025-02-19T17:34:10","modified_gmt":"2025-02-19T15:34:10","slug":"rse","status":"publish","type":"page","link":"https:\/\/ratp-connect.nexton-customers.com\/fr\/nos-solutions\/rse\/","title":{"rendered":"Engagements RSE"},"content":{"rendered":"<div class=\"gb-container gb-container-ec254eff page-title\">\n\n<h1 class=\"wp-block-heading page-title__heading\">Notre responsabilit\u00e9 sociale et environnementale<\/h1>\n\n<\/div>\n\n<div class=\"breadcrumbs align  wp-block-bcn-breadcrumb-trail has-text-color has-background\" vocab=\"https:\/\/schema.org\/\" typeof=\"BreadcrumbList\">\n\t<span><\/span>\n\t<span property=\"itemListElement\" typeof=\"ListItem\"><a property=\"item\" typeof=\"WebPage\" href=\"https:\/\/ratp-connect.nexton-customers.com\/fr\/\" class=\"home\" aria-current=\"page\"><span property=\"name\">Accueil<\/span><\/a><meta property=\"position\" content=\"1\"><\/span><\/div>\n\n\n<div class=\"gb-container gb-container-bbacd815 bandeau-intro\">\n<div class=\"gb-container gb-container-7387bdc5 bandeau-intro__inside\">\n\n<h2 class=\"wp-block-heading mb-0 color-base-3\"><strong>Innover pour une connectivit\u00e9 durable et inclusive<\/strong><\/h2>\n\n\n\n<p class=\"mb-0 color-base-3\">La mission de RATP Connect : mettre \u00e0 disposition ses solutions et infrastructures au service de la ville, en veillant au respect de son environnement, de ses habitants et de son d\u00e9veloppement, pour une connectivit\u00e9 durable et inclusive.<\/p>\n\n<\/div>\n<\/div>\n\n<div class=\"gb-container gb-container-4ed3d0e2 img-block-right__container\">\n<div class=\"gb-container gb-container-fe3b9aa7 img-block-right__sub-container\">\n<div class=\"gb-container gb-container-4ccd2a2c img-block-right__image-wrapper\">\n<div class=\"gb-container gb-container-b4ae217c img-block-right__image-container\">\n<div class=\"gb-container gb-container-6c18455a img-block-right__image-content box-shadow--rounded--secondary\">\n<div class=\"wp-block-image img-block-right__image\">\n<figure class=\"aligncenter size-full\"><img loading=\"lazy\" decoding=\"async\" width=\"476\" height=\"510\" src=\"https:\/\/ratpconnect.com\/wp-content\/uploads\/2023\/11\/woman-smiling-holding-computer.png\" alt=\"\" class=\"wp-image-2725\" style=\"object-fit:cover\" srcset=\"https:\/\/ratp-connect.nexton-customers.com\/wp-content\/uploads\/2023\/11\/woman-smiling-holding-computer.png 476w, https:\/\/ratp-connect.nexton-customers.com\/wp-content\/uploads\/2023\/11\/woman-smiling-holding-computer-280x300.png 280w\" sizes=\"auto, (max-width: 476px) 100vw, 476px\" \/><\/figure>\n<\/div>\n<\/div>\n<\/div>\n<\/div>\n\n<div class=\"gb-container gb-container-13011404 img-block-right__content border-line-full-page--right--primary\">\n<div class=\"gb-container gb-container-4cedf3e1 img-block-right__header\">\n<div class=\"gb-container gb-container-5909a74e img-block-right__header-content\">\n\n<h2 class=\"wp-block-heading img-block-right__title mb-0\"><strong>Des engagements tourn\u00e9s vers la ville et ses habitants<\/strong><\/h2>\n\n\n<div class=\"gb-container gb-container-a4a45e5c img-block-right__text-container\">\n\n<h3 class=\"wp-block-heading block-text-right__subtitle mb-0\">\u00catre un acteur majeur de l\u2019internet Tr\u00e8s haut d\u00e9bit et de la ville durable<\/h3>\n\n\n\n<p class=\"img-block-right__text\">RATP CONNECT s&rsquo;engage \u00e0 proposer une offre accessible, en mobilisant son savoir-faire r\u00e9seaux pour acc\u00e9l\u00e9rer la transformation digitale des entreprises et des collectivit\u00e9s locales. De plus, elle agit en faveur de la r\u00e9duction de la fracture num\u00e9rique et de l\u2019acc\u00e8s aux services publics num\u00e9riques. Au service d\u2019une ville plus responsable, RATP CONNECT pr\u00e9serve l\u2019espace public en utilisant les infrastructures existantes du m\u00e9tro pour d\u00e9ployer son r\u00e9seau THD.<\/p>\n\n<\/div>\n\n<div class=\"gb-container gb-container-6cd0bd1e img-block-right__text-container\">\n\n<h3 class=\"wp-block-heading block-text-right__subtitle mb-0\">R\u00e9duire l\u2019empreinte environnementale<\/h3>\n\n\n\n<p class=\"mb-0 img-block-right__text\">RATP CONNECT s&rsquo;engage \u00e0 r\u00e9duire son empreinte carbone et \u00e0 \u00e9conomiser les ressources en mettant en place des initiatives durables telles que la gestion de l&rsquo;\u00e9nergie et des d\u00e9chets. En faisant la promotion de pratiques responsables \u00e0 tous les niveaux de l&rsquo;organisation, elle contribue au recyclage des d\u00e9chets et \u00e0 la r\u00e9utilisation des mat\u00e9riaux. L&rsquo;organisation met \u00e9galement en place des partenariats avec des acteurs locaux pour favoriser l\u2019\u00e9conomie circulaire.<\/p>\n\n<\/div>\n\n<div class=\"gb-container gb-container-fc8aa65d img-block-right__text-container\">\n\n<h3 class=\"wp-block-heading block-text-right__subtitle mb-0\">Affirmer notre responsabilit\u00e9 sociale et soci\u00e9tale<\/h3>\n\n\n\n<p class=\"mb-0 img-block-right__text\">RATP CONNECT contribue activement \u00e0 la vitalit\u00e9 \u00e9conomique et \u00e0 la solidarit\u00e9 dans les territoires en favorisant le d\u00e9veloppement \u00e9conomique local et en cr\u00e9ant des emplois durables. Favorisant un management positif, elle encourage l&rsquo;engagement des salari\u00e9s, soutient leur d\u00e9veloppement professionnel et offre un cadre de travail \u00e9panouissant Sa mission est d\u2019assurer un traitement \u00e9quitable \u00e0 toutes les \u00e9chelles de l\u2019organisation en veillant \u00e0 l&rsquo;\u00e9thique, la transparence et la responsabilit\u00e9 dans ses relations avec les fournisseurs, les partenaires, les collaborateurs et les parties prenantes.&nbsp;<\/p>\n\n<\/div>\n<\/div>\n<\/div>\n<\/div>\n<\/div>\n<\/div>\n\n<div class=\"gb-container gb-container-8d6e0933 numbers-section__container\">\n\n<h3 class=\"wp-block-heading has-text-align-center numbers-section__heading\">Section chiffres<\/h3>\n\n\n<div class=\"gb-container gb-container-0f00ad62 numbers-section__list\" role=\"list\">\n<div class=\"gb-container gb-container-3e92bfc4 numbers-section__item numbers-section__item--semi-square--primary bg-primary\" role=\"listitem\">\n\n<p class=\"has-text-align-center numbers-section__value color-base-3\"><strong>+170 000<\/strong><\/p>\n\n\n\n<p class=\"has-text-align-center numbers-section__description color-base-3\"><strong>km de fibres<\/strong><\/p>\n\n<\/div>\n\n<div class=\"gb-container gb-container-996cc435 numbers-section__item numbers-section__item--circle--secondary bg-secondary\" role=\"listitem\">\n\n<p class=\"has-text-align-center numbers-section__value color-bleu-institutionnel\"><strong>+ 2 700<\/strong><\/p>\n\n\n\n<p class=\"has-text-align-center numbers-section__description color-bleu-institutionnel\"><strong>km de c\u00e2ble en<\/strong><br><strong>zone ferroviaire<\/strong><\/p>\n\n<\/div>\n\n<div class=\"gb-container gb-container-dc443d37 numbers-section__item numbers-section__item--semi-square--terciary bg-terciary-1\" role=\"listitem\">\n\n<p class=\"has-text-align-center color-bleu-institutionnel numbers-section__value\"><strong>400<\/strong><\/p>\n\n\n\n<p class=\"has-text-align-center numbers-section__description color-bleu-institutionnel\"><strong>points de pr\u00e9sence<\/strong><\/p>\n\n<\/div>\n<\/div>\n<\/div>\n\n<div class=\"gb-container gb-container-1f4bd060 illu-background-container\">\n<div class=\"gb-container gb-container-29100d43 illu-background-topcover\"><\/div>\n\n\n<figure class=\"wp-block-image size-full illustration-background-circle\"><img decoding=\"async\" src=\"https:\/\/ratp-connect.nexton-customers.com\/wp-content\/uploads\/2023\/12\/Forme_BG_Cercle_Right.svg\" alt=\"\" class=\"wp-image-3860\"\/><\/figure>\n\n\n\n<figure class=\"wp-block-image size-full illustration-background-circle--opposite\"><img decoding=\"async\" src=\"https:\/\/ratp-connect.nexton-customers.com\/wp-content\/uploads\/2024\/03\/Forme_BG_Cercle_Left.svg\" alt=\"\" class=\"wp-image-5460\"\/><\/figure>\n\n<\/div>","protected":false},"excerpt":{"rendered":"<p>Notre responsabilit\u00e9 sociale et environnementale Innover pour une connectivit\u00e9 durable et inclusive La mission de RATP Connect : mettre \u00e0 disposition ses solutions et infrastructures au service de la ville, en veillant au respect de son environnement, de ses habitants et de son d\u00e9veloppement, pour une connectivit\u00e9 durable et inclusive. Des engagements tourn\u00e9s vers la &#8230; <a title=\"Engagements RSE\" class=\"read-more\" href=\"https:\/\/ratp-connect.nexton-customers.com\/fr\/nos-solutions\/rse\/\" aria-label=\"En savoir plus sur Engagements RSE\">Lire plus<\/a><\/p>\n","protected":false},"author":7,"featured_media":0,"parent":2,"menu_order":0,"comment_status":"closed","ping_status":"closed","template":"","meta":{"footnotes":""},"class_list":["post-4027","page","type-page","status-publish"],"yoast_head":"<!-- This site is optimized with the Yoast SEO plugin v27.3 - https:\/\/yoast.com\/product\/yoast-seo-wordpress\/ -->\n<title>Engagements RSE - RATP Connect<\/title>\n<meta name=\"description\" content=\"Notre mission ? \u00catre au service de la ville et de ses habitants. Nous innovons quotidiennement pour une connectivit\u00e9 durable et inclusive.\" \/>\n<meta name=\"robots\" content=\"noindex, follow, max-snippet:-1, max-image-preview:large, max-video-preview:-1\" \/>\n<meta property=\"og:locale\" content=\"fr_FR\" \/>\n<meta property=\"og:type\" content=\"article\" \/>\n<meta property=\"og:title\" content=\"Engagements RSE - RATP Connect\" \/>\n<meta property=\"og:description\" content=\"Notre mission ? \u00catre au service de la ville et de ses habitants. Nous innovons quotidiennement pour une connectivit\u00e9 durable et inclusive.\" \/>\n<meta property=\"og:url\" content=\"https:\/\/ratp-connect.nexton-customers.com\/fr\/nos-solutions\/rse\/\" \/>\n<meta property=\"og:site_name\" content=\"RATP Connect\" \/>\n<meta property=\"article:modified_time\" content=\"2025-02-19T15:34:10+00:00\" \/>\n<meta property=\"og:image\" content=\"https:\/\/ratp-connect.nexton-customers.com\/wp-content\/uploads\/2023\/11\/woman-smiling-holding-computer.png\" \/>\n\t<meta property=\"og:image:width\" content=\"476\" \/>\n\t<meta property=\"og:image:height\" content=\"510\" \/>\n\t<meta property=\"og:image:type\" content=\"image\/png\" \/>\n<meta name=\"twitter:card\" content=\"summary_large_image\" \/>\n<meta name=\"twitter:label1\" content=\"Dur\u00e9e de lecture estim\u00e9e\" \/>\n\t<meta name=\"twitter:data1\" content=\"3 minutes\" \/>\n<script type=\"application\/ld+json\" class=\"yoast-schema-graph\">{\"@context\":\"https:\\\/\\\/schema.org\",\"@graph\":[{\"@type\":\"WebPage\",\"@id\":\"https:\\\/\\\/ratp-connect.nexton-customers.com\\\/nos-solutions\\\/rse\\\/\",\"url\":\"https:\\\/\\\/ratp-connect.nexton-customers.com\\\/nos-solutions\\\/rse\\\/\",\"name\":\"Engagements RSE - RATP Connect\",\"isPartOf\":{\"@id\":\"https:\\\/\\\/ratp-connect.nexton-customers.com\\\/#website\"},\"primaryImageOfPage\":{\"@id\":\"https:\\\/\\\/ratp-connect.nexton-customers.com\\\/nos-solutions\\\/rse\\\/#primaryimage\"},\"image\":{\"@id\":\"https:\\\/\\\/ratp-connect.nexton-customers.com\\\/nos-solutions\\\/rse\\\/#primaryimage\"},\"thumbnailUrl\":\"https:\\\/\\\/ratpconnect.com\\\/wp-content\\\/uploads\\\/2023\\\/11\\\/woman-smiling-holding-computer.png\",\"datePublished\":\"2023-12-15T11:58:45+00:00\",\"dateModified\":\"2025-02-19T15:34:10+00:00\",\"description\":\"Notre mission ? \u00catre au service de la ville et de ses habitants. Nous innovons quotidiennement pour une connectivit\u00e9 durable et inclusive.\",\"breadcrumb\":{\"@id\":\"https:\\\/\\\/ratp-connect.nexton-customers.com\\\/nos-solutions\\\/rse\\\/#breadcrumb\"},\"inLanguage\":\"fr-FR\",\"potentialAction\":[{\"@type\":\"ReadAction\",\"target\":[\"https:\\\/\\\/ratp-connect.nexton-customers.com\\\/nos-solutions\\\/rse\\\/\"]}]},{\"@type\":\"ImageObject\",\"inLanguage\":\"fr-FR\",\"@id\":\"https:\\\/\\\/ratp-connect.nexton-customers.com\\\/nos-solutions\\\/rse\\\/#primaryimage\",\"url\":\"https:\\\/\\\/ratpconnect.com\\\/wp-content\\\/uploads\\\/2023\\\/11\\\/woman-smiling-holding-computer.png\",\"contentUrl\":\"https:\\\/\\\/ratpconnect.com\\\/wp-content\\\/uploads\\\/2023\\\/11\\\/woman-smiling-holding-computer.png\"},{\"@type\":\"BreadcrumbList\",\"@id\":\"https:\\\/\\\/ratp-connect.nexton-customers.com\\\/nos-solutions\\\/rse\\\/#breadcrumb\",\"itemListElement\":[{\"@type\":\"ListItem\",\"position\":1,\"name\":\"Accueil\",\"item\":\"https:\\\/\\\/ratp-connect.nexton-customers.com\\\/\"},{\"@type\":\"ListItem\",\"position\":2,\"name\":\"Nos solutions\",\"item\":\"https:\\\/\\\/ratp-connect.nexton-customers.com\\\/nos-solutions\\\/\"},{\"@type\":\"ListItem\",\"position\":3,\"name\":\"Engagements RSE\"}]},{\"@type\":\"WebSite\",\"@id\":\"https:\\\/\\\/ratp-connect.nexton-customers.com\\\/#website\",\"url\":\"https:\\\/\\\/ratp-connect.nexton-customers.com\\\/\",\"name\":\"RATP Cap \u00cele-de-France\",\"description\":\"\",\"publisher\":{\"@id\":\"https:\\\/\\\/ratp-connect.nexton-customers.com\\\/#organization\"},\"potentialAction\":[{\"@type\":\"SearchAction\",\"target\":{\"@type\":\"EntryPoint\",\"urlTemplate\":\"https:\\\/\\\/ratp-connect.nexton-customers.com\\\/?s={search_term_string}\"},\"query-input\":{\"@type\":\"PropertyValueSpecification\",\"valueRequired\":true,\"valueName\":\"search_term_string\"}}],\"inLanguage\":\"fr-FR\"},{\"@type\":\"Organization\",\"@id\":\"https:\\\/\\\/ratp-connect.nexton-customers.com\\\/#organization\",\"name\":\"RATP Cap \u00cele-de-France\",\"url\":\"https:\\\/\\\/ratp-connect.nexton-customers.com\\\/\",\"logo\":{\"@type\":\"ImageObject\",\"inLanguage\":\"fr-FR\",\"@id\":\"https:\\\/\\\/ratp-connect.nexton-customers.com\\\/#\\\/schema\\\/logo\\\/image\\\/\",\"url\":\"https:\\\/\\\/ratp-connect.nexton-customers.com\\\/wp-content\\\/uploads\\\/2024\\\/10\\\/LogosConnect.svg\",\"contentUrl\":\"https:\\\/\\\/ratp-connect.nexton-customers.com\\\/wp-content\\\/uploads\\\/2024\\\/10\\\/LogosConnect.svg\",\"caption\":\"RATP Cap \u00cele-de-France\"},\"image\":{\"@id\":\"https:\\\/\\\/ratp-connect.nexton-customers.com\\\/#\\\/schema\\\/logo\\\/image\\\/\"}}]}<\/script>\n<!-- \/ Yoast SEO plugin. -->","yoast_head_json":{"title":"Engagements RSE - RATP Connect","description":"Notre mission ? \u00catre au service de la ville et de ses habitants. Nous innovons quotidiennement pour une connectivit\u00e9 durable et inclusive.","robots":{"index":"noindex","follow":"follow","max-snippet":"max-snippet:-1","max-image-preview":"max-image-preview:large","max-video-preview":"max-video-preview:-1"},"og_locale":"fr_FR","og_type":"article","og_title":"Engagements RSE - RATP Connect","og_description":"Notre mission ? \u00catre au service de la ville et de ses habitants. Nous innovons quotidiennement pour une connectivit\u00e9 durable et inclusive.","og_url":"https:\/\/ratp-connect.nexton-customers.com\/fr\/nos-solutions\/rse\/","og_site_name":"RATP Connect","article_modified_time":"2025-02-19T15:34:10+00:00","og_image":[{"width":476,"height":510,"url":"https:\/\/ratp-connect.nexton-customers.com\/wp-content\/uploads\/2023\/11\/woman-smiling-holding-computer.png","type":"image\/png"}],"twitter_card":"summary_large_image","twitter_misc":{"Dur\u00e9e de lecture estim\u00e9e":"3 minutes"},"schema":{"@context":"https:\/\/schema.org","@graph":[{"@type":"WebPage","@id":"https:\/\/ratp-connect.nexton-customers.com\/nos-solutions\/rse\/","url":"https:\/\/ratp-connect.nexton-customers.com\/nos-solutions\/rse\/","name":"Engagements RSE - RATP Connect","isPartOf":{"@id":"https:\/\/ratp-connect.nexton-customers.com\/#website"},"primaryImageOfPage":{"@id":"https:\/\/ratp-connect.nexton-customers.com\/nos-solutions\/rse\/#primaryimage"},"image":{"@id":"https:\/\/ratp-connect.nexton-customers.com\/nos-solutions\/rse\/#primaryimage"},"thumbnailUrl":"https:\/\/ratpconnect.com\/wp-content\/uploads\/2023\/11\/woman-smiling-holding-computer.png","datePublished":"2023-12-15T11:58:45+00:00","dateModified":"2025-02-19T15:34:10+00:00","description":"Notre mission ? \u00catre au service de la ville et de ses habitants. Nous innovons quotidiennement pour une connectivit\u00e9 durable et inclusive.","breadcrumb":{"@id":"https:\/\/ratp-connect.nexton-customers.com\/nos-solutions\/rse\/#breadcrumb"},"inLanguage":"fr-FR","potentialAction":[{"@type":"ReadAction","target":["https:\/\/ratp-connect.nexton-customers.com\/nos-solutions\/rse\/"]}]},{"@type":"ImageObject","inLanguage":"fr-FR","@id":"https:\/\/ratp-connect.nexton-customers.com\/nos-solutions\/rse\/#primaryimage","url":"https:\/\/ratpconnect.com\/wp-content\/uploads\/2023\/11\/woman-smiling-holding-computer.png","contentUrl":"https:\/\/ratpconnect.com\/wp-content\/uploads\/2023\/11\/woman-smiling-holding-computer.png"},{"@type":"BreadcrumbList","@id":"https:\/\/ratp-connect.nexton-customers.com\/nos-solutions\/rse\/#breadcrumb","itemListElement":[{"@type":"ListItem","position":1,"name":"Accueil","item":"https:\/\/ratp-connect.nexton-customers.com\/"},{"@type":"ListItem","position":2,"name":"Nos solutions","item":"https:\/\/ratp-connect.nexton-customers.com\/nos-solutions\/"},{"@type":"ListItem","position":3,"name":"Engagements RSE"}]},{"@type":"WebSite","@id":"https:\/\/ratp-connect.nexton-customers.com\/#website","url":"https:\/\/ratp-connect.nexton-customers.com\/","name":"RATP Cap \u00cele-de-France","description":"","publisher":{"@id":"https:\/\/ratp-connect.nexton-customers.com\/#organization"},"potentialAction":[{"@type":"SearchAction","target":{"@type":"EntryPoint","urlTemplate":"https:\/\/ratp-connect.nexton-customers.com\/?s={search_term_string}"},"query-input":{"@type":"PropertyValueSpecification","valueRequired":true,"valueName":"search_term_string"}}],"inLanguage":"fr-FR"},{"@type":"Organization","@id":"https:\/\/ratp-connect.nexton-customers.com\/#organization","name":"RATP Cap \u00cele-de-France","url":"https:\/\/ratp-connect.nexton-customers.com\/","logo":{"@type":"ImageObject","inLanguage":"fr-FR","@id":"https:\/\/ratp-connect.nexton-customers.com\/#\/schema\/logo\/image\/","url":"https:\/\/ratp-connect.nexton-customers.com\/wp-content\/uploads\/2024\/10\/LogosConnect.svg","contentUrl":"https:\/\/ratp-connect.nexton-customers.com\/wp-content\/uploads\/2024\/10\/LogosConnect.svg","caption":"RATP Cap \u00cele-de-France"},"image":{"@id":"https:\/\/ratp-connect.nexton-customers.com\/#\/schema\/logo\/image\/"}}]}},"_links":{"self":[{"href":"https:\/\/ratp-connect.nexton-customers.com\/fr\/wp-json\/wp\/v2\/pages\/4027","targetHints":{"allow":["GET"]}}],"collection":[{"href":"https:\/\/ratp-connect.nexton-customers.com\/fr\/wp-json\/wp\/v2\/pages"}],"about":[{"href":"https:\/\/ratp-connect.nexton-customers.com\/fr\/wp-json\/wp\/v2\/types\/page"}],"author":[{"embeddable":true,"href":"https:\/\/ratp-connect.nexton-customers.com\/fr\/wp-json\/wp\/v2\/users\/7"}],"replies":[{"embeddable":true,"href":"https:\/\/ratp-connect.nexton-customers.com\/fr\/wp-json\/wp\/v2\/comments?post=4027"}],"version-history":[{"count":83,"href":"https:\/\/ratp-connect.nexton-customers.com\/fr\/wp-json\/wp\/v2\/pages\/4027\/revisions"}],"predecessor-version":[{"id":7312,"href":"https:\/\/ratp-connect.nexton-customers.com\/fr\/wp-json\/wp\/v2\/pages\/4027\/revisions\/7312"}],"up":[{"embeddable":true,"href":"https:\/\/ratp-connect.nexton-customers.com\/fr\/wp-json\/wp\/v2\/pages\/2"}],"wp:attachment":[{"href":"https:\/\/ratp-connect.nexton-customers.com\/fr\/wp-json\/wp\/v2\/media?parent=4027"}],"curies":[{"name":"wp","href":"https:\/\/api.w.org\/{rel}","templated":true}]}}