{"id":40,"date":"2023-10-16T16:20:22","date_gmt":"2023-10-16T14:20:22","guid":{"rendered":"https:\/\/ratp-connect.nexton-customers.com\/?page_id=40"},"modified":"2026-01-07T17:16:23","modified_gmt":"2026-01-07T15:16:23","slug":"qui-nous-sommes","status":"publish","type":"page","link":"https:\/\/ratp-connect.nexton-customers.com\/fr\/qui-nous-sommes\/","title":{"rendered":"Qui nous sommes"},"content":{"rendered":"<div class=\"gb-container gb-container-b1c17bf2 page-title\">\n\n<h1 class=\"wp-block-heading page-title__heading\"><span style=\"color:#000;\">RATP Connect<\/span>,<br>leader de la fibre noire en \u00cele-de-France<\/h1>\n\n<\/div>\n\n<div class=\"breadcrumbs align  wp-block-bcn-breadcrumb-trail has-text-color has-background\" vocab=\"https:\/\/schema.org\/\" typeof=\"BreadcrumbList\">\n\t<span><\/span>\n\t<span property=\"itemListElement\" typeof=\"ListItem\"><a property=\"item\" typeof=\"WebPage\" href=\"https:\/\/ratp-connect.nexton-customers.com\/fr\/\" class=\"home\" aria-current=\"page\"><span property=\"name\">Accueil<\/span><\/a><meta property=\"position\" content=\"1\"><\/span><\/div>\n\n\n<div class=\"gb-container gb-container-bbacd815 bandeau-intro\">\n<div class=\"gb-container gb-container-7387bdc5 bandeau-intro__inside\">\n\n<h2 class=\"wp-block-heading color-base-3 mb-0\"><strong>Au service du d\u00e9veloppement des territoires franciliens<\/strong><\/h2>\n\n\n\n<p class=\"color-base-3\">Convaincus de pouvoir s\u2019engager chaque jour pour une meilleure connectivit\u00e9 des territoires d\u2019\u00cele-de-France, RATP Connect relie la r\u00e9gion avec un r\u00e9seau dense de <a href=\"\/nos-solutions\/fibre-noire\/\"><strong>fibre noire<\/strong><\/a> abrit\u00e9 par les infrastructures de transport de la RATP. Sa mission ? Participer au d\u00e9veloppement des entreprises et \u00e0 l\u2019accompagnement des collectivit\u00e9s territoriales dans l\u2019exercice de leurs missions., elle participe au d\u00e9ploiement des r\u00e9seaux souterrains et \u00e0 l\u2019am\u00e9lioration de la connectivit\u00e9.<\/p>\n\n<\/div>\n<\/div>\n\n<div class=\"gb-container gb-container-c2e7a3f6 block-text-right\">\n<div class=\"gb-container gb-container-30002e44 block-text-right__container bg-base-3\">\n<div class=\"gb-container gb-container-256ea551 block-text-right__content\">\n<div class=\"gb-container gb-container-55ae4a9f block-text-right__section\">\n<div class=\"gb-container gb-container-d8fee079 block-text-right__heading\">\n\n<h2 class=\"wp-block-heading block-text-right__title\"><strong>Notre expertise au service de la transformation digitale<\/strong><\/h2>\n\n<\/div>\n\n<div class=\"gb-container gb-container-2e9af97e block-text-right__subsection\">\n\n<h3 class=\"wp-block-heading block-text-right__subtitle\">S\u2019engager pour une meilleure qualit\u00e9 de ville<\/h3>\n\n\n\n<p class=\"mb-0 block-text-right__description\">RATP CONNECT concr\u00e9tise son engagement aupr\u00e8s des entreprises gr\u00e2ce \u00e0 son r\u00e9seau \u00e0 tr\u00e8s haut d\u00e9bit qui rend possible l\u2019\u00e9mergence de services num\u00e9riques attractifs. Elle offre aux Franciliens des solutions pratiques et innovantes, comme la mobilit\u00e9 intelligente, la gestion de l&rsquo;\u00e9nergie, la s\u00e9curit\u00e9, les r\u00e9servations en ligne pour la sant\u00e9 ou la culture, et plus g\u00e9n\u00e9ralement, l\u2019acc\u00e8s aux services publics.<\/p>\n\n<\/div>\n\n<div class=\"gb-container gb-container-31e76b21 block-text-right__subsection\">\n\n<h3 class=\"wp-block-heading block-text-right__subtitle\">Favoriser l\u2019\u00e9mergence de nouveaux usages<\/h3>\n\n\n\n<p class=\"mb-0 block-text-right__description\">En construisant un r\u00e9seau de fibre optique, RATP CONNECT offre aux citoyens et aux salari\u00e9s une connectivit\u00e9 haut d\u00e9bit et fiable. Elle r\u00e9duit ainsi la fracture num\u00e9rique et facilite l\u2019acc\u00e8s \u00e0 des activit\u00e9s \u00e9mergentes telles que l&rsquo;\u00e9ducation en ligne, les plateformes de travail \u00e0 distance, les services de sant\u00e9 num\u00e9riques, les divertissements en ligne.<\/p>\n\n<\/div>\n<\/div>\n<\/div>\n<\/div>\n<\/div>\n\n<div class=\"gb-container gb-container-79c3ce57 block-img\">\n<div class=\"gb-container gb-container-6bba0a01 block-img__container\">\n<div class=\"gb-container gb-container-39b977c4 block-img__figure\">\n\n<figure class=\"gb-block-image gb-block-image-4408cc39\"><img loading=\"lazy\" decoding=\"async\" width=\"988\" height=\"560\" class=\"gb-image gb-image-4408cc39 block-img__image-wrapper box-shadow--rounded--terciary-015\" src=\"https:\/\/ratp-connect.nexton-customers.com\/wp-content\/uploads\/2024\/05\/ile-de-france-ratp.webp\" alt=\"\" title=\"ile-de-france-ratp\" srcset=\"https:\/\/ratp-connect.nexton-customers.com\/wp-content\/uploads\/2024\/05\/ile-de-france-ratp.webp 988w, https:\/\/ratp-connect.nexton-customers.com\/wp-content\/uploads\/2024\/05\/ile-de-france-ratp-300x170.webp 300w, https:\/\/ratp-connect.nexton-customers.com\/wp-content\/uploads\/2024\/05\/ile-de-france-ratp-768x435.webp 768w\" sizes=\"auto, (max-width: 988px) 100vw, 988px\" \/>\n<figcaption class=\"gb-headline gb-headline-1221606c gb-headline-text block-img__caption\"><\/figcaption>\n<\/figure>\n\n<\/div>\n<\/div>\n<\/div>\n\n<div class=\"gb-container gb-container-7a5510dd illu-background-container\">\n<div class=\"gb-container gb-container-e761851a illu-background-topcover\"><\/div>\n\n\n<figure class=\"wp-block-image size-full illustration-background-circle\"><img decoding=\"async\" src=\"https:\/\/ratp-connect.nexton-customers.com\/wp-content\/uploads\/2023\/12\/Forme_BG_Cercle_Right.svg\" alt=\"\" class=\"wp-image-3860\" style=\"object-fit:cover\"\/><\/figure>\n\n\n\n<figure class=\"wp-block-image size-full\"><img decoding=\"async\" src=\"https:\/\/ratp-connect.nexton-customers.com\/wp-content\/uploads\/2024\/03\/Forme_BG_Cercle_Left.svg\" alt=\"\" class=\"wp-image-5460\"\/><\/figure>\n\n<\/div>","protected":false},"excerpt":{"rendered":"<p>RATP Connect,leader de la fibre noire en \u00cele-de-France Au service du d\u00e9veloppement des territoires franciliens Convaincus de pouvoir s\u2019engager chaque jour pour une meilleure connectivit\u00e9 des territoires d\u2019\u00cele-de-France, RATP Connect relie la r\u00e9gion avec un r\u00e9seau dense de fibre noire abrit\u00e9 par les infrastructures de transport de la RATP. Sa mission ? Participer au d\u00e9veloppement &#8230; <a title=\"Qui nous sommes\" class=\"read-more\" href=\"https:\/\/ratp-connect.nexton-customers.com\/fr\/qui-nous-sommes\/\" aria-label=\"En savoir plus sur Qui nous sommes\">Lire plus<\/a><\/p>\n","protected":false},"author":7,"featured_media":0,"parent":0,"menu_order":0,"comment_status":"closed","ping_status":"closed","template":"","meta":{"footnotes":""},"class_list":["post-40","page","type-page","status-publish"],"yoast_head":"<!-- This site is optimized with the Yoast SEO plugin v27.3 - https:\/\/yoast.com\/product\/yoast-seo-wordpress\/ -->\n<title>Qui nous sommes - RATP Cap \u00cele-de-France<\/title>\n<meta name=\"description\" content=\"Filiale du groupe RATP experte des modes de transport collectifs, nous op\u00e9rons des r\u00e9seaux de transport public en \u00cele-de-France.\" \/>\n<meta name=\"robots\" content=\"noindex, follow, max-snippet:-1, max-image-preview:large, max-video-preview:-1\" \/>\n<meta property=\"og:locale\" content=\"fr_FR\" \/>\n<meta property=\"og:type\" content=\"article\" \/>\n<meta property=\"og:title\" content=\"Qui nous sommes - RATP Cap \u00cele-de-France\" \/>\n<meta property=\"og:description\" content=\"Filiale du groupe RATP experte des modes de transport collectifs, nous op\u00e9rons des r\u00e9seaux de transport public en \u00cele-de-France.\" \/>\n<meta property=\"og:url\" content=\"https:\/\/ratp-connect.nexton-customers.com\/fr\/qui-nous-sommes\/\" \/>\n<meta property=\"og:site_name\" content=\"RATP Connect\" \/>\n<meta property=\"article:modified_time\" content=\"2026-01-07T15:16:23+00:00\" \/>\n<meta property=\"og:image\" content=\"https:\/\/ratp-connect.nexton-customers.com\/wp-content\/uploads\/2024\/05\/ile-de-france-ratp.webp\" \/>\n<meta name=\"twitter:card\" content=\"summary_large_image\" \/>\n<meta name=\"twitter:label1\" content=\"Dur\u00e9e de lecture estim\u00e9e\" \/>\n\t<meta name=\"twitter:data1\" content=\"2 minutes\" \/>\n<script type=\"application\/ld+json\" class=\"yoast-schema-graph\">{\"@context\":\"https:\\\/\\\/schema.org\",\"@graph\":[{\"@type\":\"WebPage\",\"@id\":\"https:\\\/\\\/ratp-connect.nexton-customers.com\\\/qui-nous-sommes\\\/\",\"url\":\"https:\\\/\\\/ratp-connect.nexton-customers.com\\\/qui-nous-sommes\\\/\",\"name\":\"Qui nous sommes - RATP Cap \u00cele-de-France\",\"isPartOf\":{\"@id\":\"https:\\\/\\\/ratp-connect.nexton-customers.com\\\/#website\"},\"primaryImageOfPage\":{\"@id\":\"https:\\\/\\\/ratp-connect.nexton-customers.com\\\/qui-nous-sommes\\\/#primaryimage\"},\"image\":{\"@id\":\"https:\\\/\\\/ratp-connect.nexton-customers.com\\\/qui-nous-sommes\\\/#primaryimage\"},\"thumbnailUrl\":\"https:\\\/\\\/ratp-connect.nexton-customers.com\\\/wp-content\\\/uploads\\\/2024\\\/05\\\/ile-de-france-ratp.webp\",\"datePublished\":\"2023-10-16T14:20:22+00:00\",\"dateModified\":\"2026-01-07T15:16:23+00:00\",\"description\":\"Filiale du groupe RATP experte des modes de transport collectifs, nous op\u00e9rons des r\u00e9seaux de transport public en \u00cele-de-France.\",\"breadcrumb\":{\"@id\":\"https:\\\/\\\/ratp-connect.nexton-customers.com\\\/qui-nous-sommes\\\/#breadcrumb\"},\"inLanguage\":\"fr-FR\",\"potentialAction\":[{\"@type\":\"ReadAction\",\"target\":[\"https:\\\/\\\/ratp-connect.nexton-customers.com\\\/qui-nous-sommes\\\/\"]}]},{\"@type\":\"ImageObject\",\"inLanguage\":\"fr-FR\",\"@id\":\"https:\\\/\\\/ratp-connect.nexton-customers.com\\\/qui-nous-sommes\\\/#primaryimage\",\"url\":\"https:\\\/\\\/ratp-connect.nexton-customers.com\\\/wp-content\\\/uploads\\\/2024\\\/05\\\/ile-de-france-ratp.webp\",\"contentUrl\":\"https:\\\/\\\/ratp-connect.nexton-customers.com\\\/wp-content\\\/uploads\\\/2024\\\/05\\\/ile-de-france-ratp.webp\"},{\"@type\":\"BreadcrumbList\",\"@id\":\"https:\\\/\\\/ratp-connect.nexton-customers.com\\\/qui-nous-sommes\\\/#breadcrumb\",\"itemListElement\":[{\"@type\":\"ListItem\",\"position\":1,\"name\":\"Accueil\",\"item\":\"https:\\\/\\\/ratp-connect.nexton-customers.com\\\/\"},{\"@type\":\"ListItem\",\"position\":2,\"name\":\"Qui nous sommes\"}]},{\"@type\":\"WebSite\",\"@id\":\"https:\\\/\\\/ratp-connect.nexton-customers.com\\\/#website\",\"url\":\"https:\\\/\\\/ratp-connect.nexton-customers.com\\\/\",\"name\":\"RATP Cap \u00cele-de-France\",\"description\":\"\",\"publisher\":{\"@id\":\"https:\\\/\\\/ratp-connect.nexton-customers.com\\\/#organization\"},\"potentialAction\":[{\"@type\":\"SearchAction\",\"target\":{\"@type\":\"EntryPoint\",\"urlTemplate\":\"https:\\\/\\\/ratp-connect.nexton-customers.com\\\/?s={search_term_string}\"},\"query-input\":{\"@type\":\"PropertyValueSpecification\",\"valueRequired\":true,\"valueName\":\"search_term_string\"}}],\"inLanguage\":\"fr-FR\"},{\"@type\":\"Organization\",\"@id\":\"https:\\\/\\\/ratp-connect.nexton-customers.com\\\/#organization\",\"name\":\"RATP Cap \u00cele-de-France\",\"url\":\"https:\\\/\\\/ratp-connect.nexton-customers.com\\\/\",\"logo\":{\"@type\":\"ImageObject\",\"inLanguage\":\"fr-FR\",\"@id\":\"https:\\\/\\\/ratp-connect.nexton-customers.com\\\/#\\\/schema\\\/logo\\\/image\\\/\",\"url\":\"https:\\\/\\\/ratp-connect.nexton-customers.com\\\/wp-content\\\/uploads\\\/2024\\\/10\\\/LogosConnect.svg\",\"contentUrl\":\"https:\\\/\\\/ratp-connect.nexton-customers.com\\\/wp-content\\\/uploads\\\/2024\\\/10\\\/LogosConnect.svg\",\"caption\":\"RATP Cap \u00cele-de-France\"},\"image\":{\"@id\":\"https:\\\/\\\/ratp-connect.nexton-customers.com\\\/#\\\/schema\\\/logo\\\/image\\\/\"}}]}<\/script>\n<!-- \/ Yoast SEO plugin. -->","yoast_head_json":{"title":"Qui nous sommes - RATP Cap \u00cele-de-France","description":"Filiale du groupe RATP experte des modes de transport collectifs, nous op\u00e9rons des r\u00e9seaux de transport public en \u00cele-de-France.","robots":{"index":"noindex","follow":"follow","max-snippet":"max-snippet:-1","max-image-preview":"max-image-preview:large","max-video-preview":"max-video-preview:-1"},"og_locale":"fr_FR","og_type":"article","og_title":"Qui nous sommes - RATP Cap \u00cele-de-France","og_description":"Filiale du groupe RATP experte des modes de transport collectifs, nous op\u00e9rons des r\u00e9seaux de transport public en \u00cele-de-France.","og_url":"https:\/\/ratp-connect.nexton-customers.com\/fr\/qui-nous-sommes\/","og_site_name":"RATP Connect","article_modified_time":"2026-01-07T15:16:23+00:00","og_image":[{"url":"https:\/\/ratp-connect.nexton-customers.com\/wp-content\/uploads\/2024\/05\/ile-de-france-ratp.webp","type":"","width":"","height":""}],"twitter_card":"summary_large_image","twitter_misc":{"Dur\u00e9e de lecture estim\u00e9e":"2 minutes"},"schema":{"@context":"https:\/\/schema.org","@graph":[{"@type":"WebPage","@id":"https:\/\/ratp-connect.nexton-customers.com\/qui-nous-sommes\/","url":"https:\/\/ratp-connect.nexton-customers.com\/qui-nous-sommes\/","name":"Qui nous sommes - RATP Cap \u00cele-de-France","isPartOf":{"@id":"https:\/\/ratp-connect.nexton-customers.com\/#website"},"primaryImageOfPage":{"@id":"https:\/\/ratp-connect.nexton-customers.com\/qui-nous-sommes\/#primaryimage"},"image":{"@id":"https:\/\/ratp-connect.nexton-customers.com\/qui-nous-sommes\/#primaryimage"},"thumbnailUrl":"https:\/\/ratp-connect.nexton-customers.com\/wp-content\/uploads\/2024\/05\/ile-de-france-ratp.webp","datePublished":"2023-10-16T14:20:22+00:00","dateModified":"2026-01-07T15:16:23+00:00","description":"Filiale du groupe RATP experte des modes de transport collectifs, nous op\u00e9rons des r\u00e9seaux de transport public en \u00cele-de-France.","breadcrumb":{"@id":"https:\/\/ratp-connect.nexton-customers.com\/qui-nous-sommes\/#breadcrumb"},"inLanguage":"fr-FR","potentialAction":[{"@type":"ReadAction","target":["https:\/\/ratp-connect.nexton-customers.com\/qui-nous-sommes\/"]}]},{"@type":"ImageObject","inLanguage":"fr-FR","@id":"https:\/\/ratp-connect.nexton-customers.com\/qui-nous-sommes\/#primaryimage","url":"https:\/\/ratp-connect.nexton-customers.com\/wp-content\/uploads\/2024\/05\/ile-de-france-ratp.webp","contentUrl":"https:\/\/ratp-connect.nexton-customers.com\/wp-content\/uploads\/2024\/05\/ile-de-france-ratp.webp"},{"@type":"BreadcrumbList","@id":"https:\/\/ratp-connect.nexton-customers.com\/qui-nous-sommes\/#breadcrumb","itemListElement":[{"@type":"ListItem","position":1,"name":"Accueil","item":"https:\/\/ratp-connect.nexton-customers.com\/"},{"@type":"ListItem","position":2,"name":"Qui nous sommes"}]},{"@type":"WebSite","@id":"https:\/\/ratp-connect.nexton-customers.com\/#website","url":"https:\/\/ratp-connect.nexton-customers.com\/","name":"RATP Cap \u00cele-de-France","description":"","publisher":{"@id":"https:\/\/ratp-connect.nexton-customers.com\/#organization"},"potentialAction":[{"@type":"SearchAction","target":{"@type":"EntryPoint","urlTemplate":"https:\/\/ratp-connect.nexton-customers.com\/?s={search_term_string}"},"query-input":{"@type":"PropertyValueSpecification","valueRequired":true,"valueName":"search_term_string"}}],"inLanguage":"fr-FR"},{"@type":"Organization","@id":"https:\/\/ratp-connect.nexton-customers.com\/#organization","name":"RATP Cap \u00cele-de-France","url":"https:\/\/ratp-connect.nexton-customers.com\/","logo":{"@type":"ImageObject","inLanguage":"fr-FR","@id":"https:\/\/ratp-connect.nexton-customers.com\/#\/schema\/logo\/image\/","url":"https:\/\/ratp-connect.nexton-customers.com\/wp-content\/uploads\/2024\/10\/LogosConnect.svg","contentUrl":"https:\/\/ratp-connect.nexton-customers.com\/wp-content\/uploads\/2024\/10\/LogosConnect.svg","caption":"RATP Cap \u00cele-de-France"},"image":{"@id":"https:\/\/ratp-connect.nexton-customers.com\/#\/schema\/logo\/image\/"}}]}},"_links":{"self":[{"href":"https:\/\/ratp-connect.nexton-customers.com\/fr\/wp-json\/wp\/v2\/pages\/40","targetHints":{"allow":["GET"]}}],"collection":[{"href":"https:\/\/ratp-connect.nexton-customers.com\/fr\/wp-json\/wp\/v2\/pages"}],"about":[{"href":"https:\/\/ratp-connect.nexton-customers.com\/fr\/wp-json\/wp\/v2\/types\/page"}],"author":[{"embeddable":true,"href":"https:\/\/ratp-connect.nexton-customers.com\/fr\/wp-json\/wp\/v2\/users\/7"}],"replies":[{"embeddable":true,"href":"https:\/\/ratp-connect.nexton-customers.com\/fr\/wp-json\/wp\/v2\/comments?post=40"}],"version-history":[{"count":276,"href":"https:\/\/ratp-connect.nexton-customers.com\/fr\/wp-json\/wp\/v2\/pages\/40\/revisions"}],"predecessor-version":[{"id":7677,"href":"https:\/\/ratp-connect.nexton-customers.com\/fr\/wp-json\/wp\/v2\/pages\/40\/revisions\/7677"}],"wp:attachment":[{"href":"https:\/\/ratp-connect.nexton-customers.com\/fr\/wp-json\/wp\/v2\/media?parent=40"}],"curies":[{"name":"wp","href":"https:\/\/api.w.org\/{rel}","templated":true}]}}