{"id":2,"date":"2023-10-03T10:39:28","date_gmt":"2023-10-03T10:39:28","guid":{"rendered":"https:\/\/ratp-connect.nexton-customers.com\/?page_id=2"},"modified":"2025-07-03T14:09:39","modified_gmt":"2025-07-03T12:09:39","slug":"nos-solutions","status":"publish","type":"page","link":"https:\/\/ratp-connect.nexton-customers.com\/fr\/nos-solutions\/","title":{"rendered":"Nos solutions"},"content":{"rendered":"<div class=\"gb-container gb-container-b524ee38 page-title\">\n\n<h1 class=\"wp-block-heading page-title__heading\"><span style=\"color:#000;\">Nos solutions <\/span>fibre optique noire et h\u00e9bergement de proximit\u00e9&nbsp;<\/h1>\n\n<\/div>\n\n<div class=\"breadcrumbs align  wp-block-bcn-breadcrumb-trail has-text-color has-background\" vocab=\"https:\/\/schema.org\/\" typeof=\"BreadcrumbList\">\n\t<span><\/span>\n\t<span property=\"itemListElement\" typeof=\"ListItem\"><a property=\"item\" typeof=\"WebPage\" href=\"https:\/\/ratp-connect.nexton-customers.com\/fr\/\" class=\"home\" aria-current=\"page\"><span property=\"name\">Accueil<\/span><\/a><meta property=\"position\" content=\"1\"><\/span><\/div>\n\n\n<div class=\"gb-container gb-container-3a683f8a bandeau-intro\">\n<div class=\"gb-container gb-container-eb4741e8 bandeau-intro__inside\">\n\n<h2 class=\"wp-block-heading color-base-3\"><strong><strong>Proposer aux entreprises et op\u00e9rateurs d\u2019\u00cele-de-France des services de connectivit\u00e9 tr\u00e8s haut d\u00e9bit et d\u2019h\u00e9bergement local performant.<\/strong><\/strong><\/h2>\n\n\n\n<p class=\"color-base-3\">Filiale de la RATP et leader fran\u00e7ais de la fibre noire, RATP Connect d\u00e9ploie depuis plus de 20 ans le plus important r\u00e9seau optique d\u2019\u00cele-de-France \u00e0 partir des infrastructures du m\u00e9tro et du RER, et propose des solutions de Edge hosting souveraines, s\u00e9curis\u00e9es au sein des gares du Grand paris Express.<\/p>\n\n<\/div>\n<\/div>\n\n<div class=\"gb-container gb-container-8ef73ccb bloc-service\" role=\"list\">\n<div class=\"gb-container gb-container-e1a47746 bloc-service__item box-shadow--rounded--terciary-1\" role=\"listitem\">\n<div class=\"gb-container gb-container-51e26566 bloc-service__content bg-base-3\">\n\n<figure class=\"wp-block-image size-full bloc-service__image\"><img loading=\"lazy\" decoding=\"async\" width=\"1500\" height=\"1103\" src=\"https:\/\/ratp-connect.nexton-customers.com\/wp-content\/uploads\/2025\/07\/img.jpg\" alt=\"\" class=\"wp-image-7514\" srcset=\"https:\/\/ratp-connect.nexton-customers.com\/wp-content\/uploads\/2025\/07\/img.jpg 1500w, https:\/\/ratp-connect.nexton-customers.com\/wp-content\/uploads\/2025\/07\/img-300x221.jpg 300w, https:\/\/ratp-connect.nexton-customers.com\/wp-content\/uploads\/2025\/07\/img-1024x753.jpg 1024w, https:\/\/ratp-connect.nexton-customers.com\/wp-content\/uploads\/2025\/07\/img-768x565.jpg 768w, https:\/\/ratp-connect.nexton-customers.com\/wp-content\/uploads\/2025\/07\/img-16x12.jpg 16w\" sizes=\"auto, (max-width: 1500px) 100vw, 1500px\" \/><\/figure>\n\n\n<div class=\"gb-container gb-container-cfc22f90 bloc-service__text\">\n\n<h3 class=\"wp-block-heading bloc-service__title\">Une offre performante et personnalis\u00e9e<\/h3>\n\n\n\n<p class=\"bloc-service__description color-bleu-institutionnel\">Vous offrir un service performant et personnalis\u00e9 adapt\u00e9 \u00e0 vos besoins<\/p>\n\n<\/div>\n\n<div class=\"gb-container gb-container-193c1a69 bloc-service__action\">\n\n<a class=\"gb-button gb-button-a84d6bfc gb-button-text btn-link btn-link--primary bloc-service__link\" href=\"\/nos-solutions\/nos-offres-fibre-optique\/\" aria-label=\"Une offre performante et personnalis\u00e9e : d\u00e9couvrir la suite\"><strong>D\u00e9couvrir la suite<\/strong><\/a>\n\n<\/div>\n<\/div>\n<\/div>\n\n<div class=\"gb-container gb-container-79c49139 bloc-service__item box-shadow--rounded--secondary\" role=\"listitem\">\n<div class=\"gb-container gb-container-aa2eae21 bloc-service__content bg-base-3\">\n<div class=\"gb-container gb-container-c56a49d5 bloc-service__text\">\n\n<h3 class=\"wp-block-heading bloc-service__title\">Notre r\u00e9seau de fibre optique et de datacenters<\/h3>\n\n\n\n<p class=\"bloc-service__description color-bleu-institutionnel\">Vous garantir un point de raccordement au plus proche de votre activit\u00e9<\/p>\n\n<\/div>\n\n<div class=\"gb-container gb-container-e1507f81 bloc-service__action\">\n\n<a class=\"gb-button gb-button-0ea92b35 gb-button-text btn-link btn-link--primary bloc-service__link\" href=\"\/nos-solutions\/reseau-fibre-optique\/\" aria-label=\"Notre r\u00e9seau de fibre optique et de datacenters : d\u00e9couvrir la suite\"><strong>D\u00e9couvrir la suite<\/strong><\/a>\n\n<\/div>\n<\/div>\n<\/div>\n\n<div class=\"gb-container gb-container-21cc286e bloc-service__item box-shadow--rounded--terciary-1\" role=\"listitem\">\n<div class=\"gb-container gb-container-2a9f6662 bloc-service__content bg-base-3\">\n<div class=\"gb-container gb-container-657cb81f bloc-service__text\">\n\n<h3 class=\"wp-block-heading bloc-service__title\"><strong>La fibre noire, une technologie fiable et \u00e9conomique<\/strong><\/h3>\n\n\n\n<p class=\"bloc-service__description color-bleu-institutionnel\">Vous donner un acc\u00e8s \u00e0 tr\u00e8s haut d\u00e9bit pour connecter les lieux d\u2019innovation<\/p>\n\n<\/div>\n\n<div class=\"gb-container gb-container-a095d137 bloc-service__action\">\n\n<a class=\"gb-button gb-button-4adcf9c8 gb-button-text btn-link btn-link--primary bloc-service__link\" href=\"\/nos-solutions\/fibre-noire\/\" aria-label=\"La fibre noire, une technologie fiable et \u00e9conomique : d\u00e9couvrir la suite\"><strong>D\u00e9couvrir la suite<\/strong><\/a>\n\n<\/div>\n<\/div>\n<\/div>\n\n<div class=\"gb-container gb-container-50f79238 bloc-service__item box-shadow--rounded--secondary\" role=\"listitem\">\n<div class=\"gb-container gb-container-41fc21d4 bloc-service__content bg-base-3\">\n<div class=\"gb-container gb-container-9da8faa9 bloc-service__text\">\n\n<h3 class=\"wp-block-heading bloc-service__title\"><strong>Notre responsabilit\u00e9 sociale et environnementale<\/strong><\/h3>\n\n\n\n<p class=\"bloc-service__description color-bleu-institutionnel\">R\u00e9duire la fracture num\u00e9rique afin de favoriser l\u2019innovation, l\u2019inclusion et une activit\u00e9 plus responsable<\/p>\n\n<\/div>\n\n<div class=\"gb-container gb-container-5c63bf46 bloc-service__action\">\n\n<a class=\"gb-button gb-button-eda5d852 gb-button-text btn-link btn-link--primary bloc-service__link\" href=\"https:\/\/ratp-connect.nexton-customers.com\/fr\/nos-solutions\/rse\/\" aria-label=\"Notre responsabilit\u00e9 sociale et environnementale : d\u00e9couvrir la suite\"><strong>D\u00e9couvrir la suite<\/strong><\/a>\n\n<\/div>\n<\/div>\n<\/div>\n<\/div>\n\n<div class=\"gb-container gb-container-bf6d981e illu-background-container\">\n<div class=\"gb-container gb-container-ff36d9e5 illu-background-topcover\"><\/div>\n\n\n<figure class=\"wp-block-image size-full illustration-background-circle\"><img decoding=\"async\" src=\"https:\/\/ratp-connect.nexton-customers.com\/wp-content\/uploads\/2023\/12\/Forme_BG_Cercle_Right.svg\" alt=\"\" class=\"wp-image-3860\" style=\"object-fit:cover\"\/><\/figure>\n\n<\/div>","protected":false},"excerpt":{"rendered":"<p>Nos solutions fibre optique noire et h\u00e9bergement de proximit\u00e9&nbsp; Proposer aux entreprises et op\u00e9rateurs d\u2019\u00cele-de-France des services de connectivit\u00e9 tr\u00e8s haut d\u00e9bit et d\u2019h\u00e9bergement local performant. Filiale de la RATP et leader fran\u00e7ais de la fibre noire, RATP Connect d\u00e9ploie depuis plus de 20 ans le plus important r\u00e9seau optique d\u2019\u00cele-de-France \u00e0 partir des infrastructures &#8230; <a title=\"Nos solutions\" class=\"read-more\" href=\"https:\/\/ratp-connect.nexton-customers.com\/fr\/nos-solutions\/\" aria-label=\"En savoir plus sur Nos solutions\">Lire plus<\/a><\/p>\n","protected":false},"author":7,"featured_media":0,"parent":0,"menu_order":0,"comment_status":"closed","ping_status":"closed","template":"","meta":{"footnotes":""},"class_list":["post-2","page","type-page","status-publish"],"yoast_head":"<!-- This site is optimized with the Yoast SEO plugin v27.3 - https:\/\/yoast.com\/product\/yoast-seo-wordpress\/ -->\n<title>Op\u00e9rateur d&#039;infrastructure fibre optique : nos solutions - RATP Connect<\/title>\n<meta name=\"description\" content=\"Notre champ d\u2019intervention est vaste : r\u00e9ponse aux appels d\u2019offres, gestion de r\u00e9seaux, offre de transport sur mesure, service de maintenance.\" \/>\n<meta name=\"robots\" content=\"noindex, follow, max-snippet:-1, max-image-preview:large, max-video-preview:-1\" \/>\n<meta property=\"og:locale\" content=\"fr_FR\" \/>\n<meta property=\"og:type\" content=\"article\" \/>\n<meta property=\"og:title\" content=\"Op\u00e9rateur d&#039;infrastructure fibre optique : nos solutions - RATP Connect\" \/>\n<meta property=\"og:description\" content=\"Notre champ d\u2019intervention est vaste : r\u00e9ponse aux appels d\u2019offres, gestion de r\u00e9seaux, offre de transport sur mesure, service de maintenance.\" \/>\n<meta property=\"og:url\" content=\"https:\/\/ratp-connect.nexton-customers.com\/fr\/nos-solutions\/\" \/>\n<meta property=\"og:site_name\" content=\"RATP Connect\" \/>\n<meta property=\"article:modified_time\" content=\"2025-07-03T12:09:39+00:00\" \/>\n<meta property=\"og:image\" content=\"https:\/\/ratp-connect.nexton-customers.com\/wp-content\/uploads\/2025\/07\/img.jpg\" \/>\n\t<meta property=\"og:image:width\" content=\"1500\" \/>\n\t<meta property=\"og:image:height\" content=\"1103\" \/>\n\t<meta property=\"og:image:type\" content=\"image\/jpeg\" \/>\n<meta name=\"twitter:card\" content=\"summary_large_image\" \/>\n<meta name=\"twitter:label1\" content=\"Dur\u00e9e de lecture estim\u00e9e\" \/>\n\t<meta name=\"twitter:data1\" content=\"2 minutes\" \/>\n<script type=\"application\/ld+json\" class=\"yoast-schema-graph\">{\"@context\":\"https:\\\/\\\/schema.org\",\"@graph\":[{\"@type\":\"WebPage\",\"@id\":\"https:\\\/\\\/ratp-connect.nexton-customers.com\\\/nos-solutions\\\/\",\"url\":\"https:\\\/\\\/ratp-connect.nexton-customers.com\\\/nos-solutions\\\/\",\"name\":\"Op\u00e9rateur d'infrastructure fibre optique : nos solutions - RATP Connect\",\"isPartOf\":{\"@id\":\"https:\\\/\\\/ratp-connect.nexton-customers.com\\\/#website\"},\"primaryImageOfPage\":{\"@id\":\"https:\\\/\\\/ratp-connect.nexton-customers.com\\\/nos-solutions\\\/#primaryimage\"},\"image\":{\"@id\":\"https:\\\/\\\/ratp-connect.nexton-customers.com\\\/nos-solutions\\\/#primaryimage\"},\"thumbnailUrl\":\"https:\\\/\\\/ratp-connect.nexton-customers.com\\\/wp-content\\\/uploads\\\/2025\\\/07\\\/img.jpg\",\"datePublished\":\"2023-10-03T10:39:28+00:00\",\"dateModified\":\"2025-07-03T12:09:39+00:00\",\"description\":\"Notre champ d\u2019intervention est vaste : r\u00e9ponse aux appels d\u2019offres, gestion de r\u00e9seaux, offre de transport sur mesure, service de maintenance.\",\"breadcrumb\":{\"@id\":\"https:\\\/\\\/ratp-connect.nexton-customers.com\\\/nos-solutions\\\/#breadcrumb\"},\"inLanguage\":\"fr-FR\",\"potentialAction\":[{\"@type\":\"ReadAction\",\"target\":[\"https:\\\/\\\/ratp-connect.nexton-customers.com\\\/nos-solutions\\\/\"]}]},{\"@type\":\"ImageObject\",\"inLanguage\":\"fr-FR\",\"@id\":\"https:\\\/\\\/ratp-connect.nexton-customers.com\\\/nos-solutions\\\/#primaryimage\",\"url\":\"https:\\\/\\\/ratp-connect.nexton-customers.com\\\/wp-content\\\/uploads\\\/2025\\\/07\\\/img.jpg\",\"contentUrl\":\"https:\\\/\\\/ratp-connect.nexton-customers.com\\\/wp-content\\\/uploads\\\/2025\\\/07\\\/img.jpg\"},{\"@type\":\"BreadcrumbList\",\"@id\":\"https:\\\/\\\/ratp-connect.nexton-customers.com\\\/nos-solutions\\\/#breadcrumb\",\"itemListElement\":[{\"@type\":\"ListItem\",\"position\":1,\"name\":\"Accueil\",\"item\":\"https:\\\/\\\/ratp-connect.nexton-customers.com\\\/\"},{\"@type\":\"ListItem\",\"position\":2,\"name\":\"Nos solutions\"}]},{\"@type\":\"WebSite\",\"@id\":\"https:\\\/\\\/ratp-connect.nexton-customers.com\\\/#website\",\"url\":\"https:\\\/\\\/ratp-connect.nexton-customers.com\\\/\",\"name\":\"RATP Cap \u00cele-de-France\",\"description\":\"\",\"publisher\":{\"@id\":\"https:\\\/\\\/ratp-connect.nexton-customers.com\\\/#organization\"},\"potentialAction\":[{\"@type\":\"SearchAction\",\"target\":{\"@type\":\"EntryPoint\",\"urlTemplate\":\"https:\\\/\\\/ratp-connect.nexton-customers.com\\\/?s={search_term_string}\"},\"query-input\":{\"@type\":\"PropertyValueSpecification\",\"valueRequired\":true,\"valueName\":\"search_term_string\"}}],\"inLanguage\":\"fr-FR\"},{\"@type\":\"Organization\",\"@id\":\"https:\\\/\\\/ratp-connect.nexton-customers.com\\\/#organization\",\"name\":\"RATP Cap \u00cele-de-France\",\"url\":\"https:\\\/\\\/ratp-connect.nexton-customers.com\\\/\",\"logo\":{\"@type\":\"ImageObject\",\"inLanguage\":\"fr-FR\",\"@id\":\"https:\\\/\\\/ratp-connect.nexton-customers.com\\\/#\\\/schema\\\/logo\\\/image\\\/\",\"url\":\"https:\\\/\\\/ratp-connect.nexton-customers.com\\\/wp-content\\\/uploads\\\/2024\\\/10\\\/LogosConnect.svg\",\"contentUrl\":\"https:\\\/\\\/ratp-connect.nexton-customers.com\\\/wp-content\\\/uploads\\\/2024\\\/10\\\/LogosConnect.svg\",\"caption\":\"RATP Cap \u00cele-de-France\"},\"image\":{\"@id\":\"https:\\\/\\\/ratp-connect.nexton-customers.com\\\/#\\\/schema\\\/logo\\\/image\\\/\"}}]}<\/script>\n<!-- \/ Yoast SEO plugin. -->","yoast_head_json":{"title":"Op\u00e9rateur d'infrastructure fibre optique : nos solutions - RATP Connect","description":"Notre champ d\u2019intervention est vaste : r\u00e9ponse aux appels d\u2019offres, gestion de r\u00e9seaux, offre de transport sur mesure, service de maintenance.","robots":{"index":"noindex","follow":"follow","max-snippet":"max-snippet:-1","max-image-preview":"max-image-preview:large","max-video-preview":"max-video-preview:-1"},"og_locale":"fr_FR","og_type":"article","og_title":"Op\u00e9rateur d'infrastructure fibre optique : nos solutions - RATP Connect","og_description":"Notre champ d\u2019intervention est vaste : r\u00e9ponse aux appels d\u2019offres, gestion de r\u00e9seaux, offre de transport sur mesure, service de maintenance.","og_url":"https:\/\/ratp-connect.nexton-customers.com\/fr\/nos-solutions\/","og_site_name":"RATP Connect","article_modified_time":"2025-07-03T12:09:39+00:00","og_image":[{"width":1500,"height":1103,"url":"https:\/\/ratp-connect.nexton-customers.com\/wp-content\/uploads\/2025\/07\/img.jpg","type":"image\/jpeg"}],"twitter_card":"summary_large_image","twitter_misc":{"Dur\u00e9e de lecture estim\u00e9e":"2 minutes"},"schema":{"@context":"https:\/\/schema.org","@graph":[{"@type":"WebPage","@id":"https:\/\/ratp-connect.nexton-customers.com\/nos-solutions\/","url":"https:\/\/ratp-connect.nexton-customers.com\/nos-solutions\/","name":"Op\u00e9rateur d'infrastructure fibre optique : nos solutions - RATP Connect","isPartOf":{"@id":"https:\/\/ratp-connect.nexton-customers.com\/#website"},"primaryImageOfPage":{"@id":"https:\/\/ratp-connect.nexton-customers.com\/nos-solutions\/#primaryimage"},"image":{"@id":"https:\/\/ratp-connect.nexton-customers.com\/nos-solutions\/#primaryimage"},"thumbnailUrl":"https:\/\/ratp-connect.nexton-customers.com\/wp-content\/uploads\/2025\/07\/img.jpg","datePublished":"2023-10-03T10:39:28+00:00","dateModified":"2025-07-03T12:09:39+00:00","description":"Notre champ d\u2019intervention est vaste : r\u00e9ponse aux appels d\u2019offres, gestion de r\u00e9seaux, offre de transport sur mesure, service de maintenance.","breadcrumb":{"@id":"https:\/\/ratp-connect.nexton-customers.com\/nos-solutions\/#breadcrumb"},"inLanguage":"fr-FR","potentialAction":[{"@type":"ReadAction","target":["https:\/\/ratp-connect.nexton-customers.com\/nos-solutions\/"]}]},{"@type":"ImageObject","inLanguage":"fr-FR","@id":"https:\/\/ratp-connect.nexton-customers.com\/nos-solutions\/#primaryimage","url":"https:\/\/ratp-connect.nexton-customers.com\/wp-content\/uploads\/2025\/07\/img.jpg","contentUrl":"https:\/\/ratp-connect.nexton-customers.com\/wp-content\/uploads\/2025\/07\/img.jpg"},{"@type":"BreadcrumbList","@id":"https:\/\/ratp-connect.nexton-customers.com\/nos-solutions\/#breadcrumb","itemListElement":[{"@type":"ListItem","position":1,"name":"Accueil","item":"https:\/\/ratp-connect.nexton-customers.com\/"},{"@type":"ListItem","position":2,"name":"Nos solutions"}]},{"@type":"WebSite","@id":"https:\/\/ratp-connect.nexton-customers.com\/#website","url":"https:\/\/ratp-connect.nexton-customers.com\/","name":"RATP Cap \u00cele-de-France","description":"","publisher":{"@id":"https:\/\/ratp-connect.nexton-customers.com\/#organization"},"potentialAction":[{"@type":"SearchAction","target":{"@type":"EntryPoint","urlTemplate":"https:\/\/ratp-connect.nexton-customers.com\/?s={search_term_string}"},"query-input":{"@type":"PropertyValueSpecification","valueRequired":true,"valueName":"search_term_string"}}],"inLanguage":"fr-FR"},{"@type":"Organization","@id":"https:\/\/ratp-connect.nexton-customers.com\/#organization","name":"RATP Cap \u00cele-de-France","url":"https:\/\/ratp-connect.nexton-customers.com\/","logo":{"@type":"ImageObject","inLanguage":"fr-FR","@id":"https:\/\/ratp-connect.nexton-customers.com\/#\/schema\/logo\/image\/","url":"https:\/\/ratp-connect.nexton-customers.com\/wp-content\/uploads\/2024\/10\/LogosConnect.svg","contentUrl":"https:\/\/ratp-connect.nexton-customers.com\/wp-content\/uploads\/2024\/10\/LogosConnect.svg","caption":"RATP Cap \u00cele-de-France"},"image":{"@id":"https:\/\/ratp-connect.nexton-customers.com\/#\/schema\/logo\/image\/"}}]}},"_links":{"self":[{"href":"https:\/\/ratp-connect.nexton-customers.com\/fr\/wp-json\/wp\/v2\/pages\/2","targetHints":{"allow":["GET"]}}],"collection":[{"href":"https:\/\/ratp-connect.nexton-customers.com\/fr\/wp-json\/wp\/v2\/pages"}],"about":[{"href":"https:\/\/ratp-connect.nexton-customers.com\/fr\/wp-json\/wp\/v2\/types\/page"}],"author":[{"embeddable":true,"href":"https:\/\/ratp-connect.nexton-customers.com\/fr\/wp-json\/wp\/v2\/users\/7"}],"replies":[{"embeddable":true,"href":"https:\/\/ratp-connect.nexton-customers.com\/fr\/wp-json\/wp\/v2\/comments?post=2"}],"version-history":[{"count":59,"href":"https:\/\/ratp-connect.nexton-customers.com\/fr\/wp-json\/wp\/v2\/pages\/2\/revisions"}],"predecessor-version":[{"id":7516,"href":"https:\/\/ratp-connect.nexton-customers.com\/fr\/wp-json\/wp\/v2\/pages\/2\/revisions\/7516"}],"wp:attachment":[{"href":"https:\/\/ratp-connect.nexton-customers.com\/fr\/wp-json\/wp\/v2\/media?parent=2"}],"curies":[{"name":"wp","href":"https:\/\/api.w.org\/{rel}","templated":true}]}}