{"id":1652,"date":"2023-11-10T15:08:04","date_gmt":"2023-11-10T13:08:04","guid":{"rendered":"https:\/\/ratp-connect.nexton-customers.com\/?page_id=1652"},"modified":"2025-02-19T17:34:57","modified_gmt":"2025-02-19T15:34:57","slug":"accessibilite","status":"publish","type":"page","link":"https:\/\/ratp-connect.nexton-customers.com\/fr\/accessibilite\/","title":{"rendered":"Accessibilit\u00e9"},"content":{"rendered":"<div class=\"gb-container gb-container-3edcafd2 page-title\">\n\n<h1 class=\"wp-block-heading page-title__heading\">Accessibilit\u00e9<\/h1>\n\n<\/div>\n\n<div class=\"breadcrumbs align  wp-block-bcn-breadcrumb-trail has-text-color has-background\" vocab=\"https:\/\/schema.org\/\" typeof=\"BreadcrumbList\">\n\t<span><\/span>\n\t<span property=\"itemListElement\" typeof=\"ListItem\"><a property=\"item\" typeof=\"WebPage\" href=\"https:\/\/ratp-connect.nexton-customers.com\/fr\/\" class=\"home\" aria-current=\"page\"><span property=\"name\">Accueil<\/span><\/a><meta property=\"position\" content=\"1\"><\/span><\/div>\n\n\n<div class=\"gb-container gb-container-951e5c43 block-text-left border-line-full-page--left--bleu-institutionnel\">\n<div class=\"gb-container gb-container-48349690 block-text-left__container bg-base-3\">\n<div class=\"gb-container gb-container-64329821 block-text-left__content\">\n<div class=\"gb-container gb-container-7b6cfcd1 block-text-left__section\">\n\n<p class=\"mb-0 block-text-left__description\">Cette page pr\u00e9sente nos engagements en mati\u00e8re d\u2019accessibilit\u00e9 num\u00e9rique puis d\u00e9finit le niveau de conformit\u00e9 de ce pr\u00e9sent site \u00e0 la r\u00e9glementation et aux r\u00e9f\u00e9rentiels en vigueur.<\/p>\n\n\n<div class=\"gb-container gb-container-8312ecd9 block-text-left__subsection\">\n\n<h2 class=\"wp-block-heading block-text-left__title\">Qu\u2019est-ce que l\u2019accessibilit\u00e9 num\u00e9rique ?<\/h2>\n\n\n\n<p class=\"mb-0 block-text-left__description\">L\u2019accessibilit\u00e9 num\u00e9rique est un ensemble de r\u00e8gles et de bonnes pratiques qui couvrent notamment les aspects fonctionnels, graphiques, techniques et \u00e9ditoriaux.<br>Le suivi de ces r\u00e8gles et bonnes pratiques permet de s\u2019assurer que les supports num\u00e9riques (sites web, applications mobiles,  documents PDF, etc.) sont accessibles aux personnes handicap\u00e9es.<br>Un site accessible permet par exemple de :<\/p>\n\n\n\n<ul class=\"wp-block-list block__list\">\n<li class=\"block__list-item arrow-icon--primary\">Personnaliser son affichage via le syst\u00e8me d\u2019exploitation et\/ou le navigateur (agrandissement ou r\u00e9tr\u00e9cissement des caract\u00e8res, changement de la typographie, modification des couleurs, arr\u00eat des animations, etc.)<\/li>\n\n\n\n<li class=\"block__list-item arrow-icon--primary\">Naviguer \u00e0 l\u2019aide de technologies d\u2019assistance comme une synth\u00e8se vocale ou une plage braille.<\/li>\n\n\n\n<li class=\"block__list-item arrow-icon--primary\">Naviguer sans utiliser la souris, avec le clavier uniquement, des contacteurs ou via un \u00e9cran tactile.<\/li>\n\n\n\n<li class=\"block__list-item arrow-icon--primary\">Consulter les vid\u00e9os et les contenus audio \u00e0 l\u2019aide de sous-titres et\/ou de transcriptions.<\/li>\n\n\n\n<li class=\"block__list-item arrow-icon--primary\">Etc.<\/li>\n<\/ul>\n\n<\/div>\n\n<div class=\"gb-container gb-container-07b77110 block-text-left__subsection\">\n\n<h2 class=\"wp-block-heading block-text-left__title\">Engagements d\u2019accessibilit\u00e9 num\u00e9rique<\/h2>\n\n\n\n<p class=\"block-text-left__description\">RATP Connect s&rsquo;engage \u00e0 rendre accessibles ses sites web (internet, intranet et extranet), ses applications mobiles, ses progiciels et son mobilier urbain num\u00e9rique conform\u00e9ment \u00e0 l&rsquo;<a href=\"https:\/\/www.legifrance.gouv.fr\/loda\/article_lc\/LEGIARTI000037388867\">article 47 de la loi n\u00b02005-102 du 11 f\u00e9vrier 2005<\/a>.<br>Afin d&rsquo;obtenir le meilleur r\u00e9sultat possible, l&rsquo;accessibilit\u00e9 est prise en compte par l&rsquo;ensemble des \u00e9quipes (conception fonctionnelle et graphique, d\u00e9veloppement, contribution, etc.) tout au long de la r\u00e9alisation et de la maintenance des sites web.<br>Ces m\u00eames \u00e9quipes sont accompagn\u00e9es par la soci\u00e9t\u00e9 d&rsquo;expertise en accessibilit\u00e9 Ideance, entre autre pour des<\/p>\n\n\n\n<ul class=\"wp-block-list block__list\">\n<li class=\"block__list-item arrow-icon--primary\">Conseils et recettes tout au long de la r\u00e9alisation des supports num\u00e9riques<\/li>\n\n\n\n<li class=\"block__list-item arrow-icon--primary\">Audit de conformit\u00e9 au RGAA (R\u00e9f\u00e9rentiel G\u00e9n\u00e9ral d&rsquo;Am\u00e9lioration d&rsquo;Accessibilit\u00e9)<\/li>\n\n\n\n<li class=\"block__list-item arrow-icon--primary\">Appui \u00e0 la r\u00e9daction de documents l\u00e9gaux, tels que la d\u00e9claration de conformit\u00e9 au RGAA<\/li>\n<\/ul>\n\n<\/div>\n\n<div class=\"gb-container gb-container-46227618\">\n\n<h2 class=\"wp-block-heading block-text-left__title\">D\u00e9claration de non- conformit\u00e9 au RGAA<\/h2>\n\n\n\n<h3 class=\"wp-block-heading block-text-left__subtitle color-secondary\">\u00c9tat de conformit\u00e9<\/h3>\n\n\n\n<p class=\"block-text-left__description\">Ce pr\u00e9sent site est partiellement conforme avec le <a href=\"https:\/\/accessibilite.numerique.gouv.fr\/\" class=\"color-bleu-institutionnel\">RGAA (R\u00e9f\u00e9rentiel G\u00e9n\u00e9ral d\u2019Am\u00e9lioration de l\u2019Accessibilit\u00e9)<\/a> &#8211; version 4.1.2 en raison des non-conformit\u00e9s \u00e9num\u00e9r\u00e9es ci-apr\u00e8s.<\/p>\n\n\n\n<h3 class=\"wp-block-heading block-text-left__subtitle color-secondary\">R\u00e9sultat des tests<\/h3>\n\n\n\n<p class=\"block-text-left__description\">L\u2019audit de conformit\u00e9 au RGAA version 4.1.2 r\u00e9alis\u00e9 en f\u00e9vrier 2024 par la soci\u00e9t\u00e9 <a href=\"https:\/\/ideance.net\/fr\/\" class=\"color-bleu-institutionnel\">Ideance<\/a> r\u00e9v\u00e8le que sur l\u2019\u00e9chantillon&nbsp;: <\/p>\n\n\n\n<ul class=\"wp-block-list block__list\">\n<li class=\"block__list-item arrow-icon--primary\">Le taux de conformit\u00e9 global est de 94%. Obtenu en divisant le nombre de crit\u00e8res conformes par le nombre de crit\u00e8res applicables.<br><\/li>\n\n\n\n<li class=\"block__list-item arrow-icon--primary\">Le taux de conformit\u00e9 moyen est de 94,1%. Obtenu en faisant la moyenne des taux de conformit\u00e9 de chaque page.<\/li>\n<\/ul>\n\n\n\n<p class=\"block-text-left__description\">Les autres sites ou applications \u00e9dit\u00e9s par RATP Connect sont r\u00e9gis par leurs propres mentions l\u00e9gales et conditions d\u2019utilisation.<\/p>\n\n\n\n<h3 class=\"wp-block-heading block-text-left__subtitle color-secondary\">Contenus non accessibles <\/h3>\n\n\n\n<h4 class=\"wp-block-heading has-bleu-institutionnel-color has-text-color has-link-color has-medium-font-size wp-elements-b52d00fd0ca406f8ff1f3cd025f908e4\"><strong>Non-conformit\u00e9s<\/strong><\/h4>\n\n\n\n<p class=\"block-text-left__description\">Liste des crit\u00e8res non conformes : <\/p>\n\n\n\n<ul class=\"wp-block-list block__list\">\n<li class=\"block__list-item arrow-icon--primary\"><strong>8.9<\/strong> &#8211; La balise de navigation principale est vide et pr\u00e9sente dans le code source lorsque le menu de navigation principal est ferm\u00e9 sur un environnement mobile.<br> <\/li>\n\n\n\n<li class=\"block__list-item arrow-icon--primary\"><strong>10.11<\/strong> &#8211; Les contenus ne sont pas enti\u00e8rement lisibles sur une fen\u00eatre ayant une largeur de 320px. C&rsquo;est le cas notamment pour le score de l&rsquo;\u00e9coindex, certains textes de la page \u00ab Mentions l\u00e9gales \u00bb et le lien \u00ab Mentions l\u00e9gales \u00bb situ\u00e9 en bas de page.<br><\/li>\n\n\n\n<li class=\"block__list-item arrow-icon--primary\"><strong>10.12<\/strong> &#8211; Des propri\u00e9t\u00e9s d\u2019espacement du texte ne peuvent pas \u00eatre red\u00e9finies sans perte de contenu ou de fonctionnalit\u00e9 pour le texte de l\u2019encart \u00ab&nbsp;\u00e9coindex&nbsp;\u00bb et le texte pr\u00e9sent dans l\u2019encart \u00ab&nbsp;La puissance et la fiabilit\u00e9 du r\u00e9seau RATP Connect&nbsp;\u00bb.<\/li>\n<\/ul>\n\n\n\n<h4 class=\"wp-block-heading has-bleu-institutionnel-color has-text-color has-link-color has-medium-font-size wp-elements-15d5f5344a31cbb1e58b7bff5eb348a2\"><strong><strong>Contenus non soumis \u00e0 l\u2019obligation d\u2019accessibilit\u00e9<\/strong><\/strong><\/h4>\n\n\n\n<p class=\"block-text-left__description\">Le gestionnaire de cookies \u00ab CookieBot \u00bb et le syst\u00e8me de s\u00e9curit\u00e9 \u00ab Cloudflare \u00bb ont \u00e9t\u00e9 exempt\u00e9s.<br>Ils n&rsquo;ont donc pas fait l&rsquo;objet d&rsquo;un audit complet et d\u00e9taill\u00e9.<br>Toutefois, il a \u00e9t\u00e9 v\u00e9rifi\u00e9 que leur pr\u00e9sence n&rsquo;entrave pas l&rsquo;utilisation et la consultation du reste du site.<\/p>\n\n\n\n<h3 class=\"wp-block-heading block-text-left__subtitle color-secondary\">\u00c9tablissement de cette d\u00e9claration<\/h3>\n\n\n\n<p class=\"block-text-left__description\">Cette d\u00e9claration a \u00e9t\u00e9 \u00e9tablie le 19\/02\/2024.<\/p>\n\n\n\n<h4 class=\"wp-block-heading has-bleu-institutionnel-color has-text-color has-link-color has-medium-font-size wp-elements-5be62d6d4f2430bd3901c824b88fdde2\"><strong><strong><strong>Technologies utilis\u00e9es pour la r\u00e9alisation du site<\/strong><\/strong><\/strong><\/h4>\n\n\n\n<ul class=\"wp-block-list block__list\">\n<li class=\"block__list-item arrow-icon--primary\">HTML5<\/li>\n\n\n\n<li class=\"block__list-item arrow-icon--primary\">SVG<\/li>\n\n\n\n<li class=\"block__list-item arrow-icon--primary\">ARIA<\/li>\n\n\n\n<li class=\"block__list-item arrow-icon--primary\">CSS<\/li>\n\n\n\n<li class=\"block__list-item arrow-icon--primary\">JavaScript<\/li>\n<\/ul>\n\n\n\n<h4 class=\"wp-block-heading has-medium-font-size\"><strong><strong><strong><strong>Environnement de test<\/strong><\/strong><\/strong><\/strong><\/h4>\n\n\n\n<p class=\"block-text-left__description\">Les tests ont \u00e9t\u00e9 effectu\u00e9s avec les combinaisons de navigateur web et lecteur d\u2019\u00e9cran suivantes : <\/p>\n\n\n\n<ul class=\"wp-block-list block__list\">\n<li class=\"block__list-item arrow-icon--primary\">Firefox (122.0.1) \/ Windows (11) et NVDA (2023.3.3) <\/li>\n\n\n\n<li class=\"block__list-item arrow-icon--primary\">Firefox (122.0.1) \/ Windows (11) et JAWS (2023)<\/li>\n\n\n\n<li class=\"block__list-item arrow-icon--primary\">Safari \/ macOS (17.3) et VoiceOver (17.3)<\/li>\n\n\n\n<li class=\"block__list-item arrow-icon--primary\">Safari \/ iOS (17.3) et VoiceOver (17.3)<\/li>\n<\/ul>\n\n\n\n<h4 class=\"wp-block-heading has-medium-font-size\"><strong><strong><strong><strong><strong>Outils pour \u00e9valuer l\u2019accessibilit\u00e9<\/strong><\/strong><\/strong><\/strong><\/strong> <\/h4>\n\n\n\n<ul class=\"wp-block-list block__list\">\n<li class=\"block__list-item arrow-icon--primary\">Colour Contrast Analyser<\/li>\n\n\n\n<li class=\"block__list-item arrow-icon--primary\">Contrast Finder<\/li>\n\n\n\n<li class=\"block__list-item arrow-icon--primary\">Outils de d\u00e9veloppement Firefox<\/li>\n\n\n\n<li class=\"block__list-item arrow-icon--primary\">Web Developer (extension Firefox)<\/li>\n<\/ul>\n\n\n\n<h4 class=\"wp-block-heading has-medium-font-size\"><strong>Pages du site ayant fait l\u2019objet de la v\u00e9rification de conformit\u00e9<\/strong><\/h4>\n\n\n\n<ul class=\"wp-block-list block__list\">\n<li class=\"block__list-item arrow-icon--primary\"><a href=\"https:\/\/ratp-connect.nexton-customers.com\/\">Accueil<\/a><\/li>\n\n\n\n<li class=\"block__list-item arrow-icon--primary\"><a href=\"https:\/\/ratp-connect.nexton-customers.com\/contactez-nous\/\">Contact<\/a><\/li>\n\n\n\n<li class=\"block__list-item arrow-icon--primary\"><a href=\"https:\/\/ratp-connect.nexton-customers.com\/mentions-legales\/\">Mentions l\u00e9gales<\/a><\/li>\n\n\n\n<li class=\"block__list-item arrow-icon--primary\"><a href=\"https:\/\/ratp-connect.nexton-customers.com\/accessibilite\/\">Accessibilit\u00e9<\/a><\/li>\n\n\n\n<li class=\"block__list-item arrow-icon--primary\"><a href=\"https:\/\/ratp-connect.nexton-customers.com\/nos-solutions\/\">Nos solutions<\/a><\/li>\n\n\n\n<li class=\"block__list-item arrow-icon--primary\"><a href=\"https:\/\/ratp-connect.nexton-customers.com\/nos-solutions\/nos-offres-fibre-optique\/\">Page solution<\/a><\/li>\n\n\n\n<li class=\"block__list-item arrow-icon--primary\"><a href=\"https:\/\/ratp-connect.nexton-customers.com\/fr\/qui-nous-sommes\/\">Qui sommes-nous<\/a><\/li>\n\n\n\n<li class=\"block__list-item arrow-icon--primary\"><a href=\"https:\/\/ratp-connect.nexton-customers.com\/rejoignez-nous\/\">Recrutement<\/a><\/li>\n<\/ul>\n\n\n\n<h2 class=\"wp-block-heading block-text-left__title\">Retour d\u2019information et contact<\/h2>\n\n\n\n<p class=\"block-text-left__description\">Si vous n\u2019arrivez pas \u00e0 acc\u00e9der \u00e0 un contenu ou \u00e0 un service de ce site, vous pouvez nous contacter via un des moyens ci-dessous pour \u00eatre orient\u00e9 vers une alternative accessible ou obtenir le contenu sous une autre forme.<\/p>\n\n\n\n<ul class=\"wp-block-list block__list\">\n<li class=\"block__list-item arrow-icon--primary\">Envoyez-nous un message via <a class=\"color-bleu-institutionnel\" href=\"https:\/\/ratp-connect.nexton-customers.com\/contactez-nous\/\"><strong>notre formulaire de contact.<\/strong><\/a><\/li>\n\n\n\n<li class=\"block__list-item arrow-icon--primary\">\u00c9crivez-nous \u00e0 l\u2019adresse email : <a class=\"color-bleu-institutionnel\" href=\"mailto:contact@ratpconnect.com\">contact@ratpconnect.com<\/a><\/li>\n\n\n\n<li class=\"block__list-item arrow-icon--primary\">Appelez-nous au 01 58 76 19 84<\/li>\n\n\n\n<li class=\"block__list-item arrow-icon--primary\">\u00c9crivez-nous par voie postale \u00e0 l\u2019adresse suivante :<br>RATP Connect<br>6, avenue Montaigne 93160 Noisy-le-Grand<\/li>\n<\/ul>\n\n<\/div>\n\n<div class=\"gb-container gb-container-d3f6ad1e block-text-left__subsection\">\n\n<h2 class=\"wp-block-heading block-text-left__title\">Voies de recours<\/h2>\n\n\n\n<p class=\"block-text-left__description\">Cette proc\u00e9dure est \u00e0 utiliser dans le cas suivant.<\/p>\n\n\n\n<p class=\"block-text-left__description\">Vous avez signal\u00e9 au responsable du site internet un d\u00e9faut d\u2019accessibilit\u00e9 qui vous emp\u00eache d\u2019acc\u00e9der \u00e0 un contenu ou \u00e0 un des services et vous n\u2019avez pas obtenu de r\u00e9ponse satisfaisante.<\/p>\n\n\n\n<ul class=\"wp-block-list block__list\">\n<li class=\"block__list-item arrow-icon--primary\"><a class=\"color-bleu-institutionnel\" href=\"https:\/\/formulaire.defenseurdesdroits.fr\/code\/afficher.php?ETAPE=accueil_2016\">\u00c9crire un message au D\u00e9fenseur des droits.<\/a><\/li>\n\n\n\n<li class=\"block__list-item arrow-icon--primary\"><a class=\"color-bleu-institutionnel\" href=\"https:\/\/www.defenseurdesdroits.fr\/saisir\/delegues\">Contacter le d\u00e9l\u00e9gu\u00e9 du D\u00e9fenseur des droits dans votre r\u00e9gion.<\/a><\/li>\n\n\n\n<li class=\"block__list-item arrow-icon--primary\">Envoyer un courrier par la poste (gratuit, ne pas mettre de timbre) \u00e0 l\u2019adresse<br>suivante :<br>D\u00e9fenseur des droits<br>Libre r\u00e9ponse 71120<br>75342 Paris CEDEX 07<\/li>\n<\/ul>\n\n<\/div>\n<\/div>\n<\/div>\n<\/div>\n<\/div>","protected":false},"excerpt":{"rendered":"<p>Accessibilit\u00e9 Cette page pr\u00e9sente nos engagements en mati\u00e8re d\u2019accessibilit\u00e9 num\u00e9rique puis d\u00e9finit le niveau de conformit\u00e9 de ce pr\u00e9sent site \u00e0 la r\u00e9glementation et aux r\u00e9f\u00e9rentiels en vigueur. Qu\u2019est-ce que l\u2019accessibilit\u00e9 num\u00e9rique ? L\u2019accessibilit\u00e9 num\u00e9rique est un ensemble de r\u00e8gles et de bonnes pratiques qui couvrent notamment les aspects fonctionnels, graphiques, techniques et \u00e9ditoriaux.Le suivi &#8230; <a title=\"Accessibilit\u00e9\" class=\"read-more\" href=\"https:\/\/ratp-connect.nexton-customers.com\/fr\/accessibilite\/\" aria-label=\"En savoir plus sur Accessibilit\u00e9\">Lire plus<\/a><\/p>\n","protected":false},"author":7,"featured_media":0,"parent":0,"menu_order":0,"comment_status":"closed","ping_status":"closed","template":"","meta":{"footnotes":""},"class_list":["post-1652","page","type-page","status-publish"],"yoast_head":"<!-- This site is optimized with the Yoast SEO plugin v27.3 - https:\/\/yoast.com\/product\/yoast-seo-wordpress\/ -->\n<title>Accessibilit\u00e9 - RATP Connect<\/title>\n<meta name=\"robots\" content=\"noindex, follow, max-snippet:-1, max-image-preview:large, max-video-preview:-1\" \/>\n<meta property=\"og:locale\" content=\"fr_FR\" \/>\n<meta property=\"og:type\" content=\"article\" \/>\n<meta property=\"og:title\" content=\"Accessibilit\u00e9 - RATP Connect\" \/>\n<meta property=\"og:description\" content=\"Accessibilit\u00e9 Cette page pr\u00e9sente nos engagements en mati\u00e8re d\u2019accessibilit\u00e9 num\u00e9rique puis d\u00e9finit le niveau de conformit\u00e9 de ce pr\u00e9sent site \u00e0 la r\u00e9glementation et aux r\u00e9f\u00e9rentiels en vigueur. Qu\u2019est-ce que l\u2019accessibilit\u00e9 num\u00e9rique ? L\u2019accessibilit\u00e9 num\u00e9rique est un ensemble de r\u00e8gles et de bonnes pratiques qui couvrent notamment les aspects fonctionnels, graphiques, techniques et \u00e9ditoriaux.Le suivi ... Lire plus\" \/>\n<meta property=\"og:url\" content=\"https:\/\/ratp-connect.nexton-customers.com\/fr\/accessibilite\/\" \/>\n<meta property=\"og:site_name\" content=\"RATP Connect\" \/>\n<meta property=\"article:modified_time\" content=\"2025-02-19T15:34:57+00:00\" \/>\n<meta name=\"twitter:card\" content=\"summary_large_image\" \/>\n<script type=\"application\/ld+json\" class=\"yoast-schema-graph\">{\"@context\":\"https:\\\/\\\/schema.org\",\"@graph\":[{\"@type\":\"WebPage\",\"@id\":\"https:\\\/\\\/ratp-connect.nexton-customers.com\\\/accessibilite\\\/\",\"url\":\"https:\\\/\\\/ratp-connect.nexton-customers.com\\\/accessibilite\\\/\",\"name\":\"Accessibilit\u00e9 - RATP Connect\",\"isPartOf\":{\"@id\":\"https:\\\/\\\/ratp-connect.nexton-customers.com\\\/#website\"},\"datePublished\":\"2023-11-10T13:08:04+00:00\",\"dateModified\":\"2025-02-19T15:34:57+00:00\",\"breadcrumb\":{\"@id\":\"https:\\\/\\\/ratp-connect.nexton-customers.com\\\/accessibilite\\\/#breadcrumb\"},\"inLanguage\":\"fr-FR\",\"potentialAction\":[{\"@type\":\"ReadAction\",\"target\":[\"https:\\\/\\\/ratp-connect.nexton-customers.com\\\/accessibilite\\\/\"]}]},{\"@type\":\"BreadcrumbList\",\"@id\":\"https:\\\/\\\/ratp-connect.nexton-customers.com\\\/accessibilite\\\/#breadcrumb\",\"itemListElement\":[{\"@type\":\"ListItem\",\"position\":1,\"name\":\"Accueil\",\"item\":\"https:\\\/\\\/ratp-connect.nexton-customers.com\\\/\"},{\"@type\":\"ListItem\",\"position\":2,\"name\":\"Accessibilit\u00e9\"}]},{\"@type\":\"WebSite\",\"@id\":\"https:\\\/\\\/ratp-connect.nexton-customers.com\\\/#website\",\"url\":\"https:\\\/\\\/ratp-connect.nexton-customers.com\\\/\",\"name\":\"RATP Cap \u00cele-de-France\",\"description\":\"\",\"publisher\":{\"@id\":\"https:\\\/\\\/ratp-connect.nexton-customers.com\\\/#organization\"},\"potentialAction\":[{\"@type\":\"SearchAction\",\"target\":{\"@type\":\"EntryPoint\",\"urlTemplate\":\"https:\\\/\\\/ratp-connect.nexton-customers.com\\\/?s={search_term_string}\"},\"query-input\":{\"@type\":\"PropertyValueSpecification\",\"valueRequired\":true,\"valueName\":\"search_term_string\"}}],\"inLanguage\":\"fr-FR\"},{\"@type\":\"Organization\",\"@id\":\"https:\\\/\\\/ratp-connect.nexton-customers.com\\\/#organization\",\"name\":\"RATP Cap \u00cele-de-France\",\"url\":\"https:\\\/\\\/ratp-connect.nexton-customers.com\\\/\",\"logo\":{\"@type\":\"ImageObject\",\"inLanguage\":\"fr-FR\",\"@id\":\"https:\\\/\\\/ratp-connect.nexton-customers.com\\\/#\\\/schema\\\/logo\\\/image\\\/\",\"url\":\"https:\\\/\\\/ratp-connect.nexton-customers.com\\\/wp-content\\\/uploads\\\/2024\\\/10\\\/LogosConnect.svg\",\"contentUrl\":\"https:\\\/\\\/ratp-connect.nexton-customers.com\\\/wp-content\\\/uploads\\\/2024\\\/10\\\/LogosConnect.svg\",\"caption\":\"RATP Cap \u00cele-de-France\"},\"image\":{\"@id\":\"https:\\\/\\\/ratp-connect.nexton-customers.com\\\/#\\\/schema\\\/logo\\\/image\\\/\"}}]}<\/script>\n<!-- \/ Yoast SEO plugin. -->","yoast_head_json":{"title":"Accessibilit\u00e9 - RATP Connect","robots":{"index":"noindex","follow":"follow","max-snippet":"max-snippet:-1","max-image-preview":"max-image-preview:large","max-video-preview":"max-video-preview:-1"},"og_locale":"fr_FR","og_type":"article","og_title":"Accessibilit\u00e9 - RATP Connect","og_description":"Accessibilit\u00e9 Cette page pr\u00e9sente nos engagements en mati\u00e8re d\u2019accessibilit\u00e9 num\u00e9rique puis d\u00e9finit le niveau de conformit\u00e9 de ce pr\u00e9sent site \u00e0 la r\u00e9glementation et aux r\u00e9f\u00e9rentiels en vigueur. Qu\u2019est-ce que l\u2019accessibilit\u00e9 num\u00e9rique ? L\u2019accessibilit\u00e9 num\u00e9rique est un ensemble de r\u00e8gles et de bonnes pratiques qui couvrent notamment les aspects fonctionnels, graphiques, techniques et \u00e9ditoriaux.Le suivi ... Lire plus","og_url":"https:\/\/ratp-connect.nexton-customers.com\/fr\/accessibilite\/","og_site_name":"RATP Connect","article_modified_time":"2025-02-19T15:34:57+00:00","twitter_card":"summary_large_image","schema":{"@context":"https:\/\/schema.org","@graph":[{"@type":"WebPage","@id":"https:\/\/ratp-connect.nexton-customers.com\/accessibilite\/","url":"https:\/\/ratp-connect.nexton-customers.com\/accessibilite\/","name":"Accessibilit\u00e9 - RATP Connect","isPartOf":{"@id":"https:\/\/ratp-connect.nexton-customers.com\/#website"},"datePublished":"2023-11-10T13:08:04+00:00","dateModified":"2025-02-19T15:34:57+00:00","breadcrumb":{"@id":"https:\/\/ratp-connect.nexton-customers.com\/accessibilite\/#breadcrumb"},"inLanguage":"fr-FR","potentialAction":[{"@type":"ReadAction","target":["https:\/\/ratp-connect.nexton-customers.com\/accessibilite\/"]}]},{"@type":"BreadcrumbList","@id":"https:\/\/ratp-connect.nexton-customers.com\/accessibilite\/#breadcrumb","itemListElement":[{"@type":"ListItem","position":1,"name":"Accueil","item":"https:\/\/ratp-connect.nexton-customers.com\/"},{"@type":"ListItem","position":2,"name":"Accessibilit\u00e9"}]},{"@type":"WebSite","@id":"https:\/\/ratp-connect.nexton-customers.com\/#website","url":"https:\/\/ratp-connect.nexton-customers.com\/","name":"RATP Cap \u00cele-de-France","description":"","publisher":{"@id":"https:\/\/ratp-connect.nexton-customers.com\/#organization"},"potentialAction":[{"@type":"SearchAction","target":{"@type":"EntryPoint","urlTemplate":"https:\/\/ratp-connect.nexton-customers.com\/?s={search_term_string}"},"query-input":{"@type":"PropertyValueSpecification","valueRequired":true,"valueName":"search_term_string"}}],"inLanguage":"fr-FR"},{"@type":"Organization","@id":"https:\/\/ratp-connect.nexton-customers.com\/#organization","name":"RATP Cap \u00cele-de-France","url":"https:\/\/ratp-connect.nexton-customers.com\/","logo":{"@type":"ImageObject","inLanguage":"fr-FR","@id":"https:\/\/ratp-connect.nexton-customers.com\/#\/schema\/logo\/image\/","url":"https:\/\/ratp-connect.nexton-customers.com\/wp-content\/uploads\/2024\/10\/LogosConnect.svg","contentUrl":"https:\/\/ratp-connect.nexton-customers.com\/wp-content\/uploads\/2024\/10\/LogosConnect.svg","caption":"RATP Cap \u00cele-de-France"},"image":{"@id":"https:\/\/ratp-connect.nexton-customers.com\/#\/schema\/logo\/image\/"}}]}},"_links":{"self":[{"href":"https:\/\/ratp-connect.nexton-customers.com\/fr\/wp-json\/wp\/v2\/pages\/1652","targetHints":{"allow":["GET"]}}],"collection":[{"href":"https:\/\/ratp-connect.nexton-customers.com\/fr\/wp-json\/wp\/v2\/pages"}],"about":[{"href":"https:\/\/ratp-connect.nexton-customers.com\/fr\/wp-json\/wp\/v2\/types\/page"}],"author":[{"embeddable":true,"href":"https:\/\/ratp-connect.nexton-customers.com\/fr\/wp-json\/wp\/v2\/users\/7"}],"replies":[{"embeddable":true,"href":"https:\/\/ratp-connect.nexton-customers.com\/fr\/wp-json\/wp\/v2\/comments?post=1652"}],"version-history":[{"count":66,"href":"https:\/\/ratp-connect.nexton-customers.com\/fr\/wp-json\/wp\/v2\/pages\/1652\/revisions"}],"predecessor-version":[{"id":7315,"href":"https:\/\/ratp-connect.nexton-customers.com\/fr\/wp-json\/wp\/v2\/pages\/1652\/revisions\/7315"}],"wp:attachment":[{"href":"https:\/\/ratp-connect.nexton-customers.com\/fr\/wp-json\/wp\/v2\/media?parent=1652"}],"curies":[{"name":"wp","href":"https:\/\/api.w.org\/{rel}","templated":true}]}}