{"id":1191,"date":"2023-10-31T13:00:06","date_gmt":"2023-10-31T11:00:06","guid":{"rendered":"https:\/\/ratp-connect.nexton-customers.com\/?page_id=1191"},"modified":"2025-02-19T17:35:12","modified_gmt":"2025-02-19T15:35:12","slug":"notre-demarche-d-eco-conception","status":"publish","type":"page","link":"https:\/\/ratp-connect.nexton-customers.com\/fr\/notre-demarche-d-eco-conception\/","title":{"rendered":"Notre d\u00e9marche d\u2019\u00e9co-conception"},"content":{"rendered":"<div class=\"gb-container gb-container-ef00cfa2 page-title\">\n\n<h1 class=\"wp-block-heading page-title__heading\">Notre d\u00e9marche d\u2019\u00e9co-conception<\/h1>\n\n<\/div>\n\n<div class=\"breadcrumbs align  wp-block-bcn-breadcrumb-trail has-text-color has-background\" vocab=\"https:\/\/schema.org\/\" typeof=\"BreadcrumbList\">\n\t<span><\/span>\n\t<span property=\"itemListElement\" typeof=\"ListItem\"><a property=\"item\" typeof=\"WebPage\" href=\"https:\/\/ratp-connect.nexton-customers.com\/fr\/\" class=\"home\" aria-current=\"page\"><span property=\"name\">Accueil<\/span><\/a><meta property=\"position\" content=\"1\"><\/span><\/div>\n\n\n<div class=\"gb-container gb-container-bbacd815 bandeau-intro\">\n<div class=\"gb-container gb-container-7387bdc5 bandeau-intro__inside\">\n\n<h2 class=\"wp-block-heading mb-0 color-base-3\"><strong>D\u00e9ployer la connexion entre les individus et les services<\/strong><\/h2>\n\n\n\n<p class=\"mb-0 color-base-3\">Expert des espaces connect\u00e9s souterrains, RATP CONNECT propose le principal r\u00e9seau de fibre optique en Ile-de-France aux acteurs du num\u00e9rique et aux entreprises et aux collectivit\u00e9s qui souhaitent acc\u00e9l\u00e9rer leur transformation digitale.  <\/p>\n\n<\/div>\n<\/div>\n\n<div class=\"gb-container gb-container-b55dd7f0 block-text-right\">\n<div class=\"gb-container gb-container-c64685cd block-text-right__container bg-base-3\">\n<div class=\"gb-container gb-container-dd737449 block-text-right__content\">\n<div class=\"gb-container gb-container-b6a31735 block-text-right__section\">\n\n<h2 class=\"wp-block-heading block-text-right__title mb-0\"><strong>Un site durable et basse consommation<\/strong><\/h2>\n\n\n\n<p class=\"block-text-right__description mb-0\">Le poids du num\u00e9rique dans les consommations d\u2019\u00e9nergie est consid\u00e9rable, et cela ne rel\u00e8ve pas uniquement d\u2019une simple image !<br><br>Dans l\u2019optique de r\u00e9duire la d\u00e9pense \u00e9nerg\u00e9tique li\u00e9e au stockage de nos pages par les serveurs ainsi qu\u2019\u00e0 leur consultation par les utilisateurs, nous avons adopt\u00e9 une d\u00e9marche visant \u00e0 all\u00e9ger au maximum leurs poids en octets. Par cons\u00e9quent, les photos pr\u00e9sentes sur notre site sont toutes trait\u00e9es avec un nombre de pixels r\u00e9duit et les vid\u00e9os sont s\u00e9lectionn\u00e9es avec un usage limit\u00e9. Nous avons favoris\u00e9 des designs simples et \u00e9pur\u00e9s.<br><br>Par ailleurs, nous avons effectu\u00e9 des choix techniques de d\u00e9veloppement et de codage pour limiter les flux de donn\u00e9es entre le site et les serveurs qui le soutiennent.<br><br>Enfin, les parcours sont optimis\u00e9s, les contenus de type actualit\u00e9s ou communiqu\u00e9s\/dossiers de presse ont une dur\u00e9e de vie limit\u00e9e dans le temps : 6 mois.<\/p>\n\n<\/div>\n<\/div>\n<\/div>\n<\/div>\n\n<div class=\"gb-container gb-container-b7b3bf74 block-text-left border-line-full-page--left--bleu-institutionnel\">\n<div class=\"gb-container gb-container-3c5aa5ad block-text-left__container bg-base-3\">\n<div class=\"gb-container gb-container-e29ad59c block-text-left__content\">\n<div class=\"gb-container gb-container-469709fc block-text-left__section\">\n\n<h2 class=\"wp-block-heading block-text-left__title\"><strong>Un site web plus \u00e9co-responsable<\/strong><\/h2>\n\n\n<div class=\"gb-container gb-container-1b10b45a block-text-left__subsection\">\n\n<ul class=\"wp-block-list block__list\">\n<li class=\"arrow-icon--primary block__list-item\">Limitation des contenus \u00e9nergivores :\u2028<br>Nous avons limit\u00e9 le nombre de fichiers multim\u00e9dias (images, vid\u00e9os, PDF) sur chaque page et effectu\u00e9 une compression sp\u00e9cifique de chaque image en un nombre de pixels r\u00e9duit.<\/li>\n\n\n\n<li class=\"arrow-icon--primary block__list-item\">Optimisation du temps de chargement :\u2028<br>La r\u00e9duction du poids des pages et l\u2019optimisation du code nous permettent de r\u00e9duire le nombre de requ\u00eates vers les serveurs, et donc les temps de chargement.<\/li>\n\n\n\n<li class=\"arrow-icon--primary block__list-item\">Un site moins gourmand en \u00e9nergie :\u2028<br>Nous avons d\u00e9velopp\u00e9 le site de fa\u00e7on \u00e0 optimiser son efficacit\u00e9 et \u00e0 limiter la charge pour les serveurs, contribuant ainsi \u00e0 une r\u00e9duction de la consommation d\u2019\u00e9nergie.<\/li>\n\n\n\n<li class=\"arrow-icon--primary block__list-item\">Un r\u00e9gime forc\u00e9 :\u2028<br>Nous avons r\u00e9duit le nombre de pages de notre site avec des parcours simplifi\u00e9s pour les utilisateurs.<\/li>\n\n\n\n<li class=\"arrow-icon--primary block__list-item\">Des vid\u00e9os non automatiques :<br>Nous avons banni le principe de la lecture automatique des vid\u00e9os. Elles ne sont lues que par les utilisateurs qui le souhaitent, pour limiter la consommation d\u2019\u00e9nergie.<\/li>\n<\/ul>\n\n<\/div>\n<\/div>\n<\/div>\n<\/div>\n<\/div>\n\n<div class=\"gb-container gb-container-6da5cc0e block-text-right\">\n<div class=\"gb-container gb-container-03c74d51 block-text-right__container bg-base-3\">\n<div class=\"gb-container gb-container-9bfb30a7 block-text-right__content\">\n<div class=\"gb-container gb-container-1696f508 block-text-right__section\">\n\n<h2 class=\"wp-block-heading block-text-right__title mb-0\"><strong>Note EcoIndex : comment \u00e7a marche ?<\/strong><\/h2>\n\n\n<div class=\"gb-container gb-container-8e58502b block-text-right__subsection\">\n\n<p class=\"mb-0 block-text-right__description\">La note EcoIndex* mesure la performance environnementale des pages, sur le m\u00eame principe que les \u00e9tiquettes-\u00e9nergie des \u00e9quipements \u00e9lectrom\u00e9nagers, de A \u00e0 G ou de 0 \u00e0 100%. Pour noter une page, nous utilisons l\u2019outil Green IT. Un score est calcul\u00e9 sur chacune des pages.<br>\u00c0 partir de l\u2019adresse d\u2019une page (ou URL), cette note prend en compte trois param\u00e8tres techniques&nbsp;:<\/p>\n\n\n\n<ul class=\"wp-block-list block__list\">\n<li class=\"block__list-item arrow-icon--primary\">la complexit\u00e9 de la composition de la page (pour les initi\u00e9s, il s\u2019agit du nombre d\u2019\u00e9l\u00e9ments du DOM ou Document Object Model), donnant une id\u00e9e de l\u2019\u00e9nergie que devra d\u00e9penser le navigateur de l\u2019utilisateur pour l\u2019afficher ;<\/li>\n\n\n\n<li class=\"block__list-item arrow-icon--primary\">le poids des donn\u00e9es transf\u00e9r\u00e9es, en Ko, t\u00e9moignant de l\u2019\u00e9nergie n\u00e9cessaire pour transporter les contenus, du serveur jusqu\u2019au navigateur ;<\/li>\n\n\n\n<li class=\"block__list-item arrow-icon--primary\">le nombre de requ\u00eates HTTP (Hypertext Transfer Protocol) n\u00e9cessaires, du navigateur au serveur.<\/li>\n<\/ul>\n\n\n\n<p class=\"block-text-right__description mb-0\">*L\u2019outil Ecoindex mis \u00e0 disposition sur le site Ecoindex.fr est propos\u00e9 sous licence Creative Commons CC-By-NC-ND. Cela signifie que tout le monde peut l\u2019utiliser, \u00e0 condition de citer la source des chiffres obtenus \u2013 EcoIndex.fr et d\u2019ins\u00e9rer un lien vers le service http:\/\/ecoindex.fr. Il n\u2019est pas possible d\u2019en faire un usage commercial ni de le modifier.<\/p>\n\n<\/div>\n<\/div>\n<\/div>\n<\/div>\n<\/div>\n\n<div class=\"gb-container gb-container-35da2f22 illu-background-container\">\n<div class=\"gb-container gb-container-311c1509 illu-background-topcover\"><\/div>\n\n\n<figure class=\"wp-block-image size-full illustration-background-circle-left\"><img decoding=\"async\" src=\"https:\/\/ratp-connect.nexton-customers.com\/wp-content\/uploads\/2023\/12\/Forme_BG_Cercle_Left.svg\" alt=\"\" class=\"wp-image-4056\"\/><\/figure>\n\n<\/div>","protected":false},"excerpt":{"rendered":"<p>Notre d\u00e9marche d\u2019\u00e9co-conception D\u00e9ployer la connexion entre les individus et les services Expert des espaces connect\u00e9s souterrains, RATP CONNECT propose le principal r\u00e9seau de fibre optique en Ile-de-France aux acteurs du num\u00e9rique et aux entreprises et aux collectivit\u00e9s qui souhaitent acc\u00e9l\u00e9rer leur transformation digitale. Un site durable et basse consommation Le poids du num\u00e9rique dans &#8230; <a title=\"Notre d\u00e9marche d\u2019\u00e9co-conception\" class=\"read-more\" href=\"https:\/\/ratp-connect.nexton-customers.com\/fr\/notre-demarche-d-eco-conception\/\" aria-label=\"En savoir plus sur Notre d\u00e9marche d\u2019\u00e9co-conception\">Lire plus<\/a><\/p>\n","protected":false},"author":7,"featured_media":0,"parent":0,"menu_order":0,"comment_status":"closed","ping_status":"closed","template":"","meta":{"footnotes":""},"class_list":["post-1191","page","type-page","status-publish"],"yoast_head":"<!-- This site is optimized with the Yoast SEO plugin v27.3 - https:\/\/yoast.com\/product\/yoast-seo-wordpress\/ -->\n<title>Notre d\u00e9marche d\u2019\u00e9co-conception - RATP Connect<\/title>\n<meta name=\"robots\" content=\"noindex, follow, max-snippet:-1, max-image-preview:large, max-video-preview:-1\" \/>\n<meta property=\"og:locale\" content=\"fr_FR\" \/>\n<meta property=\"og:type\" content=\"article\" \/>\n<meta property=\"og:title\" content=\"Notre d\u00e9marche d\u2019\u00e9co-conception - RATP Connect\" \/>\n<meta property=\"og:description\" content=\"Notre d\u00e9marche d\u2019\u00e9co-conception D\u00e9ployer la connexion entre les individus et les services Expert des espaces connect\u00e9s souterrains, RATP CONNECT propose le principal r\u00e9seau de fibre optique en Ile-de-France aux acteurs du num\u00e9rique et aux entreprises et aux collectivit\u00e9s qui souhaitent acc\u00e9l\u00e9rer leur transformation digitale. Un site durable et basse consommation Le poids du num\u00e9rique dans ... Lire plus\" \/>\n<meta property=\"og:url\" content=\"https:\/\/ratp-connect.nexton-customers.com\/fr\/notre-demarche-d-eco-conception\/\" \/>\n<meta property=\"og:site_name\" content=\"RATP Connect\" \/>\n<meta property=\"article:modified_time\" content=\"2025-02-19T15:35:12+00:00\" \/>\n<meta name=\"twitter:card\" content=\"summary_large_image\" \/>\n<meta name=\"twitter:label1\" content=\"Dur\u00e9e de lecture estim\u00e9e\" \/>\n\t<meta name=\"twitter:data1\" content=\"4 minutes\" \/>\n<script type=\"application\/ld+json\" class=\"yoast-schema-graph\">{\"@context\":\"https:\\\/\\\/schema.org\",\"@graph\":[{\"@type\":\"WebPage\",\"@id\":\"https:\\\/\\\/ratp-connect.nexton-customers.com\\\/notre-demarche-d-eco-conception\\\/\",\"url\":\"https:\\\/\\\/ratp-connect.nexton-customers.com\\\/notre-demarche-d-eco-conception\\\/\",\"name\":\"Notre d\u00e9marche d\u2019\u00e9co-conception - RATP Connect\",\"isPartOf\":{\"@id\":\"https:\\\/\\\/ratp-connect.nexton-customers.com\\\/#website\"},\"primaryImageOfPage\":{\"@id\":\"https:\\\/\\\/ratp-connect.nexton-customers.com\\\/notre-demarche-d-eco-conception\\\/#primaryimage\"},\"image\":{\"@id\":\"https:\\\/\\\/ratp-connect.nexton-customers.com\\\/notre-demarche-d-eco-conception\\\/#primaryimage\"},\"thumbnailUrl\":\"https:\\\/\\\/ratp-connect.nexton-customers.com\\\/wp-content\\\/uploads\\\/2023\\\/12\\\/Forme_BG_Cercle_Left.svg\",\"datePublished\":\"2023-10-31T11:00:06+00:00\",\"dateModified\":\"2025-02-19T15:35:12+00:00\",\"breadcrumb\":{\"@id\":\"https:\\\/\\\/ratp-connect.nexton-customers.com\\\/notre-demarche-d-eco-conception\\\/#breadcrumb\"},\"inLanguage\":\"fr-FR\",\"potentialAction\":[{\"@type\":\"ReadAction\",\"target\":[\"https:\\\/\\\/ratp-connect.nexton-customers.com\\\/notre-demarche-d-eco-conception\\\/\"]}]},{\"@type\":\"ImageObject\",\"inLanguage\":\"fr-FR\",\"@id\":\"https:\\\/\\\/ratp-connect.nexton-customers.com\\\/notre-demarche-d-eco-conception\\\/#primaryimage\",\"url\":\"https:\\\/\\\/ratp-connect.nexton-customers.com\\\/wp-content\\\/uploads\\\/2023\\\/12\\\/Forme_BG_Cercle_Left.svg\",\"contentUrl\":\"https:\\\/\\\/ratp-connect.nexton-customers.com\\\/wp-content\\\/uploads\\\/2023\\\/12\\\/Forme_BG_Cercle_Left.svg\"},{\"@type\":\"BreadcrumbList\",\"@id\":\"https:\\\/\\\/ratp-connect.nexton-customers.com\\\/notre-demarche-d-eco-conception\\\/#breadcrumb\",\"itemListElement\":[{\"@type\":\"ListItem\",\"position\":1,\"name\":\"Accueil\",\"item\":\"https:\\\/\\\/ratp-connect.nexton-customers.com\\\/\"},{\"@type\":\"ListItem\",\"position\":2,\"name\":\"Notre d\u00e9marche d\u2019\u00e9co-conception\"}]},{\"@type\":\"WebSite\",\"@id\":\"https:\\\/\\\/ratp-connect.nexton-customers.com\\\/#website\",\"url\":\"https:\\\/\\\/ratp-connect.nexton-customers.com\\\/\",\"name\":\"RATP Cap \u00cele-de-France\",\"description\":\"\",\"publisher\":{\"@id\":\"https:\\\/\\\/ratp-connect.nexton-customers.com\\\/#organization\"},\"potentialAction\":[{\"@type\":\"SearchAction\",\"target\":{\"@type\":\"EntryPoint\",\"urlTemplate\":\"https:\\\/\\\/ratp-connect.nexton-customers.com\\\/?s={search_term_string}\"},\"query-input\":{\"@type\":\"PropertyValueSpecification\",\"valueRequired\":true,\"valueName\":\"search_term_string\"}}],\"inLanguage\":\"fr-FR\"},{\"@type\":\"Organization\",\"@id\":\"https:\\\/\\\/ratp-connect.nexton-customers.com\\\/#organization\",\"name\":\"RATP Cap \u00cele-de-France\",\"url\":\"https:\\\/\\\/ratp-connect.nexton-customers.com\\\/\",\"logo\":{\"@type\":\"ImageObject\",\"inLanguage\":\"fr-FR\",\"@id\":\"https:\\\/\\\/ratp-connect.nexton-customers.com\\\/#\\\/schema\\\/logo\\\/image\\\/\",\"url\":\"https:\\\/\\\/ratp-connect.nexton-customers.com\\\/wp-content\\\/uploads\\\/2024\\\/10\\\/LogosConnect.svg\",\"contentUrl\":\"https:\\\/\\\/ratp-connect.nexton-customers.com\\\/wp-content\\\/uploads\\\/2024\\\/10\\\/LogosConnect.svg\",\"caption\":\"RATP Cap \u00cele-de-France\"},\"image\":{\"@id\":\"https:\\\/\\\/ratp-connect.nexton-customers.com\\\/#\\\/schema\\\/logo\\\/image\\\/\"}}]}<\/script>\n<!-- \/ Yoast SEO plugin. -->","yoast_head_json":{"title":"Notre d\u00e9marche d\u2019\u00e9co-conception - RATP Connect","robots":{"index":"noindex","follow":"follow","max-snippet":"max-snippet:-1","max-image-preview":"max-image-preview:large","max-video-preview":"max-video-preview:-1"},"og_locale":"fr_FR","og_type":"article","og_title":"Notre d\u00e9marche d\u2019\u00e9co-conception - RATP Connect","og_description":"Notre d\u00e9marche d\u2019\u00e9co-conception D\u00e9ployer la connexion entre les individus et les services Expert des espaces connect\u00e9s souterrains, RATP CONNECT propose le principal r\u00e9seau de fibre optique en Ile-de-France aux acteurs du num\u00e9rique et aux entreprises et aux collectivit\u00e9s qui souhaitent acc\u00e9l\u00e9rer leur transformation digitale. Un site durable et basse consommation Le poids du num\u00e9rique dans ... Lire plus","og_url":"https:\/\/ratp-connect.nexton-customers.com\/fr\/notre-demarche-d-eco-conception\/","og_site_name":"RATP Connect","article_modified_time":"2025-02-19T15:35:12+00:00","twitter_card":"summary_large_image","twitter_misc":{"Dur\u00e9e de lecture estim\u00e9e":"4 minutes"},"schema":{"@context":"https:\/\/schema.org","@graph":[{"@type":"WebPage","@id":"https:\/\/ratp-connect.nexton-customers.com\/notre-demarche-d-eco-conception\/","url":"https:\/\/ratp-connect.nexton-customers.com\/notre-demarche-d-eco-conception\/","name":"Notre d\u00e9marche d\u2019\u00e9co-conception - RATP Connect","isPartOf":{"@id":"https:\/\/ratp-connect.nexton-customers.com\/#website"},"primaryImageOfPage":{"@id":"https:\/\/ratp-connect.nexton-customers.com\/notre-demarche-d-eco-conception\/#primaryimage"},"image":{"@id":"https:\/\/ratp-connect.nexton-customers.com\/notre-demarche-d-eco-conception\/#primaryimage"},"thumbnailUrl":"https:\/\/ratp-connect.nexton-customers.com\/wp-content\/uploads\/2023\/12\/Forme_BG_Cercle_Left.svg","datePublished":"2023-10-31T11:00:06+00:00","dateModified":"2025-02-19T15:35:12+00:00","breadcrumb":{"@id":"https:\/\/ratp-connect.nexton-customers.com\/notre-demarche-d-eco-conception\/#breadcrumb"},"inLanguage":"fr-FR","potentialAction":[{"@type":"ReadAction","target":["https:\/\/ratp-connect.nexton-customers.com\/notre-demarche-d-eco-conception\/"]}]},{"@type":"ImageObject","inLanguage":"fr-FR","@id":"https:\/\/ratp-connect.nexton-customers.com\/notre-demarche-d-eco-conception\/#primaryimage","url":"https:\/\/ratp-connect.nexton-customers.com\/wp-content\/uploads\/2023\/12\/Forme_BG_Cercle_Left.svg","contentUrl":"https:\/\/ratp-connect.nexton-customers.com\/wp-content\/uploads\/2023\/12\/Forme_BG_Cercle_Left.svg"},{"@type":"BreadcrumbList","@id":"https:\/\/ratp-connect.nexton-customers.com\/notre-demarche-d-eco-conception\/#breadcrumb","itemListElement":[{"@type":"ListItem","position":1,"name":"Accueil","item":"https:\/\/ratp-connect.nexton-customers.com\/"},{"@type":"ListItem","position":2,"name":"Notre d\u00e9marche d\u2019\u00e9co-conception"}]},{"@type":"WebSite","@id":"https:\/\/ratp-connect.nexton-customers.com\/#website","url":"https:\/\/ratp-connect.nexton-customers.com\/","name":"RATP Cap \u00cele-de-France","description":"","publisher":{"@id":"https:\/\/ratp-connect.nexton-customers.com\/#organization"},"potentialAction":[{"@type":"SearchAction","target":{"@type":"EntryPoint","urlTemplate":"https:\/\/ratp-connect.nexton-customers.com\/?s={search_term_string}"},"query-input":{"@type":"PropertyValueSpecification","valueRequired":true,"valueName":"search_term_string"}}],"inLanguage":"fr-FR"},{"@type":"Organization","@id":"https:\/\/ratp-connect.nexton-customers.com\/#organization","name":"RATP Cap \u00cele-de-France","url":"https:\/\/ratp-connect.nexton-customers.com\/","logo":{"@type":"ImageObject","inLanguage":"fr-FR","@id":"https:\/\/ratp-connect.nexton-customers.com\/#\/schema\/logo\/image\/","url":"https:\/\/ratp-connect.nexton-customers.com\/wp-content\/uploads\/2024\/10\/LogosConnect.svg","contentUrl":"https:\/\/ratp-connect.nexton-customers.com\/wp-content\/uploads\/2024\/10\/LogosConnect.svg","caption":"RATP Cap \u00cele-de-France"},"image":{"@id":"https:\/\/ratp-connect.nexton-customers.com\/#\/schema\/logo\/image\/"}}]}},"_links":{"self":[{"href":"https:\/\/ratp-connect.nexton-customers.com\/fr\/wp-json\/wp\/v2\/pages\/1191","targetHints":{"allow":["GET"]}}],"collection":[{"href":"https:\/\/ratp-connect.nexton-customers.com\/fr\/wp-json\/wp\/v2\/pages"}],"about":[{"href":"https:\/\/ratp-connect.nexton-customers.com\/fr\/wp-json\/wp\/v2\/types\/page"}],"author":[{"embeddable":true,"href":"https:\/\/ratp-connect.nexton-customers.com\/fr\/wp-json\/wp\/v2\/users\/7"}],"replies":[{"embeddable":true,"href":"https:\/\/ratp-connect.nexton-customers.com\/fr\/wp-json\/wp\/v2\/comments?post=1191"}],"version-history":[{"count":221,"href":"https:\/\/ratp-connect.nexton-customers.com\/fr\/wp-json\/wp\/v2\/pages\/1191\/revisions"}],"predecessor-version":[{"id":7316,"href":"https:\/\/ratp-connect.nexton-customers.com\/fr\/wp-json\/wp\/v2\/pages\/1191\/revisions\/7316"}],"wp:attachment":[{"href":"https:\/\/ratp-connect.nexton-customers.com\/fr\/wp-json\/wp\/v2\/media?parent=1191"}],"curies":[{"name":"wp","href":"https:\/\/api.w.org\/{rel}","templated":true}]}}