{"id":6493,"date":"2024-06-03T09:58:45","date_gmt":"2024-06-03T07:58:45","guid":{"rendered":"https:\/\/ratp-connect.nexton-customers.com\/?page_id=6493"},"modified":"2025-02-19T18:23:09","modified_gmt":"2025-02-19T16:23:09","slug":"musees-et-institutions-culturelles","status":"publish","type":"page","link":"https:\/\/ratp-connect.nexton-customers.com\/en\/musees-et-institutions-culturelles\/","title":{"rendered":"Museums and cultural institutions"},"content":{"rendered":"<div class=\"gb-container gb-container-ec254eff page-title\">\n\n<h1 class=\"wp-block-heading page-title__heading\"><strong><strong><strong>Our dark fiber broadband connectivity offer for museums and cultural institutions<\/strong><\/strong><\/strong><\/h1>\n\n<\/div>\n\n<div class=\"breadcrumbs align  wp-block-bcn-breadcrumb-trail has-text-color has-background\" vocab=\"https:\/\/schema.org\/\" typeof=\"BreadcrumbList\">\n\t<span><\/span>\n\t<span property=\"itemListElement\" typeof=\"ListItem\"><a property=\"item\" typeof=\"WebPage\" href=\"https:\/\/ratp-connect.nexton-customers.com\/en\/\" class=\"home\" aria-current=\"page\"><span property=\"name\">Home page<\/span><\/a><meta property=\"position\" content=\"1\"><\/span><\/div>\n\n\n<div class=\"gb-container gb-container-bbacd815 bandeau-intro\">\n<div class=\"gb-container gb-container-7387bdc5 bandeau-intro__inside\">\n\n<h2 class=\"wp-block-heading mb-0 color-base-3\"><strong><strong><strong><strong>Connectivity for your cultural goals<\/strong><\/strong><\/strong><\/strong><\/h2>\n\n\n\n<p class=\"mb-0 color-base-3\">RATP Connect equips cultural  institutions with fiber optic technology, enabling the seamless circulation of digital content and giving added security to precious proprietary data. Our service guarantees cost-effective and top-quality very high speed broadband connectivity, tailored to the specific needs of museums and cultural institutions.<\/p>\n\n<\/div>\n<\/div>\n\n<div class=\"gb-container gb-container-9d52252c img-block-right__container\">\n<div class=\"gb-container gb-container-836548f9 img-block-right__sub-container\">\n<div class=\"gb-container gb-container-4ccd2a2c img-block-right__image-wrapper\">\n<div class=\"gb-container gb-container-b4ae217c img-block-right__image-container\">\n<div class=\"gb-container gb-container-fbc3f619 img-block-right__image-content box-shadow--rounded--secondary\">\n\n<figure class=\"gb-block-image gb-block-image-4b4ab34a\"><img loading=\"lazy\" decoding=\"async\" width=\"2048\" height=\"1395\" class=\"gb-image gb-image-4b4ab34a img-block-right__image\" src=\"https:\/\/ratp-connect.nexton-customers.com\/wp-content\/uploads\/2024\/06\/Musees_Institutions_Culturelles-scaled.jpg\" alt=\"\" title=\"Musees_Institutions_Culturelles\" srcset=\"https:\/\/ratp-connect.nexton-customers.com\/wp-content\/uploads\/2024\/06\/Musees_Institutions_Culturelles-scaled.jpg 2048w, https:\/\/ratp-connect.nexton-customers.com\/wp-content\/uploads\/2024\/06\/Musees_Institutions_Culturelles-300x204.jpg 300w, https:\/\/ratp-connect.nexton-customers.com\/wp-content\/uploads\/2024\/06\/Musees_Institutions_Culturelles-1024x698.jpg 1024w, https:\/\/ratp-connect.nexton-customers.com\/wp-content\/uploads\/2024\/06\/Musees_Institutions_Culturelles-768x523.jpg 768w, https:\/\/ratp-connect.nexton-customers.com\/wp-content\/uploads\/2024\/06\/Musees_Institutions_Culturelles-1536x1046.jpg 1536w\" sizes=\"auto, (max-width: 2048px) 100vw, 2048px\" \/><\/figure>\n\n<\/div>\n<\/div>\n<\/div>\n\n<div class=\"gb-container gb-container-13011404 img-block-right__content border-line-full-page--right--primary\">\n<div class=\"gb-container gb-container-6513a29d img-block-right__header\">\n<div class=\"gb-container gb-container-4cedf3e1 img-block-right__header-content\">\n\n<h2 class=\"wp-block-heading img-block-right__title mb-0\"><strong><strong><strong>The high-tech cultural experience<\/strong><\/strong><\/strong><\/h2>\n\n\n<div class=\"gb-container gb-container-a4a45e5c img-block-right__text-container\">\n\n<h3 class=\"wp-block-heading block-text-right__subtitle mb-0\"><strong>Very affordable very high speed broadband connectivity<\/strong><\/h3>\n\n\n\n<p class=\"img-block-right__text\">In a context where the budget is often a major constraint for cultural institutions, RATP Connect offers a connectivity solution that is both cost-effective and efficient. Our offer allows museums to manage their exhibitions and digital archives without compromising the quality or security of their data.<\/p>\n\n<\/div>\n\n<div class=\"gb-container gb-container-6cd0bd1e img-block-right__text-container\">\n\n<h3 class=\"wp-block-heading block-text-right__subtitle mb-0\"><strong>Adaptability and caring for the environment within our network<\/strong><\/h3>\n\n\n\n<p class=\"img-block-right__text translation-block\">Our dark fiber optic network is reliable and scalable, as well as considerate to environmental concerns. This flexible technology is perfectly adaptable to dynamic exhibition systems and perpetually growing archives, ensuring that each update or new installation can be handled with ease and precision.<\/p>\n\n<\/div>\n\n<div class=\"gb-container gb-container-fc8aa65d img-block-right__text-container\">\n\n<h3 class=\"wp-block-heading block-text-right__subtitle mb-0\">Protection and high performance at the core of our offer<\/h3>\n\n\n\n<p class=\"img-block-right__text translation-block\">For cultural institutions, where data security is crucial, RATP Connect offers its highly secure infrastructure. Our high-performance solutions offer very high speed broadband connectivity, paving the way for collaborations without borders and high-quality content sharing with other institutions, all while protecting your sensitive data.<\/p>\n\n<\/div>\n<\/div>\n<\/div>\n<\/div>\n<\/div>\n<\/div>\n\n<div class=\"gb-container gb-container-b6e14c16 illu-background-container\">\n<div class=\"gb-container gb-container-c4218dca illu-background-topcover\"><\/div>\n\n\n<figure class=\"wp-block-image size-full illustration-background-circle\"><img decoding=\"async\" src=\"https:\/\/ratp-connect.nexton-customers.com\/wp-content\/uploads\/2023\/12\/Forme_BG_Cercle_Right.svg\" alt=\"\" class=\"wp-image-3860\"\/><\/figure>\n\n\n\n<figure class=\"wp-block-image size-full illustration-background-circle--opposite\"><img decoding=\"async\" src=\"https:\/\/ratp-connect.nexton-customers.com\/wp-content\/uploads\/2024\/03\/Forme_BG_Cercle_Left.svg\" alt=\"\" class=\"wp-image-5460\"\/><\/figure>\n\n<\/div>","protected":false},"excerpt":{"rendered":"<p>Notre offre de fibre optique noire pour les mus\u00e9es et les \u00e9tablissements culturels La connectivit\u00e9 de votre ambition culturelle RATP Connect \u00e9quipe les institutions culturelles avec une technologie de fibre optique, permettant une diffusion fluide de contenus num\u00e9riques et s\u00e9curisant les pr\u00e9cieuses donn\u00e9es patrimoniales. Notre service garantit une connectivit\u00e9 THD \u00e9conomique et de haute qualit\u00e9, &#8230; <a title=\"Museums and cultural institutions\" class=\"read-more\" href=\"https:\/\/ratp-connect.nexton-customers.com\/en\/musees-et-institutions-culturelles\/\" aria-label=\"Read more about Mus\u00e9es et institutions culturelles\">Read more<\/a><\/p>","protected":false},"author":7,"featured_media":0,"parent":0,"menu_order":0,"comment_status":"closed","ping_status":"closed","template":"","meta":{"footnotes":""},"class_list":["post-6493","page","type-page","status-publish"],"yoast_head":"<!-- This site is optimized with the Yoast SEO plugin v27.3 - https:\/\/yoast.com\/product\/yoast-seo-wordpress\/ -->\n<title>Mus\u00e9es et institutions culturelles - RATP Connect<\/title>\n<meta name=\"robots\" content=\"noindex, follow, max-snippet:-1, max-image-preview:large, max-video-preview:-1\" \/>\n<meta property=\"og:locale\" content=\"en_GB\" \/>\n<meta property=\"og:type\" content=\"article\" \/>\n<meta property=\"og:title\" content=\"Mus\u00e9es et institutions culturelles - RATP Connect\" \/>\n<meta property=\"og:description\" content=\"Notre offre de fibre optique noire pour les mus\u00e9es et les \u00e9tablissements culturels La connectivit\u00e9 de votre ambition culturelle RATP Connect \u00e9quipe les institutions culturelles avec une technologie de fibre optique, permettant une diffusion fluide de contenus num\u00e9riques et s\u00e9curisant les pr\u00e9cieuses donn\u00e9es patrimoniales. Notre service garantit une connectivit\u00e9 THD \u00e9conomique et de haute qualit\u00e9, ... Read more\" \/>\n<meta property=\"og:url\" content=\"https:\/\/ratp-connect.nexton-customers.com\/en\/musees-et-institutions-culturelles\/\" \/>\n<meta property=\"og:site_name\" content=\"RATP Connect\" \/>\n<meta property=\"article:modified_time\" content=\"2025-02-19T16:23:09+00:00\" \/>\n<meta property=\"og:image\" content=\"https:\/\/ratp-connect.nexton-customers.com\/wp-content\/uploads\/2024\/06\/Musees_Institutions_Culturelles-scaled.jpg\" \/>\n<meta name=\"twitter:card\" content=\"summary_large_image\" \/>\n<meta name=\"twitter:label1\" content=\"Estimated reading time\" \/>\n\t<meta name=\"twitter:data1\" content=\"2 minutes\" \/>\n<script type=\"application\/ld+json\" class=\"yoast-schema-graph\">{\"@context\":\"https:\\\/\\\/schema.org\",\"@graph\":[{\"@type\":\"WebPage\",\"@id\":\"https:\\\/\\\/ratp-connect.nexton-customers.com\\\/musees-et-institutions-culturelles\\\/\",\"url\":\"https:\\\/\\\/ratp-connect.nexton-customers.com\\\/musees-et-institutions-culturelles\\\/\",\"name\":\"Mus\u00e9es et institutions culturelles - RATP Connect\",\"isPartOf\":{\"@id\":\"https:\\\/\\\/ratp-connect.nexton-customers.com\\\/#website\"},\"primaryImageOfPage\":{\"@id\":\"https:\\\/\\\/ratp-connect.nexton-customers.com\\\/musees-et-institutions-culturelles\\\/#primaryimage\"},\"image\":{\"@id\":\"https:\\\/\\\/ratp-connect.nexton-customers.com\\\/musees-et-institutions-culturelles\\\/#primaryimage\"},\"thumbnailUrl\":\"https:\\\/\\\/ratp-connect.nexton-customers.com\\\/wp-content\\\/uploads\\\/2024\\\/06\\\/Musees_Institutions_Culturelles-scaled.jpg\",\"datePublished\":\"2024-06-03T07:58:45+00:00\",\"dateModified\":\"2025-02-19T16:23:09+00:00\",\"breadcrumb\":{\"@id\":\"https:\\\/\\\/ratp-connect.nexton-customers.com\\\/musees-et-institutions-culturelles\\\/#breadcrumb\"},\"inLanguage\":\"en-GB\",\"potentialAction\":[{\"@type\":\"ReadAction\",\"target\":[\"https:\\\/\\\/ratp-connect.nexton-customers.com\\\/musees-et-institutions-culturelles\\\/\"]}]},{\"@type\":\"ImageObject\",\"inLanguage\":\"en-GB\",\"@id\":\"https:\\\/\\\/ratp-connect.nexton-customers.com\\\/musees-et-institutions-culturelles\\\/#primaryimage\",\"url\":\"https:\\\/\\\/ratp-connect.nexton-customers.com\\\/wp-content\\\/uploads\\\/2024\\\/06\\\/Musees_Institutions_Culturelles-scaled.jpg\",\"contentUrl\":\"https:\\\/\\\/ratp-connect.nexton-customers.com\\\/wp-content\\\/uploads\\\/2024\\\/06\\\/Musees_Institutions_Culturelles-scaled.jpg\"},{\"@type\":\"BreadcrumbList\",\"@id\":\"https:\\\/\\\/ratp-connect.nexton-customers.com\\\/musees-et-institutions-culturelles\\\/#breadcrumb\",\"itemListElement\":[{\"@type\":\"ListItem\",\"position\":1,\"name\":\"Accueil\",\"item\":\"https:\\\/\\\/ratp-connect.nexton-customers.com\\\/\"},{\"@type\":\"ListItem\",\"position\":2,\"name\":\"Mus\u00e9es et institutions culturelles\"}]},{\"@type\":\"WebSite\",\"@id\":\"https:\\\/\\\/ratp-connect.nexton-customers.com\\\/#website\",\"url\":\"https:\\\/\\\/ratp-connect.nexton-customers.com\\\/\",\"name\":\"RATP Cap \u00cele-de-France\",\"description\":\"\",\"publisher\":{\"@id\":\"https:\\\/\\\/ratp-connect.nexton-customers.com\\\/#organization\"},\"potentialAction\":[{\"@type\":\"SearchAction\",\"target\":{\"@type\":\"EntryPoint\",\"urlTemplate\":\"https:\\\/\\\/ratp-connect.nexton-customers.com\\\/?s={search_term_string}\"},\"query-input\":{\"@type\":\"PropertyValueSpecification\",\"valueRequired\":true,\"valueName\":\"search_term_string\"}}],\"inLanguage\":\"en-GB\"},{\"@type\":\"Organization\",\"@id\":\"https:\\\/\\\/ratp-connect.nexton-customers.com\\\/#organization\",\"name\":\"RATP Cap \u00cele-de-France\",\"url\":\"https:\\\/\\\/ratp-connect.nexton-customers.com\\\/\",\"logo\":{\"@type\":\"ImageObject\",\"inLanguage\":\"en-GB\",\"@id\":\"https:\\\/\\\/ratp-connect.nexton-customers.com\\\/#\\\/schema\\\/logo\\\/image\\\/\",\"url\":\"https:\\\/\\\/ratp-connect.nexton-customers.com\\\/wp-content\\\/uploads\\\/2024\\\/10\\\/LogosConnect.svg\",\"contentUrl\":\"https:\\\/\\\/ratp-connect.nexton-customers.com\\\/wp-content\\\/uploads\\\/2024\\\/10\\\/LogosConnect.svg\",\"caption\":\"RATP Cap \u00cele-de-France\"},\"image\":{\"@id\":\"https:\\\/\\\/ratp-connect.nexton-customers.com\\\/#\\\/schema\\\/logo\\\/image\\\/\"}}]}<\/script>\n<!-- \/ Yoast SEO plugin. -->","yoast_head_json":{"title":"Museums and cultural institutions - RATP Connect","robots":{"index":"noindex","follow":"follow","max-snippet":"max-snippet:-1","max-image-preview":"max-image-preview:large","max-video-preview":"max-video-preview:-1"},"og_locale":"en_GB","og_type":"article","og_title":"Mus\u00e9es et institutions culturelles - RATP Connect","og_description":"Notre offre de fibre optique noire pour les mus\u00e9es et les \u00e9tablissements culturels La connectivit\u00e9 de votre ambition culturelle RATP Connect \u00e9quipe les institutions culturelles avec une technologie de fibre optique, permettant une diffusion fluide de contenus num\u00e9riques et s\u00e9curisant les pr\u00e9cieuses donn\u00e9es patrimoniales. Notre service garantit une connectivit\u00e9 THD \u00e9conomique et de haute qualit\u00e9, ... Read more","og_url":"https:\/\/ratp-connect.nexton-customers.com\/en\/musees-et-institutions-culturelles\/","og_site_name":"RATP Connect","article_modified_time":"2025-02-19T16:23:09+00:00","og_image":[{"url":"https:\/\/ratp-connect.nexton-customers.com\/wp-content\/uploads\/2024\/06\/Musees_Institutions_Culturelles-scaled.jpg","type":"","width":"","height":""}],"twitter_card":"summary_large_image","twitter_misc":{"Estimated reading time":"2 minutes"},"schema":{"@context":"https:\/\/schema.org","@graph":[{"@type":"WebPage","@id":"https:\/\/ratp-connect.nexton-customers.com\/musees-et-institutions-culturelles\/","url":"https:\/\/ratp-connect.nexton-customers.com\/musees-et-institutions-culturelles\/","name":"Museums and cultural institutions - RATP Connect","isPartOf":{"@id":"https:\/\/ratp-connect.nexton-customers.com\/#website"},"primaryImageOfPage":{"@id":"https:\/\/ratp-connect.nexton-customers.com\/musees-et-institutions-culturelles\/#primaryimage"},"image":{"@id":"https:\/\/ratp-connect.nexton-customers.com\/musees-et-institutions-culturelles\/#primaryimage"},"thumbnailUrl":"https:\/\/ratp-connect.nexton-customers.com\/wp-content\/uploads\/2024\/06\/Musees_Institutions_Culturelles-scaled.jpg","datePublished":"2024-06-03T07:58:45+00:00","dateModified":"2025-02-19T16:23:09+00:00","breadcrumb":{"@id":"https:\/\/ratp-connect.nexton-customers.com\/musees-et-institutions-culturelles\/#breadcrumb"},"inLanguage":"en-GB","potentialAction":[{"@type":"ReadAction","target":["https:\/\/ratp-connect.nexton-customers.com\/musees-et-institutions-culturelles\/"]}]},{"@type":"ImageObject","inLanguage":"en-GB","@id":"https:\/\/ratp-connect.nexton-customers.com\/musees-et-institutions-culturelles\/#primaryimage","url":"https:\/\/ratp-connect.nexton-customers.com\/wp-content\/uploads\/2024\/06\/Musees_Institutions_Culturelles-scaled.jpg","contentUrl":"https:\/\/ratp-connect.nexton-customers.com\/wp-content\/uploads\/2024\/06\/Musees_Institutions_Culturelles-scaled.jpg"},{"@type":"BreadcrumbList","@id":"https:\/\/ratp-connect.nexton-customers.com\/musees-et-institutions-culturelles\/#breadcrumb","itemListElement":[{"@type":"ListItem","position":1,"name":"Accueil","item":"https:\/\/ratp-connect.nexton-customers.com\/"},{"@type":"ListItem","position":2,"name":"Mus\u00e9es et institutions culturelles"}]},{"@type":"WebSite","@id":"https:\/\/ratp-connect.nexton-customers.com\/#website","url":"https:\/\/ratp-connect.nexton-customers.com\/","name":"RATP Cap \u00cele-de-France","description":"","publisher":{"@id":"https:\/\/ratp-connect.nexton-customers.com\/#organization"},"potentialAction":[{"@type":"SearchAction","target":{"@type":"EntryPoint","urlTemplate":"https:\/\/ratp-connect.nexton-customers.com\/?s={search_term_string}"},"query-input":{"@type":"PropertyValueSpecification","valueRequired":true,"valueName":"search_term_string"}}],"inLanguage":"en-GB"},{"@type":"Organization","@id":"https:\/\/ratp-connect.nexton-customers.com\/#organization","name":"RATP Cap \u00cele-de-France","url":"https:\/\/ratp-connect.nexton-customers.com\/","logo":{"@type":"ImageObject","inLanguage":"en-GB","@id":"https:\/\/ratp-connect.nexton-customers.com\/#\/schema\/logo\/image\/","url":"https:\/\/ratp-connect.nexton-customers.com\/wp-content\/uploads\/2024\/10\/LogosConnect.svg","contentUrl":"https:\/\/ratp-connect.nexton-customers.com\/wp-content\/uploads\/2024\/10\/LogosConnect.svg","caption":"RATP Cap \u00cele-de-France"},"image":{"@id":"https:\/\/ratp-connect.nexton-customers.com\/#\/schema\/logo\/image\/"}}]}},"_links":{"self":[{"href":"https:\/\/ratp-connect.nexton-customers.com\/en\/wp-json\/wp\/v2\/pages\/6493","targetHints":{"allow":["GET"]}}],"collection":[{"href":"https:\/\/ratp-connect.nexton-customers.com\/en\/wp-json\/wp\/v2\/pages"}],"about":[{"href":"https:\/\/ratp-connect.nexton-customers.com\/en\/wp-json\/wp\/v2\/types\/page"}],"author":[{"embeddable":true,"href":"https:\/\/ratp-connect.nexton-customers.com\/en\/wp-json\/wp\/v2\/users\/7"}],"replies":[{"embeddable":true,"href":"https:\/\/ratp-connect.nexton-customers.com\/en\/wp-json\/wp\/v2\/comments?post=6493"}],"version-history":[{"count":11,"href":"https:\/\/ratp-connect.nexton-customers.com\/en\/wp-json\/wp\/v2\/pages\/6493\/revisions"}],"predecessor-version":[{"id":7319,"href":"https:\/\/ratp-connect.nexton-customers.com\/en\/wp-json\/wp\/v2\/pages\/6493\/revisions\/7319"}],"wp:attachment":[{"href":"https:\/\/ratp-connect.nexton-customers.com\/en\/wp-json\/wp\/v2\/media?parent=6493"}],"curies":[{"name":"wp","href":"https:\/\/api.w.org\/{rel}","templated":true}]}}