{"id":6489,"date":"2024-05-31T18:12:46","date_gmt":"2024-05-31T16:12:46","guid":{"rendered":"https:\/\/ratp-connect.nexton-customers.com\/?page_id=6489"},"modified":"2025-02-19T18:23:17","modified_gmt":"2025-02-19T16:23:17","slug":"etablissements-denseignement-superieur-et-de-recherche","status":"publish","type":"page","link":"https:\/\/ratp-connect.nexton-customers.com\/en\/etablissements-denseignement-superieur-et-de-recherche\/","title":{"rendered":"Institutes of higher learning and research"},"content":{"rendered":"<div class=\"gb-container gb-container-ec254eff page-title\">\n\n<h1 class=\"wp-block-heading page-title__heading\"><strong><strong><strong>Our dark fiber broadband connectivity offer for institutes of higher learning and research<\/strong><\/strong><\/strong><\/h1>\n\n<\/div>\n\n<div class=\"breadcrumbs align  wp-block-bcn-breadcrumb-trail has-text-color has-background\" vocab=\"https:\/\/schema.org\/\" typeof=\"BreadcrumbList\">\n\t<span><\/span>\n\t<span property=\"itemListElement\" typeof=\"ListItem\"><a property=\"item\" typeof=\"WebPage\" href=\"https:\/\/ratp-connect.nexton-customers.com\/en\/\" class=\"home\" aria-current=\"page\"><span property=\"name\">Home page<\/span><\/a><meta property=\"position\" content=\"1\"><\/span><\/div>\n\n\n<div class=\"gb-container gb-container-bbacd815 bandeau-intro\">\n<div class=\"gb-container gb-container-7387bdc5 bandeau-intro__inside\">\n\n<h2 class=\"wp-block-heading mb-0 color-base-3\"><strong><strong><strong><strong>A higher degree of connectivity<\/strong><\/strong><\/strong><\/strong><\/h2>\n\n\n\n<p class=\"mb-0 color-base-3\">Learn how RATP Connect is revolutionizing access to education and research with its fiber optic network, offering unrivaled performance levels to support higher learning and research initiatives in the Paris region.<\/p>\n\n<\/div>\n<\/div>\n\n<div class=\"gb-container gb-container-9d52252c img-block-right__container\">\n<div class=\"gb-container gb-container-836548f9 img-block-right__sub-container\">\n<div class=\"gb-container gb-container-4ccd2a2c img-block-right__image-wrapper\">\n<div class=\"gb-container gb-container-b4ae217c img-block-right__image-container\">\n<div class=\"gb-container gb-container-d7b18950 img-block-right__image-content box-shadow--rounded--secondary\">\n\n<figure class=\"gb-block-image gb-block-image-fee2cc94\"><img loading=\"lazy\" decoding=\"async\" width=\"2048\" height=\"1395\" class=\"gb-image gb-image-fee2cc94 img-block-right__image\" src=\"https:\/\/ratp-connect.nexton-customers.com\/wp-content\/uploads\/2024\/06\/Etablissements_Enseignement_Superieur_Recherche-scaled.jpg\" alt=\"\" title=\"E\u0301tablissements_Enseignement_Superieur_Recherche\" srcset=\"https:\/\/ratp-connect.nexton-customers.com\/wp-content\/uploads\/2024\/06\/Etablissements_Enseignement_Superieur_Recherche-scaled.jpg 2048w, https:\/\/ratp-connect.nexton-customers.com\/wp-content\/uploads\/2024\/06\/Etablissements_Enseignement_Superieur_Recherche-300x204.jpg 300w, https:\/\/ratp-connect.nexton-customers.com\/wp-content\/uploads\/2024\/06\/Etablissements_Enseignement_Superieur_Recherche-1024x698.jpg 1024w, https:\/\/ratp-connect.nexton-customers.com\/wp-content\/uploads\/2024\/06\/Etablissements_Enseignement_Superieur_Recherche-768x523.jpg 768w, https:\/\/ratp-connect.nexton-customers.com\/wp-content\/uploads\/2024\/06\/Etablissements_Enseignement_Superieur_Recherche-1536x1046.jpg 1536w\" sizes=\"auto, (max-width: 2048px) 100vw, 2048px\" \/><\/figure>\n\n<\/div>\n<\/div>\n<\/div>\n\n<div class=\"gb-container gb-container-13011404 img-block-right__content border-line-full-page--right--primary\">\n<div class=\"gb-container gb-container-6513a29d img-block-right__header\">\n<div class=\"gb-container gb-container-4cedf3e1 img-block-right__header-content\">\n\n<h2 class=\"wp-block-heading img-block-right__title mb-0\"><strong><strong><strong>Excellence in very high speed broadband connectivity<\/strong><\/strong><\/strong><\/h2>\n\n\n<div class=\"gb-container gb-container-a4a45e5c img-block-right__text-container\">\n\n<h3 class=\"wp-block-heading block-text-right__subtitle mb-0\"><strong>Very high speed broadband connectivity is transforming learning<\/strong><\/h3>\n\n\n\n<p class=\"mb-0 img-block-right__text translation-block\">RATP Connect's fiber optic network offers exceptional Internet connectivity, an essential factor for institutes of higher learning and research. By providing very high speed broadband connectivity and high bandwidth capacity, we are paving the way for cutting-edge research and academic collaboration across multiple sites and without borders.<\/p>\n\n<\/div>\n\n<div class=\"gb-container gb-container-6cd0bd1e img-block-right__text-container\">\n\n<h3 class=\"wp-block-heading block-text-right__subtitle mb-0\"><strong>Protect your data, protect the planet<\/strong><\/h3>\n\n\n\n<p class=\"img-block-right__text mb-0\">The security of academic data and research is an absolute priority. Our cutting-edge infrastructure and security protocols ensure the protection of your sensitive data. In the same way that our commitment to the environment demonstrates our commitment to minimizing the ecological impact of our activity.<\/p>\n\n<\/div>\n\n<div class=\"gb-container gb-container-fc8aa65d img-block-right__text-container\">\n\n<h3 class=\"wp-block-heading block-text-right__subtitle mb-0\">Reliable and affordable access<\/h3>\n\n\n\n<p class=\"mb-0 img-block-right__text\">RATP Connect guarantees exceptional reliability with continuous service, which is very important for the ever-growing needs of universities and research institutes. Our cost-effective offer, coupled with its affordability and the proximity of connection points over a wide area, ensures that each student, each employee, and each researcher gets the benefit of non-stop connectivity and 24\/7 customer service.<\/p>\n\n<\/div>\n<\/div>\n<\/div>\n<\/div>\n<\/div>\n<\/div>\n\n<div class=\"gb-container gb-container-b6e14c16 illu-background-container\">\n<div class=\"gb-container gb-container-c4218dca illu-background-topcover\"><\/div>\n\n\n<figure class=\"wp-block-image size-full illustration-background-circle\"><img decoding=\"async\" src=\"https:\/\/ratp-connect.nexton-customers.com\/wp-content\/uploads\/2023\/12\/Forme_BG_Cercle_Right.svg\" alt=\"\" class=\"wp-image-3860\"\/><\/figure>\n\n\n\n<figure class=\"wp-block-image size-full illustration-background-circle--opposite\"><img decoding=\"async\" src=\"https:\/\/ratp-connect.nexton-customers.com\/wp-content\/uploads\/2024\/03\/Forme_BG_Cercle_Left.svg\" alt=\"\" class=\"wp-image-5460\"\/><\/figure>\n\n<\/div>","protected":false},"excerpt":{"rendered":"<p>Notre offre de fibre optique noire pour les \u00e9tablissements d&rsquo;enseignements sup\u00e9rieur et de recherche Une connectivit\u00e9 de niveau sup\u00e9rieur D\u00e9couvrez comment RATP Connect r\u00e9volutionne l&rsquo;acc\u00e8s \u00e0 l&rsquo;\u00e9ducation et \u00e0 la recherche avec sa solution de fibre optique, offrant une performance in\u00e9gal\u00e9e pour soutenir l&rsquo;enseignement sup\u00e9rieur et les initiatives de recherche en \u00cele-de-France. L&rsquo;excellence Tr\u00e8s Haut &#8230; <a title=\"\u00c9tablissements d&rsquo;enseignement sup\u00e9rieur et de recherche\" class=\"read-more\" href=\"https:\/\/ratp-connect.nexton-customers.com\/en\/etablissements-denseignement-superieur-et-de-recherche\/\" aria-label=\"Read more about \u00c9tablissements d&rsquo;enseignement sup\u00e9rieur et de recherche\">Read more<\/a><\/p>","protected":false},"author":7,"featured_media":0,"parent":0,"menu_order":0,"comment_status":"closed","ping_status":"closed","template":"","meta":{"footnotes":""},"class_list":["post-6489","page","type-page","status-publish"],"yoast_head":"<!-- This site is optimized with the Yoast SEO plugin v27.3 - https:\/\/yoast.com\/product\/yoast-seo-wordpress\/ -->\n<title>\u00c9tablissements d&#039;enseignement sup\u00e9rieur et de recherche - RATP Connect<\/title>\n<meta name=\"robots\" content=\"noindex, follow, max-snippet:-1, max-image-preview:large, max-video-preview:-1\" \/>\n<meta property=\"og:locale\" content=\"en_GB\" \/>\n<meta property=\"og:type\" content=\"article\" \/>\n<meta property=\"og:title\" content=\"\u00c9tablissements d&#039;enseignement sup\u00e9rieur et de recherche - RATP Connect\" \/>\n<meta property=\"og:description\" content=\"Notre offre de fibre optique noire pour les \u00e9tablissements d&rsquo;enseignements sup\u00e9rieur et de recherche Une connectivit\u00e9 de niveau sup\u00e9rieur D\u00e9couvrez comment RATP Connect r\u00e9volutionne l&rsquo;acc\u00e8s \u00e0 l&rsquo;\u00e9ducation et \u00e0 la recherche avec sa solution de fibre optique, offrant une performance in\u00e9gal\u00e9e pour soutenir l&rsquo;enseignement sup\u00e9rieur et les initiatives de recherche en \u00cele-de-France. L&rsquo;excellence Tr\u00e8s Haut ... Read more\" \/>\n<meta property=\"og:url\" content=\"https:\/\/ratp-connect.nexton-customers.com\/en\/etablissements-denseignement-superieur-et-de-recherche\/\" \/>\n<meta property=\"og:site_name\" content=\"RATP Connect\" \/>\n<meta property=\"article:modified_time\" content=\"2025-02-19T16:23:17+00:00\" \/>\n<meta property=\"og:image\" content=\"https:\/\/ratp-connect.nexton-customers.com\/wp-content\/uploads\/2024\/06\/Etablissements_Enseignement_Superieur_Recherche-scaled.jpg\" \/>\n<meta name=\"twitter:card\" content=\"summary_large_image\" \/>\n<meta name=\"twitter:label1\" content=\"Estimated reading time\" \/>\n\t<meta name=\"twitter:data1\" content=\"2 minutes\" \/>\n<script type=\"application\/ld+json\" class=\"yoast-schema-graph\">{\"@context\":\"https:\\\/\\\/schema.org\",\"@graph\":[{\"@type\":\"WebPage\",\"@id\":\"https:\\\/\\\/ratp-connect.nexton-customers.com\\\/etablissements-denseignement-superieur-et-de-recherche\\\/\",\"url\":\"https:\\\/\\\/ratp-connect.nexton-customers.com\\\/etablissements-denseignement-superieur-et-de-recherche\\\/\",\"name\":\"\u00c9tablissements d'enseignement sup\u00e9rieur et de recherche - RATP Connect\",\"isPartOf\":{\"@id\":\"https:\\\/\\\/ratp-connect.nexton-customers.com\\\/#website\"},\"primaryImageOfPage\":{\"@id\":\"https:\\\/\\\/ratp-connect.nexton-customers.com\\\/etablissements-denseignement-superieur-et-de-recherche\\\/#primaryimage\"},\"image\":{\"@id\":\"https:\\\/\\\/ratp-connect.nexton-customers.com\\\/etablissements-denseignement-superieur-et-de-recherche\\\/#primaryimage\"},\"thumbnailUrl\":\"https:\\\/\\\/ratp-connect.nexton-customers.com\\\/wp-content\\\/uploads\\\/2024\\\/06\\\/Etablissements_Enseignement_Superieur_Recherche-scaled.jpg\",\"datePublished\":\"2024-05-31T16:12:46+00:00\",\"dateModified\":\"2025-02-19T16:23:17+00:00\",\"breadcrumb\":{\"@id\":\"https:\\\/\\\/ratp-connect.nexton-customers.com\\\/etablissements-denseignement-superieur-et-de-recherche\\\/#breadcrumb\"},\"inLanguage\":\"en-GB\",\"potentialAction\":[{\"@type\":\"ReadAction\",\"target\":[\"https:\\\/\\\/ratp-connect.nexton-customers.com\\\/etablissements-denseignement-superieur-et-de-recherche\\\/\"]}]},{\"@type\":\"ImageObject\",\"inLanguage\":\"en-GB\",\"@id\":\"https:\\\/\\\/ratp-connect.nexton-customers.com\\\/etablissements-denseignement-superieur-et-de-recherche\\\/#primaryimage\",\"url\":\"https:\\\/\\\/ratp-connect.nexton-customers.com\\\/wp-content\\\/uploads\\\/2024\\\/06\\\/Etablissements_Enseignement_Superieur_Recherche-scaled.jpg\",\"contentUrl\":\"https:\\\/\\\/ratp-connect.nexton-customers.com\\\/wp-content\\\/uploads\\\/2024\\\/06\\\/Etablissements_Enseignement_Superieur_Recherche-scaled.jpg\"},{\"@type\":\"BreadcrumbList\",\"@id\":\"https:\\\/\\\/ratp-connect.nexton-customers.com\\\/etablissements-denseignement-superieur-et-de-recherche\\\/#breadcrumb\",\"itemListElement\":[{\"@type\":\"ListItem\",\"position\":1,\"name\":\"Accueil\",\"item\":\"https:\\\/\\\/ratp-connect.nexton-customers.com\\\/\"},{\"@type\":\"ListItem\",\"position\":2,\"name\":\"\u00c9tablissements d&rsquo;enseignement sup\u00e9rieur et de recherche\"}]},{\"@type\":\"WebSite\",\"@id\":\"https:\\\/\\\/ratp-connect.nexton-customers.com\\\/#website\",\"url\":\"https:\\\/\\\/ratp-connect.nexton-customers.com\\\/\",\"name\":\"RATP Cap \u00cele-de-France\",\"description\":\"\",\"publisher\":{\"@id\":\"https:\\\/\\\/ratp-connect.nexton-customers.com\\\/#organization\"},\"potentialAction\":[{\"@type\":\"SearchAction\",\"target\":{\"@type\":\"EntryPoint\",\"urlTemplate\":\"https:\\\/\\\/ratp-connect.nexton-customers.com\\\/?s={search_term_string}\"},\"query-input\":{\"@type\":\"PropertyValueSpecification\",\"valueRequired\":true,\"valueName\":\"search_term_string\"}}],\"inLanguage\":\"en-GB\"},{\"@type\":\"Organization\",\"@id\":\"https:\\\/\\\/ratp-connect.nexton-customers.com\\\/#organization\",\"name\":\"RATP Cap \u00cele-de-France\",\"url\":\"https:\\\/\\\/ratp-connect.nexton-customers.com\\\/\",\"logo\":{\"@type\":\"ImageObject\",\"inLanguage\":\"en-GB\",\"@id\":\"https:\\\/\\\/ratp-connect.nexton-customers.com\\\/#\\\/schema\\\/logo\\\/image\\\/\",\"url\":\"https:\\\/\\\/ratp-connect.nexton-customers.com\\\/wp-content\\\/uploads\\\/2024\\\/10\\\/LogosConnect.svg\",\"contentUrl\":\"https:\\\/\\\/ratp-connect.nexton-customers.com\\\/wp-content\\\/uploads\\\/2024\\\/10\\\/LogosConnect.svg\",\"caption\":\"RATP Cap \u00cele-de-France\"},\"image\":{\"@id\":\"https:\\\/\\\/ratp-connect.nexton-customers.com\\\/#\\\/schema\\\/logo\\\/image\\\/\"}}]}<\/script>\n<!-- \/ Yoast SEO plugin. -->","yoast_head_json":{"title":"Institutes of higher learning and research - RATP Connect","robots":{"index":"noindex","follow":"follow","max-snippet":"max-snippet:-1","max-image-preview":"max-image-preview:large","max-video-preview":"max-video-preview:-1"},"og_locale":"en_GB","og_type":"article","og_title":"\u00c9tablissements d'enseignement sup\u00e9rieur et de recherche - RATP Connect","og_description":"Notre offre de fibre optique noire pour les \u00e9tablissements d&rsquo;enseignements sup\u00e9rieur et de recherche Une connectivit\u00e9 de niveau sup\u00e9rieur D\u00e9couvrez comment RATP Connect r\u00e9volutionne l&rsquo;acc\u00e8s \u00e0 l&rsquo;\u00e9ducation et \u00e0 la recherche avec sa solution de fibre optique, offrant une performance in\u00e9gal\u00e9e pour soutenir l&rsquo;enseignement sup\u00e9rieur et les initiatives de recherche en \u00cele-de-France. L&rsquo;excellence Tr\u00e8s Haut ... Read more","og_url":"https:\/\/ratp-connect.nexton-customers.com\/en\/etablissements-denseignement-superieur-et-de-recherche\/","og_site_name":"RATP Connect","article_modified_time":"2025-02-19T16:23:17+00:00","og_image":[{"url":"https:\/\/ratp-connect.nexton-customers.com\/wp-content\/uploads\/2024\/06\/Etablissements_Enseignement_Superieur_Recherche-scaled.jpg","type":"","width":"","height":""}],"twitter_card":"summary_large_image","twitter_misc":{"Estimated reading time":"2 minutes"},"schema":{"@context":"https:\/\/schema.org","@graph":[{"@type":"WebPage","@id":"https:\/\/ratp-connect.nexton-customers.com\/etablissements-denseignement-superieur-et-de-recherche\/","url":"https:\/\/ratp-connect.nexton-customers.com\/etablissements-denseignement-superieur-et-de-recherche\/","name":"Institutes of higher learning and research - RATP Connect","isPartOf":{"@id":"https:\/\/ratp-connect.nexton-customers.com\/#website"},"primaryImageOfPage":{"@id":"https:\/\/ratp-connect.nexton-customers.com\/etablissements-denseignement-superieur-et-de-recherche\/#primaryimage"},"image":{"@id":"https:\/\/ratp-connect.nexton-customers.com\/etablissements-denseignement-superieur-et-de-recherche\/#primaryimage"},"thumbnailUrl":"https:\/\/ratp-connect.nexton-customers.com\/wp-content\/uploads\/2024\/06\/Etablissements_Enseignement_Superieur_Recherche-scaled.jpg","datePublished":"2024-05-31T16:12:46+00:00","dateModified":"2025-02-19T16:23:17+00:00","breadcrumb":{"@id":"https:\/\/ratp-connect.nexton-customers.com\/etablissements-denseignement-superieur-et-de-recherche\/#breadcrumb"},"inLanguage":"en-GB","potentialAction":[{"@type":"ReadAction","target":["https:\/\/ratp-connect.nexton-customers.com\/etablissements-denseignement-superieur-et-de-recherche\/"]}]},{"@type":"ImageObject","inLanguage":"en-GB","@id":"https:\/\/ratp-connect.nexton-customers.com\/etablissements-denseignement-superieur-et-de-recherche\/#primaryimage","url":"https:\/\/ratp-connect.nexton-customers.com\/wp-content\/uploads\/2024\/06\/Etablissements_Enseignement_Superieur_Recherche-scaled.jpg","contentUrl":"https:\/\/ratp-connect.nexton-customers.com\/wp-content\/uploads\/2024\/06\/Etablissements_Enseignement_Superieur_Recherche-scaled.jpg"},{"@type":"BreadcrumbList","@id":"https:\/\/ratp-connect.nexton-customers.com\/etablissements-denseignement-superieur-et-de-recherche\/#breadcrumb","itemListElement":[{"@type":"ListItem","position":1,"name":"Accueil","item":"https:\/\/ratp-connect.nexton-customers.com\/"},{"@type":"ListItem","position":2,"name":"\u00c9tablissements d&rsquo;enseignement sup\u00e9rieur et de recherche"}]},{"@type":"WebSite","@id":"https:\/\/ratp-connect.nexton-customers.com\/#website","url":"https:\/\/ratp-connect.nexton-customers.com\/","name":"RATP Cap \u00cele-de-France","description":"","publisher":{"@id":"https:\/\/ratp-connect.nexton-customers.com\/#organization"},"potentialAction":[{"@type":"SearchAction","target":{"@type":"EntryPoint","urlTemplate":"https:\/\/ratp-connect.nexton-customers.com\/?s={search_term_string}"},"query-input":{"@type":"PropertyValueSpecification","valueRequired":true,"valueName":"search_term_string"}}],"inLanguage":"en-GB"},{"@type":"Organization","@id":"https:\/\/ratp-connect.nexton-customers.com\/#organization","name":"RATP Cap \u00cele-de-France","url":"https:\/\/ratp-connect.nexton-customers.com\/","logo":{"@type":"ImageObject","inLanguage":"en-GB","@id":"https:\/\/ratp-connect.nexton-customers.com\/#\/schema\/logo\/image\/","url":"https:\/\/ratp-connect.nexton-customers.com\/wp-content\/uploads\/2024\/10\/LogosConnect.svg","contentUrl":"https:\/\/ratp-connect.nexton-customers.com\/wp-content\/uploads\/2024\/10\/LogosConnect.svg","caption":"RATP Cap \u00cele-de-France"},"image":{"@id":"https:\/\/ratp-connect.nexton-customers.com\/#\/schema\/logo\/image\/"}}]}},"_links":{"self":[{"href":"https:\/\/ratp-connect.nexton-customers.com\/en\/wp-json\/wp\/v2\/pages\/6489","targetHints":{"allow":["GET"]}}],"collection":[{"href":"https:\/\/ratp-connect.nexton-customers.com\/en\/wp-json\/wp\/v2\/pages"}],"about":[{"href":"https:\/\/ratp-connect.nexton-customers.com\/en\/wp-json\/wp\/v2\/types\/page"}],"author":[{"embeddable":true,"href":"https:\/\/ratp-connect.nexton-customers.com\/en\/wp-json\/wp\/v2\/users\/7"}],"replies":[{"embeddable":true,"href":"https:\/\/ratp-connect.nexton-customers.com\/en\/wp-json\/wp\/v2\/comments?post=6489"}],"version-history":[{"count":25,"href":"https:\/\/ratp-connect.nexton-customers.com\/en\/wp-json\/wp\/v2\/pages\/6489\/revisions"}],"predecessor-version":[{"id":7320,"href":"https:\/\/ratp-connect.nexton-customers.com\/en\/wp-json\/wp\/v2\/pages\/6489\/revisions\/7320"}],"wp:attachment":[{"href":"https:\/\/ratp-connect.nexton-customers.com\/en\/wp-json\/wp\/v2\/media?parent=6489"}],"curies":[{"name":"wp","href":"https:\/\/api.w.org\/{rel}","templated":true}]}}