{"id":451,"date":"2023-10-26T16:41:35","date_gmt":"2023-10-26T14:41:35","guid":{"rendered":"https:\/\/ratp-connect.nexton-customers.com\/?page_id=451"},"modified":"2025-05-20T10:52:11","modified_gmt":"2025-05-20T08:52:11","slug":"mentions-legales","status":"publish","type":"page","link":"https:\/\/ratp-connect.nexton-customers.com\/en\/mentions-legales\/","title":{"rendered":"Legal notice"},"content":{"rendered":"<div class=\"gb-container gb-container-7c94cdc1 page-title\">\n\n<h1 class=\"wp-block-heading page-title__heading\">Legal notice<\/h1>\n\n<\/div>\n\n<div class=\"breadcrumbs align  wp-block-bcn-breadcrumb-trail has-text-color has-background\" vocab=\"https:\/\/schema.org\/\" typeof=\"BreadcrumbList\">\n\t<span><\/span>\n\t<span property=\"itemListElement\" typeof=\"ListItem\"><a property=\"item\" typeof=\"WebPage\" href=\"https:\/\/ratp-connect.nexton-customers.com\/en\/\" class=\"home\" aria-current=\"page\"><span property=\"name\">Home page<\/span><\/a><meta property=\"position\" content=\"1\"><\/span><\/div>\n\n\n<div class=\"gb-container gb-container-13011404 block-text-right\">\n<div class=\"gb-container gb-container-783e030b block-text-right__container bg-base-3\">\n<div class=\"gb-container gb-container-6513a29d block-text-right__content\">\n<div class=\"gb-container gb-container-4cedf3e1 block-text-right__section\">\n\n<p class=\"block-text-right__description\">Director of publication: Bertrand Lenoir, Managing Director<\/p>\n\n\n\n<p class=\"block-text-right__description\">Propri\u00e9taire\u00a0: \u00a0\u2028<br>RATP Connect\u2028<br>Soci\u00e9t\u00e9 par actions simplifi\u00e9e\u2028<br>RCS Paris 411\u00a0759 962<br>54 Quai de la Rap\u00e9e, 75012 Paris<br>TVA intracommunautaire n\u00b0 FR 30411759962<br>01 58 76 19 84<\/p>\n\n\n\n<p class=\"block-text-right__description translation-block\">The website is hosted by:<br>Microsoft Azure<br>Adress : 39 quai du Pr\u00e9sident Roosevelt, 92130 Issy les Moulineaux \u2013 France (Head Office)<br>Registered share capital : 4.240.000 \u20ac<br>RCS NANTERRE 327733184<\/p>\n\n\n\n<p class=\"block-text-right__description\">The purpose of this website is to provide information and assistance concerning the activities, services, and areas of expertise of the subsidiary RATP Connect (hereafter referred to as \"RATP Connect\").<\/p>\n\n<\/div>\n<\/div>\n<\/div>\n<\/div>\n\n<div class=\"gb-container gb-container-951e5c43 block-text-left border-line-full-page--left--bleu-institutionnel\">\n<div class=\"gb-container gb-container-8e4e80f3 block-text-left__container bg-base-3\">\n<div class=\"gb-container gb-container-228eb17b block-text-left__content\">\n<div class=\"gb-container gb-container-b71b6756 block-text-left__section\">\n<div class=\"gb-container gb-container-80687d54 block-text-left__subsection\">\n\n<h2 class=\"wp-block-heading block-text-left__title\">01. Personal data<\/h2>\n\n\n<div class=\"gb-container gb-container-d404104e\">\n\n<p class=\"block-text-left__description\">The data collected or processed in the course of your browsing through this website (hereafter, the \"Website\") are intended for RATP Connect and its subcontractors for the purpose of improving the services offered on the Website and to make it easier for you to browse through the website, subject to your acceptance.<\/p>\n\n\n\n<p class=\"block-text-left__description translation-block\">Learn more about the Personal Data and Cookies Policy.<\/p>\n\n<\/div>\n<\/div>\n\n<div class=\"gb-container gb-container-80a8bc61 block-text-left__subsection\">\n\n<h2 class=\"wp-block-heading block-text-left__title\">02. Cookies<\/h2>\n\n\n<div class=\"gb-container gb-container-c3a20835\">\n\n<p class=\"block-text-left__description\">When you are using the Website, information relating to your use of the Website gathered from your device (computer, tablet device, smartphone, etc.) (hereafter, the \"device\") may be saved and accessed in the form of \"cookies\" files installed on your device, subject to the choices that you indicated concerning cookies and which you can modify at any time.<\/p>\n\n\n\n<p class=\"block-text-left__description translation-block\">Learn more about the Personal Data and Cookies Policy.<\/p>\n\n<\/div>\n<\/div>\n\n<div class=\"gb-container gb-container-a51bffc1 block-text-left__subsection\">\n\n<h2 class=\"wp-block-heading block-text-left__title\">03. Intellectual property<\/h2>\n\n\n<div class=\"gb-container gb-container-b578d597\">\n\n<p class=\"block-text-left__description\">All of the content on the Website is protected by French and international intellectual property laws. All rights of reproduction are reserved, including any documents that may be downloaded. All of the text, graphics, icons, photographs, maps, logos, videos, sounds, brands (.) and more broadly all of the components that make up the Website and the Website itself may not, in accordance with article L122-4 of French intellectual property law, be presented or reproduced, wholly or partly, on any medium, without the prior express consent of RATP Connect or the rights holders, in particular for content from third parties.<\/p>\n\n\n\n<p class=\"block-text-left__description\">Failure to comply with this prohibition constitutes an act of counterfeiting and may incur the offending party's civil and\/or criminal liability. RATP Connect reserves the right to pursue legal proceedings against any party that fails to comply with this prohibition.<\/p>\n\n\n\n<p class=\"block-text-left__description\">Similarly, it is strictly forbidden to use or reproduce the name \"RATP Connect\" and\/or its brands or logos, on their own or in association with others, for any purpose and on any medium without the prior written consent of RATP Connect.<\/p>\n\n<\/div>\n<\/div>\n\n<div class=\"gb-container gb-container-8f75304a block-text-left__subsection\">\n\n<h2 class=\"wp-block-heading block-text-left__title\">04. Liability of RATP Connect<\/h2>\n\n\n<div class=\"gb-container gb-container-f53ef161\">\n\n<p class=\"block-text-left__description\">We make every effort to ensure that the information published on the Website is precise, accurate, and up to date.<\/p>\n\n\n\n<p class=\"block-text-left__description\">However, we cannot guarantee its complete reliability. In particular, the information may be amended or updated at any time without prior notice.<\/p>\n\n\n\n<p class=\"block-text-left__description\">The user is encouraged to report any information that seems inaccurate and, in such a case, suggest any improvement that seems appropriate. RATP Connect will not be held liable for:<\/p>\n\n\n\n<ul class=\"wp-block-list block__list\">\n<li class=\"arrow-icon--primary block__list-item\">damage of any kind, direct or indirect, resulting from the use of the Website, and in particular any operating loss, financial or commercial loss, loss of programs and\/or data, particularly in the Website user's information system,<\/li>\n\n\n\n<li class=\"arrow-icon--primary block__list-item\">damage of any kind, direct or indirect, resulting from the content of third parties and\/or the use of websites linked to the Website or to which users may have access via the Website,<\/li>\n\n\n\n<li class=\"arrow-icon--primary block__list-item\">inability to access the https:\/\/ratpconnect.com website and\/or any of the websites linked to it,<\/li>\n\n\n\n<li class=\"arrow-icon--primary block__list-item\">any omissions and\/or errors on the https:\/\/ratpconnect.com website.<\/li>\n<\/ul>\n\n\n\n<p class=\"block-text-left__description\">Other websites or applications published by RATP Connect are governed by their own legal notices and conditions of use.<\/p>\n\n<\/div>\n<\/div>\n\n<div class=\"gb-container gb-container-7d91d050 block-text-left__subsection\">\n\n<h2 class=\"wp-block-heading block-text-left__title\">05. Users<\/h2>\n\n\n<div class=\"gb-container gb-container-f39f34f3\">\n\n<p class=\"block-text-left__description\">The users of this Website are liable for any damage of any kind, material or otherwise, direct or indirect, caused to any third party, including RATP Connect, as a result of the illegal use of the Website itself and\/or any of its components, whatever the cause and place of occurrence of such damage, and covers RATP Connect against the consequences of any claims or actions to which it may be subject as a result.<\/p>\n\n\n\n<p class=\"block-text-left__description\">The users of the Website waive their right to take any legal action against RATP Connect in the event of legal proceedings being brought against them by a third party as a result of the illegal use of the Website.<\/p>\n\n<\/div>\n<\/div>\n\n<div class=\"gb-container gb-container-a87efc9d block-text-left__subsection\">\n\n<h2 class=\"wp-block-heading block-text-left__title\">06. Reproduction of content<\/h2>\n\n\n<div class=\"gb-container gb-container-49b142b3\">\n\n<p class=\"block-text-left__description translation-block\">\"The users of the Website may not reproduce any content (text, photos, videos, sounds, animations, etc.), data, or extracts from databases, or any software components that make up or are accessible on the Website, without the express prior authorization of RATP Connect.\nFor any request to reproduce components contained in the Website, please send us a message via the contact form provided on the Website.\"<\/p>\n\n\n\n<p class=\"block-text-left__description translation-block\">On the <a href=\"https:\/\/data.ratp.fr\/explore\/\" target=\"_self\"><strong>data.ratp.fr<\/strong><\/a> website, you can find open data content that is available for download, the use of which is subject to the conditions stated above.<\/p>\n\n<\/div>\n<\/div>\n\n<div class=\"gb-container gb-container-abd316b9 block-text-left__subsection\">\n\n<h2 class=\"wp-block-heading block-text-left__title\">07. Governing law<\/h2>\n\n\n\n<p class=\"block-text-left__description\">This Legal Notice and any consequences of the use of the Website or of its availability or unavailability are governed by French law.<\/p>\n\n<\/div>\n\n<div class=\"gb-container gb-container-b9fb35e0 block-text-left__subsection\">\n\n<h2 class=\"wp-block-heading block-text-left__title\">08. Credits<\/h2>\n\n\n\n<p class=\"block-text-left__description\">Editorial management of the website: 6, avenue Montaigne 93160 Noisy-le-Grand<\/p>\n\n<\/div>\n\n<div class=\"gb-container gb-container-cbd01a9d block-text-left__subsection\">\n\n<h2 class=\"wp-block-heading block-text-left__title\">09. Photo credits:<\/h2>\n\n\n<div class=\"gb-container gb-container-bc2a270c\">\n\n<p class=\"block-text-left__description translation-block\">\"Agence audiovisuelle RATP\n54, quai de la Rap\u00e9e\n75599 PARIS CEDEX 12\"<\/p>\n\n\n\n<p class=\"block-text-left__description\">(Gilles Aligon, Charles Ardaillon, Jean-Marie Carrier, Bertrand Chabrol, Noam Cilirie, G\u00e9rard Dumax, Didier Dupuy, Gilbert Gaillard, Didier Jackson, Bruno Marguerite, Jean-Fran\u00e7ois Mauboussin, Ren\u00e9 Minoli, Ren\u00e9 Roy, Denis Sutton, Jo\u00ebl Thibault, Eric Touz\u00e9, Hamdi Chref, Xavier Chibout)<\/p>\n\n<\/div>\n<\/div>\n\n<div class=\"gb-container gb-container-200c3b9f block-text-left__subsection\">\n\n<h2 class=\"wp-block-heading block-text-left__title\">10. Design and graphic design of the website<\/h2>\n\n\n\n<p class=\"block-text-left__description translation-block\">Nexton Consulting<br>5-7, rue St Fiacre<br>\n75002 \u2013 Paris, France<br>\nT\u00e9l. : +33 (0)1 81 69 73 90<\/p>\n\n<\/div>\n\n<div class=\"gb-container gb-container-d0fdf180 block-text-left__subsection\">\n\n<h2 class=\"wp-block-heading block-text-left__title\">11. Website design and integration<\/h2>\n\n\n<div class=\"gb-container gb-container-c80dee29\">\n\n<p class=\"block-text-left__description translation-block\">Nexton Consulting<br>5-7, rue St Fiacre<br>\n75002 \u2013 Paris, France<br>\nT\u00e9l. : +33 (0)1 81 69 73 90<\/p>\n\n<\/div>\n<\/div>\n\n<div class=\"gb-container gb-container-348d2cb8 block-text-left__subsection\">\n\n<h2 class=\"wp-block-heading block-text-left__title\">12. Website SEO (ranking) support<\/h2>\n\n\n<div class=\"gb-container gb-container-164a9600\">\n\n<p class=\"block-text-left__description translation-block\">Agence Hyffen<br>8, rue d\u2019Ath\u00e8nes<br>75009 Paris<br><a href=\"https:\/\/www.hyffen.com\/\" target=\"_blank\" rel=\"noreferrer noopener\">https:\/\/www.hyffen.com\/<\/a><\/p>\n\n<\/div>\n<\/div>\n\n<div class=\"gb-container gb-container-dbfd85a5 block-text-left__subsection\">\n\n<h2 class=\"wp-block-heading block-text-left__title\">13. Accessibility assistance<\/h2>\n\n\n<div class=\"gb-container gb-container-dc5de4a4\">\n\n<p class=\"block-text-left__description\">Agence Id\u00e9ance<br>23 rue des Sources<br>76160 Saint-L\u00e9ger-du-Bourg-Denis<br><a href=\"https:\/\/ideance.net\/\">https:\/\/ideance.net\/<\/a><\/p>\n\n\n\n<p class=\"block-text-left__description\"><br>\u00a9RATP Connect<\/p>\n\n<\/div>\n<\/div>\n<\/div>\n<\/div>\n<\/div>\n<\/div>\n\n<div class=\"gb-container gb-container-77b4fe1d illu-background-container\">\n<div class=\"gb-container gb-container-57eebfe8 illu-background-topcover\"><\/div>\n\n\n<figure class=\"wp-block-image size-full illustration-background-circle\"><img decoding=\"async\" src=\"https:\/\/ratp-connect.nexton-customers.com\/wp-content\/uploads\/2023\/12\/Forme_BG_Cercle_Right.svg\" alt=\"\" class=\"wp-image-3860\"\/><\/figure>\n\n\n\n<figure class=\"wp-block-image size-full illustration-background-circle--opposite\"><img decoding=\"async\" src=\"https:\/\/ratp-connect.nexton-customers.com\/wp-content\/uploads\/2024\/03\/Forme_BG_Cercle_Left.svg\" alt=\"\" class=\"wp-image-5460\"\/><\/figure>\n\n<\/div>","protected":false},"excerpt":{"rendered":"<p>Mentions l\u00e9gales Directeur de la publication :&nbsp;Bertrand Lenoir, Directeur G\u00e9n\u00e9ral Propri\u00e9taire\u00a0: \u00a0\u2028RATP Connect\u2028Soci\u00e9t\u00e9 par actions simplifi\u00e9e\u2028RCS Paris 411\u00a0759 96254 Quai de la Rap\u00e9e, 75012 ParisTVA intracommunautaire n\u00b0 FR 3041175996201 58 76 19 84 Le site est h\u00e9berg\u00e9 par :Microsoft AzureAdresse : 39 quai du Pr\u00e9sident Roosevelt, 92130 Issy les Moulineaux \u2013 France (Si\u00e8ge social)Capital social &#8230; <a title=\"Legal notice\" class=\"read-more\" href=\"https:\/\/ratp-connect.nexton-customers.com\/en\/mentions-legales\/\" aria-label=\"Read more about Mentions l\u00e9gales\">Read more<\/a><\/p>","protected":false},"author":7,"featured_media":0,"parent":0,"menu_order":0,"comment_status":"closed","ping_status":"closed","template":"","meta":{"footnotes":""},"class_list":["post-451","page","type-page","status-publish"],"yoast_head":"<!-- This site is optimized with the Yoast SEO plugin v27.3 - https:\/\/yoast.com\/product\/yoast-seo-wordpress\/ -->\n<title>Mentions l\u00e9gales - RATP Connect<\/title>\n<meta name=\"robots\" content=\"noindex, follow, max-snippet:-1, max-image-preview:large, max-video-preview:-1\" \/>\n<meta property=\"og:locale\" content=\"en_GB\" \/>\n<meta property=\"og:type\" content=\"article\" \/>\n<meta property=\"og:title\" content=\"Mentions l\u00e9gales - RATP Connect\" \/>\n<meta property=\"og:description\" content=\"Mentions l\u00e9gales Directeur de la publication :&nbsp;Bertrand Lenoir, Directeur G\u00e9n\u00e9ral Propri\u00e9taire\u00a0: \u00a0\u2028RATP Connect\u2028Soci\u00e9t\u00e9 par actions simplifi\u00e9e\u2028RCS Paris 411\u00a0759 96254 Quai de la Rap\u00e9e, 75012 ParisTVA intracommunautaire n\u00b0 FR 3041175996201 58 76 19 84 Le site est h\u00e9berg\u00e9 par :Microsoft AzureAdresse : 39 quai du Pr\u00e9sident Roosevelt, 92130 Issy les Moulineaux \u2013 France (Si\u00e8ge social)Capital social ... Read more\" \/>\n<meta property=\"og:url\" content=\"https:\/\/ratp-connect.nexton-customers.com\/en\/mentions-legales\/\" \/>\n<meta property=\"og:site_name\" content=\"RATP Connect\" \/>\n<meta property=\"article:modified_time\" content=\"2025-05-20T08:52:11+00:00\" \/>\n<meta name=\"twitter:card\" content=\"summary_large_image\" \/>\n<meta name=\"twitter:label1\" content=\"Estimated reading time\" \/>\n\t<meta name=\"twitter:data1\" content=\"6 minutes\" \/>\n<script type=\"application\/ld+json\" class=\"yoast-schema-graph\">{\"@context\":\"https:\\\/\\\/schema.org\",\"@graph\":[{\"@type\":\"WebPage\",\"@id\":\"https:\\\/\\\/ratp-connect.nexton-customers.com\\\/mentions-legales\\\/\",\"url\":\"https:\\\/\\\/ratp-connect.nexton-customers.com\\\/mentions-legales\\\/\",\"name\":\"Mentions l\u00e9gales - RATP Connect\",\"isPartOf\":{\"@id\":\"https:\\\/\\\/ratp-connect.nexton-customers.com\\\/#website\"},\"primaryImageOfPage\":{\"@id\":\"https:\\\/\\\/ratp-connect.nexton-customers.com\\\/mentions-legales\\\/#primaryimage\"},\"image\":{\"@id\":\"https:\\\/\\\/ratp-connect.nexton-customers.com\\\/mentions-legales\\\/#primaryimage\"},\"thumbnailUrl\":\"https:\\\/\\\/ratp-connect.nexton-customers.com\\\/wp-content\\\/uploads\\\/2023\\\/12\\\/Forme_BG_Cercle_Right.svg\",\"datePublished\":\"2023-10-26T14:41:35+00:00\",\"dateModified\":\"2025-05-20T08:52:11+00:00\",\"breadcrumb\":{\"@id\":\"https:\\\/\\\/ratp-connect.nexton-customers.com\\\/mentions-legales\\\/#breadcrumb\"},\"inLanguage\":\"en-GB\",\"potentialAction\":[{\"@type\":\"ReadAction\",\"target\":[\"https:\\\/\\\/ratp-connect.nexton-customers.com\\\/mentions-legales\\\/\"]}]},{\"@type\":\"ImageObject\",\"inLanguage\":\"en-GB\",\"@id\":\"https:\\\/\\\/ratp-connect.nexton-customers.com\\\/mentions-legales\\\/#primaryimage\",\"url\":\"https:\\\/\\\/ratp-connect.nexton-customers.com\\\/wp-content\\\/uploads\\\/2023\\\/12\\\/Forme_BG_Cercle_Right.svg\",\"contentUrl\":\"https:\\\/\\\/ratp-connect.nexton-customers.com\\\/wp-content\\\/uploads\\\/2023\\\/12\\\/Forme_BG_Cercle_Right.svg\"},{\"@type\":\"BreadcrumbList\",\"@id\":\"https:\\\/\\\/ratp-connect.nexton-customers.com\\\/mentions-legales\\\/#breadcrumb\",\"itemListElement\":[{\"@type\":\"ListItem\",\"position\":1,\"name\":\"Accueil\",\"item\":\"https:\\\/\\\/ratp-connect.nexton-customers.com\\\/\"},{\"@type\":\"ListItem\",\"position\":2,\"name\":\"Mentions l\u00e9gales\"}]},{\"@type\":\"WebSite\",\"@id\":\"https:\\\/\\\/ratp-connect.nexton-customers.com\\\/#website\",\"url\":\"https:\\\/\\\/ratp-connect.nexton-customers.com\\\/\",\"name\":\"RATP Cap \u00cele-de-France\",\"description\":\"\",\"publisher\":{\"@id\":\"https:\\\/\\\/ratp-connect.nexton-customers.com\\\/#organization\"},\"potentialAction\":[{\"@type\":\"SearchAction\",\"target\":{\"@type\":\"EntryPoint\",\"urlTemplate\":\"https:\\\/\\\/ratp-connect.nexton-customers.com\\\/?s={search_term_string}\"},\"query-input\":{\"@type\":\"PropertyValueSpecification\",\"valueRequired\":true,\"valueName\":\"search_term_string\"}}],\"inLanguage\":\"en-GB\"},{\"@type\":\"Organization\",\"@id\":\"https:\\\/\\\/ratp-connect.nexton-customers.com\\\/#organization\",\"name\":\"RATP Cap \u00cele-de-France\",\"url\":\"https:\\\/\\\/ratp-connect.nexton-customers.com\\\/\",\"logo\":{\"@type\":\"ImageObject\",\"inLanguage\":\"en-GB\",\"@id\":\"https:\\\/\\\/ratp-connect.nexton-customers.com\\\/#\\\/schema\\\/logo\\\/image\\\/\",\"url\":\"https:\\\/\\\/ratp-connect.nexton-customers.com\\\/wp-content\\\/uploads\\\/2024\\\/10\\\/LogosConnect.svg\",\"contentUrl\":\"https:\\\/\\\/ratp-connect.nexton-customers.com\\\/wp-content\\\/uploads\\\/2024\\\/10\\\/LogosConnect.svg\",\"caption\":\"RATP Cap \u00cele-de-France\"},\"image\":{\"@id\":\"https:\\\/\\\/ratp-connect.nexton-customers.com\\\/#\\\/schema\\\/logo\\\/image\\\/\"}}]}<\/script>\n<!-- \/ Yoast SEO plugin. -->","yoast_head_json":{"title":"Legal notice - RATP Connect","robots":{"index":"noindex","follow":"follow","max-snippet":"max-snippet:-1","max-image-preview":"max-image-preview:large","max-video-preview":"max-video-preview:-1"},"og_locale":"en_GB","og_type":"article","og_title":"Mentions l\u00e9gales - RATP Connect","og_description":"Mentions l\u00e9gales Directeur de la publication :&nbsp;Bertrand Lenoir, Directeur G\u00e9n\u00e9ral Propri\u00e9taire\u00a0: \u00a0\u2028RATP Connect\u2028Soci\u00e9t\u00e9 par actions simplifi\u00e9e\u2028RCS Paris 411\u00a0759 96254 Quai de la Rap\u00e9e, 75012 ParisTVA intracommunautaire n\u00b0 FR 3041175996201 58 76 19 84 Le site est h\u00e9berg\u00e9 par :Microsoft AzureAdresse : 39 quai du Pr\u00e9sident Roosevelt, 92130 Issy les Moulineaux \u2013 France (Si\u00e8ge social)Capital social ... Read more","og_url":"https:\/\/ratp-connect.nexton-customers.com\/en\/mentions-legales\/","og_site_name":"RATP Connect","article_modified_time":"2025-05-20T08:52:11+00:00","twitter_card":"summary_large_image","twitter_misc":{"Estimated reading time":"6 minutes"},"schema":{"@context":"https:\/\/schema.org","@graph":[{"@type":"WebPage","@id":"https:\/\/ratp-connect.nexton-customers.com\/mentions-legales\/","url":"https:\/\/ratp-connect.nexton-customers.com\/mentions-legales\/","name":"Legal notice - RATP Connect","isPartOf":{"@id":"https:\/\/ratp-connect.nexton-customers.com\/#website"},"primaryImageOfPage":{"@id":"https:\/\/ratp-connect.nexton-customers.com\/mentions-legales\/#primaryimage"},"image":{"@id":"https:\/\/ratp-connect.nexton-customers.com\/mentions-legales\/#primaryimage"},"thumbnailUrl":"https:\/\/ratp-connect.nexton-customers.com\/wp-content\/uploads\/2023\/12\/Forme_BG_Cercle_Right.svg","datePublished":"2023-10-26T14:41:35+00:00","dateModified":"2025-05-20T08:52:11+00:00","breadcrumb":{"@id":"https:\/\/ratp-connect.nexton-customers.com\/mentions-legales\/#breadcrumb"},"inLanguage":"en-GB","potentialAction":[{"@type":"ReadAction","target":["https:\/\/ratp-connect.nexton-customers.com\/mentions-legales\/"]}]},{"@type":"ImageObject","inLanguage":"en-GB","@id":"https:\/\/ratp-connect.nexton-customers.com\/mentions-legales\/#primaryimage","url":"https:\/\/ratp-connect.nexton-customers.com\/wp-content\/uploads\/2023\/12\/Forme_BG_Cercle_Right.svg","contentUrl":"https:\/\/ratp-connect.nexton-customers.com\/wp-content\/uploads\/2023\/12\/Forme_BG_Cercle_Right.svg"},{"@type":"BreadcrumbList","@id":"https:\/\/ratp-connect.nexton-customers.com\/mentions-legales\/#breadcrumb","itemListElement":[{"@type":"ListItem","position":1,"name":"Accueil","item":"https:\/\/ratp-connect.nexton-customers.com\/"},{"@type":"ListItem","position":2,"name":"Mentions l\u00e9gales"}]},{"@type":"WebSite","@id":"https:\/\/ratp-connect.nexton-customers.com\/#website","url":"https:\/\/ratp-connect.nexton-customers.com\/","name":"RATP Cap \u00cele-de-France","description":"","publisher":{"@id":"https:\/\/ratp-connect.nexton-customers.com\/#organization"},"potentialAction":[{"@type":"SearchAction","target":{"@type":"EntryPoint","urlTemplate":"https:\/\/ratp-connect.nexton-customers.com\/?s={search_term_string}"},"query-input":{"@type":"PropertyValueSpecification","valueRequired":true,"valueName":"search_term_string"}}],"inLanguage":"en-GB"},{"@type":"Organization","@id":"https:\/\/ratp-connect.nexton-customers.com\/#organization","name":"RATP Cap \u00cele-de-France","url":"https:\/\/ratp-connect.nexton-customers.com\/","logo":{"@type":"ImageObject","inLanguage":"en-GB","@id":"https:\/\/ratp-connect.nexton-customers.com\/#\/schema\/logo\/image\/","url":"https:\/\/ratp-connect.nexton-customers.com\/wp-content\/uploads\/2024\/10\/LogosConnect.svg","contentUrl":"https:\/\/ratp-connect.nexton-customers.com\/wp-content\/uploads\/2024\/10\/LogosConnect.svg","caption":"RATP Cap \u00cele-de-France"},"image":{"@id":"https:\/\/ratp-connect.nexton-customers.com\/#\/schema\/logo\/image\/"}}]}},"_links":{"self":[{"href":"https:\/\/ratp-connect.nexton-customers.com\/en\/wp-json\/wp\/v2\/pages\/451","targetHints":{"allow":["GET"]}}],"collection":[{"href":"https:\/\/ratp-connect.nexton-customers.com\/en\/wp-json\/wp\/v2\/pages"}],"about":[{"href":"https:\/\/ratp-connect.nexton-customers.com\/en\/wp-json\/wp\/v2\/types\/page"}],"author":[{"embeddable":true,"href":"https:\/\/ratp-connect.nexton-customers.com\/en\/wp-json\/wp\/v2\/users\/7"}],"replies":[{"embeddable":true,"href":"https:\/\/ratp-connect.nexton-customers.com\/en\/wp-json\/wp\/v2\/comments?post=451"}],"version-history":[{"count":111,"href":"https:\/\/ratp-connect.nexton-customers.com\/en\/wp-json\/wp\/v2\/pages\/451\/revisions"}],"predecessor-version":[{"id":7426,"href":"https:\/\/ratp-connect.nexton-customers.com\/en\/wp-json\/wp\/v2\/pages\/451\/revisions\/7426"}],"wp:attachment":[{"href":"https:\/\/ratp-connect.nexton-customers.com\/en\/wp-json\/wp\/v2\/media?parent=451"}],"curies":[{"name":"wp","href":"https:\/\/api.w.org\/{rel}","templated":true}]}}