{"id":3990,"date":"2023-12-15T13:30:23","date_gmt":"2023-12-15T11:30:23","guid":{"rendered":"https:\/\/ratp-connect.nexton-customers.com\/?page_id=3990"},"modified":"2025-02-19T17:33:37","modified_gmt":"2025-02-19T15:33:37","slug":"reseau-fibre-optique","status":"publish","type":"page","link":"https:\/\/ratp-connect.nexton-customers.com\/en\/nos-solutions\/reseau-fibre-optique\/","title":{"rendered":"Fiber optic network \u2013 RATP Connect"},"content":{"rendered":"<div class=\"gb-container gb-container-ec254eff page-title\">\n\n<h1 class=\"wp-block-heading page-title__heading has-bleu-institutionnel-color has-text-color has-link-color wp-elements-9c0a70850226283642eec97bb105b5d7\">Our fiber optic network and data centers<\/h1>\n\n<\/div>\n\n<div class=\"breadcrumbs align  wp-block-bcn-breadcrumb-trail has-text-color has-background\" vocab=\"https:\/\/schema.org\/\" typeof=\"BreadcrumbList\">\n\t<span><\/span>\n\t<span property=\"itemListElement\" typeof=\"ListItem\"><a property=\"item\" typeof=\"WebPage\" href=\"https:\/\/ratp-connect.nexton-customers.com\/en\/\" class=\"home\" aria-current=\"page\"><span property=\"name\">Home page<\/span><\/a><meta property=\"position\" content=\"1\"><\/span><\/div>\n\n\n<div class=\"gb-container gb-container-bbacd815 bandeau-intro\">\n<div class=\"gb-container gb-container-7387bdc5 bandeau-intro__inside\">\n\n<h2 class=\"wp-block-heading mb-0 color-base-3\"><strong><strong>Using the rail network to advance fiber optic connectivity<\/strong><\/strong><\/h2>\n\n\n\n<p class=\"mb-0 color-base-3 translation-block\">RATP Group subsidiary and the leading French service provider in dark fiber optic connectivity, for over 20 years RATP CONNECT has been building the most extensive fiber optic network along the metro and commuter rail lines throughout the Paris region. Today, we have more than 170,000 kilometers of fiber optic cables installed, including nearly 2,700 kilometers in railroad zones.<\/p>\n\n<\/div>\n<\/div>\n\n<div class=\"gb-container gb-container-bc6a8de1 img-block-right__container\">\n<div class=\"gb-container gb-container-41524dc4 img-block-right__sub-container\">\n<div class=\"gb-container gb-container-4ccd2a2c img-block-right__image-wrapper\">\n<div class=\"gb-container gb-container-b4ae217c img-block-right__image-container\">\n<div class=\"gb-container gb-container-2a8bdb0f img-block-right__image-content box-shadow--rounded--secondary\">\n\n<figure class=\"gb-block-image gb-block-image-aa83ca00\"><img loading=\"lazy\" decoding=\"async\" width=\"476\" height=\"466\" class=\"gb-image gb-image-aa83ca00 img-block-right__image\" src=\"https:\/\/ratp-connect.nexton-customers.com\/wp-content\/uploads\/2023\/11\/notre-reseau-ratp-e1701848588445.png\" alt=\"\" title=\"notre-reseau-ratp\" srcset=\"https:\/\/ratp-connect.nexton-customers.com\/wp-content\/uploads\/2023\/11\/notre-reseau-ratp-e1701848588445.png 476w, https:\/\/ratp-connect.nexton-customers.com\/wp-content\/uploads\/2023\/11\/notre-reseau-ratp-e1701848588445-300x294.png 300w\" sizes=\"auto, (max-width: 476px) 100vw, 476px\" \/><\/figure>\n\n<\/div>\n<\/div>\n<\/div>\n\n<div class=\"gb-container gb-container-13011404 img-block-right__content border-line-full-page--right--primary\">\n<div class=\"gb-container gb-container-4cedf3e1 img-block-right__header\">\n<div class=\"gb-container gb-container-37f9fe6d img-block-right__header-content\">\n\n<h2 class=\"wp-block-heading img-block-right__title mb-0\"><strong>400 locations<\/strong><\/h2>\n\n\n<div class=\"gb-container gb-container-a4a45e5c img-block-right__text-container\">\n\n<h3 class=\"wp-block-heading block-text-right__subtitle mb-0\">Developing mobility<\/h3>\n\n\n\n<p class=\"img-block-right__text\">RATP's underground and commuter rail network\u2014with its hundreds of metro and train stations in the Paris region\u2014is essential for urban mobility for those living and working there. It makes a significant contribution to the fight against climate change and makes day-to-day life easier for its users.<\/p>\n\n<\/div>\n\n<div class=\"gb-container gb-container-6cd0bd1e img-block-right__text-container\">\n\n<h3 class=\"wp-block-heading block-text-right__subtitle mb-0\">Promoting connectivity<\/h3>\n\n\n\n<p class=\"mb-0 img-block-right__text\">RATP Connect takes advantage of all that rail infrastructure to install and operate a fiber optic network. This provides essential connectivity to telecom operators, digital service providers, and local authorities. 2,700 km of fiber optic cables installed along railroads have enabled the roll-out of a fiber optic network spanning some 170,000 km.<\/p>\n\n<\/div>\n<\/div>\n<\/div>\n<\/div>\n<\/div>\n<\/div>\n\n<div class=\"gb-container gb-container-79c3ce57 block-img\">\n<div class=\"gb-container gb-container-6bba0a01 block-img__container\">\n<div class=\"gb-container gb-container-39b977c4 block-img__figure\">\n\n<figure class=\"gb-block-image gb-block-image-4408cc39\"><img loading=\"lazy\" decoding=\"async\" width=\"1192\" height=\"510\" class=\"gb-image gb-image-4408cc39 block-img__image-wrapper box-shadow--rounded--terciary-015\" src=\"https:\/\/ratp-connect.nexton-customers.com\/wp-content\/uploads\/2023\/11\/image-temp.webp\" alt=\"\" title=\"image-temp\" srcset=\"https:\/\/ratp-connect.nexton-customers.com\/wp-content\/uploads\/2023\/11\/image-temp.webp 1192w, https:\/\/ratp-connect.nexton-customers.com\/wp-content\/uploads\/2023\/11\/image-temp-300x128.webp 300w, https:\/\/ratp-connect.nexton-customers.com\/wp-content\/uploads\/2023\/11\/image-temp-1024x438.webp 1024w, https:\/\/ratp-connect.nexton-customers.com\/wp-content\/uploads\/2023\/11\/image-temp-768x329.webp 768w\" sizes=\"auto, (max-width: 1192px) 100vw, 1192px\" \/>\n<figcaption class=\"gb-headline gb-headline-1221606c gb-headline-text block-img__caption\"><\/figcaption>\n<\/figure>\n\n<\/div>\n<\/div>\n<\/div>\n\n<div class=\"gb-container gb-container-71889016 illu-background-container\">\n<div class=\"gb-container gb-container-c942e5c7 illu-background-topcover\"><\/div>\n\n\n<figure class=\"wp-block-image size-full illustration-background-circle-left\"><img decoding=\"async\" src=\"https:\/\/ratp-connect.nexton-customers.com\/wp-content\/uploads\/2023\/12\/Forme_BG_Cercle_Left.svg\" alt=\"\" class=\"wp-image-4056\"\/><\/figure>\n\n\n\n<figure class=\"wp-block-image size-full illustration-background-circle-left--opposite\"><img decoding=\"async\" src=\"https:\/\/ratp-connect.nexton-customers.com\/wp-content\/uploads\/2024\/03\/Forme_BG_Cercle_Right.svg\" alt=\"\" class=\"wp-image-5461\"\/><\/figure>\n\n<\/div>","protected":false},"excerpt":{"rendered":"<p>Notre r\u00e9seau de fibre optique et de datacenters Utiliser le r\u00e9seau ferroviaire pour d\u00e9velopper la fibre optique Filiale de la RATP et leader fran\u00e7ais de la fibre noire, RATP CONNECT d\u00e9ploie depuis plus de 20 ans le plus important r\u00e9seau optique d&rsquo;\u00cele-de-France \u00e0 partir des infrastructures du m\u00e9tro et du RER.Aujourd\u2019hui, ce sont plus de &#8230; <a title=\"R\u00e9seau de fibre optique &#8211; RATP Connect\" class=\"read-more\" href=\"https:\/\/ratp-connect.nexton-customers.com\/en\/nos-solutions\/reseau-fibre-optique\/\" aria-label=\"Read more about R\u00e9seau de fibre optique &#8211; RATP Connect\">Read more<\/a><\/p>","protected":false},"author":7,"featured_media":0,"parent":2,"menu_order":0,"comment_status":"closed","ping_status":"closed","template":"","meta":{"footnotes":""},"class_list":["post-3990","page","type-page","status-publish"],"yoast_head":"<!-- This site is optimized with the Yoast SEO plugin v27.3 - https:\/\/yoast.com\/product\/yoast-seo-wordpress\/ -->\n<title>R\u00e9seau de fibre optique - RATP Connect<\/title>\n<meta name=\"description\" content=\"Profitez de la puissance de notre r\u00e9seau de fibre et de datacenters. Nous utilisons nos infrastructures du m\u00e9tro et du RER pour favoriser la connectivit\u00e9.\" \/>\n<meta name=\"robots\" content=\"noindex, follow, max-snippet:-1, max-image-preview:large, max-video-preview:-1\" \/>\n<meta property=\"og:locale\" content=\"en_GB\" \/>\n<meta property=\"og:type\" content=\"article\" \/>\n<meta property=\"og:title\" content=\"R\u00e9seau de fibre optique - RATP Connect\" \/>\n<meta property=\"og:description\" content=\"Profitez de la puissance de notre r\u00e9seau de fibre et de datacenters. Nous utilisons nos infrastructures du m\u00e9tro et du RER pour favoriser la connectivit\u00e9.\" \/>\n<meta property=\"og:url\" content=\"https:\/\/ratp-connect.nexton-customers.com\/en\/our-solutions\/reseau-fibre-optique\/\" \/>\n<meta property=\"og:site_name\" content=\"RATP Connect\" \/>\n<meta property=\"article:modified_time\" content=\"2025-02-19T15:33:37+00:00\" \/>\n<meta property=\"og:image\" content=\"https:\/\/ratp-connect.nexton-customers.com\/wp-content\/uploads\/2023\/11\/notre-reseau-ratp-e1701848588445.png\" \/>\n<meta name=\"twitter:card\" content=\"summary_large_image\" \/>\n<meta name=\"twitter:label1\" content=\"Estimated reading time\" \/>\n\t<meta name=\"twitter:data1\" content=\"2 minutes\" \/>\n<script type=\"application\/ld+json\" class=\"yoast-schema-graph\">{\"@context\":\"https:\\\/\\\/schema.org\",\"@graph\":[{\"@type\":\"WebPage\",\"@id\":\"https:\\\/\\\/ratp-connect.nexton-customers.com\\\/nos-solutions\\\/reseau-fibre-optique\\\/\",\"url\":\"https:\\\/\\\/ratp-connect.nexton-customers.com\\\/nos-solutions\\\/reseau-fibre-optique\\\/\",\"name\":\"R\u00e9seau de fibre optique - RATP Connect\",\"isPartOf\":{\"@id\":\"https:\\\/\\\/ratp-connect.nexton-customers.com\\\/#website\"},\"primaryImageOfPage\":{\"@id\":\"https:\\\/\\\/ratp-connect.nexton-customers.com\\\/nos-solutions\\\/reseau-fibre-optique\\\/#primaryimage\"},\"image\":{\"@id\":\"https:\\\/\\\/ratp-connect.nexton-customers.com\\\/nos-solutions\\\/reseau-fibre-optique\\\/#primaryimage\"},\"thumbnailUrl\":\"https:\\\/\\\/ratp-connect.nexton-customers.com\\\/wp-content\\\/uploads\\\/2023\\\/11\\\/notre-reseau-ratp-e1701848588445.png\",\"datePublished\":\"2023-12-15T11:30:23+00:00\",\"dateModified\":\"2025-02-19T15:33:37+00:00\",\"description\":\"Profitez de la puissance de notre r\u00e9seau de fibre et de datacenters. Nous utilisons nos infrastructures du m\u00e9tro et du RER pour favoriser la connectivit\u00e9.\",\"breadcrumb\":{\"@id\":\"https:\\\/\\\/ratp-connect.nexton-customers.com\\\/nos-solutions\\\/reseau-fibre-optique\\\/#breadcrumb\"},\"inLanguage\":\"en-GB\",\"potentialAction\":[{\"@type\":\"ReadAction\",\"target\":[\"https:\\\/\\\/ratp-connect.nexton-customers.com\\\/nos-solutions\\\/reseau-fibre-optique\\\/\"]}]},{\"@type\":\"ImageObject\",\"inLanguage\":\"en-GB\",\"@id\":\"https:\\\/\\\/ratp-connect.nexton-customers.com\\\/nos-solutions\\\/reseau-fibre-optique\\\/#primaryimage\",\"url\":\"https:\\\/\\\/ratp-connect.nexton-customers.com\\\/wp-content\\\/uploads\\\/2023\\\/11\\\/notre-reseau-ratp-e1701848588445.png\",\"contentUrl\":\"https:\\\/\\\/ratp-connect.nexton-customers.com\\\/wp-content\\\/uploads\\\/2023\\\/11\\\/notre-reseau-ratp-e1701848588445.png\"},{\"@type\":\"BreadcrumbList\",\"@id\":\"https:\\\/\\\/ratp-connect.nexton-customers.com\\\/nos-solutions\\\/reseau-fibre-optique\\\/#breadcrumb\",\"itemListElement\":[{\"@type\":\"ListItem\",\"position\":1,\"name\":\"Accueil\",\"item\":\"https:\\\/\\\/ratp-connect.nexton-customers.com\\\/\"},{\"@type\":\"ListItem\",\"position\":2,\"name\":\"Nos solutions\",\"item\":\"https:\\\/\\\/ratp-connect.nexton-customers.com\\\/nos-solutions\\\/\"},{\"@type\":\"ListItem\",\"position\":3,\"name\":\"R\u00e9seau de fibre optique &#8211; RATP Connect\"}]},{\"@type\":\"WebSite\",\"@id\":\"https:\\\/\\\/ratp-connect.nexton-customers.com\\\/#website\",\"url\":\"https:\\\/\\\/ratp-connect.nexton-customers.com\\\/\",\"name\":\"RATP Cap \u00cele-de-France\",\"description\":\"\",\"publisher\":{\"@id\":\"https:\\\/\\\/ratp-connect.nexton-customers.com\\\/#organization\"},\"potentialAction\":[{\"@type\":\"SearchAction\",\"target\":{\"@type\":\"EntryPoint\",\"urlTemplate\":\"https:\\\/\\\/ratp-connect.nexton-customers.com\\\/?s={search_term_string}\"},\"query-input\":{\"@type\":\"PropertyValueSpecification\",\"valueRequired\":true,\"valueName\":\"search_term_string\"}}],\"inLanguage\":\"en-GB\"},{\"@type\":\"Organization\",\"@id\":\"https:\\\/\\\/ratp-connect.nexton-customers.com\\\/#organization\",\"name\":\"RATP Cap \u00cele-de-France\",\"url\":\"https:\\\/\\\/ratp-connect.nexton-customers.com\\\/\",\"logo\":{\"@type\":\"ImageObject\",\"inLanguage\":\"en-GB\",\"@id\":\"https:\\\/\\\/ratp-connect.nexton-customers.com\\\/#\\\/schema\\\/logo\\\/image\\\/\",\"url\":\"https:\\\/\\\/ratp-connect.nexton-customers.com\\\/wp-content\\\/uploads\\\/2024\\\/10\\\/LogosConnect.svg\",\"contentUrl\":\"https:\\\/\\\/ratp-connect.nexton-customers.com\\\/wp-content\\\/uploads\\\/2024\\\/10\\\/LogosConnect.svg\",\"caption\":\"RATP Cap \u00cele-de-France\"},\"image\":{\"@id\":\"https:\\\/\\\/ratp-connect.nexton-customers.com\\\/#\\\/schema\\\/logo\\\/image\\\/\"}}]}<\/script>\n<!-- \/ Yoast SEO plugin. -->","yoast_head_json":{"title":"Fiber optic network - RATP Connect","description":"Plug in to the power of our fiber optic network and data centers. We use our metro and commuter rail infrastructure as the basis for promoting connectivity.","robots":{"index":"noindex","follow":"follow","max-snippet":"max-snippet:-1","max-image-preview":"max-image-preview:large","max-video-preview":"max-video-preview:-1"},"og_locale":"en_GB","og_type":"article","og_title":"R\u00e9seau de fibre optique - RATP Connect","og_description":"Profitez de la puissance de notre r\u00e9seau de fibre et de datacenters. Nous utilisons nos infrastructures du m\u00e9tro et du RER pour favoriser la connectivit\u00e9.","og_url":"https:\/\/ratp-connect.nexton-customers.com\/en\/our-solutions\/reseau-fibre-optique\/","og_site_name":"RATP Connect","article_modified_time":"2025-02-19T15:33:37+00:00","og_image":[{"url":"https:\/\/ratp-connect.nexton-customers.com\/wp-content\/uploads\/2023\/11\/notre-reseau-ratp-e1701848588445.png","type":"","width":"","height":""}],"twitter_card":"summary_large_image","twitter_misc":{"Estimated reading time":"2 minutes"},"schema":{"@context":"https:\/\/schema.org","@graph":[{"@type":"WebPage","@id":"https:\/\/ratp-connect.nexton-customers.com\/nos-solutions\/reseau-fibre-optique\/","url":"https:\/\/ratp-connect.nexton-customers.com\/nos-solutions\/reseau-fibre-optique\/","name":"Fiber optic network - RATP Connect","isPartOf":{"@id":"https:\/\/ratp-connect.nexton-customers.com\/#website"},"primaryImageOfPage":{"@id":"https:\/\/ratp-connect.nexton-customers.com\/nos-solutions\/reseau-fibre-optique\/#primaryimage"},"image":{"@id":"https:\/\/ratp-connect.nexton-customers.com\/nos-solutions\/reseau-fibre-optique\/#primaryimage"},"thumbnailUrl":"https:\/\/ratp-connect.nexton-customers.com\/wp-content\/uploads\/2023\/11\/notre-reseau-ratp-e1701848588445.png","datePublished":"2023-12-15T11:30:23+00:00","dateModified":"2025-02-19T15:33:37+00:00","description":"Plug in to the power of our fiber optic network and data centers. We use our metro and commuter rail infrastructure as the basis for promoting connectivity.","breadcrumb":{"@id":"https:\/\/ratp-connect.nexton-customers.com\/nos-solutions\/reseau-fibre-optique\/#breadcrumb"},"inLanguage":"en-GB","potentialAction":[{"@type":"ReadAction","target":["https:\/\/ratp-connect.nexton-customers.com\/nos-solutions\/reseau-fibre-optique\/"]}]},{"@type":"ImageObject","inLanguage":"en-GB","@id":"https:\/\/ratp-connect.nexton-customers.com\/nos-solutions\/reseau-fibre-optique\/#primaryimage","url":"https:\/\/ratp-connect.nexton-customers.com\/wp-content\/uploads\/2023\/11\/notre-reseau-ratp-e1701848588445.png","contentUrl":"https:\/\/ratp-connect.nexton-customers.com\/wp-content\/uploads\/2023\/11\/notre-reseau-ratp-e1701848588445.png"},{"@type":"BreadcrumbList","@id":"https:\/\/ratp-connect.nexton-customers.com\/nos-solutions\/reseau-fibre-optique\/#breadcrumb","itemListElement":[{"@type":"ListItem","position":1,"name":"Accueil","item":"https:\/\/ratp-connect.nexton-customers.com\/"},{"@type":"ListItem","position":2,"name":"Nos solutions","item":"https:\/\/ratp-connect.nexton-customers.com\/nos-solutions\/"},{"@type":"ListItem","position":3,"name":"R\u00e9seau de fibre optique &#8211; RATP Connect"}]},{"@type":"WebSite","@id":"https:\/\/ratp-connect.nexton-customers.com\/#website","url":"https:\/\/ratp-connect.nexton-customers.com\/","name":"RATP Cap \u00cele-de-France","description":"","publisher":{"@id":"https:\/\/ratp-connect.nexton-customers.com\/#organization"},"potentialAction":[{"@type":"SearchAction","target":{"@type":"EntryPoint","urlTemplate":"https:\/\/ratp-connect.nexton-customers.com\/?s={search_term_string}"},"query-input":{"@type":"PropertyValueSpecification","valueRequired":true,"valueName":"search_term_string"}}],"inLanguage":"en-GB"},{"@type":"Organization","@id":"https:\/\/ratp-connect.nexton-customers.com\/#organization","name":"RATP Cap \u00cele-de-France","url":"https:\/\/ratp-connect.nexton-customers.com\/","logo":{"@type":"ImageObject","inLanguage":"en-GB","@id":"https:\/\/ratp-connect.nexton-customers.com\/#\/schema\/logo\/image\/","url":"https:\/\/ratp-connect.nexton-customers.com\/wp-content\/uploads\/2024\/10\/LogosConnect.svg","contentUrl":"https:\/\/ratp-connect.nexton-customers.com\/wp-content\/uploads\/2024\/10\/LogosConnect.svg","caption":"RATP Cap \u00cele-de-France"},"image":{"@id":"https:\/\/ratp-connect.nexton-customers.com\/#\/schema\/logo\/image\/"}}]}},"_links":{"self":[{"href":"https:\/\/ratp-connect.nexton-customers.com\/en\/wp-json\/wp\/v2\/pages\/3990","targetHints":{"allow":["GET"]}}],"collection":[{"href":"https:\/\/ratp-connect.nexton-customers.com\/en\/wp-json\/wp\/v2\/pages"}],"about":[{"href":"https:\/\/ratp-connect.nexton-customers.com\/en\/wp-json\/wp\/v2\/types\/page"}],"author":[{"embeddable":true,"href":"https:\/\/ratp-connect.nexton-customers.com\/en\/wp-json\/wp\/v2\/users\/7"}],"replies":[{"embeddable":true,"href":"https:\/\/ratp-connect.nexton-customers.com\/en\/wp-json\/wp\/v2\/comments?post=3990"}],"version-history":[{"count":184,"href":"https:\/\/ratp-connect.nexton-customers.com\/en\/wp-json\/wp\/v2\/pages\/3990\/revisions"}],"predecessor-version":[{"id":7310,"href":"https:\/\/ratp-connect.nexton-customers.com\/en\/wp-json\/wp\/v2\/pages\/3990\/revisions\/7310"}],"up":[{"embeddable":true,"href":"https:\/\/ratp-connect.nexton-customers.com\/en\/wp-json\/wp\/v2\/pages\/2"}],"wp:attachment":[{"href":"https:\/\/ratp-connect.nexton-customers.com\/en\/wp-json\/wp\/v2\/media?parent=3990"}],"curies":[{"name":"wp","href":"https:\/\/api.w.org\/{rel}","templated":true}]}}