{"id":1652,"date":"2023-11-10T15:08:04","date_gmt":"2023-11-10T13:08:04","guid":{"rendered":"https:\/\/ratp-connect.nexton-customers.com\/?page_id=1652"},"modified":"2025-02-19T17:34:57","modified_gmt":"2025-02-19T15:34:57","slug":"accessibilite","status":"publish","type":"page","link":"https:\/\/ratp-connect.nexton-customers.com\/en\/accessibilite\/","title":{"rendered":"Accessibility"},"content":{"rendered":"<div class=\"gb-container gb-container-3edcafd2 page-title\">\n\n<h1 class=\"wp-block-heading page-title__heading\">Accessibility<\/h1>\n\n<\/div>\n\n<div class=\"breadcrumbs align  wp-block-bcn-breadcrumb-trail has-text-color has-background\" vocab=\"https:\/\/schema.org\/\" typeof=\"BreadcrumbList\">\n\t<span><\/span>\n\t<span property=\"itemListElement\" typeof=\"ListItem\"><a property=\"item\" typeof=\"WebPage\" href=\"https:\/\/ratp-connect.nexton-customers.com\/en\/\" class=\"home\" aria-current=\"page\"><span property=\"name\">Home page<\/span><\/a><meta property=\"position\" content=\"1\"><\/span><\/div>\n\n\n<div class=\"gb-container gb-container-951e5c43 block-text-left border-line-full-page--left--bleu-institutionnel\">\n<div class=\"gb-container gb-container-48349690 block-text-left__container bg-base-3\">\n<div class=\"gb-container gb-container-64329821 block-text-left__content\">\n<div class=\"gb-container gb-container-7b6cfcd1 block-text-left__section\">\n\n<p class=\"mb-0 block-text-left__description\">This page outlines our commitments with respect to digital accessibility and sets out this website's level of compliance with the applicable regulations and frames of reference.<\/p>\n\n\n<div class=\"gb-container gb-container-8312ecd9 block-text-left__subsection\">\n\n<h2 class=\"wp-block-heading block-text-left__title\">What is digital accessibility?<\/h2>\n\n\n\n<p class=\"mb-0 block-text-left__description\">Digital accessibility is a set of rules and best\u00a0practices that cover the functional, graphic, technical, and editorial aspects of digital content.<br>Compliance with those rules and best practices offers a way to ensure that digital material (websites, mobile apps, PDF documents, etc.) are accessible for people with disabilities.<br>For example, an accessible website makes it possible to do the following:<\/p>\n\n\n\n<ul class=\"wp-block-list block__list\">\n<li class=\"block__list-item arrow-icon--primary\">Customize the displayed content via the operating system and\/or the web browser (increase or decrease the size of the characters, change the font type, modify the color scheme, stop the movement of animated graphics, etc.)<\/li>\n\n\n\n<li class=\"block__list-item arrow-icon--primary\">Browse through the content by means of user-assistance technologies, such as a read-aloud feature or a Braille pad.<\/li>\n\n\n\n<li class=\"block__list-item arrow-icon--primary\">Browse through the content without using a mouse, e.g. only the keyboard, or with a touch pad or touch screen.<\/li>\n\n\n\n<li class=\"block__list-item arrow-icon--primary\">Access videos and audio content with subtitles and\/or transcriptions,<\/li>\n\n\n\n<li class=\"block__list-item arrow-icon--primary\">Etc.<\/li>\n<\/ul>\n\n<\/div>\n\n<div class=\"gb-container gb-container-07b77110 block-text-left__subsection\">\n\n<h2 class=\"wp-block-heading block-text-left__title\">Digital accessibility commitments<\/h2>\n\n\n\n<p class=\"block-text-left__description translation-block\">RATP Connect is committed to making its websites (Internet, intranet, and extranet), its mobile apps, its business software, and its digital street furniture accessible in compliance with article 47 of French law no. 2005-102 of February 11, 2005. \nFor the best possible results, digital accessibility is taken into account by all our teams (functional and graphic design, development, contribution, etc.) throughout the process of building and maintaining our websites.\nThose same teams are assisted by Ideance, a firm that specializes in digital accessibility, as well as other experts in the field who provide<\/p>\n\n\n\n<ul class=\"wp-block-list block__list\">\n<li class=\"block__list-item arrow-icon--primary\">Advice and acceptance testing throughout the process of producing digital content.<\/li>\n\n\n\n<li class=\"block__list-item arrow-icon--primary\">Audit of compliance with the RGAA (General Frame of Reference for Improved Accessibility).<\/li>\n\n\n\n<li class=\"block__list-item arrow-icon--primary\">Support with the drafting of legal documents, such as the statement of compliance with the RGAA.<\/li>\n<\/ul>\n\n<\/div>\n\n<div class=\"gb-container gb-container-46227618\">\n\n<h2 class=\"wp-block-heading block-text-left__title\">Statement of non-compliance with the RGAA<\/h2>\n\n\n\n<h3 class=\"wp-block-heading block-text-left__subtitle color-secondary\">State of compliance<\/h3>\n\n\n\n<p class=\"block-text-left__description translation-block\">This website is only partially compliant with the RGAA (General Frame of Reference for Improved Accessibility) - version 4.1.2 because of the instances of non-compliance listed below.<\/p>\n\n\n\n<h3 class=\"wp-block-heading block-text-left__subtitle color-secondary\">Result of testing<\/h3>\n\n\n\n<p class=\"block-text-left__description translation-block\">The audit of compliance with the RGAA version 4.1.2 conducted in February 2024 by the specialist firm Ideance showed the following results in the tested sample:<\/p>\n\n\n\n<ul class=\"wp-block-list block__list\">\n<li class=\"block__list-item arrow-icon--primary\">The overall compliance rate was 94%. This score was calculated by dividing the number of compliant criteria by the number of applicable criteria.<br><\/li>\n\n\n\n<li class=\"block__list-item arrow-icon--primary\">The average compliance rate was found to be 94.1%. This score was obtained by calculating the average of the rates of compliance of each page.<\/li>\n<\/ul>\n\n\n\n<p class=\"block-text-left__description\">The other websites or applications published by RATP Connect are governed by their own legal notices and conditions of use.<\/p>\n\n\n\n<h3 class=\"wp-block-heading block-text-left__subtitle color-secondary\">Non-accessible content <\/h3>\n\n\n\n<h4 class=\"wp-block-heading has-bleu-institutionnel-color has-text-color has-link-color has-medium-font-size wp-elements-b52d00fd0ca406f8ff1f3cd025f908e4\"><strong>Instances of non-compliance<\/strong><\/h4>\n\n\n\n<p class=\"block-text-left__description\">List of non-compliant criteria: <\/p>\n\n\n\n<ul class=\"wp-block-list block__list\">\n<li class=\"block__list-item arrow-icon--primary\"><strong>8.9<\/strong> The main browsing marker is empty and present in the source code when the main browsing menu is closed on a mobile device.<br> <\/li>\n\n\n\n<li class=\"block__list-item arrow-icon--primary\"><strong>10.11<\/strong> The content is not entirely legible in a window with a width of 320px. Notably, this is the case for the \u00e9coindex score, as well as some text on the \"Legal notice\" page and the \"Legal notice\" link at the bottom of the page.<br><\/li>\n\n\n\n<li class=\"block__list-item arrow-icon--primary\"><strong>10.12<\/strong> Some text spacing parameters cannot be adjusted without the loss of some content or functionality for the text in the \"\u00e9coindex\" inset and the text in the \"The power and reliability of the RATP Connect network\" inset.<\/li>\n<\/ul>\n\n\n\n<h4 class=\"wp-block-heading has-bleu-institutionnel-color has-text-color has-link-color has-medium-font-size wp-elements-15d5f5344a31cbb1e58b7bff5eb348a2\"><strong><strong>Content not subject to the obligation of accessibility<\/strong><\/strong><\/h4>\n\n\n\n<p class=\"block-text-left__description translation-block\">\"The \"\"CookieBot\"\" cookies manager and the \"\"Cloudflare\"\" security system are exempt. \nAs such, they were not subject to a comprehensive and detailed audit.\nHowever, it was verified that their presence did not hinder the use and viewing of the rest of the website.\"<\/p>\n\n\n\n<h3 class=\"wp-block-heading block-text-left__subtitle color-secondary\">Drawing up of this statement<\/h3>\n\n\n\n<p class=\"block-text-left__description\">This statement was drawn up on February 19, 2024.<\/p>\n\n\n\n<h4 class=\"wp-block-heading has-bleu-institutionnel-color has-text-color has-link-color has-medium-font-size wp-elements-5be62d6d4f2430bd3901c824b88fdde2\"><strong><strong><strong>Technologies used to build the website<\/strong><\/strong><\/strong><\/h4>\n\n\n\n<ul class=\"wp-block-list block__list\">\n<li class=\"block__list-item arrow-icon--primary\">HTML5<\/li>\n\n\n\n<li class=\"block__list-item arrow-icon--primary\">SVG<\/li>\n\n\n\n<li class=\"block__list-item arrow-icon--primary\">ARIA<\/li>\n\n\n\n<li class=\"block__list-item arrow-icon--primary\">CSS<\/li>\n\n\n\n<li class=\"block__list-item arrow-icon--primary\">JavaScript<\/li>\n<\/ul>\n\n\n\n<h4 class=\"wp-block-heading has-medium-font-size\"><strong><strong><strong><strong>Test environment<\/strong><\/strong><\/strong><\/strong><\/h4>\n\n\n\n<p class=\"block-text-left__description\">The tests were carried out with the following combinations of web browsers and screen readers: <\/p>\n\n\n\n<ul class=\"wp-block-list block__list\">\n<li class=\"block__list-item arrow-icon--primary\">Firefox (122.0.1) \/ Windows (11) and NVDA (2023.3.3) <\/li>\n\n\n\n<li class=\"block__list-item arrow-icon--primary\">Firefox (122.0.1) \/ Windows (11) and JAWS (2023)<\/li>\n\n\n\n<li class=\"block__list-item arrow-icon--primary\">Safari \/ macOS (17.3) and VoiceOver (17.3)<\/li>\n\n\n\n<li class=\"block__list-item arrow-icon--primary\">Safari \/ iOS (17.3) and VoiceOver (17.3)<\/li>\n<\/ul>\n\n\n\n<h4 class=\"wp-block-heading has-medium-font-size\"><strong><strong><strong><strong><strong>Tools for evaluating accessibility<\/strong><\/strong><\/strong><\/strong><\/strong> <\/h4>\n\n\n\n<ul class=\"wp-block-list block__list\">\n<li class=\"block__list-item arrow-icon--primary\">Colour Contrast Analyser<\/li>\n\n\n\n<li class=\"block__list-item arrow-icon--primary\">Contrast Finder<\/li>\n\n\n\n<li class=\"block__list-item arrow-icon--primary\">Firefox development tools<\/li>\n\n\n\n<li class=\"block__list-item arrow-icon--primary\">Web Developer (Firefox extension)<\/li>\n<\/ul>\n\n\n\n<h4 class=\"wp-block-heading has-medium-font-size\"><strong>Website pages subjected to compliance verification<\/strong><\/h4>\n\n\n\n<ul class=\"wp-block-list block__list\">\n<li class=\"block__list-item arrow-icon--primary\"><a href=\"https:\/\/ratp-connect.nexton-customers.com\/en\/\">Home page<\/a><\/li>\n\n\n\n<li class=\"block__list-item arrow-icon--primary\"><a href=\"https:\/\/ratp-connect.nexton-customers.com\/en\/contactez-nous\/\">Contact<\/a><\/li>\n\n\n\n<li class=\"block__list-item arrow-icon--primary\"><a href=\"https:\/\/ratp-connect.nexton-customers.com\/en\/mentions-legales\/\">Legal notice<\/a><\/li>\n\n\n\n<li class=\"block__list-item arrow-icon--primary\"><a href=\"https:\/\/ratp-connect.nexton-customers.com\/en\/accessibilite\/\">Accessibility<\/a><\/li>\n\n\n\n<li class=\"block__list-item arrow-icon--primary\"><a href=\"https:\/\/ratp-connect.nexton-customers.com\/en\/our-solutions\/\">Our solutions<\/a><\/li>\n\n\n\n<li class=\"block__list-item arrow-icon--primary\"><a href=\"https:\/\/ratp-connect.nexton-customers.com\/en\/our-solutions\/nos-offres-fibre-optique\/\">Solution page<\/a><\/li>\n\n\n\n<li class=\"block__list-item arrow-icon--primary\"><a href=\"https:\/\/ratp-connect.nexton-customers.com\/en\/who-we-are\/\">Who we are<\/a><\/li>\n\n\n\n<li class=\"block__list-item arrow-icon--primary\"><a href=\"https:\/\/ratp-connect.nexton-customers.com\/en\/recruitment\/\">Recruitment<\/a><\/li>\n<\/ul>\n\n\n\n<h2 class=\"wp-block-heading block-text-left__title\">Feedback and contact<\/h2>\n\n\n\n<p class=\"block-text-left__description\">If you have problems accessing some of this website's content or services, you can contact us by one of the methods listed below to be guided to an accessible alternative or to obtain the content in another form.<\/p>\n\n\n\n<ul class=\"wp-block-list block__list\">\n<li class=\"block__list-item arrow-icon--primary translation-block\">Use our <a class=\"color-bleu-institutionnel\" href=\"https:\/\/ratp-connect.nexton-customers.com\/en\/contactez-nous\/\" target=\"_self\"><strong>contact form.<\/strong><\/a><\/li>\n\n\n\n<li class=\"block__list-item arrow-icon--primary translation-block\">Send us an email at the following address: contact@ratpconnect.com<\/li>\n\n\n\n<li class=\"block__list-item arrow-icon--primary\">Call us at +33 (0)1 58 76 19 84<\/li>\n\n\n\n<li class=\"block__list-item arrow-icon--primary translation-block\">Write to us at the following postal address :<br>RATP Connect<br>6, avenue Montaigne 93160 Noisy-le-Grand<\/li>\n<\/ul>\n\n<\/div>\n\n<div class=\"gb-container gb-container-d3f6ad1e block-text-left__subsection\">\n\n<h2 class=\"wp-block-heading block-text-left__title\">Recourse<\/h2>\n\n\n\n<p class=\"block-text-left__description\">This procedure is to be used in the following scenario.<\/p>\n\n\n\n<p class=\"block-text-left__description\">You have reported to the website administrator an accessibility shortfall that is preventing you from accessing some content or services and you have not received a satisfactory response.<\/p>\n\n\n\n<ul class=\"wp-block-list block__list\">\n<li class=\"block__list-item arrow-icon--primary\"><a class=\"color-bleu-institutionnel\" href=\"https:\/\/formulaire.defenseurdesdroits.fr\/code\/afficher.php?ETAPE=accueil_2016\">Write a message to the Rights Upholder.<\/a><\/li>\n\n\n\n<li class=\"block__list-item arrow-icon--primary\"><a class=\"color-bleu-institutionnel\" href=\"https:\/\/www.defenseurdesdroits.fr\/saisir\/delegues\">Contact the designated representative of the Rights Upholder for your region.<\/a><\/li>\n\n\n\n<li class=\"block__list-item arrow-icon--primary translation-block\">Write a message to the Rights Upholder. Send a letter in the mail (free of charge, no stamp) to the following postal address:\nD\u00e9fenseur des droits\nLibre r\u00e9ponse 71120\n75342 Paris CEDEX 07<\/li>\n<\/ul>\n\n<\/div>\n<\/div>\n<\/div>\n<\/div>\n<\/div>","protected":false},"excerpt":{"rendered":"<p>Accessibilit\u00e9 Cette page pr\u00e9sente nos engagements en mati\u00e8re d\u2019accessibilit\u00e9 num\u00e9rique puis d\u00e9finit le niveau de conformit\u00e9 de ce pr\u00e9sent site \u00e0 la r\u00e9glementation et aux r\u00e9f\u00e9rentiels en vigueur. Qu\u2019est-ce que l\u2019accessibilit\u00e9 num\u00e9rique ? L\u2019accessibilit\u00e9 num\u00e9rique est un ensemble de r\u00e8gles et de bonnes pratiques qui couvrent notamment les aspects fonctionnels, graphiques, techniques et \u00e9ditoriaux.Le suivi &#8230; <a title=\"Accessibility\" class=\"read-more\" href=\"https:\/\/ratp-connect.nexton-customers.com\/en\/accessibilite\/\" aria-label=\"Read more about Accessibilit\u00e9\">Read more<\/a><\/p>","protected":false},"author":7,"featured_media":0,"parent":0,"menu_order":0,"comment_status":"closed","ping_status":"closed","template":"","meta":{"footnotes":""},"class_list":["post-1652","page","type-page","status-publish"],"yoast_head":"<!-- This site is optimized with the Yoast SEO plugin v27.3 - https:\/\/yoast.com\/product\/yoast-seo-wordpress\/ -->\n<title>Accessibilit\u00e9 - RATP Connect<\/title>\n<meta name=\"robots\" content=\"noindex, follow, max-snippet:-1, max-image-preview:large, max-video-preview:-1\" \/>\n<meta property=\"og:locale\" content=\"en_GB\" \/>\n<meta property=\"og:type\" content=\"article\" \/>\n<meta property=\"og:title\" content=\"Accessibilit\u00e9 - RATP Connect\" \/>\n<meta property=\"og:description\" content=\"Accessibilit\u00e9 Cette page pr\u00e9sente nos engagements en mati\u00e8re d\u2019accessibilit\u00e9 num\u00e9rique puis d\u00e9finit le niveau de conformit\u00e9 de ce pr\u00e9sent site \u00e0 la r\u00e9glementation et aux r\u00e9f\u00e9rentiels en vigueur. Qu\u2019est-ce que l\u2019accessibilit\u00e9 num\u00e9rique ? L\u2019accessibilit\u00e9 num\u00e9rique est un ensemble de r\u00e8gles et de bonnes pratiques qui couvrent notamment les aspects fonctionnels, graphiques, techniques et \u00e9ditoriaux.Le suivi ... Read more\" \/>\n<meta property=\"og:url\" content=\"https:\/\/ratp-connect.nexton-customers.com\/en\/accessibilite\/\" \/>\n<meta property=\"og:site_name\" content=\"RATP Connect\" \/>\n<meta property=\"article:modified_time\" content=\"2025-02-19T15:34:57+00:00\" \/>\n<meta name=\"twitter:card\" content=\"summary_large_image\" \/>\n<script type=\"application\/ld+json\" class=\"yoast-schema-graph\">{\"@context\":\"https:\\\/\\\/schema.org\",\"@graph\":[{\"@type\":\"WebPage\",\"@id\":\"https:\\\/\\\/ratp-connect.nexton-customers.com\\\/accessibilite\\\/\",\"url\":\"https:\\\/\\\/ratp-connect.nexton-customers.com\\\/accessibilite\\\/\",\"name\":\"Accessibilit\u00e9 - RATP Connect\",\"isPartOf\":{\"@id\":\"https:\\\/\\\/ratp-connect.nexton-customers.com\\\/#website\"},\"datePublished\":\"2023-11-10T13:08:04+00:00\",\"dateModified\":\"2025-02-19T15:34:57+00:00\",\"breadcrumb\":{\"@id\":\"https:\\\/\\\/ratp-connect.nexton-customers.com\\\/accessibilite\\\/#breadcrumb\"},\"inLanguage\":\"en-GB\",\"potentialAction\":[{\"@type\":\"ReadAction\",\"target\":[\"https:\\\/\\\/ratp-connect.nexton-customers.com\\\/accessibilite\\\/\"]}]},{\"@type\":\"BreadcrumbList\",\"@id\":\"https:\\\/\\\/ratp-connect.nexton-customers.com\\\/accessibilite\\\/#breadcrumb\",\"itemListElement\":[{\"@type\":\"ListItem\",\"position\":1,\"name\":\"Accueil\",\"item\":\"https:\\\/\\\/ratp-connect.nexton-customers.com\\\/\"},{\"@type\":\"ListItem\",\"position\":2,\"name\":\"Accessibilit\u00e9\"}]},{\"@type\":\"WebSite\",\"@id\":\"https:\\\/\\\/ratp-connect.nexton-customers.com\\\/#website\",\"url\":\"https:\\\/\\\/ratp-connect.nexton-customers.com\\\/\",\"name\":\"RATP Cap \u00cele-de-France\",\"description\":\"\",\"publisher\":{\"@id\":\"https:\\\/\\\/ratp-connect.nexton-customers.com\\\/#organization\"},\"potentialAction\":[{\"@type\":\"SearchAction\",\"target\":{\"@type\":\"EntryPoint\",\"urlTemplate\":\"https:\\\/\\\/ratp-connect.nexton-customers.com\\\/?s={search_term_string}\"},\"query-input\":{\"@type\":\"PropertyValueSpecification\",\"valueRequired\":true,\"valueName\":\"search_term_string\"}}],\"inLanguage\":\"en-GB\"},{\"@type\":\"Organization\",\"@id\":\"https:\\\/\\\/ratp-connect.nexton-customers.com\\\/#organization\",\"name\":\"RATP Cap \u00cele-de-France\",\"url\":\"https:\\\/\\\/ratp-connect.nexton-customers.com\\\/\",\"logo\":{\"@type\":\"ImageObject\",\"inLanguage\":\"en-GB\",\"@id\":\"https:\\\/\\\/ratp-connect.nexton-customers.com\\\/#\\\/schema\\\/logo\\\/image\\\/\",\"url\":\"https:\\\/\\\/ratp-connect.nexton-customers.com\\\/wp-content\\\/uploads\\\/2024\\\/10\\\/LogosConnect.svg\",\"contentUrl\":\"https:\\\/\\\/ratp-connect.nexton-customers.com\\\/wp-content\\\/uploads\\\/2024\\\/10\\\/LogosConnect.svg\",\"caption\":\"RATP Cap \u00cele-de-France\"},\"image\":{\"@id\":\"https:\\\/\\\/ratp-connect.nexton-customers.com\\\/#\\\/schema\\\/logo\\\/image\\\/\"}}]}<\/script>\n<!-- \/ Yoast SEO plugin. -->","yoast_head_json":{"title":"Accessibility - RATP Connect","robots":{"index":"noindex","follow":"follow","max-snippet":"max-snippet:-1","max-image-preview":"max-image-preview:large","max-video-preview":"max-video-preview:-1"},"og_locale":"en_GB","og_type":"article","og_title":"Accessibilit\u00e9 - RATP Connect","og_description":"Accessibilit\u00e9 Cette page pr\u00e9sente nos engagements en mati\u00e8re d\u2019accessibilit\u00e9 num\u00e9rique puis d\u00e9finit le niveau de conformit\u00e9 de ce pr\u00e9sent site \u00e0 la r\u00e9glementation et aux r\u00e9f\u00e9rentiels en vigueur. Qu\u2019est-ce que l\u2019accessibilit\u00e9 num\u00e9rique ? L\u2019accessibilit\u00e9 num\u00e9rique est un ensemble de r\u00e8gles et de bonnes pratiques qui couvrent notamment les aspects fonctionnels, graphiques, techniques et \u00e9ditoriaux.Le suivi ... Read more","og_url":"https:\/\/ratp-connect.nexton-customers.com\/en\/accessibilite\/","og_site_name":"RATP Connect","article_modified_time":"2025-02-19T15:34:57+00:00","twitter_card":"summary_large_image","schema":{"@context":"https:\/\/schema.org","@graph":[{"@type":"WebPage","@id":"https:\/\/ratp-connect.nexton-customers.com\/accessibilite\/","url":"https:\/\/ratp-connect.nexton-customers.com\/accessibilite\/","name":"Accessibility - RATP Connect","isPartOf":{"@id":"https:\/\/ratp-connect.nexton-customers.com\/#website"},"datePublished":"2023-11-10T13:08:04+00:00","dateModified":"2025-02-19T15:34:57+00:00","breadcrumb":{"@id":"https:\/\/ratp-connect.nexton-customers.com\/accessibilite\/#breadcrumb"},"inLanguage":"en-GB","potentialAction":[{"@type":"ReadAction","target":["https:\/\/ratp-connect.nexton-customers.com\/accessibilite\/"]}]},{"@type":"BreadcrumbList","@id":"https:\/\/ratp-connect.nexton-customers.com\/accessibilite\/#breadcrumb","itemListElement":[{"@type":"ListItem","position":1,"name":"Accueil","item":"https:\/\/ratp-connect.nexton-customers.com\/"},{"@type":"ListItem","position":2,"name":"Accessibilit\u00e9"}]},{"@type":"WebSite","@id":"https:\/\/ratp-connect.nexton-customers.com\/#website","url":"https:\/\/ratp-connect.nexton-customers.com\/","name":"RATP Cap \u00cele-de-France","description":"","publisher":{"@id":"https:\/\/ratp-connect.nexton-customers.com\/#organization"},"potentialAction":[{"@type":"SearchAction","target":{"@type":"EntryPoint","urlTemplate":"https:\/\/ratp-connect.nexton-customers.com\/?s={search_term_string}"},"query-input":{"@type":"PropertyValueSpecification","valueRequired":true,"valueName":"search_term_string"}}],"inLanguage":"en-GB"},{"@type":"Organization","@id":"https:\/\/ratp-connect.nexton-customers.com\/#organization","name":"RATP Cap \u00cele-de-France","url":"https:\/\/ratp-connect.nexton-customers.com\/","logo":{"@type":"ImageObject","inLanguage":"en-GB","@id":"https:\/\/ratp-connect.nexton-customers.com\/#\/schema\/logo\/image\/","url":"https:\/\/ratp-connect.nexton-customers.com\/wp-content\/uploads\/2024\/10\/LogosConnect.svg","contentUrl":"https:\/\/ratp-connect.nexton-customers.com\/wp-content\/uploads\/2024\/10\/LogosConnect.svg","caption":"RATP Cap \u00cele-de-France"},"image":{"@id":"https:\/\/ratp-connect.nexton-customers.com\/#\/schema\/logo\/image\/"}}]}},"_links":{"self":[{"href":"https:\/\/ratp-connect.nexton-customers.com\/en\/wp-json\/wp\/v2\/pages\/1652","targetHints":{"allow":["GET"]}}],"collection":[{"href":"https:\/\/ratp-connect.nexton-customers.com\/en\/wp-json\/wp\/v2\/pages"}],"about":[{"href":"https:\/\/ratp-connect.nexton-customers.com\/en\/wp-json\/wp\/v2\/types\/page"}],"author":[{"embeddable":true,"href":"https:\/\/ratp-connect.nexton-customers.com\/en\/wp-json\/wp\/v2\/users\/7"}],"replies":[{"embeddable":true,"href":"https:\/\/ratp-connect.nexton-customers.com\/en\/wp-json\/wp\/v2\/comments?post=1652"}],"version-history":[{"count":66,"href":"https:\/\/ratp-connect.nexton-customers.com\/en\/wp-json\/wp\/v2\/pages\/1652\/revisions"}],"predecessor-version":[{"id":7315,"href":"https:\/\/ratp-connect.nexton-customers.com\/en\/wp-json\/wp\/v2\/pages\/1652\/revisions\/7315"}],"wp:attachment":[{"href":"https:\/\/ratp-connect.nexton-customers.com\/en\/wp-json\/wp\/v2\/media?parent=1652"}],"curies":[{"name":"wp","href":"https:\/\/api.w.org\/{rel}","templated":true}]}}