{"id":1376,"date":"2023-11-06T15:35:05","date_gmt":"2023-11-06T13:35:05","guid":{"rendered":"https:\/\/ratp-connect.nexton-customers.com\/?page_id=1376"},"modified":"2025-02-19T17:33:52","modified_gmt":"2025-02-19T15:33:52","slug":"fibre-noire","status":"publish","type":"page","link":"https:\/\/ratp-connect.nexton-customers.com\/en\/nos-solutions\/fibre-noire\/","title":{"rendered":"Dark fiber"},"content":{"rendered":"<div class=\"gb-container gb-container-ec254eff page-title\">\n\n<h1 class=\"wp-block-heading page-title__heading translation-block\">Dark fiber, a reliable and cost-effective technology<\/h1>\n\n<\/div>\n\n<div class=\"breadcrumbs align  wp-block-bcn-breadcrumb-trail has-text-color has-background\" vocab=\"https:\/\/schema.org\/\" typeof=\"BreadcrumbList\">\n\t<span><\/span>\n\t<span property=\"itemListElement\" typeof=\"ListItem\"><a property=\"item\" typeof=\"WebPage\" href=\"https:\/\/ratp-connect.nexton-customers.com\/en\/\" class=\"home\" aria-current=\"page\"><span property=\"name\">Home page<\/span><\/a><meta property=\"position\" content=\"1\"><\/span><\/div>\n\n\n<div class=\"gb-container gb-container-bbacd815 bandeau-intro\">\n<div class=\"gb-container gb-container-7387bdc5 bandeau-intro__inside\">\n\n<h2 class=\"wp-block-heading mb-0 color-base-3\"><strong><strong>Speeding up the digital transformation of businesses and local authorities using dark fiber<\/strong><\/strong><\/h2>\n\n\n\n<p class=\"mb-0 color-base-3\">In order to allow businesses and municipalities to get the benefit of ironclad connectivity, RATP Connect has been working for over two decades to roll out the most extensive fiber optic network in the Paris region. What gives us our edge? Using the Paris metro and commuter rail infrastructure to lay fiber optic cables from one building to the next. Dark fiber paves the way to a more  connected and high-performance future, meeting the growing demand from business customers for very high speed broadband connectivity.<\/p>\n\n<\/div>\n<\/div>\n\n<div class=\"gb-container gb-container-d07c0060 img-block-right__container\">\n<div class=\"gb-container gb-container-a5a13a21 img-block-right__sub-container\">\n<div class=\"gb-container gb-container-4ccd2a2c img-block-right__image-wrapper\">\n<div class=\"gb-container gb-container-b4ae217c img-block-right__image-container\">\n<div class=\"gb-container gb-container-23882782 img-block-right__image-content box-shadow--rounded--secondary\">\n<div class=\"wp-block-image img-block-right__image\">\n<figure class=\"aligncenter size-full\"><img loading=\"lazy\" decoding=\"async\" width=\"476\" height=\"510\" src=\"https:\/\/ratpconnect.com\/wp-content\/uploads\/2023\/11\/fibrenoire-ratp.webp\" alt=\"\" class=\"wp-image-2105\" style=\"object-fit:cover\" srcset=\"https:\/\/ratp-connect.nexton-customers.com\/wp-content\/uploads\/2023\/11\/fibrenoire-ratp.webp 476w, https:\/\/ratp-connect.nexton-customers.com\/wp-content\/uploads\/2023\/11\/fibrenoire-ratp-280x300.webp 280w\" sizes=\"auto, (max-width: 476px) 100vw, 476px\" \/><\/figure>\n<\/div>\n<\/div>\n<\/div>\n<\/div>\n\n<div class=\"gb-container gb-container-13011404 img-block-right__content border-line-full-page--right--primary\">\n<div class=\"gb-container gb-container-4cedf3e1 img-block-right__header\">\n<div class=\"gb-container gb-container-37f9fe6d img-block-right__header-content\">\n<div class=\"gb-container gb-container-68232e4d img-block-right__text-container\">\n\n<h3 class=\"wp-block-heading block-text-right__subtitle mb-0\"><strong>Available as needed<\/strong><strong> <\/strong><strong>selon les besoins<\/strong>&nbsp;<\/h3>\n\n\n\n<p class=\"img-block-right__text\">Dark fiber refers to fiber optic cables that have been installed but are as yet unused. Unlike lit fiber optic cables, dark fiber optic cables do not initially transmit any light signals from one location to another. Dark fiber optic cables can be activated after installing fiber optic network equipment at both ends of the fiber optic cable in order to adjust the bandwidth as needed.&nbsp;<\/p>\n\n<\/div>\n\n<div class=\"gb-container gb-container-2d6bddaa img-block-right__text-container\">\n\n<h3 class=\"wp-block-heading block-text-right__subtitle mb-0\"><strong>Scalable and adaptable<\/strong>&nbsp;<\/h3>\n\n\n\n<p class=\"img-block-right__text\">Designed to meet the needs of modern work environments and connected underground locations, dark fiber can be adapted to new working needs, such as the growing demand for cloud services and remote working. Dark fiber gives you the freedom to choose the operator who will be able to configure the network to meet any requirements.&nbsp;<\/p>\n\n<\/div>\n\n<div class=\"gb-container gb-container-697cc853 img-block-right__text-container\">\n\n<h3 class=\"wp-block-heading block-text-right__subtitle mb-0\"><strong>A reliable and highly secure network<\/strong>&nbsp;<\/h3>\n\n\n\n<p class=\"img-block-right__text mb-0\">Opting for dark fiber means choosing stronger security for your data and your business activities. Considered a major technological revolution in the telecommunication sphere, dark fiber offers very high speed broadband connectivity, secure and tailored to the client's needs, all while ensuring a higher quality of data transmission.&nbsp;<\/p>\n\n<\/div>\n<\/div>\n<\/div>\n<\/div>\n<\/div>\n<\/div>\n\n<div class=\"gb-container gb-container-c5ca65df illu-background-container\">\n<div class=\"gb-container gb-container-df820017 illu-background-topcover\"><\/div>\n\n\n<figure class=\"wp-block-image size-full illustration-background-circle-left\"><img decoding=\"async\" src=\"https:\/\/ratp-connect.nexton-customers.com\/wp-content\/uploads\/2023\/12\/Forme_BG_Cercle_Left.svg\" alt=\"\" class=\"wp-image-4056\"\/><\/figure>\n\n\n\n<figure class=\"wp-block-image size-full illustration-background-circle-left--opposite\"><img decoding=\"async\" src=\"https:\/\/ratp-connect.nexton-customers.com\/wp-content\/uploads\/2024\/03\/Forme_BG_Cercle_Right.svg\" alt=\"\" class=\"wp-image-5461\"\/><\/figure>\n\n<\/div>","protected":false},"excerpt":{"rendered":"<p>La fibre noire, unetechnologie fiable et \u00e9conomique Acc\u00e9l\u00e9rer la transformation digitale des entreprises et collectivit\u00e9s \u00e0 l\u2019aide de la fibre noire Afin de faire b\u00e9n\u00e9ficier les entreprises et les collectivit\u00e9s d\u2019une connectivit\u00e9 \u00e0 toute \u00e9preuve, RATP Connect s&rsquo;engage depuis plus de 20 ans dans le d\u00e9ploiement du r\u00e9seau optique de fibre noire le plus vaste &#8230; <a title=\"Dark fiber\" class=\"read-more\" href=\"https:\/\/ratp-connect.nexton-customers.com\/en\/nos-solutions\/fibre-noire\/\" aria-label=\"Read more about La fibre noire\">Read more<\/a><\/p>","protected":false},"author":7,"featured_media":2105,"parent":2,"menu_order":0,"comment_status":"closed","ping_status":"closed","template":"","meta":{"footnotes":""},"class_list":["post-1376","page","type-page","status-publish","has-post-thumbnail"],"yoast_head":"<!-- This site is optimized with the Yoast SEO plugin v27.3 - https:\/\/yoast.com\/product\/yoast-seo-wordpress\/ -->\n<title>La fibre noire - RATP Connect<\/title>\n<meta name=\"description\" content=\"Optez pour la fibre noire : une technologie fiable et \u00e9conomique. Acc\u00e9l\u00e9rez votre transformation digitale gr\u00e2ce \u00e0 une solution souple et adaptable.\" \/>\n<meta name=\"robots\" content=\"noindex, follow, max-snippet:-1, max-image-preview:large, max-video-preview:-1\" \/>\n<meta property=\"og:locale\" content=\"en_GB\" \/>\n<meta property=\"og:type\" content=\"article\" \/>\n<meta property=\"og:title\" content=\"La fibre noire - RATP Connect\" \/>\n<meta property=\"og:description\" content=\"Optez pour la fibre noire : une technologie fiable et \u00e9conomique. Acc\u00e9l\u00e9rez votre transformation digitale gr\u00e2ce \u00e0 une solution souple et adaptable.\" \/>\n<meta property=\"og:url\" content=\"https:\/\/ratp-connect.nexton-customers.com\/en\/our-solutions\/fibre-noire\/\" \/>\n<meta property=\"og:site_name\" content=\"RATP Connect\" \/>\n<meta property=\"article:modified_time\" content=\"2025-02-19T15:33:52+00:00\" \/>\n<meta property=\"og:image\" content=\"https:\/\/ratp-connect.nexton-customers.com\/wp-content\/uploads\/2023\/11\/fibrenoire-ratp.webp\" \/>\n\t<meta property=\"og:image:width\" content=\"476\" \/>\n\t<meta property=\"og:image:height\" content=\"510\" \/>\n\t<meta property=\"og:image:type\" content=\"image\/webp\" \/>\n<meta name=\"twitter:card\" content=\"summary_large_image\" \/>\n<meta name=\"twitter:label1\" content=\"Estimated reading time\" \/>\n\t<meta name=\"twitter:data1\" content=\"1 minute\" \/>\n<script type=\"application\/ld+json\" class=\"yoast-schema-graph\">{\"@context\":\"https:\\\/\\\/schema.org\",\"@graph\":[{\"@type\":\"WebPage\",\"@id\":\"https:\\\/\\\/ratp-connect.nexton-customers.com\\\/nos-solutions\\\/fibre-noire\\\/\",\"url\":\"https:\\\/\\\/ratp-connect.nexton-customers.com\\\/nos-solutions\\\/fibre-noire\\\/\",\"name\":\"La fibre noire - RATP Connect\",\"isPartOf\":{\"@id\":\"https:\\\/\\\/ratp-connect.nexton-customers.com\\\/#website\"},\"primaryImageOfPage\":{\"@id\":\"https:\\\/\\\/ratp-connect.nexton-customers.com\\\/nos-solutions\\\/fibre-noire\\\/#primaryimage\"},\"image\":{\"@id\":\"https:\\\/\\\/ratp-connect.nexton-customers.com\\\/nos-solutions\\\/fibre-noire\\\/#primaryimage\"},\"thumbnailUrl\":\"https:\\\/\\\/ratp-connect.nexton-customers.com\\\/wp-content\\\/uploads\\\/2023\\\/11\\\/fibrenoire-ratp.webp\",\"datePublished\":\"2023-11-06T13:35:05+00:00\",\"dateModified\":\"2025-02-19T15:33:52+00:00\",\"description\":\"Optez pour la fibre noire : une technologie fiable et \u00e9conomique. Acc\u00e9l\u00e9rez votre transformation digitale gr\u00e2ce \u00e0 une solution souple et adaptable.\",\"breadcrumb\":{\"@id\":\"https:\\\/\\\/ratp-connect.nexton-customers.com\\\/nos-solutions\\\/fibre-noire\\\/#breadcrumb\"},\"inLanguage\":\"en-GB\",\"potentialAction\":[{\"@type\":\"ReadAction\",\"target\":[\"https:\\\/\\\/ratp-connect.nexton-customers.com\\\/nos-solutions\\\/fibre-noire\\\/\"]}]},{\"@type\":\"ImageObject\",\"inLanguage\":\"en-GB\",\"@id\":\"https:\\\/\\\/ratp-connect.nexton-customers.com\\\/nos-solutions\\\/fibre-noire\\\/#primaryimage\",\"url\":\"https:\\\/\\\/ratp-connect.nexton-customers.com\\\/wp-content\\\/uploads\\\/2023\\\/11\\\/fibrenoire-ratp.webp\",\"contentUrl\":\"https:\\\/\\\/ratp-connect.nexton-customers.com\\\/wp-content\\\/uploads\\\/2023\\\/11\\\/fibrenoire-ratp.webp\",\"width\":476,\"height\":510},{\"@type\":\"BreadcrumbList\",\"@id\":\"https:\\\/\\\/ratp-connect.nexton-customers.com\\\/nos-solutions\\\/fibre-noire\\\/#breadcrumb\",\"itemListElement\":[{\"@type\":\"ListItem\",\"position\":1,\"name\":\"Accueil\",\"item\":\"https:\\\/\\\/ratp-connect.nexton-customers.com\\\/\"},{\"@type\":\"ListItem\",\"position\":2,\"name\":\"Nos solutions\",\"item\":\"https:\\\/\\\/ratp-connect.nexton-customers.com\\\/nos-solutions\\\/\"},{\"@type\":\"ListItem\",\"position\":3,\"name\":\"La fibre noire\"}]},{\"@type\":\"WebSite\",\"@id\":\"https:\\\/\\\/ratp-connect.nexton-customers.com\\\/#website\",\"url\":\"https:\\\/\\\/ratp-connect.nexton-customers.com\\\/\",\"name\":\"RATP Cap \u00cele-de-France\",\"description\":\"\",\"publisher\":{\"@id\":\"https:\\\/\\\/ratp-connect.nexton-customers.com\\\/#organization\"},\"potentialAction\":[{\"@type\":\"SearchAction\",\"target\":{\"@type\":\"EntryPoint\",\"urlTemplate\":\"https:\\\/\\\/ratp-connect.nexton-customers.com\\\/?s={search_term_string}\"},\"query-input\":{\"@type\":\"PropertyValueSpecification\",\"valueRequired\":true,\"valueName\":\"search_term_string\"}}],\"inLanguage\":\"en-GB\"},{\"@type\":\"Organization\",\"@id\":\"https:\\\/\\\/ratp-connect.nexton-customers.com\\\/#organization\",\"name\":\"RATP Cap \u00cele-de-France\",\"url\":\"https:\\\/\\\/ratp-connect.nexton-customers.com\\\/\",\"logo\":{\"@type\":\"ImageObject\",\"inLanguage\":\"en-GB\",\"@id\":\"https:\\\/\\\/ratp-connect.nexton-customers.com\\\/#\\\/schema\\\/logo\\\/image\\\/\",\"url\":\"https:\\\/\\\/ratp-connect.nexton-customers.com\\\/wp-content\\\/uploads\\\/2024\\\/10\\\/LogosConnect.svg\",\"contentUrl\":\"https:\\\/\\\/ratp-connect.nexton-customers.com\\\/wp-content\\\/uploads\\\/2024\\\/10\\\/LogosConnect.svg\",\"caption\":\"RATP Cap \u00cele-de-France\"},\"image\":{\"@id\":\"https:\\\/\\\/ratp-connect.nexton-customers.com\\\/#\\\/schema\\\/logo\\\/image\\\/\"}}]}<\/script>\n<!-- \/ Yoast SEO plugin. -->","yoast_head_json":{"title":"A reliable and cost-effective technology - RATP Connect","description":"Choose dark fiber: a reliable and cost-effective technology. Accelerate your digital transformation by opting for a flexible and adaptable solution.","robots":{"index":"noindex","follow":"follow","max-snippet":"max-snippet:-1","max-image-preview":"max-image-preview:large","max-video-preview":"max-video-preview:-1"},"og_locale":"en_GB","og_type":"article","og_title":"La fibre noire - RATP Connect","og_description":"Optez pour la fibre noire : une technologie fiable et \u00e9conomique. Acc\u00e9l\u00e9rez votre transformation digitale gr\u00e2ce \u00e0 une solution souple et adaptable.","og_url":"https:\/\/ratp-connect.nexton-customers.com\/en\/our-solutions\/fibre-noire\/","og_site_name":"RATP Connect","article_modified_time":"2025-02-19T15:33:52+00:00","og_image":[{"width":476,"height":510,"url":"https:\/\/ratp-connect.nexton-customers.com\/wp-content\/uploads\/2023\/11\/fibrenoire-ratp.webp","type":"image\/webp"}],"twitter_card":"summary_large_image","twitter_misc":{"Estimated reading time":"1 minute"},"schema":{"@context":"https:\/\/schema.org","@graph":[{"@type":"WebPage","@id":"https:\/\/ratp-connect.nexton-customers.com\/nos-solutions\/fibre-noire\/","url":"https:\/\/ratp-connect.nexton-customers.com\/nos-solutions\/fibre-noire\/","name":"A reliable and cost-effective technology - RATP Connect","isPartOf":{"@id":"https:\/\/ratp-connect.nexton-customers.com\/#website"},"primaryImageOfPage":{"@id":"https:\/\/ratp-connect.nexton-customers.com\/nos-solutions\/fibre-noire\/#primaryimage"},"image":{"@id":"https:\/\/ratp-connect.nexton-customers.com\/nos-solutions\/fibre-noire\/#primaryimage"},"thumbnailUrl":"https:\/\/ratp-connect.nexton-customers.com\/wp-content\/uploads\/2023\/11\/fibrenoire-ratp.webp","datePublished":"2023-11-06T13:35:05+00:00","dateModified":"2025-02-19T15:33:52+00:00","description":"Choose dark fiber: a reliable and cost-effective technology. Accelerate your digital transformation by opting for a flexible and adaptable solution.","breadcrumb":{"@id":"https:\/\/ratp-connect.nexton-customers.com\/nos-solutions\/fibre-noire\/#breadcrumb"},"inLanguage":"en-GB","potentialAction":[{"@type":"ReadAction","target":["https:\/\/ratp-connect.nexton-customers.com\/nos-solutions\/fibre-noire\/"]}]},{"@type":"ImageObject","inLanguage":"en-GB","@id":"https:\/\/ratp-connect.nexton-customers.com\/nos-solutions\/fibre-noire\/#primaryimage","url":"https:\/\/ratp-connect.nexton-customers.com\/wp-content\/uploads\/2023\/11\/fibrenoire-ratp.webp","contentUrl":"https:\/\/ratp-connect.nexton-customers.com\/wp-content\/uploads\/2023\/11\/fibrenoire-ratp.webp","width":476,"height":510},{"@type":"BreadcrumbList","@id":"https:\/\/ratp-connect.nexton-customers.com\/nos-solutions\/fibre-noire\/#breadcrumb","itemListElement":[{"@type":"ListItem","position":1,"name":"Accueil","item":"https:\/\/ratp-connect.nexton-customers.com\/"},{"@type":"ListItem","position":2,"name":"Nos solutions","item":"https:\/\/ratp-connect.nexton-customers.com\/nos-solutions\/"},{"@type":"ListItem","position":3,"name":"La fibre noire"}]},{"@type":"WebSite","@id":"https:\/\/ratp-connect.nexton-customers.com\/#website","url":"https:\/\/ratp-connect.nexton-customers.com\/","name":"RATP Cap \u00cele-de-France","description":"","publisher":{"@id":"https:\/\/ratp-connect.nexton-customers.com\/#organization"},"potentialAction":[{"@type":"SearchAction","target":{"@type":"EntryPoint","urlTemplate":"https:\/\/ratp-connect.nexton-customers.com\/?s={search_term_string}"},"query-input":{"@type":"PropertyValueSpecification","valueRequired":true,"valueName":"search_term_string"}}],"inLanguage":"en-GB"},{"@type":"Organization","@id":"https:\/\/ratp-connect.nexton-customers.com\/#organization","name":"RATP Cap \u00cele-de-France","url":"https:\/\/ratp-connect.nexton-customers.com\/","logo":{"@type":"ImageObject","inLanguage":"en-GB","@id":"https:\/\/ratp-connect.nexton-customers.com\/#\/schema\/logo\/image\/","url":"https:\/\/ratp-connect.nexton-customers.com\/wp-content\/uploads\/2024\/10\/LogosConnect.svg","contentUrl":"https:\/\/ratp-connect.nexton-customers.com\/wp-content\/uploads\/2024\/10\/LogosConnect.svg","caption":"RATP Cap \u00cele-de-France"},"image":{"@id":"https:\/\/ratp-connect.nexton-customers.com\/#\/schema\/logo\/image\/"}}]}},"_links":{"self":[{"href":"https:\/\/ratp-connect.nexton-customers.com\/en\/wp-json\/wp\/v2\/pages\/1376","targetHints":{"allow":["GET"]}}],"collection":[{"href":"https:\/\/ratp-connect.nexton-customers.com\/en\/wp-json\/wp\/v2\/pages"}],"about":[{"href":"https:\/\/ratp-connect.nexton-customers.com\/en\/wp-json\/wp\/v2\/types\/page"}],"author":[{"embeddable":true,"href":"https:\/\/ratp-connect.nexton-customers.com\/en\/wp-json\/wp\/v2\/users\/7"}],"replies":[{"embeddable":true,"href":"https:\/\/ratp-connect.nexton-customers.com\/en\/wp-json\/wp\/v2\/comments?post=1376"}],"version-history":[{"count":174,"href":"https:\/\/ratp-connect.nexton-customers.com\/en\/wp-json\/wp\/v2\/pages\/1376\/revisions"}],"predecessor-version":[{"id":7311,"href":"https:\/\/ratp-connect.nexton-customers.com\/en\/wp-json\/wp\/v2\/pages\/1376\/revisions\/7311"}],"up":[{"embeddable":true,"href":"https:\/\/ratp-connect.nexton-customers.com\/en\/wp-json\/wp\/v2\/pages\/2"}],"wp:featuredmedia":[{"embeddable":true,"href":"https:\/\/ratp-connect.nexton-customers.com\/en\/wp-json\/wp\/v2\/media\/2105"}],"wp:attachment":[{"href":"https:\/\/ratp-connect.nexton-customers.com\/en\/wp-json\/wp\/v2\/media?parent=1376"}],"curies":[{"name":"wp","href":"https:\/\/api.w.org\/{rel}","templated":true}]}}