{"id":1191,"date":"2023-10-31T13:00:06","date_gmt":"2023-10-31T11:00:06","guid":{"rendered":"https:\/\/ratp-connect.nexton-customers.com\/?page_id=1191"},"modified":"2025-02-19T17:35:12","modified_gmt":"2025-02-19T15:35:12","slug":"notre-demarche-d-eco-conception","status":"publish","type":"page","link":"https:\/\/ratp-connect.nexton-customers.com\/en\/notre-demarche-d-eco-conception\/","title":{"rendered":"Our eco-design approach"},"content":{"rendered":"<div class=\"gb-container gb-container-ef00cfa2 page-title\">\n\n<h1 class=\"wp-block-heading page-title__heading\">Our eco-design approach<\/h1>\n\n<\/div>\n\n<div class=\"breadcrumbs align  wp-block-bcn-breadcrumb-trail has-text-color has-background\" vocab=\"https:\/\/schema.org\/\" typeof=\"BreadcrumbList\">\n\t<span><\/span>\n\t<span property=\"itemListElement\" typeof=\"ListItem\"><a property=\"item\" typeof=\"WebPage\" href=\"https:\/\/ratp-connect.nexton-customers.com\/en\/\" class=\"home\" aria-current=\"page\"><span property=\"name\">Home page<\/span><\/a><meta property=\"position\" content=\"1\"><\/span><\/div>\n\n\n<div class=\"gb-container gb-container-bbacd815 bandeau-intro\">\n<div class=\"gb-container gb-container-7387bdc5 bandeau-intro__inside\">\n\n<h2 class=\"wp-block-heading mb-0 color-base-3\"><strong>Rolling out the connection between individuals and services<\/strong><\/h2>\n\n\n\n<p class=\"mb-0 color-base-3\">Experts in underground networks, RATP CONNECT offers the most extensive fiber optic network in the Paris region to players and businesses in the digital sector seeking to quicken the pace of their digital transformation.  <\/p>\n\n<\/div>\n<\/div>\n\n<div class=\"gb-container gb-container-b55dd7f0 block-text-right\">\n<div class=\"gb-container gb-container-c64685cd block-text-right__container bg-base-3\">\n<div class=\"gb-container gb-container-dd737449 block-text-right__content\">\n<div class=\"gb-container gb-container-b6a31735 block-text-right__section\">\n\n<h2 class=\"wp-block-heading block-text-right__title mb-0\"><strong>A sustainable and low-consumption website<\/strong><\/h2>\n\n\n\n<p class=\"block-text-right__description mb-0 translation-block\">\"Digital technology takes up a considerable share of energy consumption, and that's not just a matter of image!\n\nWith a view to reducing the energy consumption linked to storing our web pages on servers and the viewing of those web pages by users, we have adopted an approach that aims to minimize the size of the data they contain. Consequently, the photos presented on our website are all processed with a reduced number of pixels and the videos are selected according to a limited usage target. We have opted for simple and streamlined designs.\n\nIn addition, in the development and coding of this website, we have opted to limit the flow of data between the website and the servers that host it.\n\nLastly, the user paths have been optimized, the content such as news and press releases appear for a duration limited to: 6 months.\"<\/p>\n\n<\/div>\n<\/div>\n<\/div>\n<\/div>\n\n<div class=\"gb-container gb-container-b7b3bf74 block-text-left border-line-full-page--left--bleu-institutionnel\">\n<div class=\"gb-container gb-container-3c5aa5ad block-text-left__container bg-base-3\">\n<div class=\"gb-container gb-container-e29ad59c block-text-left__content\">\n<div class=\"gb-container gb-container-469709fc block-text-left__section\">\n\n<h2 class=\"wp-block-heading block-text-left__title\"><strong>A more eco-responsible website.<\/strong><\/h2>\n\n\n<div class=\"gb-container gb-container-1b10b45a block-text-left__subsection\">\n\n<ul class=\"wp-block-list block__list\">\n<li class=\"arrow-icon--primary block__list-item translation-block\">Limiting content that causes high energy consumption: \nWe have limited the number of multimedia files (images, videos, PDF) on each page and specifically compressed each image to a reduced number of pixels.<\/li>\n\n\n\n<li class=\"arrow-icon--primary block__list-item translation-block\">Optimization of the web page loading time:\nBy reducing the data volume of the web pages and optimizing the code, we have been able to reduce the number of requests sent to the servers, and consequently the loading time.<\/li>\n\n\n\n<li class=\"arrow-icon--primary block__list-item translation-block\">A website that consumes less energy:\nWe have developed the website in such a way as to optimize its efficiency and limit the load on the servers, thereby contributing to the reduction of energy consumption.<\/li>\n\n\n\n<li class=\"arrow-icon--primary block__list-item translation-block\">A controlled running speed: \nWe have reduced the number of pages on our website with simplified pathways for users.<\/li>\n\n\n\n<li class=\"arrow-icon--primary block__list-item translation-block\">Non-autoplay videos:\nWe have prohibited the autoplay of video content. Video content is only played by users who wish to view it, in order to limit energy consumption.<\/li>\n<\/ul>\n\n<\/div>\n<\/div>\n<\/div>\n<\/div>\n<\/div>\n\n<div class=\"gb-container gb-container-6da5cc0e block-text-right\">\n<div class=\"gb-container gb-container-03c74d51 block-text-right__container bg-base-3\">\n<div class=\"gb-container gb-container-9bfb30a7 block-text-right__content\">\n<div class=\"gb-container gb-container-1696f508 block-text-right__section\">\n\n<h2 class=\"wp-block-heading block-text-right__title mb-0\"><strong>Our EcoIndex: how does it work?<\/strong><\/h2>\n\n\n<div class=\"gb-container gb-container-8e58502b block-text-right__subsection\">\n\n<p class=\"mb-0 block-text-right__description translation-block\">The EcoIndex* score measures the environmental performance of the web pages, according to the same principle as the energy consumption labels on electrical appliances, from A to G or from 0% to 100%. To attribute a score to a web page, we use a tool called Green IT. A score is calculated for each of the web pages.\nBased on the web address of the page (i.e. the URL), that score takes three technical parameters into account:<\/p>\n\n\n\n<ul class=\"wp-block-list block__list\">\n<li class=\"block__list-item arrow-icon--primary\">the complexity of the web page composition (for the initiated, this is the number of components from the DOM, i.e. the Document Object Model) provides an idea of the level of energy that the web browser will have to consume to display the page;<\/li>\n\n\n\n<li class=\"block__list-item arrow-icon--primary\">the KB volume of the transferred data indicates the energy required to transmit the content from the server to the web browser<\/li>\n\n\n\n<li class=\"block__list-item arrow-icon--primary\">the number of necessary HTTP (Hypertext Transfer Protocol) requests from the web browser to the server.<\/li>\n<\/ul>\n\n\n\n<p class=\"block-text-right__description mb-0\">*The Ecoindex tool provided on the website Ecoindex.fr is provided under license by Creative Commons CC-By-NC-ND. This means that anyone can use it, on the condition that they cite the source of the obtained results \u2013 EcoIndex.fr and insert a link to the http:\/\/ecoindex.fr service. It may not be modified or used for commercial purposes.<\/p>\n\n<\/div>\n<\/div>\n<\/div>\n<\/div>\n<\/div>\n\n<div class=\"gb-container gb-container-35da2f22 illu-background-container\">\n<div class=\"gb-container gb-container-311c1509 illu-background-topcover\"><\/div>\n\n\n<figure class=\"wp-block-image size-full illustration-background-circle-left\"><img decoding=\"async\" src=\"https:\/\/ratp-connect.nexton-customers.com\/wp-content\/uploads\/2023\/12\/Forme_BG_Cercle_Left.svg\" alt=\"\" class=\"wp-image-4056\"\/><\/figure>\n\n<\/div>","protected":false},"excerpt":{"rendered":"<p>Notre d\u00e9marche d\u2019\u00e9co-conception D\u00e9ployer la connexion entre les individus et les services Expert des espaces connect\u00e9s souterrains, RATP CONNECT propose le principal r\u00e9seau de fibre optique en Ile-de-France aux acteurs du num\u00e9rique et aux entreprises et aux collectivit\u00e9s qui souhaitent acc\u00e9l\u00e9rer leur transformation digitale. Un site durable et basse consommation Le poids du num\u00e9rique dans &#8230; <a title=\"Our eco-design approach\" class=\"read-more\" href=\"https:\/\/ratp-connect.nexton-customers.com\/en\/notre-demarche-d-eco-conception\/\" aria-label=\"Read more about Notre d\u00e9marche d\u2019\u00e9co-conception\">Read more<\/a><\/p>","protected":false},"author":7,"featured_media":0,"parent":0,"menu_order":0,"comment_status":"closed","ping_status":"closed","template":"","meta":{"footnotes":""},"class_list":["post-1191","page","type-page","status-publish"],"yoast_head":"<!-- This site is optimized with the Yoast SEO plugin v27.3 - https:\/\/yoast.com\/product\/yoast-seo-wordpress\/ -->\n<title>Notre d\u00e9marche d\u2019\u00e9co-conception - RATP Connect<\/title>\n<meta name=\"robots\" content=\"noindex, follow, max-snippet:-1, max-image-preview:large, max-video-preview:-1\" \/>\n<meta property=\"og:locale\" content=\"en_GB\" \/>\n<meta property=\"og:type\" content=\"article\" \/>\n<meta property=\"og:title\" content=\"Notre d\u00e9marche d\u2019\u00e9co-conception - RATP Connect\" \/>\n<meta property=\"og:description\" content=\"Notre d\u00e9marche d\u2019\u00e9co-conception D\u00e9ployer la connexion entre les individus et les services Expert des espaces connect\u00e9s souterrains, RATP CONNECT propose le principal r\u00e9seau de fibre optique en Ile-de-France aux acteurs du num\u00e9rique et aux entreprises et aux collectivit\u00e9s qui souhaitent acc\u00e9l\u00e9rer leur transformation digitale. Un site durable et basse consommation Le poids du num\u00e9rique dans ... Read more\" \/>\n<meta property=\"og:url\" content=\"https:\/\/ratp-connect.nexton-customers.com\/en\/notre-demarche-d-eco-conception\/\" \/>\n<meta property=\"og:site_name\" content=\"RATP Connect\" \/>\n<meta property=\"article:modified_time\" content=\"2025-02-19T15:35:12+00:00\" \/>\n<meta name=\"twitter:card\" content=\"summary_large_image\" \/>\n<meta name=\"twitter:label1\" content=\"Estimated reading time\" \/>\n\t<meta name=\"twitter:data1\" content=\"4 minutes\" \/>\n<script type=\"application\/ld+json\" class=\"yoast-schema-graph\">{\"@context\":\"https:\\\/\\\/schema.org\",\"@graph\":[{\"@type\":\"WebPage\",\"@id\":\"https:\\\/\\\/ratp-connect.nexton-customers.com\\\/notre-demarche-d-eco-conception\\\/\",\"url\":\"https:\\\/\\\/ratp-connect.nexton-customers.com\\\/notre-demarche-d-eco-conception\\\/\",\"name\":\"Notre d\u00e9marche d\u2019\u00e9co-conception - RATP Connect\",\"isPartOf\":{\"@id\":\"https:\\\/\\\/ratp-connect.nexton-customers.com\\\/#website\"},\"primaryImageOfPage\":{\"@id\":\"https:\\\/\\\/ratp-connect.nexton-customers.com\\\/notre-demarche-d-eco-conception\\\/#primaryimage\"},\"image\":{\"@id\":\"https:\\\/\\\/ratp-connect.nexton-customers.com\\\/notre-demarche-d-eco-conception\\\/#primaryimage\"},\"thumbnailUrl\":\"https:\\\/\\\/ratp-connect.nexton-customers.com\\\/wp-content\\\/uploads\\\/2023\\\/12\\\/Forme_BG_Cercle_Left.svg\",\"datePublished\":\"2023-10-31T11:00:06+00:00\",\"dateModified\":\"2025-02-19T15:35:12+00:00\",\"breadcrumb\":{\"@id\":\"https:\\\/\\\/ratp-connect.nexton-customers.com\\\/notre-demarche-d-eco-conception\\\/#breadcrumb\"},\"inLanguage\":\"en-GB\",\"potentialAction\":[{\"@type\":\"ReadAction\",\"target\":[\"https:\\\/\\\/ratp-connect.nexton-customers.com\\\/notre-demarche-d-eco-conception\\\/\"]}]},{\"@type\":\"ImageObject\",\"inLanguage\":\"en-GB\",\"@id\":\"https:\\\/\\\/ratp-connect.nexton-customers.com\\\/notre-demarche-d-eco-conception\\\/#primaryimage\",\"url\":\"https:\\\/\\\/ratp-connect.nexton-customers.com\\\/wp-content\\\/uploads\\\/2023\\\/12\\\/Forme_BG_Cercle_Left.svg\",\"contentUrl\":\"https:\\\/\\\/ratp-connect.nexton-customers.com\\\/wp-content\\\/uploads\\\/2023\\\/12\\\/Forme_BG_Cercle_Left.svg\"},{\"@type\":\"BreadcrumbList\",\"@id\":\"https:\\\/\\\/ratp-connect.nexton-customers.com\\\/notre-demarche-d-eco-conception\\\/#breadcrumb\",\"itemListElement\":[{\"@type\":\"ListItem\",\"position\":1,\"name\":\"Accueil\",\"item\":\"https:\\\/\\\/ratp-connect.nexton-customers.com\\\/\"},{\"@type\":\"ListItem\",\"position\":2,\"name\":\"Notre d\u00e9marche d\u2019\u00e9co-conception\"}]},{\"@type\":\"WebSite\",\"@id\":\"https:\\\/\\\/ratp-connect.nexton-customers.com\\\/#website\",\"url\":\"https:\\\/\\\/ratp-connect.nexton-customers.com\\\/\",\"name\":\"RATP Cap \u00cele-de-France\",\"description\":\"\",\"publisher\":{\"@id\":\"https:\\\/\\\/ratp-connect.nexton-customers.com\\\/#organization\"},\"potentialAction\":[{\"@type\":\"SearchAction\",\"target\":{\"@type\":\"EntryPoint\",\"urlTemplate\":\"https:\\\/\\\/ratp-connect.nexton-customers.com\\\/?s={search_term_string}\"},\"query-input\":{\"@type\":\"PropertyValueSpecification\",\"valueRequired\":true,\"valueName\":\"search_term_string\"}}],\"inLanguage\":\"en-GB\"},{\"@type\":\"Organization\",\"@id\":\"https:\\\/\\\/ratp-connect.nexton-customers.com\\\/#organization\",\"name\":\"RATP Cap \u00cele-de-France\",\"url\":\"https:\\\/\\\/ratp-connect.nexton-customers.com\\\/\",\"logo\":{\"@type\":\"ImageObject\",\"inLanguage\":\"en-GB\",\"@id\":\"https:\\\/\\\/ratp-connect.nexton-customers.com\\\/#\\\/schema\\\/logo\\\/image\\\/\",\"url\":\"https:\\\/\\\/ratp-connect.nexton-customers.com\\\/wp-content\\\/uploads\\\/2024\\\/10\\\/LogosConnect.svg\",\"contentUrl\":\"https:\\\/\\\/ratp-connect.nexton-customers.com\\\/wp-content\\\/uploads\\\/2024\\\/10\\\/LogosConnect.svg\",\"caption\":\"RATP Cap \u00cele-de-France\"},\"image\":{\"@id\":\"https:\\\/\\\/ratp-connect.nexton-customers.com\\\/#\\\/schema\\\/logo\\\/image\\\/\"}}]}<\/script>\n<!-- \/ Yoast SEO plugin. -->","yoast_head_json":{"title":"Our eco-design approach\u2013 RATP Connect","robots":{"index":"noindex","follow":"follow","max-snippet":"max-snippet:-1","max-image-preview":"max-image-preview:large","max-video-preview":"max-video-preview:-1"},"og_locale":"en_GB","og_type":"article","og_title":"Notre d\u00e9marche d\u2019\u00e9co-conception - RATP Connect","og_description":"Notre d\u00e9marche d\u2019\u00e9co-conception D\u00e9ployer la connexion entre les individus et les services Expert des espaces connect\u00e9s souterrains, RATP CONNECT propose le principal r\u00e9seau de fibre optique en Ile-de-France aux acteurs du num\u00e9rique et aux entreprises et aux collectivit\u00e9s qui souhaitent acc\u00e9l\u00e9rer leur transformation digitale. Un site durable et basse consommation Le poids du num\u00e9rique dans ... Read more","og_url":"https:\/\/ratp-connect.nexton-customers.com\/en\/notre-demarche-d-eco-conception\/","og_site_name":"RATP Connect","article_modified_time":"2025-02-19T15:35:12+00:00","twitter_card":"summary_large_image","twitter_misc":{"Estimated reading time":"4 minutes"},"schema":{"@context":"https:\/\/schema.org","@graph":[{"@type":"WebPage","@id":"https:\/\/ratp-connect.nexton-customers.com\/notre-demarche-d-eco-conception\/","url":"https:\/\/ratp-connect.nexton-customers.com\/notre-demarche-d-eco-conception\/","name":"Our eco-design approach\u2013 RATP Connect","isPartOf":{"@id":"https:\/\/ratp-connect.nexton-customers.com\/#website"},"primaryImageOfPage":{"@id":"https:\/\/ratp-connect.nexton-customers.com\/notre-demarche-d-eco-conception\/#primaryimage"},"image":{"@id":"https:\/\/ratp-connect.nexton-customers.com\/notre-demarche-d-eco-conception\/#primaryimage"},"thumbnailUrl":"https:\/\/ratp-connect.nexton-customers.com\/wp-content\/uploads\/2023\/12\/Forme_BG_Cercle_Left.svg","datePublished":"2023-10-31T11:00:06+00:00","dateModified":"2025-02-19T15:35:12+00:00","breadcrumb":{"@id":"https:\/\/ratp-connect.nexton-customers.com\/notre-demarche-d-eco-conception\/#breadcrumb"},"inLanguage":"en-GB","potentialAction":[{"@type":"ReadAction","target":["https:\/\/ratp-connect.nexton-customers.com\/notre-demarche-d-eco-conception\/"]}]},{"@type":"ImageObject","inLanguage":"en-GB","@id":"https:\/\/ratp-connect.nexton-customers.com\/notre-demarche-d-eco-conception\/#primaryimage","url":"https:\/\/ratp-connect.nexton-customers.com\/wp-content\/uploads\/2023\/12\/Forme_BG_Cercle_Left.svg","contentUrl":"https:\/\/ratp-connect.nexton-customers.com\/wp-content\/uploads\/2023\/12\/Forme_BG_Cercle_Left.svg"},{"@type":"BreadcrumbList","@id":"https:\/\/ratp-connect.nexton-customers.com\/notre-demarche-d-eco-conception\/#breadcrumb","itemListElement":[{"@type":"ListItem","position":1,"name":"Accueil","item":"https:\/\/ratp-connect.nexton-customers.com\/"},{"@type":"ListItem","position":2,"name":"Notre d\u00e9marche d\u2019\u00e9co-conception"}]},{"@type":"WebSite","@id":"https:\/\/ratp-connect.nexton-customers.com\/#website","url":"https:\/\/ratp-connect.nexton-customers.com\/","name":"RATP Cap \u00cele-de-France","description":"","publisher":{"@id":"https:\/\/ratp-connect.nexton-customers.com\/#organization"},"potentialAction":[{"@type":"SearchAction","target":{"@type":"EntryPoint","urlTemplate":"https:\/\/ratp-connect.nexton-customers.com\/?s={search_term_string}"},"query-input":{"@type":"PropertyValueSpecification","valueRequired":true,"valueName":"search_term_string"}}],"inLanguage":"en-GB"},{"@type":"Organization","@id":"https:\/\/ratp-connect.nexton-customers.com\/#organization","name":"RATP Cap \u00cele-de-France","url":"https:\/\/ratp-connect.nexton-customers.com\/","logo":{"@type":"ImageObject","inLanguage":"en-GB","@id":"https:\/\/ratp-connect.nexton-customers.com\/#\/schema\/logo\/image\/","url":"https:\/\/ratp-connect.nexton-customers.com\/wp-content\/uploads\/2024\/10\/LogosConnect.svg","contentUrl":"https:\/\/ratp-connect.nexton-customers.com\/wp-content\/uploads\/2024\/10\/LogosConnect.svg","caption":"RATP Cap \u00cele-de-France"},"image":{"@id":"https:\/\/ratp-connect.nexton-customers.com\/#\/schema\/logo\/image\/"}}]}},"_links":{"self":[{"href":"https:\/\/ratp-connect.nexton-customers.com\/en\/wp-json\/wp\/v2\/pages\/1191","targetHints":{"allow":["GET"]}}],"collection":[{"href":"https:\/\/ratp-connect.nexton-customers.com\/en\/wp-json\/wp\/v2\/pages"}],"about":[{"href":"https:\/\/ratp-connect.nexton-customers.com\/en\/wp-json\/wp\/v2\/types\/page"}],"author":[{"embeddable":true,"href":"https:\/\/ratp-connect.nexton-customers.com\/en\/wp-json\/wp\/v2\/users\/7"}],"replies":[{"embeddable":true,"href":"https:\/\/ratp-connect.nexton-customers.com\/en\/wp-json\/wp\/v2\/comments?post=1191"}],"version-history":[{"count":221,"href":"https:\/\/ratp-connect.nexton-customers.com\/en\/wp-json\/wp\/v2\/pages\/1191\/revisions"}],"predecessor-version":[{"id":7316,"href":"https:\/\/ratp-connect.nexton-customers.com\/en\/wp-json\/wp\/v2\/pages\/1191\/revisions\/7316"}],"wp:attachment":[{"href":"https:\/\/ratp-connect.nexton-customers.com\/en\/wp-json\/wp\/v2\/media?parent=1191"}],"curies":[{"name":"wp","href":"https:\/\/api.w.org\/{rel}","templated":true}]}}